{"id":21800,"date":"2017-04-09T11:26:16","date_gmt":"2017-04-09T11:26:16","guid":{"rendered":"http:\/\/www.leathergirl.eu\/?post_type=product&#038;p=21800"},"modified":"2026-01-03T17:58:59","modified_gmt":"2026-01-03T16:58:59","slug":"strap-on-ham-for-ferries-2","status":"publish","type":"product","link":"https:\/\/www.leathergirl.eu\/en\/product\/strap-on-ham-for-ferries-2\/","title":{"rendered":"STRAP-ON HARNESS FOR MEN"},"content":{"rendered":"<p>Fasten it up and give yourself a double treat!<\/p>\n<p>Mistress! You want to deprive your servant\/sub of sex, but you still want to have fun? Leave his chastity belt on and put a harness on him! If you don't want to see it, ask for a lockable bag.<\/p>\n<div class=\"text_exposed_show\">\n<p>About the design: the main part is two layers of medium thick leather, under which I reinforce a sponge sewn between two layers of soft leather. The waist strap is also lined with soft leather and sponge to ensure comfortable wear. I add 3 metal and rubber rings of different sizes to the harness, which you can easily change thanks to the pins. The length of each strap can be adjusted with a buckle.<br \/>\nThe price is 73.000 Ft, including the soft leather, lockable bag shown in the picture.<\/p>\n<\/div>","protected":false},"excerpt":{"rendered":"<p>Fasten it up and give yourself a double treat!<\/p>\n<p>Mistress! You want to deprive your servant\/sub of sex, but you still want to have fun? Leave his chastity belt on and put a harness on him! If you don't want to see it, ask for a lockable bag.<\/p>\n<div class=\"text_exposed_show\">\n<p>About the design: the main part is two layers of medium thick leather, under which I reinforce a sponge sewn between two layers of soft leather. The waist strap is also lined with soft leather and sponge to ensure comfortable wear. I add 3 metal and rubber rings of different sizes to the harness, which you can easily change thanks to the pins. The length of each strap can be adjusted with a buckle.<br \/>\nThe price is 73.000 Ft, including the soft leather, lockable bag shown in the picture.<\/p>\n<\/div>","protected":false},"featured_media":21805,"template":"","meta":{"_et_pb_use_builder":"","_et_pb_old_content":"","_et_gb_content_width":""},"product_brand":[],"product_cat":[45],"product_tag":[],"class_list":{"0":"post-21800","1":"product","2":"type-product","3":"status-publish","4":"has-post-thumbnail","6":"product_cat-harnesses","8":"first","9":"instock","10":"purchasable","11":"product-type-simple"},"yoast_head":"<!-- This site is optimized with the Yoast SEO Premium plugin v26.2 (Yoast SEO v26.3) - https:\/\/yoast.com\/wordpress\/plugins\/seo\/ -->\n<title>FELCSATOL\u00d3S H\u00c1M F\u00c9RFIAKNAK - A B\u0151r\u00f6s l\u00e1ny<\/title>\n<meta name=\"robots\" content=\"index, follow, max-snippet:-1, max-image-preview:large, max-video-preview:-1\" \/>\n<link rel=\"canonical\" href=\"https:\/\/www.leathergirl.eu\/en\/product\/strap-on-ham-for-ferries-2\/\" \/>\n<meta property=\"og:locale\" content=\"en_GB\" \/>\n<meta property=\"og:type\" content=\"article\" \/>\n<meta property=\"og:title\" content=\"FELCSATOL\u00d3S H\u00c1M F\u00c9RFIAKNAK\" \/>\n<meta property=\"og:description\" content=\"Csatold fel, \u00e9s ny\u00fajts egymagad dupla \u00e9lvezetet!  \u00darn\u0151! Szeretn\u00e9d megvonni a szolg\u00e1dt\u00f3l\/szubodt\u00f3l a szexet, Te m\u00e9gis szeretn\u00e9d j\u00f3l \u00e9rezni magad? Hagyd rajta az er\u00e9ny\u00f6v\u00e9t, \u00e9s tegy\u00e9l r\u00e1 felcsatol\u00f3s h\u00e1mot! Ha l\u00e1tni sem akarod, k\u00e9rj hozz\u00e1 lakattal z\u00e1rhat\u00f3 zacsk\u00f3t is.   A kialak\u00edt\u00e1s\u00e1r\u00f3l: A f\u0151r\u00e9sz k\u00e9t r\u00e9teg k\u00f6zepesen vastag b\u0151r, ami al\u00e1 k\u00e9t r\u00e9teg puha b\u0151r k\u00f6z\u00e9 varrt szivacsot er\u0151s\u00edtek. A der\u00e9kon fut\u00f3 sz\u00edjat szint\u00e9n puha b\u0151rrel, \u00e9s szivaccsal b\u00e9lelem. \u00edgy biztos\u00edtva a k\u00e9nyelmes viseletet. A h\u00e1mhoz 3 db k\u00fcl\u00f6nb\u00f6z\u0151 m\u00e9ret\u0171 f\u00e9m \u00e9s gumikarik\u00e1t adok, amit a patentoknak k\u00f6sz\u00f6nhet\u0151en k\u00f6nnyen cser\u00e9lhetsz. Mindegyik sz\u00edj hossza csattal szab\u00e1lyozhat\u00f3. Az \u00e1ra a k\u00e9pen l\u00e1that\u00f3 puha b\u0151r, lakatolhat\u00f3 zacsk\u00f3val egy\u00fctt 73.000 Ft.\" \/>\n<meta property=\"og:url\" content=\"https:\/\/www.leathergirl.eu\/en\/product\/strap-on-ham-for-ferries-2\/\" \/>\n<meta property=\"og:site_name\" content=\"A B\u0151r\u00f6s l\u00e1ny\" \/>\n<meta property=\"article:publisher\" content=\"https:\/\/www.facebook.com\/aboroslany\/\" \/>\n<meta property=\"article:modified_time\" content=\"2026-01-03T16:58:59+00:00\" \/>\n<meta property=\"og:image\" content=\"https:\/\/www.leathergirl.eu\/wp-content\/uploads\/2017\/04\/k-ffi-felcsat-karikakkal2.jpg\" \/>\n\t<meta property=\"og:image:width\" content=\"868\" \/>\n\t<meta property=\"og:image:height\" content=\"768\" \/>\n\t<meta property=\"og:image:type\" content=\"image\/jpeg\" \/>\n<script type=\"application\/ld+json\" class=\"yoast-schema-graph\">{\"@context\":\"https:\/\/schema.org\",\"@graph\":[{\"@type\":\"WebPage\",\"@id\":\"https:\/\/www.leathergirl.eu\/product\/felcsatolos-ham-ferfiaknak-2\/\",\"url\":\"https:\/\/www.leathergirl.eu\/product\/felcsatolos-ham-ferfiaknak-2\/\",\"name\":\"FELCSATOL\u00d3S H\u00c1M F\u00c9RFIAKNAK - A B\u0151r\u00f6s l\u00e1ny\",\"isPartOf\":{\"@id\":\"https:\/\/www.leathergirl.eu\/#website\"},\"primaryImageOfPage\":{\"@id\":\"https:\/\/www.leathergirl.eu\/product\/felcsatolos-ham-ferfiaknak-2\/#primaryimage\"},\"image\":{\"@id\":\"https:\/\/www.leathergirl.eu\/product\/felcsatolos-ham-ferfiaknak-2\/#primaryimage\"},\"thumbnailUrl\":\"https:\/\/www.leathergirl.eu\/wp-content\/uploads\/2017\/04\/k-ffi-felcsat-karikakkal2.jpg\",\"datePublished\":\"2017-04-09T11:26:16+00:00\",\"dateModified\":\"2026-01-03T16:58:59+00:00\",\"breadcrumb\":{\"@id\":\"https:\/\/www.leathergirl.eu\/product\/felcsatolos-ham-ferfiaknak-2\/#breadcrumb\"},\"inLanguage\":\"en-GB\",\"potentialAction\":[{\"@type\":\"ReadAction\",\"target\":[\"https:\/\/www.leathergirl.eu\/product\/felcsatolos-ham-ferfiaknak-2\/\"]}]},{\"@type\":\"ImageObject\",\"inLanguage\":\"en-GB\",\"@id\":\"https:\/\/www.leathergirl.eu\/product\/felcsatolos-ham-ferfiaknak-2\/#primaryimage\",\"url\":\"https:\/\/www.leathergirl.eu\/wp-content\/uploads\/2017\/04\/k-ffi-felcsat-karikakkal2.jpg\",\"contentUrl\":\"https:\/\/www.leathergirl.eu\/wp-content\/uploads\/2017\/04\/k-ffi-felcsat-karikakkal2.jpg\",\"width\":868,\"height\":768},{\"@type\":\"BreadcrumbList\",\"@id\":\"https:\/\/www.leathergirl.eu\/product\/felcsatolos-ham-ferfiaknak-2\/#breadcrumb\",\"itemListElement\":[{\"@type\":\"ListItem\",\"position\":1,\"name\":\"Home\",\"item\":\"https:\/\/www.leathergirl.eu\/\"},{\"@type\":\"ListItem\",\"position\":2,\"name\":\"Shop\",\"item\":\"https:\/\/www.leathergirl.eu\/en\/uzlet\/\"},{\"@type\":\"ListItem\",\"position\":3,\"name\":\"FELCSATOL\u00d3S H\u00c1M F\u00c9RFIAKNAK\"}]},{\"@type\":\"WebSite\",\"@id\":\"https:\/\/www.leathergirl.eu\/#website\",\"url\":\"https:\/\/www.leathergirl.eu\/\",\"name\":\"A B\u0151r\u00f6s l\u00e1ny\",\"description\":\"... LeatherGirl ...\",\"publisher\":{\"@id\":\"https:\/\/www.leathergirl.eu\/#organization\"},\"potentialAction\":[{\"@type\":\"SearchAction\",\"target\":{\"@type\":\"EntryPoint\",\"urlTemplate\":\"https:\/\/www.leathergirl.eu\/?s={search_term_string}\"},\"query-input\":{\"@type\":\"PropertyValueSpecification\",\"valueRequired\":true,\"valueName\":\"search_term_string\"}}],\"inLanguage\":\"en-GB\"},{\"@type\":\"Organization\",\"@id\":\"https:\/\/www.leathergirl.eu\/#organization\",\"name\":\"A B\u0151r\u00f6s l\u00e1ny\",\"url\":\"https:\/\/www.leathergirl.eu\/\",\"logo\":{\"@type\":\"ImageObject\",\"inLanguage\":\"en-GB\",\"@id\":\"https:\/\/www.leathergirl.eu\/#\/schema\/logo\/image\/\",\"url\":\"https:\/\/www.leathergirl.eu\/wp-content\/uploads\/2024\/05\/leathergirl-logo.png\",\"contentUrl\":\"https:\/\/www.leathergirl.eu\/wp-content\/uploads\/2024\/05\/leathergirl-logo.png\",\"width\":280,\"height\":80,\"caption\":\"A B\u0151r\u00f6s l\u00e1ny\"},\"image\":{\"@id\":\"https:\/\/www.leathergirl.eu\/#\/schema\/logo\/image\/\"},\"sameAs\":[\"https:\/\/www.facebook.com\/aboroslany\/\",\"https:\/\/www.instagram.com\/theleathergirl\/\"],\"email\":\"aboroslany@gmail.com\",\"legalName\":\"Nepp T\u00edmea e.v.\",\"numberOfEmployees\":{\"@type\":\"QuantitativeValue\",\"minValue\":\"1\",\"maxValue\":\"10\"}}]}<\/script>\n<meta property=\"product:price:amount\" content=\"167.00\" \/>\n<meta property=\"product:price:currency\" content=\"EUR\" \/>\n<meta property=\"og:availability\" content=\"instock\" \/>\n<meta property=\"product:availability\" content=\"instock\" \/>\n<meta property=\"product:condition\" content=\"new\" \/>\n<!-- \/ Yoast SEO Premium plugin. -->","yoast_head_json":{"title":"FURNISHING HOUSE FOR WOMEN - The Furry Girl","robots":{"index":"index","follow":"follow","max-snippet":"max-snippet:-1","max-image-preview":"max-image-preview:large","max-video-preview":"max-video-preview:-1"},"canonical":"https:\/\/www.leathergirl.eu\/en\/product\/strap-on-ham-for-ferries-2\/","og_locale":"en_GB","og_type":"article","og_title":"FELCSATOL\u00d3S H\u00c1M F\u00c9RFIAKNAK","og_description":"Csatold fel, \u00e9s ny\u00fajts egymagad dupla \u00e9lvezetet!  \u00darn\u0151! Szeretn\u00e9d megvonni a szolg\u00e1dt\u00f3l\/szubodt\u00f3l a szexet, Te m\u00e9gis szeretn\u00e9d j\u00f3l \u00e9rezni magad? Hagyd rajta az er\u00e9ny\u00f6v\u00e9t, \u00e9s tegy\u00e9l r\u00e1 felcsatol\u00f3s h\u00e1mot! Ha l\u00e1tni sem akarod, k\u00e9rj hozz\u00e1 lakattal z\u00e1rhat\u00f3 zacsk\u00f3t is.   A kialak\u00edt\u00e1s\u00e1r\u00f3l: A f\u0151r\u00e9sz k\u00e9t r\u00e9teg k\u00f6zepesen vastag b\u0151r, ami al\u00e1 k\u00e9t r\u00e9teg puha b\u0151r k\u00f6z\u00e9 varrt szivacsot er\u0151s\u00edtek. A der\u00e9kon fut\u00f3 sz\u00edjat szint\u00e9n puha b\u0151rrel, \u00e9s szivaccsal b\u00e9lelem. \u00edgy biztos\u00edtva a k\u00e9nyelmes viseletet. A h\u00e1mhoz 3 db k\u00fcl\u00f6nb\u00f6z\u0151 m\u00e9ret\u0171 f\u00e9m \u00e9s gumikarik\u00e1t adok, amit a patentoknak k\u00f6sz\u00f6nhet\u0151en k\u00f6nnyen cser\u00e9lhetsz. Mindegyik sz\u00edj hossza csattal szab\u00e1lyozhat\u00f3. Az \u00e1ra a k\u00e9pen l\u00e1that\u00f3 puha b\u0151r, lakatolhat\u00f3 zacsk\u00f3val egy\u00fctt 73.000 Ft.","og_url":"https:\/\/www.leathergirl.eu\/en\/product\/strap-on-ham-for-ferries-2\/","og_site_name":"A B\u0151r\u00f6s l\u00e1ny","article_publisher":"https:\/\/www.facebook.com\/aboroslany\/","article_modified_time":"2026-01-03T16:58:59+00:00","og_image":[{"width":868,"height":768,"url":"https:\/\/www.leathergirl.eu\/wp-content\/uploads\/2017\/04\/k-ffi-felcsat-karikakkal2.jpg","type":"image\/jpeg"}],"schema":{"@context":"https:\/\/schema.org","@graph":[{"@type":"WebPage","@id":"https:\/\/www.leathergirl.eu\/product\/felcsatolos-ham-ferfiaknak-2\/","url":"https:\/\/www.leathergirl.eu\/product\/felcsatolos-ham-ferfiaknak-2\/","name":"FURNISHING HOUSE FOR WOMEN - The Furry Girl","isPartOf":{"@id":"https:\/\/www.leathergirl.eu\/#website"},"primaryImageOfPage":{"@id":"https:\/\/www.leathergirl.eu\/product\/felcsatolos-ham-ferfiaknak-2\/#primaryimage"},"image":{"@id":"https:\/\/www.leathergirl.eu\/product\/felcsatolos-ham-ferfiaknak-2\/#primaryimage"},"thumbnailUrl":"https:\/\/www.leathergirl.eu\/wp-content\/uploads\/2017\/04\/k-ffi-felcsat-karikakkal2.jpg","datePublished":"2017-04-09T11:26:16+00:00","dateModified":"2026-01-03T16:58:59+00:00","breadcrumb":{"@id":"https:\/\/www.leathergirl.eu\/product\/felcsatolos-ham-ferfiaknak-2\/#breadcrumb"},"inLanguage":"en-GB","potentialAction":[{"@type":"ReadAction","target":["https:\/\/www.leathergirl.eu\/product\/felcsatolos-ham-ferfiaknak-2\/"]}]},{"@type":"ImageObject","inLanguage":"en-GB","@id":"https:\/\/www.leathergirl.eu\/product\/felcsatolos-ham-ferfiaknak-2\/#primaryimage","url":"https:\/\/www.leathergirl.eu\/wp-content\/uploads\/2017\/04\/k-ffi-felcsat-karikakkal2.jpg","contentUrl":"https:\/\/www.leathergirl.eu\/wp-content\/uploads\/2017\/04\/k-ffi-felcsat-karikakkal2.jpg","width":868,"height":768},{"@type":"BreadcrumbList","@id":"https:\/\/www.leathergirl.eu\/product\/felcsatolos-ham-ferfiaknak-2\/#breadcrumb","itemListElement":[{"@type":"ListItem","position":1,"name":"Home","item":"https:\/\/www.leathergirl.eu\/"},{"@type":"ListItem","position":2,"name":"Shop","item":"https:\/\/www.leathergirl.eu\/en\/uzlet\/"},{"@type":"ListItem","position":3,"name":"FELCSATOL\u00d3S H\u00c1M F\u00c9RFIAKNAK"}]},{"@type":"WebSite","@id":"https:\/\/www.leathergirl.eu\/#website","url":"https:\/\/www.leathergirl.eu\/","name":"The Leather Girl","description":"... LeatherGirl ...","publisher":{"@id":"https:\/\/www.leathergirl.eu\/#organization"},"potentialAction":[{"@type":"SearchAction","target":{"@type":"EntryPoint","urlTemplate":"https:\/\/www.leathergirl.eu\/?s={search_term_string}"},"query-input":{"@type":"PropertyValueSpecification","valueRequired":true,"valueName":"search_term_string"}}],"inLanguage":"en-GB"},{"@type":"Organization","@id":"https:\/\/www.leathergirl.eu\/#organization","name":"The Leather Girl","url":"https:\/\/www.leathergirl.eu\/","logo":{"@type":"ImageObject","inLanguage":"en-GB","@id":"https:\/\/www.leathergirl.eu\/#\/schema\/logo\/image\/","url":"https:\/\/www.leathergirl.eu\/wp-content\/uploads\/2024\/05\/leathergirl-logo.png","contentUrl":"https:\/\/www.leathergirl.eu\/wp-content\/uploads\/2024\/05\/leathergirl-logo.png","width":280,"height":80,"caption":"A B\u0151r\u00f6s l\u00e1ny"},"image":{"@id":"https:\/\/www.leathergirl.eu\/#\/schema\/logo\/image\/"},"sameAs":["https:\/\/www.facebook.com\/aboroslany\/","https:\/\/www.instagram.com\/theleathergirl\/"],"email":"aboroslany@gmail.com","legalName":"Nepp T\u00edmea e.v.","numberOfEmployees":{"@type":"QuantitativeValue","minValue":"1","maxValue":"10"}}]},"product_price_amount":"167.00","product_price_currency":"EUR","og_availability":"instock","product_availability":"instock","product_condition":"new"},"_links":{"self":[{"href":"https:\/\/www.leathergirl.eu\/en\/wp-json\/wp\/v2\/product\/21800","targetHints":{"allow":["GET"]}}],"collection":[{"href":"https:\/\/www.leathergirl.eu\/en\/wp-json\/wp\/v2\/product"}],"about":[{"href":"https:\/\/www.leathergirl.eu\/en\/wp-json\/wp\/v2\/types\/product"}],"wp:featuredmedia":[{"embeddable":true,"href":"https:\/\/www.leathergirl.eu\/en\/wp-json\/wp\/v2\/media\/21805"}],"wp:attachment":[{"href":"https:\/\/www.leathergirl.eu\/en\/wp-json\/wp\/v2\/media?parent=21800"}],"wp:term":[{"taxonomy":"product_brand","embeddable":true,"href":"https:\/\/www.leathergirl.eu\/en\/wp-json\/wp\/v2\/product_brand?post=21800"},{"taxonomy":"product_cat","embeddable":true,"href":"https:\/\/www.leathergirl.eu\/en\/wp-json\/wp\/v2\/product_cat?post=21800"},{"taxonomy":"product_tag","embeddable":true,"href":"https:\/\/www.leathergirl.eu\/en\/wp-json\/wp\/v2\/product_tag?post=21800"}],"curies":[{"name":"wp","href":"https:\/\/api.w.org\/{rel}","templated":true}]}}