{"id":21785,"date":"2017-04-09T09:35:19","date_gmt":"2017-04-09T09:35:19","guid":{"rendered":"http:\/\/www.leathergirl.eu\/?post_type=product&#038;p=21785"},"modified":"2026-01-03T13:18:42","modified_gmt":"2026-01-03T12:18:42","slug":"white-borel-studded-wrist-clamp","status":"publish","type":"product","link":"https:\/\/www.leathergirl.eu\/en\/product\/white-borel-studded-wrist-clamp\/","title":{"rendered":"Wrist cuffs with white lining"},"content":{"rendered":"<p>Black leather with white lining, lockable wrist cuff.<\/p>\n<p>Strong thick leather on the outside, and soft but strong leather on the inside with lockable buckles and a hole in the appropriate place. The wider front covers the mons. The strap that goes under the buttocks is 5cm wide, the waist band is 6cm wide, the straps are 3cm wide. There are welded d-rings in the front and on the sides.\n\nLocks are not included.<\/p>","protected":false},"excerpt":{"rendered":"<p>Black leather with white lining, lockable wrist cuff.<\/p>\n<p>Strong thick leather on the outside, and soft but strong leather on the inside with lockable buckles and a hole in the appropriate place. The wider front covers the mons. The strap that goes under the buttocks is 5cm wide, the waist band is 6cm wide, the straps are 3cm wide. There are welded d-rings in the front and on the sides.\n\nLocks are not included.<\/p>","protected":false},"featured_media":23938,"template":"","meta":{"_et_pb_use_builder":"","_et_pb_old_content":"","_et_gb_content_width":""},"product_brand":[],"product_cat":[28],"product_tag":[],"class_list":{"0":"post-21785","1":"product","2":"type-product","3":"status-publish","4":"has-post-thumbnail","6":"product_cat-wrist","8":"first","9":"instock","10":"purchasable","11":"product-type-simple"},"yoast_head":"<!-- This site is optimized with the Yoast SEO Premium plugin v26.2 (Yoast SEO v26.3) - https:\/\/yoast.com\/wordpress\/plugins\/seo\/ -->\n<title>FEH\u00c9R B\u0150RREL SZEGETT CSUKL\u00d3BILINCS - A B\u0151r\u00f6s l\u00e1ny<\/title>\n<meta name=\"robots\" content=\"index, follow, max-snippet:-1, max-image-preview:large, max-video-preview:-1\" \/>\n<link rel=\"canonical\" href=\"https:\/\/www.leathergirl.eu\/en\/product\/white-borel-studded-wrist-clamp\/\" \/>\n<meta property=\"og:locale\" content=\"en_GB\" \/>\n<meta property=\"og:type\" content=\"article\" \/>\n<meta property=\"og:title\" content=\"FEH\u00c9R B\u0150RREL SZEGETT CSUKL\u00d3BILINCS\" \/>\n<meta property=\"og:description\" content=\"Feh\u00e9r b\u0151rrel szegett fekete b\u0151r, lakatolhat\u00f3 csukl\u00f3bilincs.  A 6,5 cm sz\u00e9les bilincsek kialak\u00edt\u00e1sa hasonl\u00f3 a t\u00f6bbihez: a f\u0151r\u00e9sz k\u00fcls\u0151 r\u00e9sze vastag, er\u0151s b\u0151r al\u00e1er\u0151s\u00edtve, bel\u00fcl pedig puha b\u0151rrel, \u00e9s szivaccsal b\u00e9leltek. A szeg\u0151b\u0151r a bels\u0151 oldalon a szivacs sz\u00e9l\u00e9ig \u00e9r, \u00edgy visel\u00e9s k\u00f6zben nem \u00e9rezhet\u0151. A sz\u00edjak k\u00e9t r\u00e9teg b\u0151rb\u0151l k\u00e9sz\u00fclnek, \u00e9s 3 cm sz\u00e9lesek, \u00e9s 2 db hegesztett f\u00e9lkarik\u00e1t r\u00f6gz\u00edtenek.\" \/>\n<meta property=\"og:url\" content=\"https:\/\/www.leathergirl.eu\/en\/product\/white-borel-studded-wrist-clamp\/\" \/>\n<meta property=\"og:site_name\" content=\"A B\u0151r\u00f6s l\u00e1ny\" \/>\n<meta property=\"article:publisher\" content=\"https:\/\/www.facebook.com\/aboroslany\/\" \/>\n<meta property=\"article:modified_time\" content=\"2026-01-03T12:18:42+00:00\" \/>\n<meta property=\"og:image\" content=\"https:\/\/www.leathergirl.eu\/wp-content\/uploads\/2017\/04\/k-csuklo2.jpg\" \/>\n\t<meta property=\"og:image:width\" content=\"800\" \/>\n\t<meta property=\"og:image:height\" content=\"531\" \/>\n\t<meta property=\"og:image:type\" content=\"image\/jpeg\" \/>\n<script type=\"application\/ld+json\" class=\"yoast-schema-graph\">{\"@context\":\"https:\/\/schema.org\",\"@graph\":[{\"@type\":\"WebPage\",\"@id\":\"https:\/\/www.leathergirl.eu\/product\/feher-borrel-szegett-csuklobilincs\/\",\"url\":\"https:\/\/www.leathergirl.eu\/product\/feher-borrel-szegett-csuklobilincs\/\",\"name\":\"FEH\u00c9R B\u0150RREL SZEGETT CSUKL\u00d3BILINCS - A B\u0151r\u00f6s l\u00e1ny\",\"isPartOf\":{\"@id\":\"https:\/\/www.leathergirl.eu\/#website\"},\"primaryImageOfPage\":{\"@id\":\"https:\/\/www.leathergirl.eu\/product\/feher-borrel-szegett-csuklobilincs\/#primaryimage\"},\"image\":{\"@id\":\"https:\/\/www.leathergirl.eu\/product\/feher-borrel-szegett-csuklobilincs\/#primaryimage\"},\"thumbnailUrl\":\"https:\/\/www.leathergirl.eu\/wp-content\/uploads\/2017\/04\/k-csuklo2.jpg\",\"datePublished\":\"2017-04-09T09:35:19+00:00\",\"dateModified\":\"2026-01-03T12:18:42+00:00\",\"breadcrumb\":{\"@id\":\"https:\/\/www.leathergirl.eu\/product\/feher-borrel-szegett-csuklobilincs\/#breadcrumb\"},\"inLanguage\":\"en-GB\",\"potentialAction\":[{\"@type\":\"ReadAction\",\"target\":[\"https:\/\/www.leathergirl.eu\/product\/feher-borrel-szegett-csuklobilincs\/\"]}]},{\"@type\":\"ImageObject\",\"inLanguage\":\"en-GB\",\"@id\":\"https:\/\/www.leathergirl.eu\/product\/feher-borrel-szegett-csuklobilincs\/#primaryimage\",\"url\":\"https:\/\/www.leathergirl.eu\/wp-content\/uploads\/2017\/04\/k-csuklo2.jpg\",\"contentUrl\":\"https:\/\/www.leathergirl.eu\/wp-content\/uploads\/2017\/04\/k-csuklo2.jpg\",\"width\":800,\"height\":531},{\"@type\":\"BreadcrumbList\",\"@id\":\"https:\/\/www.leathergirl.eu\/product\/feher-borrel-szegett-csuklobilincs\/#breadcrumb\",\"itemListElement\":[{\"@type\":\"ListItem\",\"position\":1,\"name\":\"Home\",\"item\":\"https:\/\/www.leathergirl.eu\/\"},{\"@type\":\"ListItem\",\"position\":2,\"name\":\"Shop\",\"item\":\"https:\/\/www.leathergirl.eu\/en\/uzlet\/\"},{\"@type\":\"ListItem\",\"position\":3,\"name\":\"FEH\u00c9R B\u0150RREL SZEGETT CSUKL\u00d3BILINCS\"}]},{\"@type\":\"WebSite\",\"@id\":\"https:\/\/www.leathergirl.eu\/#website\",\"url\":\"https:\/\/www.leathergirl.eu\/\",\"name\":\"A B\u0151r\u00f6s l\u00e1ny\",\"description\":\"... LeatherGirl ...\",\"publisher\":{\"@id\":\"https:\/\/www.leathergirl.eu\/#organization\"},\"potentialAction\":[{\"@type\":\"SearchAction\",\"target\":{\"@type\":\"EntryPoint\",\"urlTemplate\":\"https:\/\/www.leathergirl.eu\/?s={search_term_string}\"},\"query-input\":{\"@type\":\"PropertyValueSpecification\",\"valueRequired\":true,\"valueName\":\"search_term_string\"}}],\"inLanguage\":\"en-GB\"},{\"@type\":\"Organization\",\"@id\":\"https:\/\/www.leathergirl.eu\/#organization\",\"name\":\"A B\u0151r\u00f6s l\u00e1ny\",\"url\":\"https:\/\/www.leathergirl.eu\/\",\"logo\":{\"@type\":\"ImageObject\",\"inLanguage\":\"en-GB\",\"@id\":\"https:\/\/www.leathergirl.eu\/#\/schema\/logo\/image\/\",\"url\":\"https:\/\/www.leathergirl.eu\/wp-content\/uploads\/2024\/05\/leathergirl-logo.png\",\"contentUrl\":\"https:\/\/www.leathergirl.eu\/wp-content\/uploads\/2024\/05\/leathergirl-logo.png\",\"width\":280,\"height\":80,\"caption\":\"A B\u0151r\u00f6s l\u00e1ny\"},\"image\":{\"@id\":\"https:\/\/www.leathergirl.eu\/#\/schema\/logo\/image\/\"},\"sameAs\":[\"https:\/\/www.facebook.com\/aboroslany\/\",\"https:\/\/www.instagram.com\/theleathergirl\/\"],\"email\":\"aboroslany@gmail.com\",\"legalName\":\"Nepp T\u00edmea e.v.\",\"numberOfEmployees\":{\"@type\":\"QuantitativeValue\",\"minValue\":\"1\",\"maxValue\":\"10\"}}]}<\/script>\n<meta property=\"product:price:amount\" content=\"109.90\" \/>\n<meta property=\"product:price:currency\" content=\"EUR\" \/>\n<meta property=\"og:availability\" content=\"instock\" \/>\n<meta property=\"product:availability\" content=\"instock\" \/>\n<meta property=\"product:condition\" content=\"new\" \/>\n<!-- \/ Yoast SEO Premium plugin. -->","yoast_head_json":{"title":"WHITE SKIN BUTTON - The Girl with Leather","robots":{"index":"index","follow":"follow","max-snippet":"max-snippet:-1","max-image-preview":"max-image-preview:large","max-video-preview":"max-video-preview:-1"},"canonical":"https:\/\/www.leathergirl.eu\/en\/product\/white-borel-studded-wrist-clamp\/","og_locale":"en_GB","og_type":"article","og_title":"FEH\u00c9R B\u0150RREL SZEGETT CSUKL\u00d3BILINCS","og_description":"Feh\u00e9r b\u0151rrel szegett fekete b\u0151r, lakatolhat\u00f3 csukl\u00f3bilincs.  A 6,5 cm sz\u00e9les bilincsek kialak\u00edt\u00e1sa hasonl\u00f3 a t\u00f6bbihez: a f\u0151r\u00e9sz k\u00fcls\u0151 r\u00e9sze vastag, er\u0151s b\u0151r al\u00e1er\u0151s\u00edtve, bel\u00fcl pedig puha b\u0151rrel, \u00e9s szivaccsal b\u00e9leltek. A szeg\u0151b\u0151r a bels\u0151 oldalon a szivacs sz\u00e9l\u00e9ig \u00e9r, \u00edgy visel\u00e9s k\u00f6zben nem \u00e9rezhet\u0151. A sz\u00edjak k\u00e9t r\u00e9teg b\u0151rb\u0151l k\u00e9sz\u00fclnek, \u00e9s 3 cm sz\u00e9lesek, \u00e9s 2 db hegesztett f\u00e9lkarik\u00e1t r\u00f6gz\u00edtenek.","og_url":"https:\/\/www.leathergirl.eu\/en\/product\/white-borel-studded-wrist-clamp\/","og_site_name":"A B\u0151r\u00f6s l\u00e1ny","article_publisher":"https:\/\/www.facebook.com\/aboroslany\/","article_modified_time":"2026-01-03T12:18:42+00:00","og_image":[{"width":800,"height":531,"url":"https:\/\/www.leathergirl.eu\/wp-content\/uploads\/2017\/04\/k-csuklo2.jpg","type":"image\/jpeg"}],"schema":{"@context":"https:\/\/schema.org","@graph":[{"@type":"WebPage","@id":"https:\/\/www.leathergirl.eu\/product\/feher-borrel-szegett-csuklobilincs\/","url":"https:\/\/www.leathergirl.eu\/product\/feher-borrel-szegett-csuklobilincs\/","name":"WHITE SKIN BUTTON - The Girl with Leather","isPartOf":{"@id":"https:\/\/www.leathergirl.eu\/#website"},"primaryImageOfPage":{"@id":"https:\/\/www.leathergirl.eu\/product\/feher-borrel-szegett-csuklobilincs\/#primaryimage"},"image":{"@id":"https:\/\/www.leathergirl.eu\/product\/feher-borrel-szegett-csuklobilincs\/#primaryimage"},"thumbnailUrl":"https:\/\/www.leathergirl.eu\/wp-content\/uploads\/2017\/04\/k-csuklo2.jpg","datePublished":"2017-04-09T09:35:19+00:00","dateModified":"2026-01-03T12:18:42+00:00","breadcrumb":{"@id":"https:\/\/www.leathergirl.eu\/product\/feher-borrel-szegett-csuklobilincs\/#breadcrumb"},"inLanguage":"en-GB","potentialAction":[{"@type":"ReadAction","target":["https:\/\/www.leathergirl.eu\/product\/feher-borrel-szegett-csuklobilincs\/"]}]},{"@type":"ImageObject","inLanguage":"en-GB","@id":"https:\/\/www.leathergirl.eu\/product\/feher-borrel-szegett-csuklobilincs\/#primaryimage","url":"https:\/\/www.leathergirl.eu\/wp-content\/uploads\/2017\/04\/k-csuklo2.jpg","contentUrl":"https:\/\/www.leathergirl.eu\/wp-content\/uploads\/2017\/04\/k-csuklo2.jpg","width":800,"height":531},{"@type":"BreadcrumbList","@id":"https:\/\/www.leathergirl.eu\/product\/feher-borrel-szegett-csuklobilincs\/#breadcrumb","itemListElement":[{"@type":"ListItem","position":1,"name":"Home","item":"https:\/\/www.leathergirl.eu\/"},{"@type":"ListItem","position":2,"name":"Shop","item":"https:\/\/www.leathergirl.eu\/en\/uzlet\/"},{"@type":"ListItem","position":3,"name":"FEH\u00c9R B\u0150RREL SZEGETT CSUKL\u00d3BILINCS"}]},{"@type":"WebSite","@id":"https:\/\/www.leathergirl.eu\/#website","url":"https:\/\/www.leathergirl.eu\/","name":"The Leather Girl","description":"... LeatherGirl ...","publisher":{"@id":"https:\/\/www.leathergirl.eu\/#organization"},"potentialAction":[{"@type":"SearchAction","target":{"@type":"EntryPoint","urlTemplate":"https:\/\/www.leathergirl.eu\/?s={search_term_string}"},"query-input":{"@type":"PropertyValueSpecification","valueRequired":true,"valueName":"search_term_string"}}],"inLanguage":"en-GB"},{"@type":"Organization","@id":"https:\/\/www.leathergirl.eu\/#organization","name":"The Leather Girl","url":"https:\/\/www.leathergirl.eu\/","logo":{"@type":"ImageObject","inLanguage":"en-GB","@id":"https:\/\/www.leathergirl.eu\/#\/schema\/logo\/image\/","url":"https:\/\/www.leathergirl.eu\/wp-content\/uploads\/2024\/05\/leathergirl-logo.png","contentUrl":"https:\/\/www.leathergirl.eu\/wp-content\/uploads\/2024\/05\/leathergirl-logo.png","width":280,"height":80,"caption":"A B\u0151r\u00f6s l\u00e1ny"},"image":{"@id":"https:\/\/www.leathergirl.eu\/#\/schema\/logo\/image\/"},"sameAs":["https:\/\/www.facebook.com\/aboroslany\/","https:\/\/www.instagram.com\/theleathergirl\/"],"email":"aboroslany@gmail.com","legalName":"Nepp T\u00edmea e.v.","numberOfEmployees":{"@type":"QuantitativeValue","minValue":"1","maxValue":"10"}}]},"product_price_amount":"109.90","product_price_currency":"EUR","og_availability":"instock","product_availability":"instock","product_condition":"new"},"_links":{"self":[{"href":"https:\/\/www.leathergirl.eu\/en\/wp-json\/wp\/v2\/product\/21785","targetHints":{"allow":["GET"]}}],"collection":[{"href":"https:\/\/www.leathergirl.eu\/en\/wp-json\/wp\/v2\/product"}],"about":[{"href":"https:\/\/www.leathergirl.eu\/en\/wp-json\/wp\/v2\/types\/product"}],"wp:featuredmedia":[{"embeddable":true,"href":"https:\/\/www.leathergirl.eu\/en\/wp-json\/wp\/v2\/media\/23938"}],"wp:attachment":[{"href":"https:\/\/www.leathergirl.eu\/en\/wp-json\/wp\/v2\/media?parent=21785"}],"wp:term":[{"taxonomy":"product_brand","embeddable":true,"href":"https:\/\/www.leathergirl.eu\/en\/wp-json\/wp\/v2\/product_brand?post=21785"},{"taxonomy":"product_cat","embeddable":true,"href":"https:\/\/www.leathergirl.eu\/en\/wp-json\/wp\/v2\/product_cat?post=21785"},{"taxonomy":"product_tag","embeddable":true,"href":"https:\/\/www.leathergirl.eu\/en\/wp-json\/wp\/v2\/product_tag?post=21785"}],"curies":[{"name":"wp","href":"https:\/\/api.w.org\/{rel}","templated":true}]}}