{"id":21752,"date":"2017-03-19T16:44:07","date_gmt":"2017-03-19T16:44:07","guid":{"rendered":"http:\/\/www.leathergirl.eu\/?post_type=product&#038;p=21752"},"modified":"2026-01-04T16:33:55","modified_gmt":"2026-01-04T15:33:55","slug":"terd-es-konyokvedo","status":"publish","type":"product","link":"https:\/\/www.leathergirl.eu\/en\/product\/terd-es-konyokvedo\/","title":{"rendered":"Knee and elbow protector"},"content":{"rendered":"<p>The outside is made of thick strong leather while the inside is padded with sponge and covered with soft leather so it protects the joints when walking. There is a piece of non-slippery rubber on the \u201cwalking part\u201d to prevent injury. They can be fastened to the limbs with 2 leather straps, each 3 cm wide. There is also a piece of leather under the buckles so it doesn't tear into the skin. The angle of inclination can be adjusted with the buckles on the side.<\/p>\n<p>You can also order them as pairs:<\/p>\n<ul>\n<li>The elbow pads 113,8\u20ac\/pair<\/li>\n<li>Knee pads: 138,5\u20ac\/pair<\/li>\n<\/ul>","protected":false},"excerpt":{"rendered":"<p>The outside is made of thick strong leather while the inside is padded with sponge and covered with soft leather so it protects the joints when walking. There is a piece of non-slippery rubber on the \u201cwalking part\u201d to prevent injury. They can be fastened to the limbs with 2 leather straps, each 3 cm wide. There is also a piece of leather under the buckles so it doesn't tear into the skin. The angle of inclination can be adjusted with the buckles on the side.<\/p>\n<p>You can also order them as pairs:<\/p>\n<ul>\n<li>The elbow pads 113,8\u20ac\/pair<\/li>\n<li>Knee pads: 138,5\u20ac\/pair<\/li>\n<\/ul>","protected":false},"featured_media":21754,"template":"","meta":{"_et_pb_use_builder":"","_et_pb_old_content":"","_et_gb_content_width":""},"product_brand":[],"product_cat":[29,25],"product_tag":[],"class_list":{"0":"post-21752","1":"product","2":"type-product","3":"status-publish","4":"has-post-thumbnail","6":"product_cat-restraints","7":"product_cat-petplay","9":"first","10":"instock","11":"purchasable","12":"product-type-simple"},"yoast_head":"<!-- This site is optimized with the Yoast SEO Premium plugin v26.2 (Yoast SEO v26.3) - https:\/\/yoast.com\/wordpress\/plugins\/seo\/ -->\n<title>T\u00c9RD- \u00c9S K\u00d6NY\u00d6KV\u00c9D\u0150 - A B\u0151r\u00f6s l\u00e1ny<\/title>\n<meta name=\"robots\" content=\"index, follow, max-snippet:-1, max-image-preview:large, max-video-preview:-1\" \/>\n<link rel=\"canonical\" href=\"https:\/\/www.leathergirl.eu\/en\/product\/terd-es-konyokvedo\/\" \/>\n<meta property=\"og:locale\" content=\"en_GB\" \/>\n<meta property=\"og:type\" content=\"article\" \/>\n<meta property=\"og:title\" content=\"T\u00c9RD- \u00c9S K\u00d6NY\u00d6KV\u00c9D\u0150\" \/>\n<meta property=\"og:description\" content=\"A k\u00fcls\u0151 r\u00e9sze vastag, er\u0151s b\u0151r, bel\u00fcl pedig vastag szivaccsal \u00e9s puha b\u0151rrel b\u00e9lelt, \u00edgy k\u00edm\u00e9li az \u00edz\u00fcleteket n\u00e9gyk\u00e9zl\u00e1b j\u00e1r\u00e1s k\u00f6zben. A &quot;j\u00e1r\u00f3fel\u00fcletre&quot; cs\u00fasz\u00e1sg\u00e1tl\u00f3 gumit varrok. A v\u00e9gtagokhoz 2-2 db 3 cm sz\u00e9les, k\u00e9t r\u00e9teg b\u0151r sz\u00edjjal lehet r\u00f6gz\u00edteni. A csatokhoz b\u0151r al\u00e1t\u00e9tet teszek, hogy a csat ne cs\u00edpje be a b\u0151r\u00f6det. A hajl\u00e1ssz\u00f6get az oldal\u00e1ra tett csatokkal lehet be\u00e1ll\u00edtani.  Term\u00e9szetesen p\u00e1ronk\u00e9nt is rendelheted:   A k\u00f6ny\u00f6kv\u00e9d\u0151 41.500 Ft\/p\u00e1r  A t\u00e9rdv\u00e9d\u0151: 50.600 Ft\/p\u00e1r\" \/>\n<meta property=\"og:url\" content=\"https:\/\/www.leathergirl.eu\/en\/product\/terd-es-konyokvedo\/\" \/>\n<meta property=\"og:site_name\" content=\"A B\u0151r\u00f6s l\u00e1ny\" \/>\n<meta property=\"article:publisher\" content=\"https:\/\/www.facebook.com\/aboroslany\/\" \/>\n<meta property=\"article:modified_time\" content=\"2026-01-04T15:33:55+00:00\" \/>\n<meta property=\"og:image\" content=\"https:\/\/www.leathergirl.eu\/wp-content\/uploads\/2017\/03\/k-DSC_0358-copy.jpg\" \/>\n\t<meta property=\"og:image:width\" content=\"1024\" \/>\n\t<meta property=\"og:image:height\" content=\"657\" \/>\n\t<meta property=\"og:image:type\" content=\"image\/jpeg\" \/>\n<script type=\"application\/ld+json\" class=\"yoast-schema-graph\">{\"@context\":\"https:\/\/schema.org\",\"@graph\":[{\"@type\":\"WebPage\",\"@id\":\"https:\/\/www.leathergirl.eu\/product\/terd-es-konyokvedo\/\",\"url\":\"https:\/\/www.leathergirl.eu\/product\/terd-es-konyokvedo\/\",\"name\":\"T\u00c9RD- \u00c9S K\u00d6NY\u00d6KV\u00c9D\u0150 - A B\u0151r\u00f6s l\u00e1ny\",\"isPartOf\":{\"@id\":\"https:\/\/www.leathergirl.eu\/#website\"},\"primaryImageOfPage\":{\"@id\":\"https:\/\/www.leathergirl.eu\/product\/terd-es-konyokvedo\/#primaryimage\"},\"image\":{\"@id\":\"https:\/\/www.leathergirl.eu\/product\/terd-es-konyokvedo\/#primaryimage\"},\"thumbnailUrl\":\"https:\/\/www.leathergirl.eu\/wp-content\/uploads\/2017\/03\/k-DSC_0358-copy.jpg\",\"datePublished\":\"2017-03-19T16:44:07+00:00\",\"dateModified\":\"2026-01-04T15:33:55+00:00\",\"breadcrumb\":{\"@id\":\"https:\/\/www.leathergirl.eu\/product\/terd-es-konyokvedo\/#breadcrumb\"},\"inLanguage\":\"en-GB\",\"potentialAction\":[{\"@type\":\"ReadAction\",\"target\":[\"https:\/\/www.leathergirl.eu\/product\/terd-es-konyokvedo\/\"]}]},{\"@type\":\"ImageObject\",\"inLanguage\":\"en-GB\",\"@id\":\"https:\/\/www.leathergirl.eu\/product\/terd-es-konyokvedo\/#primaryimage\",\"url\":\"https:\/\/www.leathergirl.eu\/wp-content\/uploads\/2017\/03\/k-DSC_0358-copy.jpg\",\"contentUrl\":\"https:\/\/www.leathergirl.eu\/wp-content\/uploads\/2017\/03\/k-DSC_0358-copy.jpg\",\"width\":1024,\"height\":657},{\"@type\":\"BreadcrumbList\",\"@id\":\"https:\/\/www.leathergirl.eu\/product\/terd-es-konyokvedo\/#breadcrumb\",\"itemListElement\":[{\"@type\":\"ListItem\",\"position\":1,\"name\":\"Home\",\"item\":\"https:\/\/www.leathergirl.eu\/\"},{\"@type\":\"ListItem\",\"position\":2,\"name\":\"Shop\",\"item\":\"https:\/\/www.leathergirl.eu\/en\/uzlet\/\"},{\"@type\":\"ListItem\",\"position\":3,\"name\":\"T\u00c9RD- \u00c9S K\u00d6NY\u00d6KV\u00c9D\u0150\"}]},{\"@type\":\"WebSite\",\"@id\":\"https:\/\/www.leathergirl.eu\/#website\",\"url\":\"https:\/\/www.leathergirl.eu\/\",\"name\":\"A B\u0151r\u00f6s l\u00e1ny\",\"description\":\"... LeatherGirl ...\",\"publisher\":{\"@id\":\"https:\/\/www.leathergirl.eu\/#organization\"},\"potentialAction\":[{\"@type\":\"SearchAction\",\"target\":{\"@type\":\"EntryPoint\",\"urlTemplate\":\"https:\/\/www.leathergirl.eu\/?s={search_term_string}\"},\"query-input\":{\"@type\":\"PropertyValueSpecification\",\"valueRequired\":true,\"valueName\":\"search_term_string\"}}],\"inLanguage\":\"en-GB\"},{\"@type\":\"Organization\",\"@id\":\"https:\/\/www.leathergirl.eu\/#organization\",\"name\":\"A B\u0151r\u00f6s l\u00e1ny\",\"url\":\"https:\/\/www.leathergirl.eu\/\",\"logo\":{\"@type\":\"ImageObject\",\"inLanguage\":\"en-GB\",\"@id\":\"https:\/\/www.leathergirl.eu\/#\/schema\/logo\/image\/\",\"url\":\"https:\/\/www.leathergirl.eu\/wp-content\/uploads\/2024\/05\/leathergirl-logo.png\",\"contentUrl\":\"https:\/\/www.leathergirl.eu\/wp-content\/uploads\/2024\/05\/leathergirl-logo.png\",\"width\":280,\"height\":80,\"caption\":\"A B\u0151r\u00f6s l\u00e1ny\"},\"image\":{\"@id\":\"https:\/\/www.leathergirl.eu\/#\/schema\/logo\/image\/\"},\"sameAs\":[\"https:\/\/www.facebook.com\/aboroslany\/\",\"https:\/\/www.instagram.com\/theleathergirl\/\"],\"email\":\"aboroslany@gmail.com\",\"legalName\":\"Nepp T\u00edmea e.v.\",\"numberOfEmployees\":{\"@type\":\"QuantitativeValue\",\"minValue\":\"1\",\"maxValue\":\"10\"}}]}<\/script>\n<meta property=\"product:price:amount\" content=\"228.30\" \/>\n<meta property=\"product:price:currency\" content=\"EUR\" \/>\n<meta property=\"og:availability\" content=\"instock\" \/>\n<meta property=\"product:availability\" content=\"instock\" \/>\n<meta property=\"product:condition\" content=\"new\" \/>\n<!-- \/ Yoast SEO Premium plugin. -->","yoast_head_json":{"title":"TED AND BOOKBUY - The Girl with the Skin","robots":{"index":"index","follow":"follow","max-snippet":"max-snippet:-1","max-image-preview":"max-image-preview:large","max-video-preview":"max-video-preview:-1"},"canonical":"https:\/\/www.leathergirl.eu\/en\/product\/terd-es-konyokvedo\/","og_locale":"en_GB","og_type":"article","og_title":"T\u00c9RD- \u00c9S K\u00d6NY\u00d6KV\u00c9D\u0150","og_description":"A k\u00fcls\u0151 r\u00e9sze vastag, er\u0151s b\u0151r, bel\u00fcl pedig vastag szivaccsal \u00e9s puha b\u0151rrel b\u00e9lelt, \u00edgy k\u00edm\u00e9li az \u00edz\u00fcleteket n\u00e9gyk\u00e9zl\u00e1b j\u00e1r\u00e1s k\u00f6zben. A \"j\u00e1r\u00f3fel\u00fcletre\" cs\u00fasz\u00e1sg\u00e1tl\u00f3 gumit varrok. A v\u00e9gtagokhoz 2-2 db 3 cm sz\u00e9les, k\u00e9t r\u00e9teg b\u0151r sz\u00edjjal lehet r\u00f6gz\u00edteni. A csatokhoz b\u0151r al\u00e1t\u00e9tet teszek, hogy a csat ne cs\u00edpje be a b\u0151r\u00f6det. A hajl\u00e1ssz\u00f6get az oldal\u00e1ra tett csatokkal lehet be\u00e1ll\u00edtani.  Term\u00e9szetesen p\u00e1ronk\u00e9nt is rendelheted:   A k\u00f6ny\u00f6kv\u00e9d\u0151 41.500 Ft\/p\u00e1r  A t\u00e9rdv\u00e9d\u0151: 50.600 Ft\/p\u00e1r","og_url":"https:\/\/www.leathergirl.eu\/en\/product\/terd-es-konyokvedo\/","og_site_name":"A B\u0151r\u00f6s l\u00e1ny","article_publisher":"https:\/\/www.facebook.com\/aboroslany\/","article_modified_time":"2026-01-04T15:33:55+00:00","og_image":[{"width":1024,"height":657,"url":"https:\/\/www.leathergirl.eu\/wp-content\/uploads\/2017\/03\/k-DSC_0358-copy.jpg","type":"image\/jpeg"}],"schema":{"@context":"https:\/\/schema.org","@graph":[{"@type":"WebPage","@id":"https:\/\/www.leathergirl.eu\/product\/terd-es-konyokvedo\/","url":"https:\/\/www.leathergirl.eu\/product\/terd-es-konyokvedo\/","name":"TED AND BOOKBUY - The Girl with the Skin","isPartOf":{"@id":"https:\/\/www.leathergirl.eu\/#website"},"primaryImageOfPage":{"@id":"https:\/\/www.leathergirl.eu\/product\/terd-es-konyokvedo\/#primaryimage"},"image":{"@id":"https:\/\/www.leathergirl.eu\/product\/terd-es-konyokvedo\/#primaryimage"},"thumbnailUrl":"https:\/\/www.leathergirl.eu\/wp-content\/uploads\/2017\/03\/k-DSC_0358-copy.jpg","datePublished":"2017-03-19T16:44:07+00:00","dateModified":"2026-01-04T15:33:55+00:00","breadcrumb":{"@id":"https:\/\/www.leathergirl.eu\/product\/terd-es-konyokvedo\/#breadcrumb"},"inLanguage":"en-GB","potentialAction":[{"@type":"ReadAction","target":["https:\/\/www.leathergirl.eu\/product\/terd-es-konyokvedo\/"]}]},{"@type":"ImageObject","inLanguage":"en-GB","@id":"https:\/\/www.leathergirl.eu\/product\/terd-es-konyokvedo\/#primaryimage","url":"https:\/\/www.leathergirl.eu\/wp-content\/uploads\/2017\/03\/k-DSC_0358-copy.jpg","contentUrl":"https:\/\/www.leathergirl.eu\/wp-content\/uploads\/2017\/03\/k-DSC_0358-copy.jpg","width":1024,"height":657},{"@type":"BreadcrumbList","@id":"https:\/\/www.leathergirl.eu\/product\/terd-es-konyokvedo\/#breadcrumb","itemListElement":[{"@type":"ListItem","position":1,"name":"Home","item":"https:\/\/www.leathergirl.eu\/"},{"@type":"ListItem","position":2,"name":"Shop","item":"https:\/\/www.leathergirl.eu\/en\/uzlet\/"},{"@type":"ListItem","position":3,"name":"T\u00c9RD- \u00c9S K\u00d6NY\u00d6KV\u00c9D\u0150"}]},{"@type":"WebSite","@id":"https:\/\/www.leathergirl.eu\/#website","url":"https:\/\/www.leathergirl.eu\/","name":"The Leather Girl","description":"... LeatherGirl ...","publisher":{"@id":"https:\/\/www.leathergirl.eu\/#organization"},"potentialAction":[{"@type":"SearchAction","target":{"@type":"EntryPoint","urlTemplate":"https:\/\/www.leathergirl.eu\/?s={search_term_string}"},"query-input":{"@type":"PropertyValueSpecification","valueRequired":true,"valueName":"search_term_string"}}],"inLanguage":"en-GB"},{"@type":"Organization","@id":"https:\/\/www.leathergirl.eu\/#organization","name":"The Leather Girl","url":"https:\/\/www.leathergirl.eu\/","logo":{"@type":"ImageObject","inLanguage":"en-GB","@id":"https:\/\/www.leathergirl.eu\/#\/schema\/logo\/image\/","url":"https:\/\/www.leathergirl.eu\/wp-content\/uploads\/2024\/05\/leathergirl-logo.png","contentUrl":"https:\/\/www.leathergirl.eu\/wp-content\/uploads\/2024\/05\/leathergirl-logo.png","width":280,"height":80,"caption":"A B\u0151r\u00f6s l\u00e1ny"},"image":{"@id":"https:\/\/www.leathergirl.eu\/#\/schema\/logo\/image\/"},"sameAs":["https:\/\/www.facebook.com\/aboroslany\/","https:\/\/www.instagram.com\/theleathergirl\/"],"email":"aboroslany@gmail.com","legalName":"Nepp T\u00edmea e.v.","numberOfEmployees":{"@type":"QuantitativeValue","minValue":"1","maxValue":"10"}}]},"product_price_amount":"228.30","product_price_currency":"EUR","og_availability":"instock","product_availability":"instock","product_condition":"new"},"_links":{"self":[{"href":"https:\/\/www.leathergirl.eu\/en\/wp-json\/wp\/v2\/product\/21752","targetHints":{"allow":["GET"]}}],"collection":[{"href":"https:\/\/www.leathergirl.eu\/en\/wp-json\/wp\/v2\/product"}],"about":[{"href":"https:\/\/www.leathergirl.eu\/en\/wp-json\/wp\/v2\/types\/product"}],"wp:featuredmedia":[{"embeddable":true,"href":"https:\/\/www.leathergirl.eu\/en\/wp-json\/wp\/v2\/media\/21754"}],"wp:attachment":[{"href":"https:\/\/www.leathergirl.eu\/en\/wp-json\/wp\/v2\/media?parent=21752"}],"wp:term":[{"taxonomy":"product_brand","embeddable":true,"href":"https:\/\/www.leathergirl.eu\/en\/wp-json\/wp\/v2\/product_brand?post=21752"},{"taxonomy":"product_cat","embeddable":true,"href":"https:\/\/www.leathergirl.eu\/en\/wp-json\/wp\/v2\/product_cat?post=21752"},{"taxonomy":"product_tag","embeddable":true,"href":"https:\/\/www.leathergirl.eu\/en\/wp-json\/wp\/v2\/product_tag?post=21752"}],"curies":[{"name":"wp","href":"https:\/\/api.w.org\/{rel}","templated":true}]}}