{"id":21674,"date":"2017-03-15T12:06:08","date_gmt":"2017-03-15T12:06:08","guid":{"rendered":"http:\/\/www.leathergirl.eu\/?post_type=product&#038;p=21674"},"modified":"2026-01-03T18:34:01","modified_gmt":"2026-01-03T17:34:01","slug":"bench-top-ov","status":"publish","type":"product","link":"https:\/\/www.leathergirl.eu\/en\/product\/bench-top-ov\/","title":{"rendered":"Belt wallet"},"content":{"rendered":"<p>Is your wallet in the way? You don't want to take a purse? Or do you just want to make sure that your money is always safely with you? Here's the solution: put it in your belt!<\/p>\n<p>4 cm wide leather belt with zipper inside for safe and accessible storage of money. The zipper runs from the buckle to the perforated part. Available with several buckles. Currently available in white, red, choux, deep brown and black.<\/p>","protected":false},"excerpt":{"rendered":"<p>Is your wallet in the way? You don't want to take a purse? Or do you just want to make sure that your money is always safely with you? Here's the solution: put it in your belt!<\/p>\n<p>4cm wide leather belt with a pouch and zipper on the inside to safely store money. The zip and pouch runs from the buckle until the holes. There are different types of buckles to choose from. Current color selection is white, red, light brown, deep brown and black (the money on the picture is only illustration.)<\/p>","protected":false},"featured_media":21690,"template":"","meta":{"_et_pb_use_builder":"","_et_pb_old_content":"","_et_gb_content_width":""},"product_brand":[],"product_cat":[23],"product_tag":[],"class_list":{"0":"post-21674","1":"product","2":"type-product","3":"status-publish","4":"has-post-thumbnail","6":"product_cat-for-the-weekdays-and-party-accessories","8":"first","9":"instock","10":"purchasable","11":"product-type-simple"},"yoast_head":"<!-- This site is optimized with the Yoast SEO Premium plugin v26.2 (Yoast SEO v26.3) - https:\/\/yoast.com\/wordpress\/plugins\/seo\/ -->\n<title>P\u00c9NZTART\u00d3 \u00d6V - A B\u0151r\u00f6s l\u00e1ny<\/title>\n<meta name=\"robots\" content=\"index, follow, max-snippet:-1, max-image-preview:large, max-video-preview:-1\" \/>\n<link rel=\"canonical\" href=\"https:\/\/www.leathergirl.eu\/en\/product\/bench-top-ov\/\" \/>\n<meta property=\"og:locale\" content=\"en_GB\" \/>\n<meta property=\"og:type\" content=\"article\" \/>\n<meta property=\"og:title\" content=\"P\u00c9NZTART\u00d3 \u00d6V\" \/>\n<meta property=\"og:description\" content=\"\u00datban van a p\u00e9nzt\u00e1rc\u00e1d? Nem akarsz t\u00e1sk\u00e1t vinni magaddal? Vagy csak szeretn\u00e9d biztons\u00e1gban, mindig k\u00e9zn\u00e9l tartani a p\u00e9nzedet? Itt a megold\u00e1s: tedd az \u00f6vedbe!  4 cm sz\u00e9les b\u0151r \u00f6v, a belsej\u00e9ben cipz\u00e1rral, ahol biztons\u00e1gosan, \u00e9s hozz\u00e1f\u00e9rhet\u0151en lehet p\u00e9nzt t\u00e1rolni. A cipz\u00e1r a csatt\u00f3l a lyukasztott r\u00e9szig fut v\u00e9gig. T\u00f6bbf\u00e9le csattal k\u00e9rheted. Jelenleg feh\u00e9r, piros, csau, m\u00e9lybarna \u00e9s fekete sz\u00ednben el\u00e9rhet\u0151. (A k\u00e9peken l\u00e1that\u00f3 bankjegy csak illusztr\u00e1ci\u00f3.)\" \/>\n<meta property=\"og:url\" content=\"https:\/\/www.leathergirl.eu\/en\/product\/bench-top-ov\/\" \/>\n<meta property=\"og:site_name\" content=\"A B\u0151r\u00f6s l\u00e1ny\" \/>\n<meta property=\"article:publisher\" content=\"https:\/\/www.facebook.com\/aboroslany\/\" \/>\n<meta property=\"article:modified_time\" content=\"2026-01-03T17:34:01+00:00\" \/>\n<meta property=\"og:image\" content=\"https:\/\/www.leathergirl.eu\/wp-content\/uploads\/2017\/03\/k-pt-ov-fek6.jpg\" \/>\n\t<meta property=\"og:image:width\" content=\"1024\" \/>\n\t<meta property=\"og:image:height\" content=\"486\" \/>\n\t<meta property=\"og:image:type\" content=\"image\/jpeg\" \/>\n<script type=\"application\/ld+json\" class=\"yoast-schema-graph\">{\"@context\":\"https:\/\/schema.org\",\"@graph\":[{\"@type\":\"WebPage\",\"@id\":\"https:\/\/www.leathergirl.eu\/product\/penztarto-ov\/\",\"url\":\"https:\/\/www.leathergirl.eu\/product\/penztarto-ov\/\",\"name\":\"P\u00c9NZTART\u00d3 \u00d6V - A B\u0151r\u00f6s l\u00e1ny\",\"isPartOf\":{\"@id\":\"https:\/\/www.leathergirl.eu\/#website\"},\"primaryImageOfPage\":{\"@id\":\"https:\/\/www.leathergirl.eu\/product\/penztarto-ov\/#primaryimage\"},\"image\":{\"@id\":\"https:\/\/www.leathergirl.eu\/product\/penztarto-ov\/#primaryimage\"},\"thumbnailUrl\":\"https:\/\/www.leathergirl.eu\/wp-content\/uploads\/2017\/03\/k-pt-ov-fek6.jpg\",\"datePublished\":\"2017-03-15T12:06:08+00:00\",\"dateModified\":\"2026-01-03T17:34:01+00:00\",\"breadcrumb\":{\"@id\":\"https:\/\/www.leathergirl.eu\/product\/penztarto-ov\/#breadcrumb\"},\"inLanguage\":\"en-GB\",\"potentialAction\":[{\"@type\":\"ReadAction\",\"target\":[\"https:\/\/www.leathergirl.eu\/product\/penztarto-ov\/\"]}]},{\"@type\":\"ImageObject\",\"inLanguage\":\"en-GB\",\"@id\":\"https:\/\/www.leathergirl.eu\/product\/penztarto-ov\/#primaryimage\",\"url\":\"https:\/\/www.leathergirl.eu\/wp-content\/uploads\/2017\/03\/k-pt-ov-fek6.jpg\",\"contentUrl\":\"https:\/\/www.leathergirl.eu\/wp-content\/uploads\/2017\/03\/k-pt-ov-fek6.jpg\",\"width\":1024,\"height\":486},{\"@type\":\"BreadcrumbList\",\"@id\":\"https:\/\/www.leathergirl.eu\/product\/penztarto-ov\/#breadcrumb\",\"itemListElement\":[{\"@type\":\"ListItem\",\"position\":1,\"name\":\"Home\",\"item\":\"https:\/\/www.leathergirl.eu\/\"},{\"@type\":\"ListItem\",\"position\":2,\"name\":\"Shop\",\"item\":\"https:\/\/www.leathergirl.eu\/en\/uzlet\/\"},{\"@type\":\"ListItem\",\"position\":3,\"name\":\"P\u00c9NZTART\u00d3 \u00d6V\"}]},{\"@type\":\"WebSite\",\"@id\":\"https:\/\/www.leathergirl.eu\/#website\",\"url\":\"https:\/\/www.leathergirl.eu\/\",\"name\":\"A B\u0151r\u00f6s l\u00e1ny\",\"description\":\"... LeatherGirl ...\",\"publisher\":{\"@id\":\"https:\/\/www.leathergirl.eu\/#organization\"},\"potentialAction\":[{\"@type\":\"SearchAction\",\"target\":{\"@type\":\"EntryPoint\",\"urlTemplate\":\"https:\/\/www.leathergirl.eu\/?s={search_term_string}\"},\"query-input\":{\"@type\":\"PropertyValueSpecification\",\"valueRequired\":true,\"valueName\":\"search_term_string\"}}],\"inLanguage\":\"en-GB\"},{\"@type\":\"Organization\",\"@id\":\"https:\/\/www.leathergirl.eu\/#organization\",\"name\":\"A B\u0151r\u00f6s l\u00e1ny\",\"url\":\"https:\/\/www.leathergirl.eu\/\",\"logo\":{\"@type\":\"ImageObject\",\"inLanguage\":\"en-GB\",\"@id\":\"https:\/\/www.leathergirl.eu\/#\/schema\/logo\/image\/\",\"url\":\"https:\/\/www.leathergirl.eu\/wp-content\/uploads\/2024\/05\/leathergirl-logo.png\",\"contentUrl\":\"https:\/\/www.leathergirl.eu\/wp-content\/uploads\/2024\/05\/leathergirl-logo.png\",\"width\":280,\"height\":80,\"caption\":\"A B\u0151r\u00f6s l\u00e1ny\"},\"image\":{\"@id\":\"https:\/\/www.leathergirl.eu\/#\/schema\/logo\/image\/\"},\"sameAs\":[\"https:\/\/www.facebook.com\/aboroslany\/\",\"https:\/\/www.instagram.com\/theleathergirl\/\"],\"email\":\"aboroslany@gmail.com\",\"legalName\":\"Nepp T\u00edmea e.v.\",\"numberOfEmployees\":{\"@type\":\"QuantitativeValue\",\"minValue\":\"1\",\"maxValue\":\"10\"}}]}<\/script>\n<meta property=\"product:price:amount\" content=\"66.80\" \/>\n<meta property=\"product:price:currency\" content=\"EUR\" \/>\n<meta property=\"og:availability\" content=\"instock\" \/>\n<meta property=\"product:availability\" content=\"instock\" \/>\n<meta property=\"product:condition\" content=\"new\" \/>\n<!-- \/ Yoast SEO Premium plugin. -->","yoast_head_json":{"title":"FINANCING BELT - The Furry Girl","robots":{"index":"index","follow":"follow","max-snippet":"max-snippet:-1","max-image-preview":"max-image-preview:large","max-video-preview":"max-video-preview:-1"},"canonical":"https:\/\/www.leathergirl.eu\/en\/product\/bench-top-ov\/","og_locale":"en_GB","og_type":"article","og_title":"P\u00c9NZTART\u00d3 \u00d6V","og_description":"\u00datban van a p\u00e9nzt\u00e1rc\u00e1d? Nem akarsz t\u00e1sk\u00e1t vinni magaddal? Vagy csak szeretn\u00e9d biztons\u00e1gban, mindig k\u00e9zn\u00e9l tartani a p\u00e9nzedet? Itt a megold\u00e1s: tedd az \u00f6vedbe!  4 cm sz\u00e9les b\u0151r \u00f6v, a belsej\u00e9ben cipz\u00e1rral, ahol biztons\u00e1gosan, \u00e9s hozz\u00e1f\u00e9rhet\u0151en lehet p\u00e9nzt t\u00e1rolni. A cipz\u00e1r a csatt\u00f3l a lyukasztott r\u00e9szig fut v\u00e9gig. T\u00f6bbf\u00e9le csattal k\u00e9rheted. Jelenleg feh\u00e9r, piros, csau, m\u00e9lybarna \u00e9s fekete sz\u00ednben el\u00e9rhet\u0151. (A k\u00e9peken l\u00e1that\u00f3 bankjegy csak illusztr\u00e1ci\u00f3.)","og_url":"https:\/\/www.leathergirl.eu\/en\/product\/bench-top-ov\/","og_site_name":"A B\u0151r\u00f6s l\u00e1ny","article_publisher":"https:\/\/www.facebook.com\/aboroslany\/","article_modified_time":"2026-01-03T17:34:01+00:00","og_image":[{"width":1024,"height":486,"url":"https:\/\/www.leathergirl.eu\/wp-content\/uploads\/2017\/03\/k-pt-ov-fek6.jpg","type":"image\/jpeg"}],"schema":{"@context":"https:\/\/schema.org","@graph":[{"@type":"WebPage","@id":"https:\/\/www.leathergirl.eu\/product\/penztarto-ov\/","url":"https:\/\/www.leathergirl.eu\/product\/penztarto-ov\/","name":"FINANCING BELT - The Furry Girl","isPartOf":{"@id":"https:\/\/www.leathergirl.eu\/#website"},"primaryImageOfPage":{"@id":"https:\/\/www.leathergirl.eu\/product\/penztarto-ov\/#primaryimage"},"image":{"@id":"https:\/\/www.leathergirl.eu\/product\/penztarto-ov\/#primaryimage"},"thumbnailUrl":"https:\/\/www.leathergirl.eu\/wp-content\/uploads\/2017\/03\/k-pt-ov-fek6.jpg","datePublished":"2017-03-15T12:06:08+00:00","dateModified":"2026-01-03T17:34:01+00:00","breadcrumb":{"@id":"https:\/\/www.leathergirl.eu\/product\/penztarto-ov\/#breadcrumb"},"inLanguage":"en-GB","potentialAction":[{"@type":"ReadAction","target":["https:\/\/www.leathergirl.eu\/product\/penztarto-ov\/"]}]},{"@type":"ImageObject","inLanguage":"en-GB","@id":"https:\/\/www.leathergirl.eu\/product\/penztarto-ov\/#primaryimage","url":"https:\/\/www.leathergirl.eu\/wp-content\/uploads\/2017\/03\/k-pt-ov-fek6.jpg","contentUrl":"https:\/\/www.leathergirl.eu\/wp-content\/uploads\/2017\/03\/k-pt-ov-fek6.jpg","width":1024,"height":486},{"@type":"BreadcrumbList","@id":"https:\/\/www.leathergirl.eu\/product\/penztarto-ov\/#breadcrumb","itemListElement":[{"@type":"ListItem","position":1,"name":"Home","item":"https:\/\/www.leathergirl.eu\/"},{"@type":"ListItem","position":2,"name":"Shop","item":"https:\/\/www.leathergirl.eu\/en\/uzlet\/"},{"@type":"ListItem","position":3,"name":"P\u00c9NZTART\u00d3 \u00d6V"}]},{"@type":"WebSite","@id":"https:\/\/www.leathergirl.eu\/#website","url":"https:\/\/www.leathergirl.eu\/","name":"The Leather Girl","description":"... LeatherGirl ...","publisher":{"@id":"https:\/\/www.leathergirl.eu\/#organization"},"potentialAction":[{"@type":"SearchAction","target":{"@type":"EntryPoint","urlTemplate":"https:\/\/www.leathergirl.eu\/?s={search_term_string}"},"query-input":{"@type":"PropertyValueSpecification","valueRequired":true,"valueName":"search_term_string"}}],"inLanguage":"en-GB"},{"@type":"Organization","@id":"https:\/\/www.leathergirl.eu\/#organization","name":"The Leather Girl","url":"https:\/\/www.leathergirl.eu\/","logo":{"@type":"ImageObject","inLanguage":"en-GB","@id":"https:\/\/www.leathergirl.eu\/#\/schema\/logo\/image\/","url":"https:\/\/www.leathergirl.eu\/wp-content\/uploads\/2024\/05\/leathergirl-logo.png","contentUrl":"https:\/\/www.leathergirl.eu\/wp-content\/uploads\/2024\/05\/leathergirl-logo.png","width":280,"height":80,"caption":"A B\u0151r\u00f6s l\u00e1ny"},"image":{"@id":"https:\/\/www.leathergirl.eu\/#\/schema\/logo\/image\/"},"sameAs":["https:\/\/www.facebook.com\/aboroslany\/","https:\/\/www.instagram.com\/theleathergirl\/"],"email":"aboroslany@gmail.com","legalName":"Nepp T\u00edmea e.v.","numberOfEmployees":{"@type":"QuantitativeValue","minValue":"1","maxValue":"10"}}]},"product_price_amount":"66.80","product_price_currency":"EUR","og_availability":"instock","product_availability":"instock","product_condition":"new"},"_links":{"self":[{"href":"https:\/\/www.leathergirl.eu\/en\/wp-json\/wp\/v2\/product\/21674","targetHints":{"allow":["GET"]}}],"collection":[{"href":"https:\/\/www.leathergirl.eu\/en\/wp-json\/wp\/v2\/product"}],"about":[{"href":"https:\/\/www.leathergirl.eu\/en\/wp-json\/wp\/v2\/types\/product"}],"wp:featuredmedia":[{"embeddable":true,"href":"https:\/\/www.leathergirl.eu\/en\/wp-json\/wp\/v2\/media\/21690"}],"wp:attachment":[{"href":"https:\/\/www.leathergirl.eu\/en\/wp-json\/wp\/v2\/media?parent=21674"}],"wp:term":[{"taxonomy":"product_brand","embeddable":true,"href":"https:\/\/www.leathergirl.eu\/en\/wp-json\/wp\/v2\/product_brand?post=21674"},{"taxonomy":"product_cat","embeddable":true,"href":"https:\/\/www.leathergirl.eu\/en\/wp-json\/wp\/v2\/product_cat?post=21674"},{"taxonomy":"product_tag","embeddable":true,"href":"https:\/\/www.leathergirl.eu\/en\/wp-json\/wp\/v2\/product_tag?post=21674"}],"curies":[{"name":"wp","href":"https:\/\/api.w.org\/{rel}","templated":true}]}}