{"id":21620,"date":"2017-02-26T19:01:42","date_gmt":"2017-02-26T19:01:42","guid":{"rendered":"http:\/\/www.leathergirl.eu\/?post_type=product&#038;p=21620"},"modified":"2026-01-03T18:36:33","modified_gmt":"2026-01-03T17:36:33","slug":"succinctly-expressed-in-lacquer-with-wine","status":"publish","type":"product","link":"https:\/\/www.leathergirl.eu\/en\/product\/succinctly-expressed-in-lacquer-with-wine\/","title":{"rendered":"Studded accessories made of patent leather"},"content":{"rendered":"<p>The bracelet and collar are 3cm wide, the belt is 4cm wide. Each is made of a double layer of leather: the outside is patent leather, the inside is soft oxhide (can be done from other types as well). The screws of the studs are covered by the inner layer of leather on the collar and bracelet to avoid irritation. The belt has flatter studs so it can easily be threaded into pants. There is a lockable buckle on the bracelets and collar and you can choose the perfect buckle for your belt from the selection of 20 different types.<\/p>\n<p>You can also order these individually:<\/p>\n<div>The belt is 30.900 Ft,<\/div>\n<div>the collar 64,8\u20ac<\/div>\n<div>and the pair of wrist cuffs is 84,7\u20ac<\/div>\n<div>The complete set is 199\u20ac.<\/div>\n<p>&nbsp;<\/p>","protected":false},"excerpt":{"rendered":"<p>The bracelet and collar are 3cm wide, the belt is 4cm wide. Each is made of a double layer of leather: the outside is patent leather, the inside is soft oxhide (can be done from other types as well). The screws of the studs are covered by the inner layer of leather on the collar and bracelet to avoid irritation. The belt has flatter studs so it can easily be threaded into pants. There is a lockable buckle on the bracelets and collar and you can choose the perfect buckle for your belt from the selection of 20 different types.<\/p>\n<p>You can also order these individually:<br \/>\nThe belt: 84,7\u20ac<br \/>\nthe collar 64,8\u20ac<br \/>\nand the pair of wrist cuffs is 84,7\u20ac<br \/>\nThe complete set is 199\u20ac.<\/p>\n<div>\n<p>&nbsp;<\/p>\n<\/div>","protected":false},"featured_media":21624,"template":"","meta":{"_et_pb_use_builder":"","_et_pb_old_content":"","_et_gb_content_width":""},"product_brand":[],"product_cat":[23],"product_tag":[],"class_list":{"0":"post-21620","1":"product","2":"type-product","3":"status-publish","4":"has-post-thumbnail","6":"product_cat-for-the-weekdays-and-party-accessories","8":"first","9":"instock","10":"purchasable","11":"product-type-simple"},"yoast_head":"<!-- This site is optimized with the Yoast SEO Premium plugin v26.2 (Yoast SEO v26.3) - https:\/\/yoast.com\/wordpress\/plugins\/seo\/ -->\n<title>SZ\u00d6GES KIEG\u00c9SZ\u00cdT\u0150K LAKK B\u0150RB\u0150L - A B\u0151r\u00f6s l\u00e1ny<\/title>\n<meta name=\"robots\" content=\"index, follow, max-snippet:-1, max-image-preview:large, max-video-preview:-1\" \/>\n<link rel=\"canonical\" href=\"https:\/\/www.leathergirl.eu\/en\/product\/succinctly-expressed-in-lacquer-with-wine\/\" \/>\n<meta property=\"og:locale\" content=\"en_GB\" \/>\n<meta property=\"og:type\" content=\"article\" \/>\n<meta property=\"og:title\" content=\"SZ\u00d6GES KIEG\u00c9SZ\u00cdT\u0150K LAKK B\u0150RB\u0150L\" \/>\n<meta property=\"og:description\" content=\"A kark\u00f6t\u0151 \u00e9s a nyakp\u00e1nt 3 cm sz\u00e9les, az \u00f6v 4 cm sz\u00e9les. Mindegyik k\u00e9t r\u00e9teg b\u0151r: k\u00edv\u00fcl lakk, bel\u00fcl puha marhab\u0151r (m\u00e1s b\u0151rb\u0151l is rendelhet\u0151). A nyakp\u00e1nton \u00e9s a kark\u00f6t\u0151n a bels\u0151 r\u00e9teg b\u0151r fedi a sz\u00f6gek csavarjait, \u00edgy azok nem irrit\u00e1lj\u00e1k a visel\u0151je b\u0151r\u00e9t. Az \u00f6vre laposabb sz\u00f6geket teszek, hogy be lehessen f\u0171zni a nadr\u00e1g b\u00fajtat\u00f3iba. A kark\u00f6t\u0151re \u00e9s a nyakp\u00e1ntra lakatolhat\u00f3 csatot teszek, az \u00f6vre pedig Te v\u00e1laszthatod ki mintegy h\u00faszf\u00e9le csat k\u00f6z\u00fcl a megfelel\u0151t.  Term\u00e9szetesen darabonk\u00e9nt is rendelheted Az \u00f6v:30.900 Ft, a nyak\u00f6rv 23.600 Ft, a csukl\u00f3bilincs p\u00e1r pedig 30.900 Ft, A teljes szett 72.700 Ft.   &nbsp;\" \/>\n<meta property=\"og:url\" content=\"https:\/\/www.leathergirl.eu\/en\/product\/succinctly-expressed-in-lacquer-with-wine\/\" \/>\n<meta property=\"og:site_name\" content=\"A B\u0151r\u00f6s l\u00e1ny\" \/>\n<meta property=\"article:publisher\" content=\"https:\/\/www.facebook.com\/aboroslany\/\" \/>\n<meta property=\"article:modified_time\" content=\"2026-01-03T17:36:33+00:00\" \/>\n<meta property=\"og:image\" content=\"https:\/\/www.leathergirl.eu\/wp-content\/uploads\/2017\/02\/k-keskeny-lakk-keszlet-ovvel2.jpg\" \/>\n\t<meta property=\"og:image:width\" content=\"1024\" \/>\n\t<meta property=\"og:image:height\" content=\"506\" \/>\n\t<meta property=\"og:image:type\" content=\"image\/jpeg\" \/>\n<script type=\"application\/ld+json\" class=\"yoast-schema-graph\">{\"@context\":\"https:\/\/schema.org\",\"@graph\":[{\"@type\":\"WebPage\",\"@id\":\"https:\/\/www.leathergirl.eu\/product\/szoges-kiegeszitok-lakk-borbol\/\",\"url\":\"https:\/\/www.leathergirl.eu\/product\/szoges-kiegeszitok-lakk-borbol\/\",\"name\":\"SZ\u00d6GES KIEG\u00c9SZ\u00cdT\u0150K LAKK B\u0150RB\u0150L - A B\u0151r\u00f6s l\u00e1ny\",\"isPartOf\":{\"@id\":\"https:\/\/www.leathergirl.eu\/#website\"},\"primaryImageOfPage\":{\"@id\":\"https:\/\/www.leathergirl.eu\/product\/szoges-kiegeszitok-lakk-borbol\/#primaryimage\"},\"image\":{\"@id\":\"https:\/\/www.leathergirl.eu\/product\/szoges-kiegeszitok-lakk-borbol\/#primaryimage\"},\"thumbnailUrl\":\"https:\/\/www.leathergirl.eu\/wp-content\/uploads\/2017\/02\/k-keskeny-lakk-keszlet-ovvel2.jpg\",\"datePublished\":\"2017-02-26T19:01:42+00:00\",\"dateModified\":\"2026-01-03T17:36:33+00:00\",\"breadcrumb\":{\"@id\":\"https:\/\/www.leathergirl.eu\/product\/szoges-kiegeszitok-lakk-borbol\/#breadcrumb\"},\"inLanguage\":\"en-GB\",\"potentialAction\":[{\"@type\":\"ReadAction\",\"target\":[\"https:\/\/www.leathergirl.eu\/product\/szoges-kiegeszitok-lakk-borbol\/\"]}]},{\"@type\":\"ImageObject\",\"inLanguage\":\"en-GB\",\"@id\":\"https:\/\/www.leathergirl.eu\/product\/szoges-kiegeszitok-lakk-borbol\/#primaryimage\",\"url\":\"https:\/\/www.leathergirl.eu\/wp-content\/uploads\/2017\/02\/k-keskeny-lakk-keszlet-ovvel2.jpg\",\"contentUrl\":\"https:\/\/www.leathergirl.eu\/wp-content\/uploads\/2017\/02\/k-keskeny-lakk-keszlet-ovvel2.jpg\",\"width\":1024,\"height\":506},{\"@type\":\"BreadcrumbList\",\"@id\":\"https:\/\/www.leathergirl.eu\/product\/szoges-kiegeszitok-lakk-borbol\/#breadcrumb\",\"itemListElement\":[{\"@type\":\"ListItem\",\"position\":1,\"name\":\"Home\",\"item\":\"https:\/\/www.leathergirl.eu\/\"},{\"@type\":\"ListItem\",\"position\":2,\"name\":\"Shop\",\"item\":\"https:\/\/www.leathergirl.eu\/en\/uzlet\/\"},{\"@type\":\"ListItem\",\"position\":3,\"name\":\"SZ\u00d6GES KIEG\u00c9SZ\u00cdT\u0150K LAKK B\u0150RB\u0150L\"}]},{\"@type\":\"WebSite\",\"@id\":\"https:\/\/www.leathergirl.eu\/#website\",\"url\":\"https:\/\/www.leathergirl.eu\/\",\"name\":\"A B\u0151r\u00f6s l\u00e1ny\",\"description\":\"... LeatherGirl ...\",\"publisher\":{\"@id\":\"https:\/\/www.leathergirl.eu\/#organization\"},\"potentialAction\":[{\"@type\":\"SearchAction\",\"target\":{\"@type\":\"EntryPoint\",\"urlTemplate\":\"https:\/\/www.leathergirl.eu\/?s={search_term_string}\"},\"query-input\":{\"@type\":\"PropertyValueSpecification\",\"valueRequired\":true,\"valueName\":\"search_term_string\"}}],\"inLanguage\":\"en-GB\"},{\"@type\":\"Organization\",\"@id\":\"https:\/\/www.leathergirl.eu\/#organization\",\"name\":\"A B\u0151r\u00f6s l\u00e1ny\",\"url\":\"https:\/\/www.leathergirl.eu\/\",\"logo\":{\"@type\":\"ImageObject\",\"inLanguage\":\"en-GB\",\"@id\":\"https:\/\/www.leathergirl.eu\/#\/schema\/logo\/image\/\",\"url\":\"https:\/\/www.leathergirl.eu\/wp-content\/uploads\/2024\/05\/leathergirl-logo.png\",\"contentUrl\":\"https:\/\/www.leathergirl.eu\/wp-content\/uploads\/2024\/05\/leathergirl-logo.png\",\"width\":280,\"height\":80,\"caption\":\"A B\u0151r\u00f6s l\u00e1ny\"},\"image\":{\"@id\":\"https:\/\/www.leathergirl.eu\/#\/schema\/logo\/image\/\"},\"sameAs\":[\"https:\/\/www.facebook.com\/aboroslany\/\",\"https:\/\/www.instagram.com\/theleathergirl\/\"],\"email\":\"aboroslany@gmail.com\",\"legalName\":\"Nepp T\u00edmea e.v.\",\"numberOfEmployees\":{\"@type\":\"QuantitativeValue\",\"minValue\":\"1\",\"maxValue\":\"10\"}}]}<\/script>\n<meta property=\"product:price:amount\" content=\"199.00\" \/>\n<meta property=\"product:price:currency\" content=\"EUR\" \/>\n<meta property=\"og:availability\" content=\"instock\" \/>\n<meta property=\"product:availability\" content=\"instock\" \/>\n<meta property=\"product:condition\" content=\"new\" \/>\n<!-- \/ Yoast SEO Premium plugin. -->","yoast_head_json":{"title":"NICE SUPPLIERS FROM THE SKIN OF A FOLK - The Furry Girl","robots":{"index":"index","follow":"follow","max-snippet":"max-snippet:-1","max-image-preview":"max-image-preview:large","max-video-preview":"max-video-preview:-1"},"canonical":"https:\/\/www.leathergirl.eu\/en\/product\/succinctly-expressed-in-lacquer-with-wine\/","og_locale":"en_GB","og_type":"article","og_title":"SZ\u00d6GES KIEG\u00c9SZ\u00cdT\u0150K LAKK B\u0150RB\u0150L","og_description":"A kark\u00f6t\u0151 \u00e9s a nyakp\u00e1nt 3 cm sz\u00e9les, az \u00f6v 4 cm sz\u00e9les. Mindegyik k\u00e9t r\u00e9teg b\u0151r: k\u00edv\u00fcl lakk, bel\u00fcl puha marhab\u0151r (m\u00e1s b\u0151rb\u0151l is rendelhet\u0151). A nyakp\u00e1nton \u00e9s a kark\u00f6t\u0151n a bels\u0151 r\u00e9teg b\u0151r fedi a sz\u00f6gek csavarjait, \u00edgy azok nem irrit\u00e1lj\u00e1k a visel\u0151je b\u0151r\u00e9t. Az \u00f6vre laposabb sz\u00f6geket teszek, hogy be lehessen f\u0171zni a nadr\u00e1g b\u00fajtat\u00f3iba. A kark\u00f6t\u0151re \u00e9s a nyakp\u00e1ntra lakatolhat\u00f3 csatot teszek, az \u00f6vre pedig Te v\u00e1laszthatod ki mintegy h\u00faszf\u00e9le csat k\u00f6z\u00fcl a megfelel\u0151t.  Term\u00e9szetesen darabonk\u00e9nt is rendelheted Az \u00f6v:30.900 Ft, a nyak\u00f6rv 23.600 Ft, a csukl\u00f3bilincs p\u00e1r pedig 30.900 Ft, A teljes szett 72.700 Ft.   &nbsp;","og_url":"https:\/\/www.leathergirl.eu\/en\/product\/succinctly-expressed-in-lacquer-with-wine\/","og_site_name":"A B\u0151r\u00f6s l\u00e1ny","article_publisher":"https:\/\/www.facebook.com\/aboroslany\/","article_modified_time":"2026-01-03T17:36:33+00:00","og_image":[{"width":1024,"height":506,"url":"https:\/\/www.leathergirl.eu\/wp-content\/uploads\/2017\/02\/k-keskeny-lakk-keszlet-ovvel2.jpg","type":"image\/jpeg"}],"schema":{"@context":"https:\/\/schema.org","@graph":[{"@type":"WebPage","@id":"https:\/\/www.leathergirl.eu\/product\/szoges-kiegeszitok-lakk-borbol\/","url":"https:\/\/www.leathergirl.eu\/product\/szoges-kiegeszitok-lakk-borbol\/","name":"NICE SUPPLIERS FROM THE SKIN OF A FOLK - The Furry Girl","isPartOf":{"@id":"https:\/\/www.leathergirl.eu\/#website"},"primaryImageOfPage":{"@id":"https:\/\/www.leathergirl.eu\/product\/szoges-kiegeszitok-lakk-borbol\/#primaryimage"},"image":{"@id":"https:\/\/www.leathergirl.eu\/product\/szoges-kiegeszitok-lakk-borbol\/#primaryimage"},"thumbnailUrl":"https:\/\/www.leathergirl.eu\/wp-content\/uploads\/2017\/02\/k-keskeny-lakk-keszlet-ovvel2.jpg","datePublished":"2017-02-26T19:01:42+00:00","dateModified":"2026-01-03T17:36:33+00:00","breadcrumb":{"@id":"https:\/\/www.leathergirl.eu\/product\/szoges-kiegeszitok-lakk-borbol\/#breadcrumb"},"inLanguage":"en-GB","potentialAction":[{"@type":"ReadAction","target":["https:\/\/www.leathergirl.eu\/product\/szoges-kiegeszitok-lakk-borbol\/"]}]},{"@type":"ImageObject","inLanguage":"en-GB","@id":"https:\/\/www.leathergirl.eu\/product\/szoges-kiegeszitok-lakk-borbol\/#primaryimage","url":"https:\/\/www.leathergirl.eu\/wp-content\/uploads\/2017\/02\/k-keskeny-lakk-keszlet-ovvel2.jpg","contentUrl":"https:\/\/www.leathergirl.eu\/wp-content\/uploads\/2017\/02\/k-keskeny-lakk-keszlet-ovvel2.jpg","width":1024,"height":506},{"@type":"BreadcrumbList","@id":"https:\/\/www.leathergirl.eu\/product\/szoges-kiegeszitok-lakk-borbol\/#breadcrumb","itemListElement":[{"@type":"ListItem","position":1,"name":"Home","item":"https:\/\/www.leathergirl.eu\/"},{"@type":"ListItem","position":2,"name":"Shop","item":"https:\/\/www.leathergirl.eu\/en\/uzlet\/"},{"@type":"ListItem","position":3,"name":"SZ\u00d6GES KIEG\u00c9SZ\u00cdT\u0150K LAKK B\u0150RB\u0150L"}]},{"@type":"WebSite","@id":"https:\/\/www.leathergirl.eu\/#website","url":"https:\/\/www.leathergirl.eu\/","name":"The Leather Girl","description":"... LeatherGirl ...","publisher":{"@id":"https:\/\/www.leathergirl.eu\/#organization"},"potentialAction":[{"@type":"SearchAction","target":{"@type":"EntryPoint","urlTemplate":"https:\/\/www.leathergirl.eu\/?s={search_term_string}"},"query-input":{"@type":"PropertyValueSpecification","valueRequired":true,"valueName":"search_term_string"}}],"inLanguage":"en-GB"},{"@type":"Organization","@id":"https:\/\/www.leathergirl.eu\/#organization","name":"The Leather Girl","url":"https:\/\/www.leathergirl.eu\/","logo":{"@type":"ImageObject","inLanguage":"en-GB","@id":"https:\/\/www.leathergirl.eu\/#\/schema\/logo\/image\/","url":"https:\/\/www.leathergirl.eu\/wp-content\/uploads\/2024\/05\/leathergirl-logo.png","contentUrl":"https:\/\/www.leathergirl.eu\/wp-content\/uploads\/2024\/05\/leathergirl-logo.png","width":280,"height":80,"caption":"A B\u0151r\u00f6s l\u00e1ny"},"image":{"@id":"https:\/\/www.leathergirl.eu\/#\/schema\/logo\/image\/"},"sameAs":["https:\/\/www.facebook.com\/aboroslany\/","https:\/\/www.instagram.com\/theleathergirl\/"],"email":"aboroslany@gmail.com","legalName":"Nepp T\u00edmea e.v.","numberOfEmployees":{"@type":"QuantitativeValue","minValue":"1","maxValue":"10"}}]},"product_price_amount":"199.00","product_price_currency":"EUR","og_availability":"instock","product_availability":"instock","product_condition":"new"},"_links":{"self":[{"href":"https:\/\/www.leathergirl.eu\/en\/wp-json\/wp\/v2\/product\/21620","targetHints":{"allow":["GET"]}}],"collection":[{"href":"https:\/\/www.leathergirl.eu\/en\/wp-json\/wp\/v2\/product"}],"about":[{"href":"https:\/\/www.leathergirl.eu\/en\/wp-json\/wp\/v2\/types\/product"}],"wp:featuredmedia":[{"embeddable":true,"href":"https:\/\/www.leathergirl.eu\/en\/wp-json\/wp\/v2\/media\/21624"}],"wp:attachment":[{"href":"https:\/\/www.leathergirl.eu\/en\/wp-json\/wp\/v2\/media?parent=21620"}],"wp:term":[{"taxonomy":"product_brand","embeddable":true,"href":"https:\/\/www.leathergirl.eu\/en\/wp-json\/wp\/v2\/product_brand?post=21620"},{"taxonomy":"product_cat","embeddable":true,"href":"https:\/\/www.leathergirl.eu\/en\/wp-json\/wp\/v2\/product_cat?post=21620"},{"taxonomy":"product_tag","embeddable":true,"href":"https:\/\/www.leathergirl.eu\/en\/wp-json\/wp\/v2\/product_tag?post=21620"}],"curies":[{"name":"wp","href":"https:\/\/api.w.org\/{rel}","templated":true}]}}