{"id":21578,"date":"2017-02-05T11:01:18","date_gmt":"2017-02-05T11:01:18","guid":{"rendered":"http:\/\/www.leathergirl.eu\/?post_type=product&#038;p=21578"},"modified":"2026-01-04T16:38:59","modified_gmt":"2026-01-04T15:38:59","slug":"karkotozo","status":"publish","type":"product","link":"https:\/\/www.leathergirl.eu\/en\/product\/karkotozo\/","title":{"rendered":"Arm restraints"},"content":{"rendered":"<p>2 soft leather bracelets with 4-4 thicker leather straps. Each strap comes with 2 to 2 half rings, and I also put one at the end of each finger. I size the bungees attached to the arm pieces so that the straps can be laced through them with the half hoops, which is useful for different tying. Easy pick-up and bending of the arms is provided by a soft leather pad sewn to the elbow. Thanks to the design, it can be tied in a variety of ways. For example:<\/p>\n<ul>\n<li>Behind the back with the x-binder.<\/li><\/li>\n<li>It also functions as an arm bag with the x binder and a strap on the wrists (the wrist straps can be taken off while the forearm straps are long enough to clasp both wrists).<\/li><\/li>\n<li>You can bind the arms together behind the person's back or in front.<\/li><\/li>\n<li>If you tie the two rings at the fingers the device becomes a straitjacket.<\/li><\/li>\n<li>The wrist can be tied to the thighs.<\/li><\/li>\n<li>You can bind the arms along the body with straps.<\/li><\/li>\n<li>You can bind the arms to the ankles or to the neck with extra handcuffs.<\/li><\/li>\n<li>The above variations can be multiplied if you add restraints to external objects.<\/li><\/li>\n<\/ul>\n<p>We didn't take photos of all the variations, but it's worth looking at all 15 pictures! Prices:<\/p>\n<ul>\n<li>with X-connector, thigh and straps 246,7\u20ac<\/li>\n<li>with the above and the body straps 295\u20ac<\/li>\n<\/ul>\n<p>Pictures by:\u00a0<a href=\"Model photo: &lt;a href=&quot;https:\/\/www.facebook.com\/FetishExtremePictureBest\/&quot;&gt;https:\/\/www.facebook.com\/FetishExtremePictureBest\/&lt;\/a&gt;\">Model photo: <a href=\"https:\/\/www.facebook.com\/FetishExtremePictureBest\/\">https:\/\/www.facebook.com\/FetishExtremePictureBest\/<\/a><\/a> &#8230;\u00e9s egy felhaszn\u00e1l\u00f3i visszajelz\u00e9s:\u00a0 &#8222;A kark\u00f6t\u00f6z\u0151t t\u00f6bbsz\u00f6r haszn\u00e1ltam az\u00f3ta, hogy megvettem, egyszer\u0171en im\u00e1dom. \ud83d\ude42 M\u00e1r amikor el\u0151sz\u00f6r megl\u00e1ttam a polcon, r\u00f6gt\u00f6n tudtam, hogy kell nekem. A vastag, fekete b\u0151r a massz\u00edv f\u00e9m csatokkal azonnal beind\u00edtotta a fant\u00e1zi\u00e1mat. K\u00f6zelebbr\u0151l megn\u00e9zve l\u00e1ttam, hogy ugyanolyan ig\u00e9nyess\u00e9ggel van elk\u00e9sz\u00edtve, mint a t\u00f6bbi b\u0151r eszk\u00f6z, amit innen vettem: minden v\u00e1g\u00e1s hajsz\u00e1lpontos, minden varr\u00e1s prec\u00edzen p\u00e1rhuzamos, minden illeszt\u00e9s t\u00f6k\u00e9letes, makul\u00e1tlan tiszta munka. Profi bondage eszk\u00f6z: l\u00e1tszik, hogy sokat gondolkodtak a kialak\u00edt\u00e1s\u00e1n: nem csak kiszabadulni nem lehet bel\u0151le, de megmoccanni is alig lehet benne.\u00a0 A vari\u00e1lhat\u00f3s\u00e1ga pedig k\u00fcl\u00f6n leny\u0171g\u00f6z: \u00f6nmag\u00e1ban is nagyon sok p\u00f3zban lehet mozdulatlann\u00e1 tenni vele valakit, ak\u00e1r oldalra, ak\u00e1r h\u00e1trabilincselt karokkal, a k\u00e9nyszerzubbony-p\u00f3zt k\u00fcl\u00f6n megeml\u00edtve, a bondage b\u00fatorokkal val\u00f3 kombin\u00e1l\u00e1sa pedig v\u00e9gtelen t\u00e1rh\u00e1z\u00e1t ny\u00fajtja a haszn\u00e1lhat\u00f3s\u00e1g\u00e1nak.&#8221;\u00a0 <a href=\"http:\/\/www.hannabdsm.com\/\" target=\"_blank\" rel=\"noopener\">Domina Hanna.<\/a><\/p>","protected":false},"excerpt":{"rendered":"<p>Two soft leather arm restraints with 4 thick leather straps. Each strap has three d-rings of which one is located at the fingers. The tunnels are designed so that the straps and the rings fit through them. Easy to use and the ability to bend the arms is ensured by the soft leather that I used for the elbow area.<\/p>\n<p>Its designs makes a number of binding possible such as:<\/p>\n<ul>\n<li>Behind the back with the x-binder.<\/li><\/li>\n<li>It also functions as an arm bag with the x binder and a strap on the wrists (the wrist straps can be taken off while the forearm straps are long enough to clasp both wrists).<\/li><\/li>\n<li>You can bind the arms together behind the person's back or in front.<\/li><\/li>\n<li>If you tie the two rings at the fingers the device becomes a straitjacket.<\/li><\/li>\n<li>The wrist can be tied to the thighs.<\/li><\/li>\n<li>You can bind the arms along the body with straps.<\/li><\/li>\n<li>You can bind the arms to the ankles or to the neck with extra handcuffs.<\/li><\/li>\n<li>The above variations can be multiplied if you add restraints to external objects.<\/li><\/li>\n<\/ul>\n<p>We did not shoot a photo of every possible variation but it's worth checking out all 15 pictures!<\/p>\n<p>Prices:<\/p>\n<ul>\n<li>with X-connector, thigh and straps 246,7\u20ac<\/li>\n<li>with the above and the body straps 295\u20ac<\/li>\n<\/ul>\n<p><a href=\"Model photo: &lt;a href=&quot;https:\/\/www.facebook.com\/FetishExtremePictureBest\/&quot;&gt;https:\/\/www.facebook.com\/FetishExtremePictureBest\/&lt;\/a&gt;\">Model photo: <a href=\"https:\/\/www.facebook.com\/FetishExtremePictureBest\/\">https:\/\/www.facebook.com\/FetishExtremePictureBest\/<\/a><\/a><\/p>","protected":false},"featured_media":23216,"template":"","meta":{"_et_pb_use_builder":"off","_et_pb_old_content":"2 db puha b\u0151r kark\u00f6t\u00f6z\u0151 4-4 db vastagabb b\u0151r sz\u00edjjal. Minden sz\u00edjhoz tartozik 2-2 db f\u00e9lkarika, illetve az ujjak v\u00e9g\u00e9hez is teszek egyet-egyet. A karr\u00e9szre er\u0151s\u00edtett b\u00fajtat\u00f3kat \u00fagy m\u00e9retezem, hogy a sz\u00edjakat a f\u00e9lkarik\u00e1kkal egy\u00fctt \u00e1t lehet f\u0171zni rajtuk, ami a k\u00fcl\u00f6nb\u00f6z\u0151 k\u00f6t\u00f6z\u00e9sekn\u00e9l hasznos. A k\u00f6nny\u0171 felv\u00e9telt \u00e9s a karok hajl\u00edthat\u00f3s\u00e1g\u00e1t a k\u00f6ny\u00f6kh\u00f6z varrt puha b\u0151r al\u00e1t\u00e9t biztos\u00edtja.\r\n\r\nA kialak\u00edt\u00e1snak k\u00f6sz\u00f6nhet\u0151en sz\u00e1mtalan m\u00f3don k\u00f6t\u00f6zhet\u0151. P\u00e9ld\u00e1ul:\r\n<ul>\r\n \t<li>Az X-\u00f6sszek\u00f6t\u0151vel a h\u00e1t m\u00f6g\u00f6tt.<\/li>\r\n \t<li>Ugyanezzel, plusz a k\u00e9t csukl\u00f3t is \u00f6sszesz\u00edjazva karzs\u00e1kk\u00e9nt funkcion\u00e1l (a csukl\u00f3 sz\u00edjakat ki lehet f\u0171zni, az alkarn\u00e1l l\u00e9v\u0151 sz\u00edjakat pedig olyan hossz\u00fara szabom, hogy a k\u00e9t csukl\u00f3t \u00e1r\u00e9je).<\/li>\r\n \t<li>A k\u00e9t alkart \u00f6sszek\u00f6tve a test el\u0151tt vagy m\u00f6g\u00f6tt.<\/li>\r\n \t<li>Az ujjak v\u00e9g\u00e9n\u00e9l l\u00e9v\u0151 karik\u00e1kat h\u00e1tul \u00f6sszek\u00f6tve k\u00e9nyszerzubbony lesz bel\u0151le.<\/li>\r\n \t<li>A csukl\u00f3kat a combhoz lehet k\u00f6tni.<\/li>\r\n \t<li>Testsz\u00edjakkal az eg\u00e9sz kart a t\u00f6rzsh\u00f6z lehet k\u00f6tni.<\/li>\r\n \t<li>Plusz bilincsekkel kieg\u00e9sz\u00edtve a bok\u00e1khoz vagy nyakhoz lehet k\u00f6tni a karokat.<\/li>\r\n \t<li>A k\u00fcls\u0151 t\u00e1rgyakhoz r\u00f6gz\u00edt\u00e9ssel egy\u00fctt pedig a vari\u00e1ci\u00f3k sz\u00e1ma v\u00e9gtelen.<\/li>\r\n<\/ul>\r\nNem k\u00e9sz\u00edtett\u00fcnk minden vari\u00e1ci\u00f3r\u00f3l fot\u00f3t, de \u00e9rdemes v\u00e9gign\u00e9zni mind a 15 k\u00e9pet!\r\n\r\n\u00c1rak:\r\n<ul>\r\n \t<li>az X-\u00f6sszek\u00f6t\u0151vel, a comb- \u00e9s k\u00e9nyszerzubbony sz\u00edjakkal 76,100 Ft<\/li>\r\n \t<li>a fentiekkel \u00e9s a testsz\u00edjakkal 91.000 Ft<\/li>\r\n<\/ul>\r\nFot\u00f3:\u00a0<a href=\"https:\/\/www.facebook.com\/FetishExtremePictureBest\/\">https:\/\/www.facebook.com\/FetishExtremePictureBest\/<\/a>\r\n\r\n...\u00e9s egy felhaszn\u00e1l\u00f3i visszajelz\u00e9s:\r\n\r\n\"A kark\u00f6t\u00f6z\u0151t t\u00f6bbsz\u00f6r haszn\u00e1ltam az\u00f3ta, hogy megvettem, egyszer\u0171en im\u00e1dom. :-) M\u00e1r amikor el\u0151sz\u00f6r megl\u00e1ttam a polcon, r\u00f6gt\u00f6n tudtam, hogy kell nekem. A vastag, fekete b\u0151r a massz\u00edv f\u00e9m csatokkal azonnal beind\u00edtotta a fant\u00e1zi\u00e1mat. K\u00f6zelebbr\u0151l megn\u00e9zve l\u00e1ttam, hogy ugyanolyan ig\u00e9nyess\u00e9ggel van elk\u00e9sz\u00edtve, mint a t\u00f6bbi b\u0151r eszk\u00f6z, amit innen vettem: minden v\u00e1g\u00e1s hajsz\u00e1lpontos, minden varr\u00e1s prec\u00edzen p\u00e1rhuzamos, minden illeszt\u00e9s t\u00f6k\u00e9letes, makul\u00e1tlan tiszta munka.\r\nProfi bondage eszk\u00f6z: l\u00e1tszik, hogy sokat gondolkodtak a kialak\u00edt\u00e1s\u00e1n: nem csak kiszabadulni nem lehet bel\u0151le, de megmoccanni is alig lehet benne.\r\nA vari\u00e1lhat\u00f3s\u00e1ga pedig k\u00fcl\u00f6n leny\u0171g\u00f6z: \u00f6nmag\u00e1ban is nagyon sok p\u00f3zban lehet mozdulatlann\u00e1 tenni vele valakit, ak\u00e1r oldalra, ak\u00e1r h\u00e1trabilincselt karokkal, a k\u00e9nyszerzubbony-p\u00f3zt k\u00fcl\u00f6n megeml\u00edtve, a bondage b\u00fatorokkal val\u00f3 kombin\u00e1l\u00e1sa pedig v\u00e9gtelen t\u00e1rh\u00e1z\u00e1t ny\u00fajtja a haszn\u00e1lhat\u00f3s\u00e1g\u00e1nak.\"\r\n<a href=\"http:\/\/www.hannabdsm.com\/\" target=\"_blank\" rel=\"noopener\">Domina Hanna<\/a>","_et_gb_content_width":""},"product_brand":[],"product_cat":[29],"product_tag":[],"class_list":{"0":"post-21578","1":"product","2":"type-product","3":"status-publish","4":"has-post-thumbnail","6":"product_cat-restraints","8":"first","9":"instock","10":"purchasable","11":"product-type-simple"},"yoast_head":"<!-- This site is optimized with the Yoast SEO Premium plugin v26.2 (Yoast SEO v26.3) - https:\/\/yoast.com\/wordpress\/plugins\/seo\/ -->\n<title>KARK\u00d6T\u00d6Z\u0150 - A B\u0151r\u00f6s l\u00e1ny<\/title>\n<meta name=\"robots\" content=\"index, follow, max-snippet:-1, max-image-preview:large, max-video-preview:-1\" \/>\n<link rel=\"canonical\" href=\"https:\/\/www.leathergirl.eu\/en\/product\/karkotozo\/\" \/>\n<meta property=\"og:locale\" content=\"en_GB\" \/>\n<meta property=\"og:type\" content=\"article\" \/>\n<meta property=\"og:title\" content=\"KARK\u00d6T\u00d6Z\u0150\" \/>\n<meta property=\"og:description\" content=\"2 db puha b\u0151r kark\u00f6t\u00f6z\u0151 4-4 db vastagabb b\u0151r sz\u00edjjal. Minden sz\u00edjhoz tartozik 2-2 db f\u00e9lkarika, illetve az ujjak v\u00e9g\u00e9hez is teszek egyet-egyet. A karr\u00e9szre er\u0151s\u00edtett b\u00fajtat\u00f3kat \u00fagy m\u00e9retezem, hogy a sz\u00edjakat a f\u00e9lkarik\u00e1kkal egy\u00fctt \u00e1t lehet f\u0171zni rajtuk, ami a k\u00fcl\u00f6nb\u00f6z\u0151 k\u00f6t\u00f6z\u00e9sekn\u00e9l hasznos. A k\u00f6nny\u0171 felv\u00e9telt \u00e9s a karok hajl\u00edthat\u00f3s\u00e1g\u00e1t a k\u00f6ny\u00f6kh\u00f6z varrt puha b\u0151r al\u00e1t\u00e9t biztos\u00edtja.  A kialak\u00edt\u00e1snak k\u00f6sz\u00f6nhet\u0151en sz\u00e1mtalan m\u00f3don k\u00f6t\u00f6zhet\u0151. P\u00e9ld\u00e1ul:   Az X-\u00f6sszek\u00f6t\u0151vel a h\u00e1t m\u00f6g\u00f6tt.  Ugyanezzel, plusz a k\u00e9t csukl\u00f3t is \u00f6sszesz\u00edjazva karzs\u00e1kk\u00e9nt funkcion\u00e1l (a csukl\u00f3 sz\u00edjakat ki lehet f\u0171zni, az alkarn\u00e1l l\u00e9v\u0151 sz\u00edjakat pedig olyan hossz\u00fara szabom, hogy a k\u00e9t csukl\u00f3t \u00e1r\u00e9je).  A k\u00e9t alkart \u00f6sszek\u00f6tve a test el\u0151tt vagy m\u00f6g\u00f6tt.  Az ujjak v\u00e9g\u00e9n\u00e9l l\u00e9v\u0151 karik\u00e1kat h\u00e1tul \u00f6sszek\u00f6tve k\u00e9nyszerzubbony lesz bel\u0151le.  A csukl\u00f3kat a combhoz lehet k\u00f6tni.  Testsz\u00edjakkal az eg\u00e9sz kart a t\u00f6rzsh\u00f6z lehet k\u00f6tni.  Plusz bilincsekkel kieg\u00e9sz\u00edtve a bok\u00e1khoz vagy nyakhoz lehet k\u00f6tni a karokat.  A k\u00fcls\u0151 t\u00e1rgyakhoz r\u00f6gz\u00edt\u00e9ssel egy\u00fctt pedig a vari\u00e1ci\u00f3k sz\u00e1ma v\u00e9gtelen.  Nem k\u00e9sz\u00edtett\u00fcnk minden vari\u00e1ci\u00f3r\u00f3l fot\u00f3t, de \u00e9rdemes v\u00e9gign\u00e9zni az \u00f6sszes k\u00e9pet!  \u00c1rak:   az X-\u00f6sszek\u00f6t\u0151vel, a comb- \u00e9s k\u00e9nyszerzubbony sz\u00edjakkal 90.100 Ft  a fentiekkel \u00e9s a testsz\u00edjakkal 107.700 Ft  https:\/\/www.facebook.com\/FetishExtremePictureBest\/\" \/>\n<meta property=\"og:url\" content=\"https:\/\/www.leathergirl.eu\/en\/product\/karkotozo\/\" \/>\n<meta property=\"og:site_name\" content=\"A B\u0151r\u00f6s l\u00e1ny\" \/>\n<meta property=\"article:publisher\" content=\"https:\/\/www.facebook.com\/aboroslany\/\" \/>\n<meta property=\"article:modified_time\" content=\"2026-01-04T15:38:59+00:00\" \/>\n<meta property=\"og:image\" content=\"https:\/\/www.leathergirl.eu\/wp-content\/uploads\/2017\/02\/k-Felhasznalasi-modok-1-4.jpg\" \/>\n\t<meta property=\"og:image:width\" content=\"571\" \/>\n\t<meta property=\"og:image:height\" content=\"800\" \/>\n\t<meta property=\"og:image:type\" content=\"image\/jpeg\" \/>\n<script type=\"application\/ld+json\" class=\"yoast-schema-graph\">{\"@context\":\"https:\/\/schema.org\",\"@graph\":[{\"@type\":\"WebPage\",\"@id\":\"https:\/\/www.leathergirl.eu\/product\/karkotozo\/\",\"url\":\"https:\/\/www.leathergirl.eu\/product\/karkotozo\/\",\"name\":\"KARK\u00d6T\u00d6Z\u0150 - A B\u0151r\u00f6s l\u00e1ny\",\"isPartOf\":{\"@id\":\"https:\/\/www.leathergirl.eu\/#website\"},\"primaryImageOfPage\":{\"@id\":\"https:\/\/www.leathergirl.eu\/product\/karkotozo\/#primaryimage\"},\"image\":{\"@id\":\"https:\/\/www.leathergirl.eu\/product\/karkotozo\/#primaryimage\"},\"thumbnailUrl\":\"https:\/\/www.leathergirl.eu\/wp-content\/uploads\/2017\/02\/k-Felhasznalasi-modok-1-4.jpg\",\"datePublished\":\"2017-02-05T11:01:18+00:00\",\"dateModified\":\"2026-01-04T15:38:59+00:00\",\"breadcrumb\":{\"@id\":\"https:\/\/www.leathergirl.eu\/product\/karkotozo\/#breadcrumb\"},\"inLanguage\":\"en-GB\",\"potentialAction\":[{\"@type\":\"ReadAction\",\"target\":[\"https:\/\/www.leathergirl.eu\/product\/karkotozo\/\"]}]},{\"@type\":\"ImageObject\",\"inLanguage\":\"en-GB\",\"@id\":\"https:\/\/www.leathergirl.eu\/product\/karkotozo\/#primaryimage\",\"url\":\"https:\/\/www.leathergirl.eu\/wp-content\/uploads\/2017\/02\/k-Felhasznalasi-modok-1-4.jpg\",\"contentUrl\":\"https:\/\/www.leathergirl.eu\/wp-content\/uploads\/2017\/02\/k-Felhasznalasi-modok-1-4.jpg\",\"width\":571,\"height\":800},{\"@type\":\"BreadcrumbList\",\"@id\":\"https:\/\/www.leathergirl.eu\/product\/karkotozo\/#breadcrumb\",\"itemListElement\":[{\"@type\":\"ListItem\",\"position\":1,\"name\":\"Home\",\"item\":\"https:\/\/www.leathergirl.eu\/\"},{\"@type\":\"ListItem\",\"position\":2,\"name\":\"Shop\",\"item\":\"https:\/\/www.leathergirl.eu\/en\/uzlet\/\"},{\"@type\":\"ListItem\",\"position\":3,\"name\":\"KARK\u00d6T\u00d6Z\u0150\"}]},{\"@type\":\"WebSite\",\"@id\":\"https:\/\/www.leathergirl.eu\/#website\",\"url\":\"https:\/\/www.leathergirl.eu\/\",\"name\":\"A B\u0151r\u00f6s l\u00e1ny\",\"description\":\"... LeatherGirl ...\",\"publisher\":{\"@id\":\"https:\/\/www.leathergirl.eu\/#organization\"},\"potentialAction\":[{\"@type\":\"SearchAction\",\"target\":{\"@type\":\"EntryPoint\",\"urlTemplate\":\"https:\/\/www.leathergirl.eu\/?s={search_term_string}\"},\"query-input\":{\"@type\":\"PropertyValueSpecification\",\"valueRequired\":true,\"valueName\":\"search_term_string\"}}],\"inLanguage\":\"en-GB\"},{\"@type\":\"Organization\",\"@id\":\"https:\/\/www.leathergirl.eu\/#organization\",\"name\":\"A B\u0151r\u00f6s l\u00e1ny\",\"url\":\"https:\/\/www.leathergirl.eu\/\",\"logo\":{\"@type\":\"ImageObject\",\"inLanguage\":\"en-GB\",\"@id\":\"https:\/\/www.leathergirl.eu\/#\/schema\/logo\/image\/\",\"url\":\"https:\/\/www.leathergirl.eu\/wp-content\/uploads\/2024\/05\/leathergirl-logo.png\",\"contentUrl\":\"https:\/\/www.leathergirl.eu\/wp-content\/uploads\/2024\/05\/leathergirl-logo.png\",\"width\":280,\"height\":80,\"caption\":\"A B\u0151r\u00f6s l\u00e1ny\"},\"image\":{\"@id\":\"https:\/\/www.leathergirl.eu\/#\/schema\/logo\/image\/\"},\"sameAs\":[\"https:\/\/www.facebook.com\/aboroslany\/\",\"https:\/\/www.instagram.com\/theleathergirl\/\"],\"email\":\"aboroslany@gmail.com\",\"legalName\":\"Nepp T\u00edmea e.v.\",\"numberOfEmployees\":{\"@type\":\"QuantitativeValue\",\"minValue\":\"1\",\"maxValue\":\"10\"}}]}<\/script>\n<meta property=\"product:price:amount\" content=\"295.00\" \/>\n<meta property=\"product:price:currency\" content=\"EUR\" \/>\n<meta property=\"og:availability\" content=\"instock\" \/>\n<meta property=\"product:availability\" content=\"instock\" \/>\n<meta property=\"product:condition\" content=\"new\" \/>\n<!-- \/ Yoast SEO Premium plugin. -->","yoast_head_json":{"title":"PUNISHER - The Furry Girl","robots":{"index":"index","follow":"follow","max-snippet":"max-snippet:-1","max-image-preview":"max-image-preview:large","max-video-preview":"max-video-preview:-1"},"canonical":"https:\/\/www.leathergirl.eu\/en\/product\/karkotozo\/","og_locale":"en_GB","og_type":"article","og_title":"KARK\u00d6T\u00d6Z\u0150","og_description":"2 db puha b\u0151r kark\u00f6t\u00f6z\u0151 4-4 db vastagabb b\u0151r sz\u00edjjal. Minden sz\u00edjhoz tartozik 2-2 db f\u00e9lkarika, illetve az ujjak v\u00e9g\u00e9hez is teszek egyet-egyet. A karr\u00e9szre er\u0151s\u00edtett b\u00fajtat\u00f3kat \u00fagy m\u00e9retezem, hogy a sz\u00edjakat a f\u00e9lkarik\u00e1kkal egy\u00fctt \u00e1t lehet f\u0171zni rajtuk, ami a k\u00fcl\u00f6nb\u00f6z\u0151 k\u00f6t\u00f6z\u00e9sekn\u00e9l hasznos. A k\u00f6nny\u0171 felv\u00e9telt \u00e9s a karok hajl\u00edthat\u00f3s\u00e1g\u00e1t a k\u00f6ny\u00f6kh\u00f6z varrt puha b\u0151r al\u00e1t\u00e9t biztos\u00edtja.  A kialak\u00edt\u00e1snak k\u00f6sz\u00f6nhet\u0151en sz\u00e1mtalan m\u00f3don k\u00f6t\u00f6zhet\u0151. P\u00e9ld\u00e1ul:   Az X-\u00f6sszek\u00f6t\u0151vel a h\u00e1t m\u00f6g\u00f6tt.  Ugyanezzel, plusz a k\u00e9t csukl\u00f3t is \u00f6sszesz\u00edjazva karzs\u00e1kk\u00e9nt funkcion\u00e1l (a csukl\u00f3 sz\u00edjakat ki lehet f\u0171zni, az alkarn\u00e1l l\u00e9v\u0151 sz\u00edjakat pedig olyan hossz\u00fara szabom, hogy a k\u00e9t csukl\u00f3t \u00e1r\u00e9je).  A k\u00e9t alkart \u00f6sszek\u00f6tve a test el\u0151tt vagy m\u00f6g\u00f6tt.  Az ujjak v\u00e9g\u00e9n\u00e9l l\u00e9v\u0151 karik\u00e1kat h\u00e1tul \u00f6sszek\u00f6tve k\u00e9nyszerzubbony lesz bel\u0151le.  A csukl\u00f3kat a combhoz lehet k\u00f6tni.  Testsz\u00edjakkal az eg\u00e9sz kart a t\u00f6rzsh\u00f6z lehet k\u00f6tni.  Plusz bilincsekkel kieg\u00e9sz\u00edtve a bok\u00e1khoz vagy nyakhoz lehet k\u00f6tni a karokat.  A k\u00fcls\u0151 t\u00e1rgyakhoz r\u00f6gz\u00edt\u00e9ssel egy\u00fctt pedig a vari\u00e1ci\u00f3k sz\u00e1ma v\u00e9gtelen.  Nem k\u00e9sz\u00edtett\u00fcnk minden vari\u00e1ci\u00f3r\u00f3l fot\u00f3t, de \u00e9rdemes v\u00e9gign\u00e9zni az \u00f6sszes k\u00e9pet!  \u00c1rak:   az X-\u00f6sszek\u00f6t\u0151vel, a comb- \u00e9s k\u00e9nyszerzubbony sz\u00edjakkal 90.100 Ft  a fentiekkel \u00e9s a testsz\u00edjakkal 107.700 Ft  https:\/\/www.facebook.com\/FetishExtremePictureBest\/","og_url":"https:\/\/www.leathergirl.eu\/en\/product\/karkotozo\/","og_site_name":"A B\u0151r\u00f6s l\u00e1ny","article_publisher":"https:\/\/www.facebook.com\/aboroslany\/","article_modified_time":"2026-01-04T15:38:59+00:00","og_image":[{"width":571,"height":800,"url":"https:\/\/www.leathergirl.eu\/wp-content\/uploads\/2017\/02\/k-Felhasznalasi-modok-1-4.jpg","type":"image\/jpeg"}],"schema":{"@context":"https:\/\/schema.org","@graph":[{"@type":"WebPage","@id":"https:\/\/www.leathergirl.eu\/product\/karkotozo\/","url":"https:\/\/www.leathergirl.eu\/product\/karkotozo\/","name":"PUNISHER - The Furry Girl","isPartOf":{"@id":"https:\/\/www.leathergirl.eu\/#website"},"primaryImageOfPage":{"@id":"https:\/\/www.leathergirl.eu\/product\/karkotozo\/#primaryimage"},"image":{"@id":"https:\/\/www.leathergirl.eu\/product\/karkotozo\/#primaryimage"},"thumbnailUrl":"https:\/\/www.leathergirl.eu\/wp-content\/uploads\/2017\/02\/k-Felhasznalasi-modok-1-4.jpg","datePublished":"2017-02-05T11:01:18+00:00","dateModified":"2026-01-04T15:38:59+00:00","breadcrumb":{"@id":"https:\/\/www.leathergirl.eu\/product\/karkotozo\/#breadcrumb"},"inLanguage":"en-GB","potentialAction":[{"@type":"ReadAction","target":["https:\/\/www.leathergirl.eu\/product\/karkotozo\/"]}]},{"@type":"ImageObject","inLanguage":"en-GB","@id":"https:\/\/www.leathergirl.eu\/product\/karkotozo\/#primaryimage","url":"https:\/\/www.leathergirl.eu\/wp-content\/uploads\/2017\/02\/k-Felhasznalasi-modok-1-4.jpg","contentUrl":"https:\/\/www.leathergirl.eu\/wp-content\/uploads\/2017\/02\/k-Felhasznalasi-modok-1-4.jpg","width":571,"height":800},{"@type":"BreadcrumbList","@id":"https:\/\/www.leathergirl.eu\/product\/karkotozo\/#breadcrumb","itemListElement":[{"@type":"ListItem","position":1,"name":"Home","item":"https:\/\/www.leathergirl.eu\/"},{"@type":"ListItem","position":2,"name":"Shop","item":"https:\/\/www.leathergirl.eu\/en\/uzlet\/"},{"@type":"ListItem","position":3,"name":"KARK\u00d6T\u00d6Z\u0150"}]},{"@type":"WebSite","@id":"https:\/\/www.leathergirl.eu\/#website","url":"https:\/\/www.leathergirl.eu\/","name":"The Leather Girl","description":"... LeatherGirl ...","publisher":{"@id":"https:\/\/www.leathergirl.eu\/#organization"},"potentialAction":[{"@type":"SearchAction","target":{"@type":"EntryPoint","urlTemplate":"https:\/\/www.leathergirl.eu\/?s={search_term_string}"},"query-input":{"@type":"PropertyValueSpecification","valueRequired":true,"valueName":"search_term_string"}}],"inLanguage":"en-GB"},{"@type":"Organization","@id":"https:\/\/www.leathergirl.eu\/#organization","name":"The Leather Girl","url":"https:\/\/www.leathergirl.eu\/","logo":{"@type":"ImageObject","inLanguage":"en-GB","@id":"https:\/\/www.leathergirl.eu\/#\/schema\/logo\/image\/","url":"https:\/\/www.leathergirl.eu\/wp-content\/uploads\/2024\/05\/leathergirl-logo.png","contentUrl":"https:\/\/www.leathergirl.eu\/wp-content\/uploads\/2024\/05\/leathergirl-logo.png","width":280,"height":80,"caption":"A B\u0151r\u00f6s l\u00e1ny"},"image":{"@id":"https:\/\/www.leathergirl.eu\/#\/schema\/logo\/image\/"},"sameAs":["https:\/\/www.facebook.com\/aboroslany\/","https:\/\/www.instagram.com\/theleathergirl\/"],"email":"aboroslany@gmail.com","legalName":"Nepp T\u00edmea e.v.","numberOfEmployees":{"@type":"QuantitativeValue","minValue":"1","maxValue":"10"}}]},"product_price_amount":"295.00","product_price_currency":"EUR","og_availability":"instock","product_availability":"instock","product_condition":"new"},"_links":{"self":[{"href":"https:\/\/www.leathergirl.eu\/en\/wp-json\/wp\/v2\/product\/21578","targetHints":{"allow":["GET"]}}],"collection":[{"href":"https:\/\/www.leathergirl.eu\/en\/wp-json\/wp\/v2\/product"}],"about":[{"href":"https:\/\/www.leathergirl.eu\/en\/wp-json\/wp\/v2\/types\/product"}],"wp:featuredmedia":[{"embeddable":true,"href":"https:\/\/www.leathergirl.eu\/en\/wp-json\/wp\/v2\/media\/23216"}],"wp:attachment":[{"href":"https:\/\/www.leathergirl.eu\/en\/wp-json\/wp\/v2\/media?parent=21578"}],"wp:term":[{"taxonomy":"product_brand","embeddable":true,"href":"https:\/\/www.leathergirl.eu\/en\/wp-json\/wp\/v2\/product_brand?post=21578"},{"taxonomy":"product_cat","embeddable":true,"href":"https:\/\/www.leathergirl.eu\/en\/wp-json\/wp\/v2\/product_cat?post=21578"},{"taxonomy":"product_tag","embeddable":true,"href":"https:\/\/www.leathergirl.eu\/en\/wp-json\/wp\/v2\/product_tag?post=21578"}],"curies":[{"name":"wp","href":"https:\/\/api.w.org\/{rel}","templated":true}]}}