{"id":21564,"date":"2017-01-22T18:06:49","date_gmt":"2017-01-22T18:06:49","guid":{"rendered":"http:\/\/www.leathergirl.eu\/?post_type=product&#038;p=21564"},"modified":"2026-01-03T16:32:47","modified_gmt":"2026-01-03T15:32:47","slug":"wine-mask-with-zipper-eye-and-moustache","status":"publish","type":"product","link":"https:\/\/www.leathergirl.eu\/en\/product\/wine-mask-with-zipper-eye-and-moustache\/","title":{"rendered":"Leather mask with zippers"},"content":{"rendered":"<p>Mask made of soft leather with zipper at the eyes and mouth.<\/p>\n<p>It has a drawstring at the back for a precise fit and a buckle at the neck. The length of the zipper sewn into the mouth allows the chin to be folded down so that the mouth can be used. Even with the zipper open, there is little visibility from the mask. Air ventilation is provided by two metal rings.<\/p>\n<p>You can order it with a different eye and mouth piece, or with a separate eye and mouth cover.<\/p>","protected":false},"excerpt":{"rendered":"<p>Mask made of soft leather with zipper at the eyes and mouth.<\/p>\n<p>It has a drawstring at the back for a precise fit and a buckle at the neck. The length of the zipper sewn into the mouth allows the chin to be folded down so that the mouth can be used. Even with the zipper open, there is little visibility from the mask. Air ventilation is provided by two metal rings.<\/p>\n<p>You can order it with a different eye and mouth piece, or with a separate eye and mouth cover. Send us a photo or a detailed description and we'll discuss it!<\/p>","protected":false},"featured_media":21572,"template":"","meta":{"_et_pb_use_builder":"","_et_pb_old_content":"","_et_gb_content_width":""},"product_brand":[],"product_cat":[26],"product_tag":[],"class_list":{"0":"post-21564","1":"product","2":"type-product","3":"status-publish","4":"has-post-thumbnail","6":"product_cat-maszkok","8":"first","9":"instock","10":"purchasable","11":"product-type-simple"},"yoast_head":"<!-- This site is optimized with the Yoast SEO Premium plugin v26.2 (Yoast SEO v26.3) - https:\/\/yoast.com\/wordpress\/plugins\/seo\/ -->\n<title>B\u0150R MASZK cipz\u00e1ros szem- \u00e9s sz\u00e1jny\u00edl\u00e1ssal - A B\u0151r\u00f6s l\u00e1ny<\/title>\n<meta name=\"robots\" content=\"index, follow, max-snippet:-1, max-image-preview:large, max-video-preview:-1\" \/>\n<link rel=\"canonical\" href=\"https:\/\/www.leathergirl.eu\/en\/product\/wine-mask-with-zipper-eye-and-moustache\/\" \/>\n<meta property=\"og:locale\" content=\"en_GB\" \/>\n<meta property=\"og:type\" content=\"article\" \/>\n<meta property=\"og:title\" content=\"B\u0150R MASZK cipz\u00e1ros szem- \u00e9s sz\u00e1jny\u00edl\u00e1ssal\" \/>\n<meta property=\"og:description\" content=\"Puha b\u0151rb\u0151l k\u00e9sz\u00fclt maszk, a szemn\u00e9l \u00e9s a sz\u00e1jn\u00e1l cipz\u00e1rral.  A h\u00e1tulj\u00e1n tal\u00e1lhat\u00f3 f\u0171z\u0151vel pontosan fejre igaz\u00edthat\u00f3, a nyakn\u00e1l pedig csattal z\u00e1rhat\u00f3. A sz\u00e1jhoz bevarrt cipz\u00e1r hossza lehet\u0151v\u00e9 teszi, hogy az \u00e1llr\u00e9sz lehajthat\u00f3, \u00e9s a sz\u00e1j haszn\u00e1lhat\u00f3 legyen. A maszkb\u00f3l kil\u00e1tni nyitott cipz\u00e1rn\u00e1l is csak kev\u00e9ss\u00e9 lehet. A leveg\u0151v\u00e9telt k\u00e9t f\u00e9m ringli biztos\u00edtja.  Rendelheted m\u00e1s szem-\u00e9s sz\u00e1jr\u00e9sszel, k\u00fcl\u00f6n szem- \u00e9s sz\u00e1jtakar\u00f3val is. K\u00fcldj fot\u00f3t vagy r\u00e9szletes le\u00edr\u00e1st, \u00e9s megbesz\u00e9lj\u00fck!\" \/>\n<meta property=\"og:url\" content=\"https:\/\/www.leathergirl.eu\/en\/product\/wine-mask-with-zipper-eye-and-moustache\/\" \/>\n<meta property=\"og:site_name\" content=\"A B\u0151r\u00f6s l\u00e1ny\" \/>\n<meta property=\"article:publisher\" content=\"https:\/\/www.facebook.com\/aboroslany\/\" \/>\n<meta property=\"article:modified_time\" content=\"2026-01-03T15:32:47+00:00\" \/>\n<meta property=\"og:image\" content=\"https:\/\/www.leathergirl.eu\/wp-content\/uploads\/2017\/01\/k-amaszk1.jpg\" \/>\n\t<meta property=\"og:image:width\" content=\"768\" \/>\n\t<meta property=\"og:image:height\" content=\"1024\" \/>\n\t<meta property=\"og:image:type\" content=\"image\/jpeg\" \/>\n<script type=\"application\/ld+json\" class=\"yoast-schema-graph\">{\"@context\":\"https:\/\/schema.org\",\"@graph\":[{\"@type\":\"WebPage\",\"@id\":\"https:\/\/www.leathergirl.eu\/product\/bor-maszk-cipzaros-szem-es-szajnyilassal\/\",\"url\":\"https:\/\/www.leathergirl.eu\/product\/bor-maszk-cipzaros-szem-es-szajnyilassal\/\",\"name\":\"B\u0150R MASZK cipz\u00e1ros szem- \u00e9s sz\u00e1jny\u00edl\u00e1ssal - A B\u0151r\u00f6s l\u00e1ny\",\"isPartOf\":{\"@id\":\"https:\/\/www.leathergirl.eu\/#website\"},\"primaryImageOfPage\":{\"@id\":\"https:\/\/www.leathergirl.eu\/product\/bor-maszk-cipzaros-szem-es-szajnyilassal\/#primaryimage\"},\"image\":{\"@id\":\"https:\/\/www.leathergirl.eu\/product\/bor-maszk-cipzaros-szem-es-szajnyilassal\/#primaryimage\"},\"thumbnailUrl\":\"https:\/\/www.leathergirl.eu\/wp-content\/uploads\/2017\/01\/k-amaszk1.jpg\",\"datePublished\":\"2017-01-22T18:06:49+00:00\",\"dateModified\":\"2026-01-03T15:32:47+00:00\",\"breadcrumb\":{\"@id\":\"https:\/\/www.leathergirl.eu\/product\/bor-maszk-cipzaros-szem-es-szajnyilassal\/#breadcrumb\"},\"inLanguage\":\"en-GB\",\"potentialAction\":[{\"@type\":\"ReadAction\",\"target\":[\"https:\/\/www.leathergirl.eu\/product\/bor-maszk-cipzaros-szem-es-szajnyilassal\/\"]}]},{\"@type\":\"ImageObject\",\"inLanguage\":\"en-GB\",\"@id\":\"https:\/\/www.leathergirl.eu\/product\/bor-maszk-cipzaros-szem-es-szajnyilassal\/#primaryimage\",\"url\":\"https:\/\/www.leathergirl.eu\/wp-content\/uploads\/2017\/01\/k-amaszk1.jpg\",\"contentUrl\":\"https:\/\/www.leathergirl.eu\/wp-content\/uploads\/2017\/01\/k-amaszk1.jpg\",\"width\":768,\"height\":1024},{\"@type\":\"BreadcrumbList\",\"@id\":\"https:\/\/www.leathergirl.eu\/product\/bor-maszk-cipzaros-szem-es-szajnyilassal\/#breadcrumb\",\"itemListElement\":[{\"@type\":\"ListItem\",\"position\":1,\"name\":\"Home\",\"item\":\"https:\/\/www.leathergirl.eu\/\"},{\"@type\":\"ListItem\",\"position\":2,\"name\":\"Shop\",\"item\":\"https:\/\/www.leathergirl.eu\/en\/uzlet\/\"},{\"@type\":\"ListItem\",\"position\":3,\"name\":\"B\u0150R MASZK cipz\u00e1ros szem- \u00e9s sz\u00e1jny\u00edl\u00e1ssal\"}]},{\"@type\":\"WebSite\",\"@id\":\"https:\/\/www.leathergirl.eu\/#website\",\"url\":\"https:\/\/www.leathergirl.eu\/\",\"name\":\"A B\u0151r\u00f6s l\u00e1ny\",\"description\":\"... LeatherGirl ...\",\"publisher\":{\"@id\":\"https:\/\/www.leathergirl.eu\/#organization\"},\"potentialAction\":[{\"@type\":\"SearchAction\",\"target\":{\"@type\":\"EntryPoint\",\"urlTemplate\":\"https:\/\/www.leathergirl.eu\/?s={search_term_string}\"},\"query-input\":{\"@type\":\"PropertyValueSpecification\",\"valueRequired\":true,\"valueName\":\"search_term_string\"}}],\"inLanguage\":\"en-GB\"},{\"@type\":\"Organization\",\"@id\":\"https:\/\/www.leathergirl.eu\/#organization\",\"name\":\"A B\u0151r\u00f6s l\u00e1ny\",\"url\":\"https:\/\/www.leathergirl.eu\/\",\"logo\":{\"@type\":\"ImageObject\",\"inLanguage\":\"en-GB\",\"@id\":\"https:\/\/www.leathergirl.eu\/#\/schema\/logo\/image\/\",\"url\":\"https:\/\/www.leathergirl.eu\/wp-content\/uploads\/2024\/05\/leathergirl-logo.png\",\"contentUrl\":\"https:\/\/www.leathergirl.eu\/wp-content\/uploads\/2024\/05\/leathergirl-logo.png\",\"width\":280,\"height\":80,\"caption\":\"A B\u0151r\u00f6s l\u00e1ny\"},\"image\":{\"@id\":\"https:\/\/www.leathergirl.eu\/#\/schema\/logo\/image\/\"},\"sameAs\":[\"https:\/\/www.facebook.com\/aboroslany\/\",\"https:\/\/www.instagram.com\/theleathergirl\/\"],\"email\":\"aboroslany@gmail.com\",\"legalName\":\"Nepp T\u00edmea e.v.\",\"numberOfEmployees\":{\"@type\":\"QuantitativeValue\",\"minValue\":\"1\",\"maxValue\":\"10\"}}]}<\/script>\n<meta property=\"product:price:amount\" content=\"191.50\" \/>\n<meta property=\"product:price:currency\" content=\"EUR\" \/>\n<meta property=\"og:availability\" content=\"instock\" \/>\n<meta property=\"product:availability\" content=\"instock\" \/>\n<meta property=\"product:condition\" content=\"new\" \/>\n<!-- \/ Yoast SEO Premium plugin. -->","yoast_head_json":{"title":"SKIN MASK with zipped eye and mouth opening - The Furry Girl","robots":{"index":"index","follow":"follow","max-snippet":"max-snippet:-1","max-image-preview":"max-image-preview:large","max-video-preview":"max-video-preview:-1"},"canonical":"https:\/\/www.leathergirl.eu\/en\/product\/wine-mask-with-zipper-eye-and-moustache\/","og_locale":"en_GB","og_type":"article","og_title":"B\u0150R MASZK cipz\u00e1ros szem- \u00e9s sz\u00e1jny\u00edl\u00e1ssal","og_description":"Puha b\u0151rb\u0151l k\u00e9sz\u00fclt maszk, a szemn\u00e9l \u00e9s a sz\u00e1jn\u00e1l cipz\u00e1rral.  A h\u00e1tulj\u00e1n tal\u00e1lhat\u00f3 f\u0171z\u0151vel pontosan fejre igaz\u00edthat\u00f3, a nyakn\u00e1l pedig csattal z\u00e1rhat\u00f3. A sz\u00e1jhoz bevarrt cipz\u00e1r hossza lehet\u0151v\u00e9 teszi, hogy az \u00e1llr\u00e9sz lehajthat\u00f3, \u00e9s a sz\u00e1j haszn\u00e1lhat\u00f3 legyen. A maszkb\u00f3l kil\u00e1tni nyitott cipz\u00e1rn\u00e1l is csak kev\u00e9ss\u00e9 lehet. A leveg\u0151v\u00e9telt k\u00e9t f\u00e9m ringli biztos\u00edtja.  Rendelheted m\u00e1s szem-\u00e9s sz\u00e1jr\u00e9sszel, k\u00fcl\u00f6n szem- \u00e9s sz\u00e1jtakar\u00f3val is. K\u00fcldj fot\u00f3t vagy r\u00e9szletes le\u00edr\u00e1st, \u00e9s megbesz\u00e9lj\u00fck!","og_url":"https:\/\/www.leathergirl.eu\/en\/product\/wine-mask-with-zipper-eye-and-moustache\/","og_site_name":"A B\u0151r\u00f6s l\u00e1ny","article_publisher":"https:\/\/www.facebook.com\/aboroslany\/","article_modified_time":"2026-01-03T15:32:47+00:00","og_image":[{"width":768,"height":1024,"url":"https:\/\/www.leathergirl.eu\/wp-content\/uploads\/2017\/01\/k-amaszk1.jpg","type":"image\/jpeg"}],"schema":{"@context":"https:\/\/schema.org","@graph":[{"@type":"WebPage","@id":"https:\/\/www.leathergirl.eu\/product\/bor-maszk-cipzaros-szem-es-szajnyilassal\/","url":"https:\/\/www.leathergirl.eu\/product\/bor-maszk-cipzaros-szem-es-szajnyilassal\/","name":"SKIN MASK with zipped eye and mouth opening - The Furry Girl","isPartOf":{"@id":"https:\/\/www.leathergirl.eu\/#website"},"primaryImageOfPage":{"@id":"https:\/\/www.leathergirl.eu\/product\/bor-maszk-cipzaros-szem-es-szajnyilassal\/#primaryimage"},"image":{"@id":"https:\/\/www.leathergirl.eu\/product\/bor-maszk-cipzaros-szem-es-szajnyilassal\/#primaryimage"},"thumbnailUrl":"https:\/\/www.leathergirl.eu\/wp-content\/uploads\/2017\/01\/k-amaszk1.jpg","datePublished":"2017-01-22T18:06:49+00:00","dateModified":"2026-01-03T15:32:47+00:00","breadcrumb":{"@id":"https:\/\/www.leathergirl.eu\/product\/bor-maszk-cipzaros-szem-es-szajnyilassal\/#breadcrumb"},"inLanguage":"en-GB","potentialAction":[{"@type":"ReadAction","target":["https:\/\/www.leathergirl.eu\/product\/bor-maszk-cipzaros-szem-es-szajnyilassal\/"]}]},{"@type":"ImageObject","inLanguage":"en-GB","@id":"https:\/\/www.leathergirl.eu\/product\/bor-maszk-cipzaros-szem-es-szajnyilassal\/#primaryimage","url":"https:\/\/www.leathergirl.eu\/wp-content\/uploads\/2017\/01\/k-amaszk1.jpg","contentUrl":"https:\/\/www.leathergirl.eu\/wp-content\/uploads\/2017\/01\/k-amaszk1.jpg","width":768,"height":1024},{"@type":"BreadcrumbList","@id":"https:\/\/www.leathergirl.eu\/product\/bor-maszk-cipzaros-szem-es-szajnyilassal\/#breadcrumb","itemListElement":[{"@type":"ListItem","position":1,"name":"Home","item":"https:\/\/www.leathergirl.eu\/"},{"@type":"ListItem","position":2,"name":"Shop","item":"https:\/\/www.leathergirl.eu\/en\/uzlet\/"},{"@type":"ListItem","position":3,"name":"B\u0150R MASZK cipz\u00e1ros szem- \u00e9s sz\u00e1jny\u00edl\u00e1ssal"}]},{"@type":"WebSite","@id":"https:\/\/www.leathergirl.eu\/#website","url":"https:\/\/www.leathergirl.eu\/","name":"The Leather Girl","description":"... LeatherGirl ...","publisher":{"@id":"https:\/\/www.leathergirl.eu\/#organization"},"potentialAction":[{"@type":"SearchAction","target":{"@type":"EntryPoint","urlTemplate":"https:\/\/www.leathergirl.eu\/?s={search_term_string}"},"query-input":{"@type":"PropertyValueSpecification","valueRequired":true,"valueName":"search_term_string"}}],"inLanguage":"en-GB"},{"@type":"Organization","@id":"https:\/\/www.leathergirl.eu\/#organization","name":"The Leather Girl","url":"https:\/\/www.leathergirl.eu\/","logo":{"@type":"ImageObject","inLanguage":"en-GB","@id":"https:\/\/www.leathergirl.eu\/#\/schema\/logo\/image\/","url":"https:\/\/www.leathergirl.eu\/wp-content\/uploads\/2024\/05\/leathergirl-logo.png","contentUrl":"https:\/\/www.leathergirl.eu\/wp-content\/uploads\/2024\/05\/leathergirl-logo.png","width":280,"height":80,"caption":"A B\u0151r\u00f6s l\u00e1ny"},"image":{"@id":"https:\/\/www.leathergirl.eu\/#\/schema\/logo\/image\/"},"sameAs":["https:\/\/www.facebook.com\/aboroslany\/","https:\/\/www.instagram.com\/theleathergirl\/"],"email":"aboroslany@gmail.com","legalName":"Nepp T\u00edmea e.v.","numberOfEmployees":{"@type":"QuantitativeValue","minValue":"1","maxValue":"10"}}]},"product_price_amount":"191.50","product_price_currency":"EUR","og_availability":"instock","product_availability":"instock","product_condition":"new"},"_links":{"self":[{"href":"https:\/\/www.leathergirl.eu\/en\/wp-json\/wp\/v2\/product\/21564","targetHints":{"allow":["GET"]}}],"collection":[{"href":"https:\/\/www.leathergirl.eu\/en\/wp-json\/wp\/v2\/product"}],"about":[{"href":"https:\/\/www.leathergirl.eu\/en\/wp-json\/wp\/v2\/types\/product"}],"wp:featuredmedia":[{"embeddable":true,"href":"https:\/\/www.leathergirl.eu\/en\/wp-json\/wp\/v2\/media\/21572"}],"wp:attachment":[{"href":"https:\/\/www.leathergirl.eu\/en\/wp-json\/wp\/v2\/media?parent=21564"}],"wp:term":[{"taxonomy":"product_brand","embeddable":true,"href":"https:\/\/www.leathergirl.eu\/en\/wp-json\/wp\/v2\/product_brand?post=21564"},{"taxonomy":"product_cat","embeddable":true,"href":"https:\/\/www.leathergirl.eu\/en\/wp-json\/wp\/v2\/product_cat?post=21564"},{"taxonomy":"product_tag","embeddable":true,"href":"https:\/\/www.leathergirl.eu\/en\/wp-json\/wp\/v2\/product_tag?post=21564"}],"curies":[{"name":"wp","href":"https:\/\/api.w.org\/{rel}","templated":true}]}}