{"id":21327,"date":"2016-10-16T15:41:28","date_gmt":"2016-10-16T15:41:28","guid":{"rendered":"http:\/\/www.leathergirl.eu\/?post_type=product&#038;p=21327"},"modified":"2026-01-03T16:31:44","modified_gmt":"2026-01-03T15:31:44","slug":"dog-mask","status":"publish","type":"product","link":"https:\/\/www.leathergirl.eu\/en\/product\/dog-mask\/","title":{"rendered":"Dog mask"},"content":{"rendered":"<p>It is made of medium thick but soft leather and the nose part keeps its shape thanks to the strong hard leather on the inside of it. There are wires in its ears so you can mould it to the desired shape. The tongue can be fixed to the mask in two lengths with a press-stud or you can take it off if you want. There's also some wire in it so you can decide what shape you want it to take. The design of the nose part makes sure that you can still use its mouth piece. There's a drawstring at the back of the head and the collar can be adjusted with a buckle so you can tie it closely to the head.<br \/>\nAlso available with a lockable buckle. You can order in three different sizes.<\/p>\n<p>Pictures by: <a href=\"Model photo: &lt;a href=&quot;https:\/\/www.facebook.com\/FetishExtremePictureBest\/&quot;&gt;https:\/\/www.facebook.com\/FetishExtremePictureBest\/&lt;\/a&gt;\">Model photo: <a href=\"https:\/\/www.facebook.com\/FetishExtremePictureBest\/\">https:\/\/www.facebook.com\/FetishExtremePictureBest\/<\/a><\/a><\/p>\n<p>Domina: <a href=\"http:\/\/www.szexakademia.com\/\" target=\"_blank\" rel=\"noopener nofollow\" data-ft=\"{&quot;tn&quot;:&quot;-U&quot;}\" data-lynx-mode=\"asynclazy\" data-lynx-uri=\"https:\/\/l.facebook.com\/l.php?u=http%3A%2F%2Fwww.szexakademia.com%2F&amp;h=ATNZmVhlbBUxoZ0sL4iw0CDKKInHBU5B9WwpxxvpU_b-_XmQuLelkGBI7-lcv21rDH7lzhJomzQsBjrI1Jz7fR8gANrBzOCd7jjfIXUP2eaiMAXgCtVDHsmSUfXz_iNMJXZeu3NN\">www.szexakademia.com<\/a><\/p>","protected":false},"excerpt":{"rendered":"<p>It is made of medium thick but soft leather and the nose part keeps its shape thanks to the strong hard leather on the inside of it. There are wires in its ears so you can mould it to the desired shape. The tongue can be fixed to the mask in two lengths with a press-stud or you can take it off if you want. There's also some wire in it so you can decide what shape you want it to take. The design of the nose part makes sure that you can still use its mouth piece. There's a drawstring at the back of the head and the collar can be adjusted with a buckle so you can tie it closely to the head.<br \/>\nAlso available with a lockable buckle. You can order in three different sizes.<\/p>\n<p>Pictures by: <a href=\"Model photo: &lt;a href=&quot;https:\/\/www.facebook.com\/FetishExtremePictureBest\/&quot;&gt;https:\/\/www.facebook.com\/FetishExtremePictureBest\/&lt;\/a&gt;\">Model photo: <a href=\"https:\/\/www.facebook.com\/FetishExtremePictureBest\/\">https:\/\/www.facebook.com\/FetishExtremePictureBest\/<\/a><\/a><\/p>\n<p>Domina: <a href=\"http:\/\/www.szexakademia.com\/\" target=\"_blank\" rel=\"noopener nofollow\" data-ft=\"{&quot;tn&quot;:&quot;-U&quot;}\" data-lynx-mode=\"asynclazy\" data-lynx-uri=\"https:\/\/l.facebook.com\/l.php?u=http%3A%2F%2Fwww.szexakademia.com%2F&amp;h=ATNZmVhlbBUxoZ0sL4iw0CDKKInHBU5B9WwpxxvpU_b-_XmQuLelkGBI7-lcv21rDH7lzhJomzQsBjrI1Jz7fR8gANrBzOCd7jjfIXUP2eaiMAXgCtVDHsmSUfXz_iNMJXZeu3NN\">www.szexakademia.com<\/a><\/p>","protected":false},"featured_media":22405,"template":"","meta":{"_et_pb_use_builder":"","_et_pb_old_content":"","_et_gb_content_width":""},"product_brand":[],"product_cat":[26,25],"product_tag":[],"class_list":{"0":"post-21327","1":"product","2":"type-product","3":"status-publish","4":"has-post-thumbnail","6":"product_cat-maszkok","7":"product_cat-petplay","9":"first","10":"instock","11":"purchasable","12":"product-type-simple"},"yoast_head":"<!-- This site is optimized with the Yoast SEO Premium plugin v26.2 (Yoast SEO v26.3) - https:\/\/yoast.com\/wordpress\/plugins\/seo\/ -->\n<title>Kutyamaszk - A B\u0151r\u00f6s l\u00e1ny<\/title>\n<meta name=\"robots\" content=\"index, follow, max-snippet:-1, max-image-preview:large, max-video-preview:-1\" \/>\n<link rel=\"canonical\" href=\"https:\/\/www.leathergirl.eu\/en\/product\/dog-mask\/\" \/>\n<meta property=\"og:locale\" content=\"en_GB\" \/>\n<meta property=\"og:type\" content=\"article\" \/>\n<meta property=\"og:title\" content=\"Kutyamaszk\" \/>\n<meta property=\"og:description\" content=\"A kutyamaszkom alapanyaga puha marhab\u0151r. Az orr r\u00e9szt bel\u00fcl kem\u00e9nyebb b\u0151rrel merev\u00edtem, hogy tartsa a form\u00e1j\u00e1t. A f\u00fcleibe dr\u00f3tot teszek, \u00edgy tetsz\u0151leges form\u00e1ra hajtogathat\u00f3. A nyelv\u00e9t patenttal r\u00f6gz\u00edtheted k\u00e9tf\u00e9le hosszban, vagy ak\u00e1r ki is veheted bel\u0151le. A form\u00e1j\u00e1t a benne l\u00e9v\u0151 dr\u00f3t seg\u00edts\u00e9g\u00e9vel alak\u00edthatod ki. Az orr r\u00e9sz form\u00e1ja \u00e9s kialak\u00edt\u00e1sa biztos\u00edtja, hogy a sz\u00e1j haszn\u00e1lhat\u00f3 marad. A h\u00e1tulja f\u0171z\u0151s, a nyak\u00f6rve pedig csattal szab\u00e1lyozhat\u00f3, \u00edgy szorosan a fejre lehet form\u00e1zni. K\u00e9rheted lakatolhat\u00f3 csattal \u00e9s m\u00e1s sz\u00ednben (k\u00f6z\u00e9p- \u00e9s s\u00f6t\u00e9tbarna, feh\u00e9r...) is.  Fot\u00f3: https:\/\/www.facebook.com\/FetishExtremePictureBest\/  Domina: www.szexakademia.com\" \/>\n<meta property=\"og:url\" content=\"https:\/\/www.leathergirl.eu\/en\/product\/dog-mask\/\" \/>\n<meta property=\"og:site_name\" content=\"A B\u0151r\u00f6s l\u00e1ny\" \/>\n<meta property=\"article:publisher\" content=\"https:\/\/www.facebook.com\/aboroslany\/\" \/>\n<meta property=\"article:modified_time\" content=\"2026-01-03T15:31:44+00:00\" \/>\n<meta property=\"og:image\" content=\"https:\/\/www.leathergirl.eu\/wp-content\/uploads\/2016\/10\/k-kutyamaszk-CHR_9563-masolat.png\" \/>\n\t<meta property=\"og:image:width\" content=\"534\" \/>\n\t<meta property=\"og:image:height\" content=\"800\" \/>\n\t<meta property=\"og:image:type\" content=\"image\/png\" \/>\n<script type=\"application\/ld+json\" class=\"yoast-schema-graph\">{\"@context\":\"https:\/\/schema.org\",\"@graph\":[{\"@type\":\"WebPage\",\"@id\":\"https:\/\/www.leathergirl.eu\/product\/kutyamaszk\/\",\"url\":\"https:\/\/www.leathergirl.eu\/product\/kutyamaszk\/\",\"name\":\"Kutyamaszk - A B\u0151r\u00f6s l\u00e1ny\",\"isPartOf\":{\"@id\":\"https:\/\/www.leathergirl.eu\/#website\"},\"primaryImageOfPage\":{\"@id\":\"https:\/\/www.leathergirl.eu\/product\/kutyamaszk\/#primaryimage\"},\"image\":{\"@id\":\"https:\/\/www.leathergirl.eu\/product\/kutyamaszk\/#primaryimage\"},\"thumbnailUrl\":\"https:\/\/www.leathergirl.eu\/wp-content\/uploads\/2016\/10\/k-kutyamaszk-CHR_9563-masolat.png\",\"datePublished\":\"2016-10-16T15:41:28+00:00\",\"dateModified\":\"2026-01-03T15:31:44+00:00\",\"breadcrumb\":{\"@id\":\"https:\/\/www.leathergirl.eu\/product\/kutyamaszk\/#breadcrumb\"},\"inLanguage\":\"en-GB\",\"potentialAction\":[{\"@type\":\"ReadAction\",\"target\":[\"https:\/\/www.leathergirl.eu\/product\/kutyamaszk\/\"]}]},{\"@type\":\"ImageObject\",\"inLanguage\":\"en-GB\",\"@id\":\"https:\/\/www.leathergirl.eu\/product\/kutyamaszk\/#primaryimage\",\"url\":\"https:\/\/www.leathergirl.eu\/wp-content\/uploads\/2016\/10\/k-kutyamaszk-CHR_9563-masolat.png\",\"contentUrl\":\"https:\/\/www.leathergirl.eu\/wp-content\/uploads\/2016\/10\/k-kutyamaszk-CHR_9563-masolat.png\",\"width\":534,\"height\":800},{\"@type\":\"BreadcrumbList\",\"@id\":\"https:\/\/www.leathergirl.eu\/product\/kutyamaszk\/#breadcrumb\",\"itemListElement\":[{\"@type\":\"ListItem\",\"position\":1,\"name\":\"Home\",\"item\":\"https:\/\/www.leathergirl.eu\/\"},{\"@type\":\"ListItem\",\"position\":2,\"name\":\"Shop\",\"item\":\"https:\/\/www.leathergirl.eu\/en\/uzlet\/\"},{\"@type\":\"ListItem\",\"position\":3,\"name\":\"Kutyamaszk\"}]},{\"@type\":\"WebSite\",\"@id\":\"https:\/\/www.leathergirl.eu\/#website\",\"url\":\"https:\/\/www.leathergirl.eu\/\",\"name\":\"A B\u0151r\u00f6s l\u00e1ny\",\"description\":\"... LeatherGirl ...\",\"publisher\":{\"@id\":\"https:\/\/www.leathergirl.eu\/#organization\"},\"potentialAction\":[{\"@type\":\"SearchAction\",\"target\":{\"@type\":\"EntryPoint\",\"urlTemplate\":\"https:\/\/www.leathergirl.eu\/?s={search_term_string}\"},\"query-input\":{\"@type\":\"PropertyValueSpecification\",\"valueRequired\":true,\"valueName\":\"search_term_string\"}}],\"inLanguage\":\"en-GB\"},{\"@type\":\"Organization\",\"@id\":\"https:\/\/www.leathergirl.eu\/#organization\",\"name\":\"A B\u0151r\u00f6s l\u00e1ny\",\"url\":\"https:\/\/www.leathergirl.eu\/\",\"logo\":{\"@type\":\"ImageObject\",\"inLanguage\":\"en-GB\",\"@id\":\"https:\/\/www.leathergirl.eu\/#\/schema\/logo\/image\/\",\"url\":\"https:\/\/www.leathergirl.eu\/wp-content\/uploads\/2024\/05\/leathergirl-logo.png\",\"contentUrl\":\"https:\/\/www.leathergirl.eu\/wp-content\/uploads\/2024\/05\/leathergirl-logo.png\",\"width\":280,\"height\":80,\"caption\":\"A B\u0151r\u00f6s l\u00e1ny\"},\"image\":{\"@id\":\"https:\/\/www.leathergirl.eu\/#\/schema\/logo\/image\/\"},\"sameAs\":[\"https:\/\/www.facebook.com\/aboroslany\/\",\"https:\/\/www.instagram.com\/theleathergirl\/\"],\"email\":\"aboroslany@gmail.com\",\"legalName\":\"Nepp T\u00edmea e.v.\",\"numberOfEmployees\":{\"@type\":\"QuantitativeValue\",\"minValue\":\"1\",\"maxValue\":\"10\"}}]}<\/script>\n<meta property=\"product:price:amount\" content=\"225.70\" \/>\n<meta property=\"product:price:currency\" content=\"EUR\" \/>\n<meta property=\"og:availability\" content=\"instock\" \/>\n<meta property=\"product:availability\" content=\"instock\" \/>\n<meta property=\"product:condition\" content=\"new\" \/>\n<!-- \/ Yoast SEO Premium plugin. -->","yoast_head_json":{"title":"Dog Mask - The Furry Girl","robots":{"index":"index","follow":"follow","max-snippet":"max-snippet:-1","max-image-preview":"max-image-preview:large","max-video-preview":"max-video-preview:-1"},"canonical":"https:\/\/www.leathergirl.eu\/en\/product\/dog-mask\/","og_locale":"en_GB","og_type":"article","og_title":"Kutyamaszk","og_description":"A kutyamaszkom alapanyaga puha marhab\u0151r. Az orr r\u00e9szt bel\u00fcl kem\u00e9nyebb b\u0151rrel merev\u00edtem, hogy tartsa a form\u00e1j\u00e1t. A f\u00fcleibe dr\u00f3tot teszek, \u00edgy tetsz\u0151leges form\u00e1ra hajtogathat\u00f3. A nyelv\u00e9t patenttal r\u00f6gz\u00edtheted k\u00e9tf\u00e9le hosszban, vagy ak\u00e1r ki is veheted bel\u0151le. A form\u00e1j\u00e1t a benne l\u00e9v\u0151 dr\u00f3t seg\u00edts\u00e9g\u00e9vel alak\u00edthatod ki. Az orr r\u00e9sz form\u00e1ja \u00e9s kialak\u00edt\u00e1sa biztos\u00edtja, hogy a sz\u00e1j haszn\u00e1lhat\u00f3 marad. A h\u00e1tulja f\u0171z\u0151s, a nyak\u00f6rve pedig csattal szab\u00e1lyozhat\u00f3, \u00edgy szorosan a fejre lehet form\u00e1zni. K\u00e9rheted lakatolhat\u00f3 csattal \u00e9s m\u00e1s sz\u00ednben (k\u00f6z\u00e9p- \u00e9s s\u00f6t\u00e9tbarna, feh\u00e9r...) is.  Fot\u00f3: https:\/\/www.facebook.com\/FetishExtremePictureBest\/  Domina: www.szexakademia.com","og_url":"https:\/\/www.leathergirl.eu\/en\/product\/dog-mask\/","og_site_name":"A B\u0151r\u00f6s l\u00e1ny","article_publisher":"https:\/\/www.facebook.com\/aboroslany\/","article_modified_time":"2026-01-03T15:31:44+00:00","og_image":[{"width":534,"height":800,"url":"https:\/\/www.leathergirl.eu\/wp-content\/uploads\/2016\/10\/k-kutyamaszk-CHR_9563-masolat.png","type":"image\/png"}],"schema":{"@context":"https:\/\/schema.org","@graph":[{"@type":"WebPage","@id":"https:\/\/www.leathergirl.eu\/product\/kutyamaszk\/","url":"https:\/\/www.leathergirl.eu\/product\/kutyamaszk\/","name":"Dog Mask - The Furry Girl","isPartOf":{"@id":"https:\/\/www.leathergirl.eu\/#website"},"primaryImageOfPage":{"@id":"https:\/\/www.leathergirl.eu\/product\/kutyamaszk\/#primaryimage"},"image":{"@id":"https:\/\/www.leathergirl.eu\/product\/kutyamaszk\/#primaryimage"},"thumbnailUrl":"https:\/\/www.leathergirl.eu\/wp-content\/uploads\/2016\/10\/k-kutyamaszk-CHR_9563-masolat.png","datePublished":"2016-10-16T15:41:28+00:00","dateModified":"2026-01-03T15:31:44+00:00","breadcrumb":{"@id":"https:\/\/www.leathergirl.eu\/product\/kutyamaszk\/#breadcrumb"},"inLanguage":"en-GB","potentialAction":[{"@type":"ReadAction","target":["https:\/\/www.leathergirl.eu\/product\/kutyamaszk\/"]}]},{"@type":"ImageObject","inLanguage":"en-GB","@id":"https:\/\/www.leathergirl.eu\/product\/kutyamaszk\/#primaryimage","url":"https:\/\/www.leathergirl.eu\/wp-content\/uploads\/2016\/10\/k-kutyamaszk-CHR_9563-masolat.png","contentUrl":"https:\/\/www.leathergirl.eu\/wp-content\/uploads\/2016\/10\/k-kutyamaszk-CHR_9563-masolat.png","width":534,"height":800},{"@type":"BreadcrumbList","@id":"https:\/\/www.leathergirl.eu\/product\/kutyamaszk\/#breadcrumb","itemListElement":[{"@type":"ListItem","position":1,"name":"Home","item":"https:\/\/www.leathergirl.eu\/"},{"@type":"ListItem","position":2,"name":"Shop","item":"https:\/\/www.leathergirl.eu\/en\/uzlet\/"},{"@type":"ListItem","position":3,"name":"Kutyamaszk"}]},{"@type":"WebSite","@id":"https:\/\/www.leathergirl.eu\/#website","url":"https:\/\/www.leathergirl.eu\/","name":"The Leather Girl","description":"... LeatherGirl ...","publisher":{"@id":"https:\/\/www.leathergirl.eu\/#organization"},"potentialAction":[{"@type":"SearchAction","target":{"@type":"EntryPoint","urlTemplate":"https:\/\/www.leathergirl.eu\/?s={search_term_string}"},"query-input":{"@type":"PropertyValueSpecification","valueRequired":true,"valueName":"search_term_string"}}],"inLanguage":"en-GB"},{"@type":"Organization","@id":"https:\/\/www.leathergirl.eu\/#organization","name":"The Leather Girl","url":"https:\/\/www.leathergirl.eu\/","logo":{"@type":"ImageObject","inLanguage":"en-GB","@id":"https:\/\/www.leathergirl.eu\/#\/schema\/logo\/image\/","url":"https:\/\/www.leathergirl.eu\/wp-content\/uploads\/2024\/05\/leathergirl-logo.png","contentUrl":"https:\/\/www.leathergirl.eu\/wp-content\/uploads\/2024\/05\/leathergirl-logo.png","width":280,"height":80,"caption":"A B\u0151r\u00f6s l\u00e1ny"},"image":{"@id":"https:\/\/www.leathergirl.eu\/#\/schema\/logo\/image\/"},"sameAs":["https:\/\/www.facebook.com\/aboroslany\/","https:\/\/www.instagram.com\/theleathergirl\/"],"email":"aboroslany@gmail.com","legalName":"Nepp T\u00edmea e.v.","numberOfEmployees":{"@type":"QuantitativeValue","minValue":"1","maxValue":"10"}}]},"product_price_amount":"225.70","product_price_currency":"EUR","og_availability":"instock","product_availability":"instock","product_condition":"new"},"_links":{"self":[{"href":"https:\/\/www.leathergirl.eu\/en\/wp-json\/wp\/v2\/product\/21327","targetHints":{"allow":["GET"]}}],"collection":[{"href":"https:\/\/www.leathergirl.eu\/en\/wp-json\/wp\/v2\/product"}],"about":[{"href":"https:\/\/www.leathergirl.eu\/en\/wp-json\/wp\/v2\/types\/product"}],"wp:featuredmedia":[{"embeddable":true,"href":"https:\/\/www.leathergirl.eu\/en\/wp-json\/wp\/v2\/media\/22405"}],"wp:attachment":[{"href":"https:\/\/www.leathergirl.eu\/en\/wp-json\/wp\/v2\/media?parent=21327"}],"wp:term":[{"taxonomy":"product_brand","embeddable":true,"href":"https:\/\/www.leathergirl.eu\/en\/wp-json\/wp\/v2\/product_brand?post=21327"},{"taxonomy":"product_cat","embeddable":true,"href":"https:\/\/www.leathergirl.eu\/en\/wp-json\/wp\/v2\/product_cat?post=21327"},{"taxonomy":"product_tag","embeddable":true,"href":"https:\/\/www.leathergirl.eu\/en\/wp-json\/wp\/v2\/product_tag?post=21327"}],"curies":[{"name":"wp","href":"https:\/\/api.w.org\/{rel}","templated":true}]}}