{"id":21300,"date":"2016-10-10T19:49:32","date_gmt":"2016-10-10T19:49:32","guid":{"rendered":"http:\/\/www.leathergirl.eu\/?post_type=product&#038;p=21300"},"modified":"2026-01-04T17:07:19","modified_gmt":"2026-01-04T16:07:19","slug":"ready-to-lock-and-unlock-herehuzo","status":"publish","type":"product","link":"https:\/\/www.leathergirl.eu\/en\/product\/ready-to-lock-and-unlock-herehuzo\/","title":{"rendered":"Ball stretcher with nails (parachute)"},"content":{"rendered":"<p>There are 70 nails on the inside, its width can be adjusted, can be locked and you can put weight on the ring at the end of the chains\n\n\n\nLocks are not included.<\/p>\n<p>You can order it without the nail for 63,6\u20ac.<\/p>","protected":false},"excerpt":{"rendered":"<p>There are 70 nails on the inside, its width can be adjusted, can be locked and you can put weight on the ring at the end of the chains\n\n\n\nLocks are not included.<\/p>\n<p>You can order it without the nail for 63,6\u20ac.<\/p>","protected":false},"featured_media":21296,"template":"","meta":{"_et_pb_use_builder":"","_et_pb_old_content":"","_et_gb_content_width":""},"product_brand":[],"product_cat":[43],"product_tag":[],"class_list":{"0":"post-21300","1":"product","2":"type-product","3":"status-publish","4":"has-post-thumbnail","6":"product_cat-spiked-and-studded-things","8":"first","9":"instock","10":"purchasable","11":"product-type-simple"},"yoast_head":"<!-- This site is optimized with the Yoast SEO Premium plugin v26.2 (Yoast SEO v26.3) - https:\/\/yoast.com\/wordpress\/plugins\/seo\/ -->\n<title>Sz\u00f6ges lakatolhat\u00f3 hereh\u00faz\u00f3 - A B\u0151r\u00f6s l\u00e1ny<\/title>\n<meta name=\"robots\" content=\"index, follow, max-snippet:-1, max-image-preview:large, max-video-preview:-1\" \/>\n<link rel=\"canonical\" href=\"https:\/\/www.leathergirl.eu\/en\/product\/ready-to-lock-and-unlock-herehuzo\/\" \/>\n<meta property=\"og:locale\" content=\"en_GB\" \/>\n<meta property=\"og:type\" content=\"article\" \/>\n<meta property=\"og:title\" content=\"Sz\u00f6ges lakatolhat\u00f3 hereh\u00faz\u00f3\" \/>\n<meta property=\"og:description\" content=\"Sz\u00f6ges hereh\u00faz\u00f3: a bels\u0151 oldal\u00e1n kb 70 db sz\u00f6g tal\u00e1lhat\u00f3, a b\u0151s\u00e9ge szab\u00e1lyozhat\u00f3, lakattal z\u00e1rhat\u00f3, a l\u00e1ncok alj\u00e1n l\u00e9v\u0151 karik\u00e1ra pedig s\u00falyt lehet akasztani. A sz\u00f6gek nem t\u0171hegyesek, \u00edgy nem hatolnak \u00e1t azonnal a b\u0151r\u00f6n, de meglehet\u0151sen kellemetlenn\u00e9 teszik a fegyelmez\u0151 eszk\u00f6z visel\u00e9s\u00e9t.  Sz\u00f6g n\u00e9lk\u00fcl is rendelheted 23.200 Ft-\u00e9rt.\" \/>\n<meta property=\"og:url\" content=\"https:\/\/www.leathergirl.eu\/en\/product\/ready-to-lock-and-unlock-herehuzo\/\" \/>\n<meta property=\"og:site_name\" content=\"A B\u0151r\u00f6s l\u00e1ny\" \/>\n<meta property=\"article:publisher\" content=\"https:\/\/www.facebook.com\/aboroslany\/\" \/>\n<meta property=\"article:modified_time\" content=\"2026-01-04T16:07:19+00:00\" \/>\n<meta property=\"og:image\" content=\"https:\/\/www.leathergirl.eu\/wp-content\/uploads\/2016\/10\/k-szoges-ejtoernyo.jpg\" \/>\n\t<meta property=\"og:image:width\" content=\"768\" \/>\n\t<meta property=\"og:image:height\" content=\"510\" \/>\n\t<meta property=\"og:image:type\" content=\"image\/jpeg\" \/>\n<script type=\"application\/ld+json\" class=\"yoast-schema-graph\">{\"@context\":\"https:\/\/schema.org\",\"@graph\":[{\"@type\":\"WebPage\",\"@id\":\"https:\/\/www.leathergirl.eu\/product\/szoeges-lakatolhato-herehuzo\/\",\"url\":\"https:\/\/www.leathergirl.eu\/product\/szoeges-lakatolhato-herehuzo\/\",\"name\":\"Sz\u00f6ges lakatolhat\u00f3 hereh\u00faz\u00f3 - A B\u0151r\u00f6s l\u00e1ny\",\"isPartOf\":{\"@id\":\"https:\/\/www.leathergirl.eu\/#website\"},\"primaryImageOfPage\":{\"@id\":\"https:\/\/www.leathergirl.eu\/product\/szoeges-lakatolhato-herehuzo\/#primaryimage\"},\"image\":{\"@id\":\"https:\/\/www.leathergirl.eu\/product\/szoeges-lakatolhato-herehuzo\/#primaryimage\"},\"thumbnailUrl\":\"https:\/\/www.leathergirl.eu\/wp-content\/uploads\/2016\/10\/k-szoges-ejtoernyo.jpg\",\"datePublished\":\"2016-10-10T19:49:32+00:00\",\"dateModified\":\"2026-01-04T16:07:19+00:00\",\"breadcrumb\":{\"@id\":\"https:\/\/www.leathergirl.eu\/product\/szoeges-lakatolhato-herehuzo\/#breadcrumb\"},\"inLanguage\":\"en-GB\",\"potentialAction\":[{\"@type\":\"ReadAction\",\"target\":[\"https:\/\/www.leathergirl.eu\/product\/szoeges-lakatolhato-herehuzo\/\"]}]},{\"@type\":\"ImageObject\",\"inLanguage\":\"en-GB\",\"@id\":\"https:\/\/www.leathergirl.eu\/product\/szoeges-lakatolhato-herehuzo\/#primaryimage\",\"url\":\"https:\/\/www.leathergirl.eu\/wp-content\/uploads\/2016\/10\/k-szoges-ejtoernyo.jpg\",\"contentUrl\":\"https:\/\/www.leathergirl.eu\/wp-content\/uploads\/2016\/10\/k-szoges-ejtoernyo.jpg\",\"width\":768,\"height\":510},{\"@type\":\"BreadcrumbList\",\"@id\":\"https:\/\/www.leathergirl.eu\/product\/szoeges-lakatolhato-herehuzo\/#breadcrumb\",\"itemListElement\":[{\"@type\":\"ListItem\",\"position\":1,\"name\":\"Home\",\"item\":\"https:\/\/www.leathergirl.eu\/\"},{\"@type\":\"ListItem\",\"position\":2,\"name\":\"Shop\",\"item\":\"https:\/\/www.leathergirl.eu\/en\/uzlet\/\"},{\"@type\":\"ListItem\",\"position\":3,\"name\":\"Sz\u00f6ges lakatolhat\u00f3 hereh\u00faz\u00f3\"}]},{\"@type\":\"WebSite\",\"@id\":\"https:\/\/www.leathergirl.eu\/#website\",\"url\":\"https:\/\/www.leathergirl.eu\/\",\"name\":\"A B\u0151r\u00f6s l\u00e1ny\",\"description\":\"... LeatherGirl ...\",\"publisher\":{\"@id\":\"https:\/\/www.leathergirl.eu\/#organization\"},\"potentialAction\":[{\"@type\":\"SearchAction\",\"target\":{\"@type\":\"EntryPoint\",\"urlTemplate\":\"https:\/\/www.leathergirl.eu\/?s={search_term_string}\"},\"query-input\":{\"@type\":\"PropertyValueSpecification\",\"valueRequired\":true,\"valueName\":\"search_term_string\"}}],\"inLanguage\":\"en-GB\"},{\"@type\":\"Organization\",\"@id\":\"https:\/\/www.leathergirl.eu\/#organization\",\"name\":\"A B\u0151r\u00f6s l\u00e1ny\",\"url\":\"https:\/\/www.leathergirl.eu\/\",\"logo\":{\"@type\":\"ImageObject\",\"inLanguage\":\"en-GB\",\"@id\":\"https:\/\/www.leathergirl.eu\/#\/schema\/logo\/image\/\",\"url\":\"https:\/\/www.leathergirl.eu\/wp-content\/uploads\/2024\/05\/leathergirl-logo.png\",\"contentUrl\":\"https:\/\/www.leathergirl.eu\/wp-content\/uploads\/2024\/05\/leathergirl-logo.png\",\"width\":280,\"height\":80,\"caption\":\"A B\u0151r\u00f6s l\u00e1ny\"},\"image\":{\"@id\":\"https:\/\/www.leathergirl.eu\/#\/schema\/logo\/image\/\"},\"sameAs\":[\"https:\/\/www.facebook.com\/aboroslany\/\",\"https:\/\/www.instagram.com\/theleathergirl\/\"],\"email\":\"aboroslany@gmail.com\",\"legalName\":\"Nepp T\u00edmea e.v.\",\"numberOfEmployees\":{\"@type\":\"QuantitativeValue\",\"minValue\":\"1\",\"maxValue\":\"10\"}}]}<\/script>\n<meta property=\"product:price:amount\" content=\"76.20\" \/>\n<meta property=\"product:price:currency\" content=\"EUR\" \/>\n<meta property=\"og:availability\" content=\"instock\" \/>\n<meta property=\"product:availability\" content=\"instock\" \/>\n<meta property=\"product:condition\" content=\"new\" \/>\n<!-- \/ Yoast SEO Premium plugin. -->","yoast_head_json":{"title":"Nail lockable testicle extractor - The Furry Girl","robots":{"index":"index","follow":"follow","max-snippet":"max-snippet:-1","max-image-preview":"max-image-preview:large","max-video-preview":"max-video-preview:-1"},"canonical":"https:\/\/www.leathergirl.eu\/en\/product\/ready-to-lock-and-unlock-herehuzo\/","og_locale":"en_GB","og_type":"article","og_title":"Sz\u00f6ges lakatolhat\u00f3 hereh\u00faz\u00f3","og_description":"Sz\u00f6ges hereh\u00faz\u00f3: a bels\u0151 oldal\u00e1n kb 70 db sz\u00f6g tal\u00e1lhat\u00f3, a b\u0151s\u00e9ge szab\u00e1lyozhat\u00f3, lakattal z\u00e1rhat\u00f3, a l\u00e1ncok alj\u00e1n l\u00e9v\u0151 karik\u00e1ra pedig s\u00falyt lehet akasztani. A sz\u00f6gek nem t\u0171hegyesek, \u00edgy nem hatolnak \u00e1t azonnal a b\u0151r\u00f6n, de meglehet\u0151sen kellemetlenn\u00e9 teszik a fegyelmez\u0151 eszk\u00f6z visel\u00e9s\u00e9t.  Sz\u00f6g n\u00e9lk\u00fcl is rendelheted 23.200 Ft-\u00e9rt.","og_url":"https:\/\/www.leathergirl.eu\/en\/product\/ready-to-lock-and-unlock-herehuzo\/","og_site_name":"A B\u0151r\u00f6s l\u00e1ny","article_publisher":"https:\/\/www.facebook.com\/aboroslany\/","article_modified_time":"2026-01-04T16:07:19+00:00","og_image":[{"width":768,"height":510,"url":"https:\/\/www.leathergirl.eu\/wp-content\/uploads\/2016\/10\/k-szoges-ejtoernyo.jpg","type":"image\/jpeg"}],"schema":{"@context":"https:\/\/schema.org","@graph":[{"@type":"WebPage","@id":"https:\/\/www.leathergirl.eu\/product\/szoeges-lakatolhato-herehuzo\/","url":"https:\/\/www.leathergirl.eu\/product\/szoeges-lakatolhato-herehuzo\/","name":"Nail lockable testicle extractor - The Furry Girl","isPartOf":{"@id":"https:\/\/www.leathergirl.eu\/#website"},"primaryImageOfPage":{"@id":"https:\/\/www.leathergirl.eu\/product\/szoeges-lakatolhato-herehuzo\/#primaryimage"},"image":{"@id":"https:\/\/www.leathergirl.eu\/product\/szoeges-lakatolhato-herehuzo\/#primaryimage"},"thumbnailUrl":"https:\/\/www.leathergirl.eu\/wp-content\/uploads\/2016\/10\/k-szoges-ejtoernyo.jpg","datePublished":"2016-10-10T19:49:32+00:00","dateModified":"2026-01-04T16:07:19+00:00","breadcrumb":{"@id":"https:\/\/www.leathergirl.eu\/product\/szoeges-lakatolhato-herehuzo\/#breadcrumb"},"inLanguage":"en-GB","potentialAction":[{"@type":"ReadAction","target":["https:\/\/www.leathergirl.eu\/product\/szoeges-lakatolhato-herehuzo\/"]}]},{"@type":"ImageObject","inLanguage":"en-GB","@id":"https:\/\/www.leathergirl.eu\/product\/szoeges-lakatolhato-herehuzo\/#primaryimage","url":"https:\/\/www.leathergirl.eu\/wp-content\/uploads\/2016\/10\/k-szoges-ejtoernyo.jpg","contentUrl":"https:\/\/www.leathergirl.eu\/wp-content\/uploads\/2016\/10\/k-szoges-ejtoernyo.jpg","width":768,"height":510},{"@type":"BreadcrumbList","@id":"https:\/\/www.leathergirl.eu\/product\/szoeges-lakatolhato-herehuzo\/#breadcrumb","itemListElement":[{"@type":"ListItem","position":1,"name":"Home","item":"https:\/\/www.leathergirl.eu\/"},{"@type":"ListItem","position":2,"name":"Shop","item":"https:\/\/www.leathergirl.eu\/en\/uzlet\/"},{"@type":"ListItem","position":3,"name":"Sz\u00f6ges lakatolhat\u00f3 hereh\u00faz\u00f3"}]},{"@type":"WebSite","@id":"https:\/\/www.leathergirl.eu\/#website","url":"https:\/\/www.leathergirl.eu\/","name":"The Leather Girl","description":"... LeatherGirl ...","publisher":{"@id":"https:\/\/www.leathergirl.eu\/#organization"},"potentialAction":[{"@type":"SearchAction","target":{"@type":"EntryPoint","urlTemplate":"https:\/\/www.leathergirl.eu\/?s={search_term_string}"},"query-input":{"@type":"PropertyValueSpecification","valueRequired":true,"valueName":"search_term_string"}}],"inLanguage":"en-GB"},{"@type":"Organization","@id":"https:\/\/www.leathergirl.eu\/#organization","name":"The Leather Girl","url":"https:\/\/www.leathergirl.eu\/","logo":{"@type":"ImageObject","inLanguage":"en-GB","@id":"https:\/\/www.leathergirl.eu\/#\/schema\/logo\/image\/","url":"https:\/\/www.leathergirl.eu\/wp-content\/uploads\/2024\/05\/leathergirl-logo.png","contentUrl":"https:\/\/www.leathergirl.eu\/wp-content\/uploads\/2024\/05\/leathergirl-logo.png","width":280,"height":80,"caption":"A B\u0151r\u00f6s l\u00e1ny"},"image":{"@id":"https:\/\/www.leathergirl.eu\/#\/schema\/logo\/image\/"},"sameAs":["https:\/\/www.facebook.com\/aboroslany\/","https:\/\/www.instagram.com\/theleathergirl\/"],"email":"aboroslany@gmail.com","legalName":"Nepp T\u00edmea e.v.","numberOfEmployees":{"@type":"QuantitativeValue","minValue":"1","maxValue":"10"}}]},"product_price_amount":"76.20","product_price_currency":"EUR","og_availability":"instock","product_availability":"instock","product_condition":"new"},"_links":{"self":[{"href":"https:\/\/www.leathergirl.eu\/en\/wp-json\/wp\/v2\/product\/21300","targetHints":{"allow":["GET"]}}],"collection":[{"href":"https:\/\/www.leathergirl.eu\/en\/wp-json\/wp\/v2\/product"}],"about":[{"href":"https:\/\/www.leathergirl.eu\/en\/wp-json\/wp\/v2\/types\/product"}],"wp:featuredmedia":[{"embeddable":true,"href":"https:\/\/www.leathergirl.eu\/en\/wp-json\/wp\/v2\/media\/21296"}],"wp:attachment":[{"href":"https:\/\/www.leathergirl.eu\/en\/wp-json\/wp\/v2\/media?parent=21300"}],"wp:term":[{"taxonomy":"product_brand","embeddable":true,"href":"https:\/\/www.leathergirl.eu\/en\/wp-json\/wp\/v2\/product_brand?post=21300"},{"taxonomy":"product_cat","embeddable":true,"href":"https:\/\/www.leathergirl.eu\/en\/wp-json\/wp\/v2\/product_cat?post=21300"},{"taxonomy":"product_tag","embeddable":true,"href":"https:\/\/www.leathergirl.eu\/en\/wp-json\/wp\/v2\/product_tag?post=21300"}],"curies":[{"name":"wp","href":"https:\/\/api.w.org\/{rel}","templated":true}]}}