{"id":21285,"date":"2016-10-10T19:42:15","date_gmt":"2016-10-10T19:42:15","guid":{"rendered":"http:\/\/www.leathergirl.eu\/?post_type=product&#038;p=21285"},"modified":"2026-01-04T17:09:08","modified_gmt":"2026-01-04T16:09:08","slug":"jockstrap-with-nails","status":"publish","type":"product","link":"https:\/\/www.leathergirl.eu\/en\/product\/jockstrap-with-nails\/","title":{"rendered":"BARBED JOCKSTRAP"},"content":{"rendered":"<p>Men's underwear with zip fastening at the front, all buckles and zipper can be locked. The front is made of two layers of soft leather and the straps are made of two layers of thick leather for durability. Inside the main body I will insert about 150 studs. They are not needle sharp, but they make the underwear quite uncomfortable to wear.<\/p>\n<p>Locks are not included in the product.<\/p>","protected":false},"excerpt":{"rendered":"<p>Men's underwear with zip fastening at the front, all buckles and zipper can be locked. The front is made of two layers of soft leather and the straps are made of two layers of thick leather for durability. Inside the main body I will insert about 150 studs. They are not needle sharp, but they make the underwear quite uncomfortable to wear.<\/p>\n<p>Locks are not included in the product.<\/p>","protected":false},"featured_media":21294,"template":"","meta":{"_et_pb_use_builder":"","_et_pb_old_content":"","_et_gb_content_width":""},"product_brand":[],"product_cat":[43],"product_tag":[],"class_list":{"0":"post-21285","1":"product","2":"type-product","3":"status-publish","4":"has-post-thumbnail","6":"product_cat-spiked-and-studded-things","8":"first","9":"instock","10":"purchasable","11":"product-type-simple"},"yoast_head":"<!-- This site is optimized with the Yoast SEO Premium plugin v26.2 (Yoast SEO v26.3) - https:\/\/yoast.com\/wordpress\/plugins\/seo\/ -->\n<title>SZ\u00d6GES JOCKSTRAP - A B\u0151r\u00f6s l\u00e1ny<\/title>\n<meta name=\"robots\" content=\"index, follow, max-snippet:-1, max-image-preview:large, max-video-preview:-1\" \/>\n<link rel=\"canonical\" href=\"https:\/\/www.leathergirl.eu\/en\/product\/jockstrap-with-nails\/\" \/>\n<meta property=\"og:locale\" content=\"en_GB\" \/>\n<meta property=\"og:type\" content=\"article\" \/>\n<meta property=\"og:title\" content=\"SZ\u00d6GES JOCKSTRAP\" \/>\n<meta property=\"og:description\" content=\"Az elej\u00e9n cipz\u00e1rral nyithat\u00f3, az \u00f6sszes csatn\u00e1l \u00e9s a cipz\u00e1rn\u00e1l is lakatolhat\u00f3 f\u00e9rfi als\u00f3. Az elej\u00e9t k\u00e9t r\u00e9teg puha b\u0151rb\u0151l k\u00e9sz\u00edtem, a sz\u00edjakat pedig k\u00e9t r\u00e9teg vastag b\u0151rb\u0151l, hogy tart\u00f3s legyen. A f\u0151r\u00e9sz belsej\u00e9be mintegy 150 db sz\u00f6get helyezek el. Ezek nem t\u0171hegyesek, de meglehet\u0151sen kellemetlenn\u00e9 teszik az als\u00f3 visel\u00e9s\u00e9t.  A term\u00e9k a lakatokat nem tartalmazza.\" \/>\n<meta property=\"og:url\" content=\"https:\/\/www.leathergirl.eu\/en\/product\/jockstrap-with-nails\/\" \/>\n<meta property=\"og:site_name\" content=\"A B\u0151r\u00f6s l\u00e1ny\" \/>\n<meta property=\"article:publisher\" content=\"https:\/\/www.facebook.com\/aboroslany\/\" \/>\n<meta property=\"article:modified_time\" content=\"2026-01-04T16:09:08+00:00\" \/>\n<meta property=\"og:image\" content=\"https:\/\/www.leathergirl.eu\/wp-content\/uploads\/2016\/10\/k-jockstrap-nyitva-egesz.jpg\" \/>\n\t<meta property=\"og:image:width\" content=\"768\" \/>\n\t<meta property=\"og:image:height\" content=\"421\" \/>\n\t<meta property=\"og:image:type\" content=\"image\/jpeg\" \/>\n<script type=\"application\/ld+json\" class=\"yoast-schema-graph\">{\"@context\":\"https:\/\/schema.org\",\"@graph\":[{\"@type\":\"WebPage\",\"@id\":\"https:\/\/www.leathergirl.eu\/product\/szoegekkel-belelt-jockstrap\/\",\"url\":\"https:\/\/www.leathergirl.eu\/product\/szoegekkel-belelt-jockstrap\/\",\"name\":\"SZ\u00d6GES JOCKSTRAP - A B\u0151r\u00f6s l\u00e1ny\",\"isPartOf\":{\"@id\":\"https:\/\/www.leathergirl.eu\/#website\"},\"primaryImageOfPage\":{\"@id\":\"https:\/\/www.leathergirl.eu\/product\/szoegekkel-belelt-jockstrap\/#primaryimage\"},\"image\":{\"@id\":\"https:\/\/www.leathergirl.eu\/product\/szoegekkel-belelt-jockstrap\/#primaryimage\"},\"thumbnailUrl\":\"https:\/\/www.leathergirl.eu\/wp-content\/uploads\/2016\/10\/k-jockstrap-nyitva-egesz.jpg\",\"datePublished\":\"2016-10-10T19:42:15+00:00\",\"dateModified\":\"2026-01-04T16:09:08+00:00\",\"breadcrumb\":{\"@id\":\"https:\/\/www.leathergirl.eu\/product\/szoegekkel-belelt-jockstrap\/#breadcrumb\"},\"inLanguage\":\"en-GB\",\"potentialAction\":[{\"@type\":\"ReadAction\",\"target\":[\"https:\/\/www.leathergirl.eu\/product\/szoegekkel-belelt-jockstrap\/\"]}]},{\"@type\":\"ImageObject\",\"inLanguage\":\"en-GB\",\"@id\":\"https:\/\/www.leathergirl.eu\/product\/szoegekkel-belelt-jockstrap\/#primaryimage\",\"url\":\"https:\/\/www.leathergirl.eu\/wp-content\/uploads\/2016\/10\/k-jockstrap-nyitva-egesz.jpg\",\"contentUrl\":\"https:\/\/www.leathergirl.eu\/wp-content\/uploads\/2016\/10\/k-jockstrap-nyitva-egesz.jpg\",\"width\":768,\"height\":421},{\"@type\":\"BreadcrumbList\",\"@id\":\"https:\/\/www.leathergirl.eu\/product\/szoegekkel-belelt-jockstrap\/#breadcrumb\",\"itemListElement\":[{\"@type\":\"ListItem\",\"position\":1,\"name\":\"Home\",\"item\":\"https:\/\/www.leathergirl.eu\/\"},{\"@type\":\"ListItem\",\"position\":2,\"name\":\"Shop\",\"item\":\"https:\/\/www.leathergirl.eu\/en\/uzlet\/\"},{\"@type\":\"ListItem\",\"position\":3,\"name\":\"SZ\u00d6GES JOCKSTRAP\"}]},{\"@type\":\"WebSite\",\"@id\":\"https:\/\/www.leathergirl.eu\/#website\",\"url\":\"https:\/\/www.leathergirl.eu\/\",\"name\":\"A B\u0151r\u00f6s l\u00e1ny\",\"description\":\"... LeatherGirl ...\",\"publisher\":{\"@id\":\"https:\/\/www.leathergirl.eu\/#organization\"},\"potentialAction\":[{\"@type\":\"SearchAction\",\"target\":{\"@type\":\"EntryPoint\",\"urlTemplate\":\"https:\/\/www.leathergirl.eu\/?s={search_term_string}\"},\"query-input\":{\"@type\":\"PropertyValueSpecification\",\"valueRequired\":true,\"valueName\":\"search_term_string\"}}],\"inLanguage\":\"en-GB\"},{\"@type\":\"Organization\",\"@id\":\"https:\/\/www.leathergirl.eu\/#organization\",\"name\":\"A B\u0151r\u00f6s l\u00e1ny\",\"url\":\"https:\/\/www.leathergirl.eu\/\",\"logo\":{\"@type\":\"ImageObject\",\"inLanguage\":\"en-GB\",\"@id\":\"https:\/\/www.leathergirl.eu\/#\/schema\/logo\/image\/\",\"url\":\"https:\/\/www.leathergirl.eu\/wp-content\/uploads\/2024\/05\/leathergirl-logo.png\",\"contentUrl\":\"https:\/\/www.leathergirl.eu\/wp-content\/uploads\/2024\/05\/leathergirl-logo.png\",\"width\":280,\"height\":80,\"caption\":\"A B\u0151r\u00f6s l\u00e1ny\"},\"image\":{\"@id\":\"https:\/\/www.leathergirl.eu\/#\/schema\/logo\/image\/\"},\"sameAs\":[\"https:\/\/www.facebook.com\/aboroslany\/\",\"https:\/\/www.instagram.com\/theleathergirl\/\"],\"email\":\"aboroslany@gmail.com\",\"legalName\":\"Nepp T\u00edmea e.v.\",\"numberOfEmployees\":{\"@type\":\"QuantitativeValue\",\"minValue\":\"1\",\"maxValue\":\"10\"}}]}<\/script>\n<meta property=\"product:price:amount\" content=\"192.30\" \/>\n<meta property=\"product:price:currency\" content=\"EUR\" \/>\n<meta property=\"og:availability\" content=\"instock\" \/>\n<meta property=\"product:availability\" content=\"instock\" \/>\n<meta property=\"product:condition\" content=\"new\" \/>\n<!-- \/ Yoast SEO Premium plugin. -->","yoast_head_json":{"title":"TIGHT JOCKSTRAP - The Furry Girl","robots":{"index":"index","follow":"follow","max-snippet":"max-snippet:-1","max-image-preview":"max-image-preview:large","max-video-preview":"max-video-preview:-1"},"canonical":"https:\/\/www.leathergirl.eu\/en\/product\/jockstrap-with-nails\/","og_locale":"en_GB","og_type":"article","og_title":"SZ\u00d6GES JOCKSTRAP","og_description":"Az elej\u00e9n cipz\u00e1rral nyithat\u00f3, az \u00f6sszes csatn\u00e1l \u00e9s a cipz\u00e1rn\u00e1l is lakatolhat\u00f3 f\u00e9rfi als\u00f3. Az elej\u00e9t k\u00e9t r\u00e9teg puha b\u0151rb\u0151l k\u00e9sz\u00edtem, a sz\u00edjakat pedig k\u00e9t r\u00e9teg vastag b\u0151rb\u0151l, hogy tart\u00f3s legyen. A f\u0151r\u00e9sz belsej\u00e9be mintegy 150 db sz\u00f6get helyezek el. Ezek nem t\u0171hegyesek, de meglehet\u0151sen kellemetlenn\u00e9 teszik az als\u00f3 visel\u00e9s\u00e9t.  A term\u00e9k a lakatokat nem tartalmazza.","og_url":"https:\/\/www.leathergirl.eu\/en\/product\/jockstrap-with-nails\/","og_site_name":"A B\u0151r\u00f6s l\u00e1ny","article_publisher":"https:\/\/www.facebook.com\/aboroslany\/","article_modified_time":"2026-01-04T16:09:08+00:00","og_image":[{"width":768,"height":421,"url":"https:\/\/www.leathergirl.eu\/wp-content\/uploads\/2016\/10\/k-jockstrap-nyitva-egesz.jpg","type":"image\/jpeg"}],"schema":{"@context":"https:\/\/schema.org","@graph":[{"@type":"WebPage","@id":"https:\/\/www.leathergirl.eu\/product\/szoegekkel-belelt-jockstrap\/","url":"https:\/\/www.leathergirl.eu\/product\/szoegekkel-belelt-jockstrap\/","name":"TIGHT JOCKSTRAP - The Furry Girl","isPartOf":{"@id":"https:\/\/www.leathergirl.eu\/#website"},"primaryImageOfPage":{"@id":"https:\/\/www.leathergirl.eu\/product\/szoegekkel-belelt-jockstrap\/#primaryimage"},"image":{"@id":"https:\/\/www.leathergirl.eu\/product\/szoegekkel-belelt-jockstrap\/#primaryimage"},"thumbnailUrl":"https:\/\/www.leathergirl.eu\/wp-content\/uploads\/2016\/10\/k-jockstrap-nyitva-egesz.jpg","datePublished":"2016-10-10T19:42:15+00:00","dateModified":"2026-01-04T16:09:08+00:00","breadcrumb":{"@id":"https:\/\/www.leathergirl.eu\/product\/szoegekkel-belelt-jockstrap\/#breadcrumb"},"inLanguage":"en-GB","potentialAction":[{"@type":"ReadAction","target":["https:\/\/www.leathergirl.eu\/product\/szoegekkel-belelt-jockstrap\/"]}]},{"@type":"ImageObject","inLanguage":"en-GB","@id":"https:\/\/www.leathergirl.eu\/product\/szoegekkel-belelt-jockstrap\/#primaryimage","url":"https:\/\/www.leathergirl.eu\/wp-content\/uploads\/2016\/10\/k-jockstrap-nyitva-egesz.jpg","contentUrl":"https:\/\/www.leathergirl.eu\/wp-content\/uploads\/2016\/10\/k-jockstrap-nyitva-egesz.jpg","width":768,"height":421},{"@type":"BreadcrumbList","@id":"https:\/\/www.leathergirl.eu\/product\/szoegekkel-belelt-jockstrap\/#breadcrumb","itemListElement":[{"@type":"ListItem","position":1,"name":"Home","item":"https:\/\/www.leathergirl.eu\/"},{"@type":"ListItem","position":2,"name":"Shop","item":"https:\/\/www.leathergirl.eu\/en\/uzlet\/"},{"@type":"ListItem","position":3,"name":"SZ\u00d6GES JOCKSTRAP"}]},{"@type":"WebSite","@id":"https:\/\/www.leathergirl.eu\/#website","url":"https:\/\/www.leathergirl.eu\/","name":"The Leather Girl","description":"... LeatherGirl ...","publisher":{"@id":"https:\/\/www.leathergirl.eu\/#organization"},"potentialAction":[{"@type":"SearchAction","target":{"@type":"EntryPoint","urlTemplate":"https:\/\/www.leathergirl.eu\/?s={search_term_string}"},"query-input":{"@type":"PropertyValueSpecification","valueRequired":true,"valueName":"search_term_string"}}],"inLanguage":"en-GB"},{"@type":"Organization","@id":"https:\/\/www.leathergirl.eu\/#organization","name":"The Leather Girl","url":"https:\/\/www.leathergirl.eu\/","logo":{"@type":"ImageObject","inLanguage":"en-GB","@id":"https:\/\/www.leathergirl.eu\/#\/schema\/logo\/image\/","url":"https:\/\/www.leathergirl.eu\/wp-content\/uploads\/2024\/05\/leathergirl-logo.png","contentUrl":"https:\/\/www.leathergirl.eu\/wp-content\/uploads\/2024\/05\/leathergirl-logo.png","width":280,"height":80,"caption":"A B\u0151r\u00f6s l\u00e1ny"},"image":{"@id":"https:\/\/www.leathergirl.eu\/#\/schema\/logo\/image\/"},"sameAs":["https:\/\/www.facebook.com\/aboroslany\/","https:\/\/www.instagram.com\/theleathergirl\/"],"email":"aboroslany@gmail.com","legalName":"Nepp T\u00edmea e.v.","numberOfEmployees":{"@type":"QuantitativeValue","minValue":"1","maxValue":"10"}}]},"product_price_amount":"192.30","product_price_currency":"EUR","og_availability":"instock","product_availability":"instock","product_condition":"new"},"_links":{"self":[{"href":"https:\/\/www.leathergirl.eu\/en\/wp-json\/wp\/v2\/product\/21285","targetHints":{"allow":["GET"]}}],"collection":[{"href":"https:\/\/www.leathergirl.eu\/en\/wp-json\/wp\/v2\/product"}],"about":[{"href":"https:\/\/www.leathergirl.eu\/en\/wp-json\/wp\/v2\/types\/product"}],"wp:featuredmedia":[{"embeddable":true,"href":"https:\/\/www.leathergirl.eu\/en\/wp-json\/wp\/v2\/media\/21294"}],"wp:attachment":[{"href":"https:\/\/www.leathergirl.eu\/en\/wp-json\/wp\/v2\/media?parent=21285"}],"wp:term":[{"taxonomy":"product_brand","embeddable":true,"href":"https:\/\/www.leathergirl.eu\/en\/wp-json\/wp\/v2\/product_brand?post=21285"},{"taxonomy":"product_cat","embeddable":true,"href":"https:\/\/www.leathergirl.eu\/en\/wp-json\/wp\/v2\/product_cat?post=21285"},{"taxonomy":"product_tag","embeddable":true,"href":"https:\/\/www.leathergirl.eu\/en\/wp-json\/wp\/v2\/product_tag?post=21285"}],"curies":[{"name":"wp","href":"https:\/\/api.w.org\/{rel}","templated":true}]}}