{"id":21278,"date":"2016-10-10T19:34:46","date_gmt":"2016-10-10T19:34:46","guid":{"rendered":"http:\/\/www.leathergirl.eu\/?post_type=product&#038;p=21278"},"modified":"2024-08-02T14:03:46","modified_gmt":"2024-08-02T12:03:46","slug":"koetoezossiak","status":"publish","type":"product","link":"https:\/\/www.leathergirl.eu\/en\/product\/koetoezossiak\/","title":{"rendered":"Extra binding straps"},"content":{"rendered":"<p>Do you need some strong leather straps to fulfil a bondage fantasy? Let me know what size you want, whether you want to be able to bind them together and I'll work it out. I can show you some pictures of the straps I've created so far but you can ask for your own design too.<br \/>\n<strong>You can get a personalized offer for\u00a0 the straps.\n\nLocks are not included.<\/strong><\/p>","protected":false},"excerpt":{"rendered":"<p>Do you need some strong leather straps to fulfil a bondage fantasy? Let me know what size you want, whether you want to be able to bind them together and I'll work it out. I can show you some pictures of the straps I've created so far but you can ask for your own design too.<br \/>\n<strong>You can get a personalized offer for\u00a0 the straps.\n\nLocks are not included.<\/strong><\/p>","protected":false},"featured_media":21284,"template":"","meta":{"_et_pb_use_builder":"","_et_pb_old_content":"","_et_gb_content_width":""},"product_brand":[],"product_cat":[29],"product_tag":[],"class_list":{"0":"post-21278","1":"product","2":"type-product","3":"status-publish","4":"has-post-thumbnail","6":"product_cat-restraints","8":"first","9":"instock","10":"product-type-simple"},"yoast_head":"<!-- This site is optimized with the Yoast SEO Premium plugin v26.2 (Yoast SEO v26.3) - https:\/\/yoast.com\/wordpress\/plugins\/seo\/ -->\n<title>K\u00f6t\u00f6z\u0151sz\u00edjak - A B\u0151r\u00f6s l\u00e1ny<\/title>\n<meta name=\"robots\" content=\"index, follow, max-snippet:-1, max-image-preview:large, max-video-preview:-1\" \/>\n<link rel=\"canonical\" href=\"https:\/\/www.leathergirl.eu\/en\/product\/koetoezossiak\/\" \/>\n<meta property=\"og:locale\" content=\"en_GB\" \/>\n<meta property=\"og:type\" content=\"article\" \/>\n<meta property=\"og:title\" content=\"K\u00f6t\u00f6z\u0151sz\u00edjak\" \/>\n<meta property=\"og:description\" content=\"Sz\u00fcks\u00e9ged lenne er\u0151s b\u0151r sz\u00edjakra a kik\u00f6t\u00f6z\u0151s fant\u00e1zi\u00e1id megval\u00f3s\u00edt\u00e1s\u00e1hoz? \u00cdrd meg milyen m\u00e9ret\u0171 sz\u00edjakat szeretn\u00e9l, hogy kell-e \u0151ket egym\u00e1shoz r\u00f6gz\u00edteni, \u00e9s megoldom. Mutatok n\u00e9h\u00e1ny k\u00e9pet az eddig elk\u00e9sz\u00fclt sz\u00edjakr\u00f3l, de term\u00e9szetesen a lehet\u0151s\u00e9gek t\u00e1rh\u00e1za v\u00e9gtelen. A SZ\u00cdJAKRA EGYEZTET\u00c9S UT\u00c1N EGYEDI \u00c1RAJ\u00c1NLATOT ADOK.\" \/>\n<meta property=\"og:url\" content=\"https:\/\/www.leathergirl.eu\/en\/product\/koetoezossiak\/\" \/>\n<meta property=\"og:site_name\" content=\"A B\u0151r\u00f6s l\u00e1ny\" \/>\n<meta property=\"article:publisher\" content=\"https:\/\/www.facebook.com\/aboroslany\/\" \/>\n<meta property=\"article:modified_time\" content=\"2024-08-02T12:03:46+00:00\" \/>\n<meta property=\"og:image\" content=\"https:\/\/www.leathergirl.eu\/wp-content\/uploads\/2016\/10\/k-szijak2.jpg\" \/>\n\t<meta property=\"og:image:width\" content=\"768\" \/>\n\t<meta property=\"og:image:height\" content=\"491\" \/>\n\t<meta property=\"og:image:type\" content=\"image\/jpeg\" \/>\n<script type=\"application\/ld+json\" class=\"yoast-schema-graph\">{\"@context\":\"https:\/\/schema.org\",\"@graph\":[{\"@type\":\"WebPage\",\"@id\":\"https:\/\/www.leathergirl.eu\/product\/koetoezoszijak\/\",\"url\":\"https:\/\/www.leathergirl.eu\/product\/koetoezoszijak\/\",\"name\":\"K\u00f6t\u00f6z\u0151sz\u00edjak - A B\u0151r\u00f6s l\u00e1ny\",\"isPartOf\":{\"@id\":\"https:\/\/www.leathergirl.eu\/#website\"},\"primaryImageOfPage\":{\"@id\":\"https:\/\/www.leathergirl.eu\/product\/koetoezoszijak\/#primaryimage\"},\"image\":{\"@id\":\"https:\/\/www.leathergirl.eu\/product\/koetoezoszijak\/#primaryimage\"},\"thumbnailUrl\":\"https:\/\/www.leathergirl.eu\/wp-content\/uploads\/2016\/10\/k-szijak2.jpg\",\"datePublished\":\"2016-10-10T19:34:46+00:00\",\"dateModified\":\"2024-08-02T12:03:46+00:00\",\"breadcrumb\":{\"@id\":\"https:\/\/www.leathergirl.eu\/product\/koetoezoszijak\/#breadcrumb\"},\"inLanguage\":\"en-GB\",\"potentialAction\":[{\"@type\":\"ReadAction\",\"target\":[\"https:\/\/www.leathergirl.eu\/product\/koetoezoszijak\/\"]}]},{\"@type\":\"ImageObject\",\"inLanguage\":\"en-GB\",\"@id\":\"https:\/\/www.leathergirl.eu\/product\/koetoezoszijak\/#primaryimage\",\"url\":\"https:\/\/www.leathergirl.eu\/wp-content\/uploads\/2016\/10\/k-szijak2.jpg\",\"contentUrl\":\"https:\/\/www.leathergirl.eu\/wp-content\/uploads\/2016\/10\/k-szijak2.jpg\",\"width\":768,\"height\":491},{\"@type\":\"BreadcrumbList\",\"@id\":\"https:\/\/www.leathergirl.eu\/product\/koetoezoszijak\/#breadcrumb\",\"itemListElement\":[{\"@type\":\"ListItem\",\"position\":1,\"name\":\"Home\",\"item\":\"https:\/\/www.leathergirl.eu\/\"},{\"@type\":\"ListItem\",\"position\":2,\"name\":\"Shop\",\"item\":\"https:\/\/www.leathergirl.eu\/en\/uzlet\/\"},{\"@type\":\"ListItem\",\"position\":3,\"name\":\"K\u00f6t\u00f6z\u0151sz\u00edjak\"}]},{\"@type\":\"WebSite\",\"@id\":\"https:\/\/www.leathergirl.eu\/#website\",\"url\":\"https:\/\/www.leathergirl.eu\/\",\"name\":\"A B\u0151r\u00f6s l\u00e1ny\",\"description\":\"... LeatherGirl ...\",\"publisher\":{\"@id\":\"https:\/\/www.leathergirl.eu\/#organization\"},\"potentialAction\":[{\"@type\":\"SearchAction\",\"target\":{\"@type\":\"EntryPoint\",\"urlTemplate\":\"https:\/\/www.leathergirl.eu\/?s={search_term_string}\"},\"query-input\":{\"@type\":\"PropertyValueSpecification\",\"valueRequired\":true,\"valueName\":\"search_term_string\"}}],\"inLanguage\":\"en-GB\"},{\"@type\":\"Organization\",\"@id\":\"https:\/\/www.leathergirl.eu\/#organization\",\"name\":\"A B\u0151r\u00f6s l\u00e1ny\",\"url\":\"https:\/\/www.leathergirl.eu\/\",\"logo\":{\"@type\":\"ImageObject\",\"inLanguage\":\"en-GB\",\"@id\":\"https:\/\/www.leathergirl.eu\/#\/schema\/logo\/image\/\",\"url\":\"https:\/\/www.leathergirl.eu\/wp-content\/uploads\/2024\/05\/leathergirl-logo.png\",\"contentUrl\":\"https:\/\/www.leathergirl.eu\/wp-content\/uploads\/2024\/05\/leathergirl-logo.png\",\"width\":280,\"height\":80,\"caption\":\"A B\u0151r\u00f6s l\u00e1ny\"},\"image\":{\"@id\":\"https:\/\/www.leathergirl.eu\/#\/schema\/logo\/image\/\"},\"sameAs\":[\"https:\/\/www.facebook.com\/aboroslany\/\",\"https:\/\/www.instagram.com\/theleathergirl\/\"],\"email\":\"aboroslany@gmail.com\",\"legalName\":\"Nepp T\u00edmea e.v.\",\"numberOfEmployees\":{\"@type\":\"QuantitativeValue\",\"minValue\":\"1\",\"maxValue\":\"10\"}}]}<\/script>\n<meta property=\"product:price:amount\" content=\"0.00\" \/>\n<meta property=\"product:price:currency\" content=\"EUR\" \/>\n<meta property=\"og:availability\" content=\"instock\" \/>\n<meta property=\"product:availability\" content=\"instock\" \/>\n<meta property=\"product:condition\" content=\"new\" \/>\n<!-- \/ Yoast SEO Premium plugin. -->","yoast_head_json":{"title":"Binding straps - The Furry Girl","robots":{"index":"index","follow":"follow","max-snippet":"max-snippet:-1","max-image-preview":"max-image-preview:large","max-video-preview":"max-video-preview:-1"},"canonical":"https:\/\/www.leathergirl.eu\/en\/product\/koetoezossiak\/","og_locale":"en_GB","og_type":"article","og_title":"K\u00f6t\u00f6z\u0151sz\u00edjak","og_description":"Sz\u00fcks\u00e9ged lenne er\u0151s b\u0151r sz\u00edjakra a kik\u00f6t\u00f6z\u0151s fant\u00e1zi\u00e1id megval\u00f3s\u00edt\u00e1s\u00e1hoz? \u00cdrd meg milyen m\u00e9ret\u0171 sz\u00edjakat szeretn\u00e9l, hogy kell-e \u0151ket egym\u00e1shoz r\u00f6gz\u00edteni, \u00e9s megoldom. Mutatok n\u00e9h\u00e1ny k\u00e9pet az eddig elk\u00e9sz\u00fclt sz\u00edjakr\u00f3l, de term\u00e9szetesen a lehet\u0151s\u00e9gek t\u00e1rh\u00e1za v\u00e9gtelen. A SZ\u00cdJAKRA EGYEZTET\u00c9S UT\u00c1N EGYEDI \u00c1RAJ\u00c1NLATOT ADOK.","og_url":"https:\/\/www.leathergirl.eu\/en\/product\/koetoezossiak\/","og_site_name":"A B\u0151r\u00f6s l\u00e1ny","article_publisher":"https:\/\/www.facebook.com\/aboroslany\/","article_modified_time":"2024-08-02T12:03:46+00:00","og_image":[{"width":768,"height":491,"url":"https:\/\/www.leathergirl.eu\/wp-content\/uploads\/2016\/10\/k-szijak2.jpg","type":"image\/jpeg"}],"schema":{"@context":"https:\/\/schema.org","@graph":[{"@type":"WebPage","@id":"https:\/\/www.leathergirl.eu\/product\/koetoezoszijak\/","url":"https:\/\/www.leathergirl.eu\/product\/koetoezoszijak\/","name":"Binding straps - The Furry Girl","isPartOf":{"@id":"https:\/\/www.leathergirl.eu\/#website"},"primaryImageOfPage":{"@id":"https:\/\/www.leathergirl.eu\/product\/koetoezoszijak\/#primaryimage"},"image":{"@id":"https:\/\/www.leathergirl.eu\/product\/koetoezoszijak\/#primaryimage"},"thumbnailUrl":"https:\/\/www.leathergirl.eu\/wp-content\/uploads\/2016\/10\/k-szijak2.jpg","datePublished":"2016-10-10T19:34:46+00:00","dateModified":"2024-08-02T12:03:46+00:00","breadcrumb":{"@id":"https:\/\/www.leathergirl.eu\/product\/koetoezoszijak\/#breadcrumb"},"inLanguage":"en-GB","potentialAction":[{"@type":"ReadAction","target":["https:\/\/www.leathergirl.eu\/product\/koetoezoszijak\/"]}]},{"@type":"ImageObject","inLanguage":"en-GB","@id":"https:\/\/www.leathergirl.eu\/product\/koetoezoszijak\/#primaryimage","url":"https:\/\/www.leathergirl.eu\/wp-content\/uploads\/2016\/10\/k-szijak2.jpg","contentUrl":"https:\/\/www.leathergirl.eu\/wp-content\/uploads\/2016\/10\/k-szijak2.jpg","width":768,"height":491},{"@type":"BreadcrumbList","@id":"https:\/\/www.leathergirl.eu\/product\/koetoezoszijak\/#breadcrumb","itemListElement":[{"@type":"ListItem","position":1,"name":"Home","item":"https:\/\/www.leathergirl.eu\/"},{"@type":"ListItem","position":2,"name":"Shop","item":"https:\/\/www.leathergirl.eu\/en\/uzlet\/"},{"@type":"ListItem","position":3,"name":"K\u00f6t\u00f6z\u0151sz\u00edjak"}]},{"@type":"WebSite","@id":"https:\/\/www.leathergirl.eu\/#website","url":"https:\/\/www.leathergirl.eu\/","name":"The Leather Girl","description":"... LeatherGirl ...","publisher":{"@id":"https:\/\/www.leathergirl.eu\/#organization"},"potentialAction":[{"@type":"SearchAction","target":{"@type":"EntryPoint","urlTemplate":"https:\/\/www.leathergirl.eu\/?s={search_term_string}"},"query-input":{"@type":"PropertyValueSpecification","valueRequired":true,"valueName":"search_term_string"}}],"inLanguage":"en-GB"},{"@type":"Organization","@id":"https:\/\/www.leathergirl.eu\/#organization","name":"The Leather Girl","url":"https:\/\/www.leathergirl.eu\/","logo":{"@type":"ImageObject","inLanguage":"en-GB","@id":"https:\/\/www.leathergirl.eu\/#\/schema\/logo\/image\/","url":"https:\/\/www.leathergirl.eu\/wp-content\/uploads\/2024\/05\/leathergirl-logo.png","contentUrl":"https:\/\/www.leathergirl.eu\/wp-content\/uploads\/2024\/05\/leathergirl-logo.png","width":280,"height":80,"caption":"A B\u0151r\u00f6s l\u00e1ny"},"image":{"@id":"https:\/\/www.leathergirl.eu\/#\/schema\/logo\/image\/"},"sameAs":["https:\/\/www.facebook.com\/aboroslany\/","https:\/\/www.instagram.com\/theleathergirl\/"],"email":"aboroslany@gmail.com","legalName":"Nepp T\u00edmea e.v.","numberOfEmployees":{"@type":"QuantitativeValue","minValue":"1","maxValue":"10"}}]},"product_price_amount":"0.00","product_price_currency":"EUR","og_availability":"instock","product_availability":"instock","product_condition":"new"},"_links":{"self":[{"href":"https:\/\/www.leathergirl.eu\/en\/wp-json\/wp\/v2\/product\/21278","targetHints":{"allow":["GET"]}}],"collection":[{"href":"https:\/\/www.leathergirl.eu\/en\/wp-json\/wp\/v2\/product"}],"about":[{"href":"https:\/\/www.leathergirl.eu\/en\/wp-json\/wp\/v2\/types\/product"}],"wp:featuredmedia":[{"embeddable":true,"href":"https:\/\/www.leathergirl.eu\/en\/wp-json\/wp\/v2\/media\/21284"}],"wp:attachment":[{"href":"https:\/\/www.leathergirl.eu\/en\/wp-json\/wp\/v2\/media?parent=21278"}],"wp:term":[{"taxonomy":"product_brand","embeddable":true,"href":"https:\/\/www.leathergirl.eu\/en\/wp-json\/wp\/v2\/product_brand?post=21278"},{"taxonomy":"product_cat","embeddable":true,"href":"https:\/\/www.leathergirl.eu\/en\/wp-json\/wp\/v2\/product_cat?post=21278"},{"taxonomy":"product_tag","embeddable":true,"href":"https:\/\/www.leathergirl.eu\/en\/wp-json\/wp\/v2\/product_tag?post=21278"}],"curies":[{"name":"wp","href":"https:\/\/api.w.org\/{rel}","templated":true}]}}