{"id":21277,"date":"2016-10-10T19:27:31","date_gmt":"2016-10-10T19:27:31","guid":{"rendered":"http:\/\/www.leathergirl.eu\/?post_type=product&#038;p=21277"},"modified":"2026-01-03T14:21:08","modified_gmt":"2026-01-03T13:21:08","slug":"arm-with-hatrakoeto-clamps","status":"publish","type":"product","link":"https:\/\/www.leathergirl.eu\/en\/product\/arm-with-hatrakoeto-clamps\/","title":{"rendered":"Arm binder with cuffs"},"content":{"rendered":"<p>The arm binders are made of 4cm wide double layered leather straps. The length is adjustable, comes with snaphook and strong wrist cuffs and a collar. <a href=\"https:\/\/www.leathergirl.eu\/termek\/kar-hatrakoeto\/\" target=\"_blank\" rel=\"noopener\">HERE<\/a> !<\/p>\n<p>Modell photo: <a href=\"Model photo: &lt;a href=&quot;https:\/\/www.facebook.com\/FetishExtremePictureBest\/&quot;&gt;https:\/\/www.facebook.com\/FetishExtremePictureBest\/&lt;\/a&gt;\">Model photo: <a href=\"https:\/\/www.facebook.com\/FetishExtremePictureBest\/\">https:\/\/www.facebook.com\/FetishExtremePictureBest\/<\/a><\/a><\/p>\n<p>&nbsp;<\/p>","protected":false},"excerpt":{"rendered":"<p>Wrist strap 4 cm wide, made of two layers of leather straps, adjustable length, with carabiners, extra strong wrist and neck buckles. <a href=\"https:\/\/www.leathergirl.eu\/termek\/kar-hatrakoeto\/\" target=\"_blank\" rel=\"noopener\">HERE<\/a> !<\/p>\n<p>Modell photo: <a href=\"Model photo: &lt;a href=&quot;https:\/\/www.facebook.com\/FetishExtremePictureBest\/&quot;&gt;https:\/\/www.facebook.com\/FetishExtremePictureBest\/&lt;\/a&gt;\">Model photo: <a href=\"https:\/\/www.facebook.com\/FetishExtremePictureBest\/\">https:\/\/www.facebook.com\/FetishExtremePictureBest\/<\/a><\/a><\/p>","protected":false},"featured_media":23249,"template":"","meta":{"_et_pb_use_builder":"","_et_pb_old_content":"","_et_gb_content_width":""},"product_brand":[],"product_cat":[18,29],"product_tag":[],"class_list":{"0":"post-21277","1":"product","2":"type-product","3":"status-publish","4":"has-post-thumbnail","6":"product_cat-sets","7":"product_cat-restraints","9":"first","10":"instock","11":"purchasable","12":"product-type-simple"},"yoast_head":"<!-- This site is optimized with the Yoast SEO Premium plugin v26.2 (Yoast SEO v26.3) - https:\/\/yoast.com\/wordpress\/plugins\/seo\/ -->\n<title>Kar h\u00e1trak\u00f6t\u0151 bilincsekkel - A B\u0151r\u00f6s l\u00e1ny<\/title>\n<meta name=\"robots\" content=\"index, follow, max-snippet:-1, max-image-preview:large, max-video-preview:-1\" \/>\n<link rel=\"canonical\" href=\"https:\/\/www.leathergirl.eu\/en\/product\/arm-with-hatrakoeto-clamps\/\" \/>\n<meta property=\"og:locale\" content=\"en_GB\" \/>\n<meta property=\"og:type\" content=\"article\" \/>\n<meta property=\"og:title\" content=\"Kar h\u00e1trak\u00f6t\u0151 bilincsekkel\" \/>\n<meta property=\"og:description\" content=\"KARK\u00d6T\u00d6Z\u0150 4 cm sz\u00e9les, k\u00e9t r\u00e9teg b\u0151r sz\u00edjakb\u00f3l, szab\u00e1lyozhat\u00f3 hossz\u00fas\u00e1gban, karabinerekkel, extra er\u0151s csukl\u00f3- \u00e9s nyakbilinccsel.\u00a0A kark\u00f6t\u00f6z\u0151t \u00f6nmag\u00e1ban ITT n\u00e9zheted meg.  Modell foto: https:\/\/www.facebook.com\/FetishExtremePictureBest\/\" \/>\n<meta property=\"og:url\" content=\"https:\/\/www.leathergirl.eu\/en\/product\/arm-with-hatrakoeto-clamps\/\" \/>\n<meta property=\"og:site_name\" content=\"A B\u0151r\u00f6s l\u00e1ny\" \/>\n<meta property=\"article:publisher\" content=\"https:\/\/www.facebook.com\/aboroslany\/\" \/>\n<meta property=\"article:modified_time\" content=\"2026-01-03T13:21:08+00:00\" \/>\n<meta property=\"og:image\" content=\"https:\/\/www.leathergirl.eu\/wp-content\/uploads\/2016\/10\/k-CHR_9818-masolat.png\" \/>\n\t<meta property=\"og:image:width\" content=\"591\" \/>\n\t<meta property=\"og:image:height\" content=\"800\" \/>\n\t<meta property=\"og:image:type\" content=\"image\/png\" \/>\n<script type=\"application\/ld+json\" class=\"yoast-schema-graph\">{\"@context\":\"https:\/\/schema.org\",\"@graph\":[{\"@type\":\"WebPage\",\"@id\":\"https:\/\/www.leathergirl.eu\/product\/kar-hatrakoeto-bilincsekkel\/\",\"url\":\"https:\/\/www.leathergirl.eu\/product\/kar-hatrakoeto-bilincsekkel\/\",\"name\":\"Kar h\u00e1trak\u00f6t\u0151 bilincsekkel - A B\u0151r\u00f6s l\u00e1ny\",\"isPartOf\":{\"@id\":\"https:\/\/www.leathergirl.eu\/#website\"},\"primaryImageOfPage\":{\"@id\":\"https:\/\/www.leathergirl.eu\/product\/kar-hatrakoeto-bilincsekkel\/#primaryimage\"},\"image\":{\"@id\":\"https:\/\/www.leathergirl.eu\/product\/kar-hatrakoeto-bilincsekkel\/#primaryimage\"},\"thumbnailUrl\":\"https:\/\/www.leathergirl.eu\/wp-content\/uploads\/2016\/10\/k-CHR_9818-masolat.png\",\"datePublished\":\"2016-10-10T19:27:31+00:00\",\"dateModified\":\"2026-01-03T13:21:08+00:00\",\"breadcrumb\":{\"@id\":\"https:\/\/www.leathergirl.eu\/product\/kar-hatrakoeto-bilincsekkel\/#breadcrumb\"},\"inLanguage\":\"en-GB\",\"potentialAction\":[{\"@type\":\"ReadAction\",\"target\":[\"https:\/\/www.leathergirl.eu\/product\/kar-hatrakoeto-bilincsekkel\/\"]}]},{\"@type\":\"ImageObject\",\"inLanguage\":\"en-GB\",\"@id\":\"https:\/\/www.leathergirl.eu\/product\/kar-hatrakoeto-bilincsekkel\/#primaryimage\",\"url\":\"https:\/\/www.leathergirl.eu\/wp-content\/uploads\/2016\/10\/k-CHR_9818-masolat.png\",\"contentUrl\":\"https:\/\/www.leathergirl.eu\/wp-content\/uploads\/2016\/10\/k-CHR_9818-masolat.png\",\"width\":591,\"height\":800},{\"@type\":\"BreadcrumbList\",\"@id\":\"https:\/\/www.leathergirl.eu\/product\/kar-hatrakoeto-bilincsekkel\/#breadcrumb\",\"itemListElement\":[{\"@type\":\"ListItem\",\"position\":1,\"name\":\"Home\",\"item\":\"https:\/\/www.leathergirl.eu\/\"},{\"@type\":\"ListItem\",\"position\":2,\"name\":\"Shop\",\"item\":\"https:\/\/www.leathergirl.eu\/en\/uzlet\/\"},{\"@type\":\"ListItem\",\"position\":3,\"name\":\"Kar h\u00e1trak\u00f6t\u0151 bilincsekkel\"}]},{\"@type\":\"WebSite\",\"@id\":\"https:\/\/www.leathergirl.eu\/#website\",\"url\":\"https:\/\/www.leathergirl.eu\/\",\"name\":\"A B\u0151r\u00f6s l\u00e1ny\",\"description\":\"... LeatherGirl ...\",\"publisher\":{\"@id\":\"https:\/\/www.leathergirl.eu\/#organization\"},\"potentialAction\":[{\"@type\":\"SearchAction\",\"target\":{\"@type\":\"EntryPoint\",\"urlTemplate\":\"https:\/\/www.leathergirl.eu\/?s={search_term_string}\"},\"query-input\":{\"@type\":\"PropertyValueSpecification\",\"valueRequired\":true,\"valueName\":\"search_term_string\"}}],\"inLanguage\":\"en-GB\"},{\"@type\":\"Organization\",\"@id\":\"https:\/\/www.leathergirl.eu\/#organization\",\"name\":\"A B\u0151r\u00f6s l\u00e1ny\",\"url\":\"https:\/\/www.leathergirl.eu\/\",\"logo\":{\"@type\":\"ImageObject\",\"inLanguage\":\"en-GB\",\"@id\":\"https:\/\/www.leathergirl.eu\/#\/schema\/logo\/image\/\",\"url\":\"https:\/\/www.leathergirl.eu\/wp-content\/uploads\/2024\/05\/leathergirl-logo.png\",\"contentUrl\":\"https:\/\/www.leathergirl.eu\/wp-content\/uploads\/2024\/05\/leathergirl-logo.png\",\"width\":280,\"height\":80,\"caption\":\"A B\u0151r\u00f6s l\u00e1ny\"},\"image\":{\"@id\":\"https:\/\/www.leathergirl.eu\/#\/schema\/logo\/image\/\"},\"sameAs\":[\"https:\/\/www.facebook.com\/aboroslany\/\",\"https:\/\/www.instagram.com\/theleathergirl\/\"],\"email\":\"aboroslany@gmail.com\",\"legalName\":\"Nepp T\u00edmea e.v.\",\"numberOfEmployees\":{\"@type\":\"QuantitativeValue\",\"minValue\":\"1\",\"maxValue\":\"10\"}}]}<\/script>\n<meta property=\"product:price:amount\" content=\"195.50\" \/>\n<meta property=\"product:price:currency\" content=\"EUR\" \/>\n<meta property=\"og:availability\" content=\"instock\" \/>\n<meta property=\"product:availability\" content=\"instock\" \/>\n<meta property=\"product:condition\" content=\"new\" \/>\n<!-- \/ Yoast SEO Premium plugin. -->","yoast_head_json":{"title":"Arm restraints with handcuffs - The Furry Girl","robots":{"index":"index","follow":"follow","max-snippet":"max-snippet:-1","max-image-preview":"max-image-preview:large","max-video-preview":"max-video-preview:-1"},"canonical":"https:\/\/www.leathergirl.eu\/en\/product\/arm-with-hatrakoeto-clamps\/","og_locale":"en_GB","og_type":"article","og_title":"Kar h\u00e1trak\u00f6t\u0151 bilincsekkel","og_description":"KARK\u00d6T\u00d6Z\u0150 4 cm sz\u00e9les, k\u00e9t r\u00e9teg b\u0151r sz\u00edjakb\u00f3l, szab\u00e1lyozhat\u00f3 hossz\u00fas\u00e1gban, karabinerekkel, extra er\u0151s csukl\u00f3- \u00e9s nyakbilinccsel.\u00a0A kark\u00f6t\u00f6z\u0151t \u00f6nmag\u00e1ban ITT n\u00e9zheted meg.  Modell foto: https:\/\/www.facebook.com\/FetishExtremePictureBest\/","og_url":"https:\/\/www.leathergirl.eu\/en\/product\/arm-with-hatrakoeto-clamps\/","og_site_name":"A B\u0151r\u00f6s l\u00e1ny","article_publisher":"https:\/\/www.facebook.com\/aboroslany\/","article_modified_time":"2026-01-03T13:21:08+00:00","og_image":[{"width":591,"height":800,"url":"https:\/\/www.leathergirl.eu\/wp-content\/uploads\/2016\/10\/k-CHR_9818-masolat.png","type":"image\/png"}],"schema":{"@context":"https:\/\/schema.org","@graph":[{"@type":"WebPage","@id":"https:\/\/www.leathergirl.eu\/product\/kar-hatrakoeto-bilincsekkel\/","url":"https:\/\/www.leathergirl.eu\/product\/kar-hatrakoeto-bilincsekkel\/","name":"Arm restraints with handcuffs - The Furry Girl","isPartOf":{"@id":"https:\/\/www.leathergirl.eu\/#website"},"primaryImageOfPage":{"@id":"https:\/\/www.leathergirl.eu\/product\/kar-hatrakoeto-bilincsekkel\/#primaryimage"},"image":{"@id":"https:\/\/www.leathergirl.eu\/product\/kar-hatrakoeto-bilincsekkel\/#primaryimage"},"thumbnailUrl":"https:\/\/www.leathergirl.eu\/wp-content\/uploads\/2016\/10\/k-CHR_9818-masolat.png","datePublished":"2016-10-10T19:27:31+00:00","dateModified":"2026-01-03T13:21:08+00:00","breadcrumb":{"@id":"https:\/\/www.leathergirl.eu\/product\/kar-hatrakoeto-bilincsekkel\/#breadcrumb"},"inLanguage":"en-GB","potentialAction":[{"@type":"ReadAction","target":["https:\/\/www.leathergirl.eu\/product\/kar-hatrakoeto-bilincsekkel\/"]}]},{"@type":"ImageObject","inLanguage":"en-GB","@id":"https:\/\/www.leathergirl.eu\/product\/kar-hatrakoeto-bilincsekkel\/#primaryimage","url":"https:\/\/www.leathergirl.eu\/wp-content\/uploads\/2016\/10\/k-CHR_9818-masolat.png","contentUrl":"https:\/\/www.leathergirl.eu\/wp-content\/uploads\/2016\/10\/k-CHR_9818-masolat.png","width":591,"height":800},{"@type":"BreadcrumbList","@id":"https:\/\/www.leathergirl.eu\/product\/kar-hatrakoeto-bilincsekkel\/#breadcrumb","itemListElement":[{"@type":"ListItem","position":1,"name":"Home","item":"https:\/\/www.leathergirl.eu\/"},{"@type":"ListItem","position":2,"name":"Shop","item":"https:\/\/www.leathergirl.eu\/en\/uzlet\/"},{"@type":"ListItem","position":3,"name":"Kar h\u00e1trak\u00f6t\u0151 bilincsekkel"}]},{"@type":"WebSite","@id":"https:\/\/www.leathergirl.eu\/#website","url":"https:\/\/www.leathergirl.eu\/","name":"The Leather Girl","description":"... LeatherGirl ...","publisher":{"@id":"https:\/\/www.leathergirl.eu\/#organization"},"potentialAction":[{"@type":"SearchAction","target":{"@type":"EntryPoint","urlTemplate":"https:\/\/www.leathergirl.eu\/?s={search_term_string}"},"query-input":{"@type":"PropertyValueSpecification","valueRequired":true,"valueName":"search_term_string"}}],"inLanguage":"en-GB"},{"@type":"Organization","@id":"https:\/\/www.leathergirl.eu\/#organization","name":"The Leather Girl","url":"https:\/\/www.leathergirl.eu\/","logo":{"@type":"ImageObject","inLanguage":"en-GB","@id":"https:\/\/www.leathergirl.eu\/#\/schema\/logo\/image\/","url":"https:\/\/www.leathergirl.eu\/wp-content\/uploads\/2024\/05\/leathergirl-logo.png","contentUrl":"https:\/\/www.leathergirl.eu\/wp-content\/uploads\/2024\/05\/leathergirl-logo.png","width":280,"height":80,"caption":"A B\u0151r\u00f6s l\u00e1ny"},"image":{"@id":"https:\/\/www.leathergirl.eu\/#\/schema\/logo\/image\/"},"sameAs":["https:\/\/www.facebook.com\/aboroslany\/","https:\/\/www.instagram.com\/theleathergirl\/"],"email":"aboroslany@gmail.com","legalName":"Nepp T\u00edmea e.v.","numberOfEmployees":{"@type":"QuantitativeValue","minValue":"1","maxValue":"10"}}]},"product_price_amount":"195.50","product_price_currency":"EUR","og_availability":"instock","product_availability":"instock","product_condition":"new"},"_links":{"self":[{"href":"https:\/\/www.leathergirl.eu\/en\/wp-json\/wp\/v2\/product\/21277","targetHints":{"allow":["GET"]}}],"collection":[{"href":"https:\/\/www.leathergirl.eu\/en\/wp-json\/wp\/v2\/product"}],"about":[{"href":"https:\/\/www.leathergirl.eu\/en\/wp-json\/wp\/v2\/types\/product"}],"wp:featuredmedia":[{"embeddable":true,"href":"https:\/\/www.leathergirl.eu\/en\/wp-json\/wp\/v2\/media\/23249"}],"wp:attachment":[{"href":"https:\/\/www.leathergirl.eu\/en\/wp-json\/wp\/v2\/media?parent=21277"}],"wp:term":[{"taxonomy":"product_brand","embeddable":true,"href":"https:\/\/www.leathergirl.eu\/en\/wp-json\/wp\/v2\/product_brand?post=21277"},{"taxonomy":"product_cat","embeddable":true,"href":"https:\/\/www.leathergirl.eu\/en\/wp-json\/wp\/v2\/product_cat?post=21277"},{"taxonomy":"product_tag","embeddable":true,"href":"https:\/\/www.leathergirl.eu\/en\/wp-json\/wp\/v2\/product_tag?post=21277"}],"curies":[{"name":"wp","href":"https:\/\/api.w.org\/{rel}","templated":true}]}}