{"id":21225,"date":"2016-10-02T09:26:22","date_gmt":"2016-10-02T09:26:22","guid":{"rendered":"http:\/\/www.leathergirl.eu\/?post_type=product&#038;p=21225"},"modified":"2026-01-03T18:06:07","modified_gmt":"2026-01-03T17:06:07","slug":"ferfi-ham-anal-pluggal","status":"publish","type":"product","link":"https:\/\/www.leathergirl.eu\/en\/product\/ferfi-ham-anal-pluggal\/","title":{"rendered":"Men's harness with anal plug"},"content":{"rendered":"<p>Men's chastity belt with anal plug,and lockable and adjustable straps. The plug is secured with a special lockable part that is held in place with press studs. The plug can be replaced.\n\n\n\nLocks are not included.<\/p>\n<p>Prices:<\/p>\n<ul>\n<li>only the harness 96,6\u20ac<\/li>\n<li>a plug holder 54,1\u20ac<\/li>\n<li>the harness with the plug holder 50.800 Ft (The price does not include the plug.)<\/li>\n<\/ul>","protected":false},"excerpt":{"rendered":"<p>Men's chastity belt with anal plug,and lockable and adjustable straps. The plug is secured with a special lockable part that is held in place with press studs. The plug can be replaced.\n\n\n\nLocks are not included.<\/p>\n<p>Prices:<\/p>\n<ul>\n<li>only the harness 96,6\u20ac<\/li>\n<li>a plug holder 54,1\u20ac<\/li>\n<li>the harness with the plug holder 138,8\u20ac. (The price does not include the plug.)<\/li>\n<\/ul>","protected":false},"featured_media":21226,"template":"","meta":{"_et_pb_use_builder":"","_et_pb_old_content":"","_et_gb_content_width":""},"product_brand":[],"product_cat":[45],"product_tag":[],"class_list":{"0":"post-21225","1":"product","2":"type-product","3":"status-publish","4":"has-post-thumbnail","6":"product_cat-harnesses","8":"first","9":"instock","10":"purchasable","11":"product-type-simple"},"yoast_head":"<!-- This site is optimized with the Yoast SEO Premium plugin v26.2 (Yoast SEO v26.3) - https:\/\/yoast.com\/wordpress\/plugins\/seo\/ -->\n<title>F\u00c9RFI ER\u00c9NY\u00d6V ANAL PLUG TART\u00d3VAL - A B\u0151r\u00f6s l\u00e1ny<\/title>\n<meta name=\"robots\" content=\"index, follow, max-snippet:-1, max-image-preview:large, max-video-preview:-1\" \/>\n<link rel=\"canonical\" href=\"https:\/\/www.leathergirl.eu\/en\/product\/ferfi-ham-anal-pluggal\/\" \/>\n<meta property=\"og:locale\" content=\"en_GB\" \/>\n<meta property=\"og:type\" content=\"article\" \/>\n<meta property=\"og:title\" content=\"F\u00c9RFI ER\u00c9NY\u00d6V ANAL PLUG TART\u00d3VAL\" \/>\n<meta property=\"og:description\" content=\"Lakatolhat\u00f3, szab\u00e1lyozhat\u00f3 hossz\u00fas\u00e1g\u00fa sz\u00edjakkal. A plugot egy speci\u00e1lis lakatolhat\u00f3 alkatr\u00e9sz tartja, ami patenttal vagy sz\u00edjakkal r\u00f6gz\u00edthet\u0151 a h\u00e1mhoz, a plug pedig cser\u00e9lhet\u0151 benne. A sz\u00edjak \u00e9s a sz\u00e9les r\u00e9sz k\u00e9t r\u00e9teg b\u0151rb\u0151l k\u00e9sz\u00fcl, melyb\u0151l a k\u00fcls\u0151 r\u00e9teg vastagabb, er\u0151s b\u0151r, a bels\u0151 pedig puha, feszes marhab\u0151r, hogy tart\u00f3s \u00e9s k\u00e9nyelmes is legyen.  Az \u00e1rak:   csak a h\u00e1m 35.300 Ft  a plug tart\u00f3 19.800 Ft  a h\u00e1m a plug tart\u00f3val 50.800 Ft. (Az \u00e1r a plugot nem tartalmazza.)\" \/>\n<meta property=\"og:url\" content=\"https:\/\/www.leathergirl.eu\/en\/product\/ferfi-ham-anal-pluggal\/\" \/>\n<meta property=\"og:site_name\" content=\"A B\u0151r\u00f6s l\u00e1ny\" \/>\n<meta property=\"article:publisher\" content=\"https:\/\/www.facebook.com\/aboroslany\/\" \/>\n<meta property=\"article:modified_time\" content=\"2026-01-03T17:06:07+00:00\" \/>\n<meta property=\"og:image\" content=\"https:\/\/www.leathergirl.eu\/wp-content\/uploads\/2016\/10\/harness-pluggal-OK-1-e1476019482188.jpg\" \/>\n\t<meta property=\"og:image:width\" content=\"652\" \/>\n\t<meta property=\"og:image:height\" content=\"600\" \/>\n\t<meta property=\"og:image:type\" content=\"image\/jpeg\" \/>\n<script type=\"application\/ld+json\" class=\"yoast-schema-graph\">{\"@context\":\"https:\/\/schema.org\",\"@graph\":[{\"@type\":\"WebPage\",\"@id\":\"https:\/\/www.leathergirl.eu\/product\/ferfi-ham-anal-pluggal\/\",\"url\":\"https:\/\/www.leathergirl.eu\/product\/ferfi-ham-anal-pluggal\/\",\"name\":\"F\u00c9RFI ER\u00c9NY\u00d6V ANAL PLUG TART\u00d3VAL - A B\u0151r\u00f6s l\u00e1ny\",\"isPartOf\":{\"@id\":\"https:\/\/www.leathergirl.eu\/#website\"},\"primaryImageOfPage\":{\"@id\":\"https:\/\/www.leathergirl.eu\/product\/ferfi-ham-anal-pluggal\/#primaryimage\"},\"image\":{\"@id\":\"https:\/\/www.leathergirl.eu\/product\/ferfi-ham-anal-pluggal\/#primaryimage\"},\"thumbnailUrl\":\"https:\/\/www.leathergirl.eu\/wp-content\/uploads\/2016\/10\/harness-pluggal-OK-1-e1476019482188.jpg\",\"datePublished\":\"2016-10-02T09:26:22+00:00\",\"dateModified\":\"2026-01-03T17:06:07+00:00\",\"breadcrumb\":{\"@id\":\"https:\/\/www.leathergirl.eu\/product\/ferfi-ham-anal-pluggal\/#breadcrumb\"},\"inLanguage\":\"en-GB\",\"potentialAction\":[{\"@type\":\"ReadAction\",\"target\":[\"https:\/\/www.leathergirl.eu\/product\/ferfi-ham-anal-pluggal\/\"]}]},{\"@type\":\"ImageObject\",\"inLanguage\":\"en-GB\",\"@id\":\"https:\/\/www.leathergirl.eu\/product\/ferfi-ham-anal-pluggal\/#primaryimage\",\"url\":\"https:\/\/www.leathergirl.eu\/wp-content\/uploads\/2016\/10\/harness-pluggal-OK-1-e1476019482188.jpg\",\"contentUrl\":\"https:\/\/www.leathergirl.eu\/wp-content\/uploads\/2016\/10\/harness-pluggal-OK-1-e1476019482188.jpg\",\"width\":652,\"height\":600},{\"@type\":\"BreadcrumbList\",\"@id\":\"https:\/\/www.leathergirl.eu\/product\/ferfi-ham-anal-pluggal\/#breadcrumb\",\"itemListElement\":[{\"@type\":\"ListItem\",\"position\":1,\"name\":\"Home\",\"item\":\"https:\/\/www.leathergirl.eu\/\"},{\"@type\":\"ListItem\",\"position\":2,\"name\":\"Shop\",\"item\":\"https:\/\/www.leathergirl.eu\/en\/uzlet\/\"},{\"@type\":\"ListItem\",\"position\":3,\"name\":\"F\u00c9RFI ER\u00c9NY\u00d6V ANAL PLUG TART\u00d3VAL\"}]},{\"@type\":\"WebSite\",\"@id\":\"https:\/\/www.leathergirl.eu\/#website\",\"url\":\"https:\/\/www.leathergirl.eu\/\",\"name\":\"A B\u0151r\u00f6s l\u00e1ny\",\"description\":\"... LeatherGirl ...\",\"publisher\":{\"@id\":\"https:\/\/www.leathergirl.eu\/#organization\"},\"potentialAction\":[{\"@type\":\"SearchAction\",\"target\":{\"@type\":\"EntryPoint\",\"urlTemplate\":\"https:\/\/www.leathergirl.eu\/?s={search_term_string}\"},\"query-input\":{\"@type\":\"PropertyValueSpecification\",\"valueRequired\":true,\"valueName\":\"search_term_string\"}}],\"inLanguage\":\"en-GB\"},{\"@type\":\"Organization\",\"@id\":\"https:\/\/www.leathergirl.eu\/#organization\",\"name\":\"A B\u0151r\u00f6s l\u00e1ny\",\"url\":\"https:\/\/www.leathergirl.eu\/\",\"logo\":{\"@type\":\"ImageObject\",\"inLanguage\":\"en-GB\",\"@id\":\"https:\/\/www.leathergirl.eu\/#\/schema\/logo\/image\/\",\"url\":\"https:\/\/www.leathergirl.eu\/wp-content\/uploads\/2024\/05\/leathergirl-logo.png\",\"contentUrl\":\"https:\/\/www.leathergirl.eu\/wp-content\/uploads\/2024\/05\/leathergirl-logo.png\",\"width\":280,\"height\":80,\"caption\":\"A B\u0151r\u00f6s l\u00e1ny\"},\"image\":{\"@id\":\"https:\/\/www.leathergirl.eu\/#\/schema\/logo\/image\/\"},\"sameAs\":[\"https:\/\/www.facebook.com\/aboroslany\/\",\"https:\/\/www.instagram.com\/theleathergirl\/\"],\"email\":\"aboroslany@gmail.com\",\"legalName\":\"Nepp T\u00edmea e.v.\",\"numberOfEmployees\":{\"@type\":\"QuantitativeValue\",\"minValue\":\"1\",\"maxValue\":\"10\"}}]}<\/script>\n<meta property=\"product:price:amount\" content=\"138.80\" \/>\n<meta property=\"product:price:currency\" content=\"EUR\" \/>\n<meta property=\"og:availability\" content=\"instock\" \/>\n<meta property=\"product:availability\" content=\"instock\" \/>\n<meta property=\"product:condition\" content=\"new\" \/>\n<!-- \/ Yoast SEO Premium plugin. -->","yoast_head_json":{"title":"MEN'S FANTASTIC ANAL PLUG WITH SUPPORT - The Furry Girl","robots":{"index":"index","follow":"follow","max-snippet":"max-snippet:-1","max-image-preview":"max-image-preview:large","max-video-preview":"max-video-preview:-1"},"canonical":"https:\/\/www.leathergirl.eu\/en\/product\/ferfi-ham-anal-pluggal\/","og_locale":"en_GB","og_type":"article","og_title":"F\u00c9RFI ER\u00c9NY\u00d6V ANAL PLUG TART\u00d3VAL","og_description":"Lakatolhat\u00f3, szab\u00e1lyozhat\u00f3 hossz\u00fas\u00e1g\u00fa sz\u00edjakkal. A plugot egy speci\u00e1lis lakatolhat\u00f3 alkatr\u00e9sz tartja, ami patenttal vagy sz\u00edjakkal r\u00f6gz\u00edthet\u0151 a h\u00e1mhoz, a plug pedig cser\u00e9lhet\u0151 benne. A sz\u00edjak \u00e9s a sz\u00e9les r\u00e9sz k\u00e9t r\u00e9teg b\u0151rb\u0151l k\u00e9sz\u00fcl, melyb\u0151l a k\u00fcls\u0151 r\u00e9teg vastagabb, er\u0151s b\u0151r, a bels\u0151 pedig puha, feszes marhab\u0151r, hogy tart\u00f3s \u00e9s k\u00e9nyelmes is legyen.  Az \u00e1rak:   csak a h\u00e1m 35.300 Ft  a plug tart\u00f3 19.800 Ft  a h\u00e1m a plug tart\u00f3val 50.800 Ft. (Az \u00e1r a plugot nem tartalmazza.)","og_url":"https:\/\/www.leathergirl.eu\/en\/product\/ferfi-ham-anal-pluggal\/","og_site_name":"A B\u0151r\u00f6s l\u00e1ny","article_publisher":"https:\/\/www.facebook.com\/aboroslany\/","article_modified_time":"2026-01-03T17:06:07+00:00","og_image":[{"width":652,"height":600,"url":"https:\/\/www.leathergirl.eu\/wp-content\/uploads\/2016\/10\/harness-pluggal-OK-1-e1476019482188.jpg","type":"image\/jpeg"}],"schema":{"@context":"https:\/\/schema.org","@graph":[{"@type":"WebPage","@id":"https:\/\/www.leathergirl.eu\/product\/ferfi-ham-anal-pluggal\/","url":"https:\/\/www.leathergirl.eu\/product\/ferfi-ham-anal-pluggal\/","name":"MEN'S FANTASTIC ANAL PLUG WITH SUPPORT - The Furry Girl","isPartOf":{"@id":"https:\/\/www.leathergirl.eu\/#website"},"primaryImageOfPage":{"@id":"https:\/\/www.leathergirl.eu\/product\/ferfi-ham-anal-pluggal\/#primaryimage"},"image":{"@id":"https:\/\/www.leathergirl.eu\/product\/ferfi-ham-anal-pluggal\/#primaryimage"},"thumbnailUrl":"https:\/\/www.leathergirl.eu\/wp-content\/uploads\/2016\/10\/harness-pluggal-OK-1-e1476019482188.jpg","datePublished":"2016-10-02T09:26:22+00:00","dateModified":"2026-01-03T17:06:07+00:00","breadcrumb":{"@id":"https:\/\/www.leathergirl.eu\/product\/ferfi-ham-anal-pluggal\/#breadcrumb"},"inLanguage":"en-GB","potentialAction":[{"@type":"ReadAction","target":["https:\/\/www.leathergirl.eu\/product\/ferfi-ham-anal-pluggal\/"]}]},{"@type":"ImageObject","inLanguage":"en-GB","@id":"https:\/\/www.leathergirl.eu\/product\/ferfi-ham-anal-pluggal\/#primaryimage","url":"https:\/\/www.leathergirl.eu\/wp-content\/uploads\/2016\/10\/harness-pluggal-OK-1-e1476019482188.jpg","contentUrl":"https:\/\/www.leathergirl.eu\/wp-content\/uploads\/2016\/10\/harness-pluggal-OK-1-e1476019482188.jpg","width":652,"height":600},{"@type":"BreadcrumbList","@id":"https:\/\/www.leathergirl.eu\/product\/ferfi-ham-anal-pluggal\/#breadcrumb","itemListElement":[{"@type":"ListItem","position":1,"name":"Home","item":"https:\/\/www.leathergirl.eu\/"},{"@type":"ListItem","position":2,"name":"Shop","item":"https:\/\/www.leathergirl.eu\/en\/uzlet\/"},{"@type":"ListItem","position":3,"name":"F\u00c9RFI ER\u00c9NY\u00d6V ANAL PLUG TART\u00d3VAL"}]},{"@type":"WebSite","@id":"https:\/\/www.leathergirl.eu\/#website","url":"https:\/\/www.leathergirl.eu\/","name":"The Leather Girl","description":"... LeatherGirl ...","publisher":{"@id":"https:\/\/www.leathergirl.eu\/#organization"},"potentialAction":[{"@type":"SearchAction","target":{"@type":"EntryPoint","urlTemplate":"https:\/\/www.leathergirl.eu\/?s={search_term_string}"},"query-input":{"@type":"PropertyValueSpecification","valueRequired":true,"valueName":"search_term_string"}}],"inLanguage":"en-GB"},{"@type":"Organization","@id":"https:\/\/www.leathergirl.eu\/#organization","name":"The Leather Girl","url":"https:\/\/www.leathergirl.eu\/","logo":{"@type":"ImageObject","inLanguage":"en-GB","@id":"https:\/\/www.leathergirl.eu\/#\/schema\/logo\/image\/","url":"https:\/\/www.leathergirl.eu\/wp-content\/uploads\/2024\/05\/leathergirl-logo.png","contentUrl":"https:\/\/www.leathergirl.eu\/wp-content\/uploads\/2024\/05\/leathergirl-logo.png","width":280,"height":80,"caption":"A B\u0151r\u00f6s l\u00e1ny"},"image":{"@id":"https:\/\/www.leathergirl.eu\/#\/schema\/logo\/image\/"},"sameAs":["https:\/\/www.facebook.com\/aboroslany\/","https:\/\/www.instagram.com\/theleathergirl\/"],"email":"aboroslany@gmail.com","legalName":"Nepp T\u00edmea e.v.","numberOfEmployees":{"@type":"QuantitativeValue","minValue":"1","maxValue":"10"}}]},"product_price_amount":"138.80","product_price_currency":"EUR","og_availability":"instock","product_availability":"instock","product_condition":"new"},"_links":{"self":[{"href":"https:\/\/www.leathergirl.eu\/en\/wp-json\/wp\/v2\/product\/21225","targetHints":{"allow":["GET"]}}],"collection":[{"href":"https:\/\/www.leathergirl.eu\/en\/wp-json\/wp\/v2\/product"}],"about":[{"href":"https:\/\/www.leathergirl.eu\/en\/wp-json\/wp\/v2\/types\/product"}],"wp:featuredmedia":[{"embeddable":true,"href":"https:\/\/www.leathergirl.eu\/en\/wp-json\/wp\/v2\/media\/21226"}],"wp:attachment":[{"href":"https:\/\/www.leathergirl.eu\/en\/wp-json\/wp\/v2\/media?parent=21225"}],"wp:term":[{"taxonomy":"product_brand","embeddable":true,"href":"https:\/\/www.leathergirl.eu\/en\/wp-json\/wp\/v2\/product_brand?post=21225"},{"taxonomy":"product_cat","embeddable":true,"href":"https:\/\/www.leathergirl.eu\/en\/wp-json\/wp\/v2\/product_cat?post=21225"},{"taxonomy":"product_tag","embeddable":true,"href":"https:\/\/www.leathergirl.eu\/en\/wp-json\/wp\/v2\/product_tag?post=21225"}],"curies":[{"name":"wp","href":"https:\/\/api.w.org\/{rel}","templated":true}]}}