{"id":21207,"date":"2016-10-01T15:29:24","date_gmt":"2016-10-01T15:29:24","guid":{"rendered":"http:\/\/www.leathergirl.eu\/?post_type=product&#038;p=21207"},"modified":"2026-01-03T18:08:28","modified_gmt":"2026-01-03T17:08:28","slug":"jockstrap-thong-fazon","status":"publish","type":"product","link":"https:\/\/www.leathergirl.eu\/en\/product\/jockstrap-thong-fazon\/","title":{"rendered":"G-string jockstrap"},"content":{"rendered":"<p>Leather men's underwear<br \/>\nLeather men's underwear. Can be opened with a zip at the front, can be locked at each buckle and at the end of the zip. The front is made of multiple layers of soft leather for comfort, while the straps are made of thick sturdy leather. The strap under the buttocks gets wider near the waist.\n\n\nLocks are not included.<\/p>","protected":false},"excerpt":{"rendered":"<p>Leather men's underwear<br \/>\nLeather men's underwear. Can be opened with a zip at the front, can be locked at each buckle and at the end of the zip. The front is made of multiple layers of soft leather for comfort, while the straps are made of thick sturdy leather. The strap under the buttocks gets wider near the waist.\n\n\nLocks are not included.<\/p>","protected":false},"featured_media":21210,"template":"","meta":{"_et_pb_use_builder":"","_et_pb_old_content":"","_et_gb_content_width":""},"product_brand":[],"product_cat":[45],"product_tag":[],"class_list":{"0":"post-21207","1":"product","2":"type-product","3":"status-publish","4":"has-post-thumbnail","6":"product_cat-harnesses","8":"first","9":"instock","10":"purchasable","11":"product-type-simple"},"yoast_head":"<!-- This site is optimized with the Yoast SEO Premium plugin v26.2 (Yoast SEO v26.3) - https:\/\/yoast.com\/wordpress\/plugins\/seo\/ -->\n<title>Jockstrap, tanga fazon - A B\u0151r\u00f6s l\u00e1ny<\/title>\n<meta name=\"robots\" content=\"index, follow, max-snippet:-1, max-image-preview:large, max-video-preview:-1\" \/>\n<link rel=\"canonical\" href=\"https:\/\/www.leathergirl.eu\/en\/product\/jockstrap-thong-fazon\/\" \/>\n<meta property=\"og:locale\" content=\"en_GB\" \/>\n<meta property=\"og:type\" content=\"article\" \/>\n<meta property=\"og:title\" content=\"Jockstrap, tanga fazon\" \/>\n<meta property=\"og:description\" content=\"B\u0150R F\u00c9RFI ALS\u00d3 Az elej\u00e9n cipz\u00e1rral nyithat\u00f3, az \u00f6sszes csatn\u00e1l \u00e9s a cipz\u00e1rn\u00e1l is lakatolhat\u00f3 f\u00e9rfi als\u00f3. Az elej\u00e9t a k\u00e9nyelem \u00e9rdek\u00e9ben t\u00f6bb r\u00e9teg puha b\u0151rb\u0151l k\u00e9sz\u00edtem, a sz\u00edjakat pedig k\u00e9t r\u00e9teg vastag b\u0151rb\u0151l, hogy tart\u00f3s legyen. Az \u00fclep alatt fut\u00f3 sz\u00edj a der\u00e9kn\u00e1l kisz\u00e9lesedik.\" \/>\n<meta property=\"og:url\" content=\"https:\/\/www.leathergirl.eu\/en\/product\/jockstrap-thong-fazon\/\" \/>\n<meta property=\"og:site_name\" content=\"A B\u0151r\u00f6s l\u00e1ny\" \/>\n<meta property=\"article:publisher\" content=\"https:\/\/www.facebook.com\/aboroslany\/\" \/>\n<meta property=\"article:modified_time\" content=\"2026-01-03T17:08:28+00:00\" \/>\n<meta property=\"og:image\" content=\"https:\/\/www.leathergirl.eu\/wp-content\/uploads\/2016\/10\/jock-sebi-baban1-e1476019748532.jpg\" \/>\n\t<meta property=\"og:image:width\" content=\"800\" \/>\n\t<meta property=\"og:image:height\" content=\"1067\" \/>\n\t<meta property=\"og:image:type\" content=\"image\/jpeg\" \/>\n<script type=\"application\/ld+json\" class=\"yoast-schema-graph\">{\"@context\":\"https:\/\/schema.org\",\"@graph\":[{\"@type\":\"WebPage\",\"@id\":\"https:\/\/www.leathergirl.eu\/product\/jockstrap-tanga-fazon\/\",\"url\":\"https:\/\/www.leathergirl.eu\/product\/jockstrap-tanga-fazon\/\",\"name\":\"Jockstrap, tanga fazon - A B\u0151r\u00f6s l\u00e1ny\",\"isPartOf\":{\"@id\":\"https:\/\/www.leathergirl.eu\/#website\"},\"primaryImageOfPage\":{\"@id\":\"https:\/\/www.leathergirl.eu\/product\/jockstrap-tanga-fazon\/#primaryimage\"},\"image\":{\"@id\":\"https:\/\/www.leathergirl.eu\/product\/jockstrap-tanga-fazon\/#primaryimage\"},\"thumbnailUrl\":\"https:\/\/www.leathergirl.eu\/wp-content\/uploads\/2016\/10\/jock-sebi-baban1-e1476019748532.jpg\",\"datePublished\":\"2016-10-01T15:29:24+00:00\",\"dateModified\":\"2026-01-03T17:08:28+00:00\",\"breadcrumb\":{\"@id\":\"https:\/\/www.leathergirl.eu\/product\/jockstrap-tanga-fazon\/#breadcrumb\"},\"inLanguage\":\"en-GB\",\"potentialAction\":[{\"@type\":\"ReadAction\",\"target\":[\"https:\/\/www.leathergirl.eu\/product\/jockstrap-tanga-fazon\/\"]}]},{\"@type\":\"ImageObject\",\"inLanguage\":\"en-GB\",\"@id\":\"https:\/\/www.leathergirl.eu\/product\/jockstrap-tanga-fazon\/#primaryimage\",\"url\":\"https:\/\/www.leathergirl.eu\/wp-content\/uploads\/2016\/10\/jock-sebi-baban1-e1476019748532.jpg\",\"contentUrl\":\"https:\/\/www.leathergirl.eu\/wp-content\/uploads\/2016\/10\/jock-sebi-baban1-e1476019748532.jpg\",\"width\":800,\"height\":1067},{\"@type\":\"BreadcrumbList\",\"@id\":\"https:\/\/www.leathergirl.eu\/product\/jockstrap-tanga-fazon\/#breadcrumb\",\"itemListElement\":[{\"@type\":\"ListItem\",\"position\":1,\"name\":\"Home\",\"item\":\"https:\/\/www.leathergirl.eu\/\"},{\"@type\":\"ListItem\",\"position\":2,\"name\":\"Shop\",\"item\":\"https:\/\/www.leathergirl.eu\/en\/uzlet\/\"},{\"@type\":\"ListItem\",\"position\":3,\"name\":\"Jockstrap, tanga fazon\"}]},{\"@type\":\"WebSite\",\"@id\":\"https:\/\/www.leathergirl.eu\/#website\",\"url\":\"https:\/\/www.leathergirl.eu\/\",\"name\":\"A B\u0151r\u00f6s l\u00e1ny\",\"description\":\"... LeatherGirl ...\",\"publisher\":{\"@id\":\"https:\/\/www.leathergirl.eu\/#organization\"},\"potentialAction\":[{\"@type\":\"SearchAction\",\"target\":{\"@type\":\"EntryPoint\",\"urlTemplate\":\"https:\/\/www.leathergirl.eu\/?s={search_term_string}\"},\"query-input\":{\"@type\":\"PropertyValueSpecification\",\"valueRequired\":true,\"valueName\":\"search_term_string\"}}],\"inLanguage\":\"en-GB\"},{\"@type\":\"Organization\",\"@id\":\"https:\/\/www.leathergirl.eu\/#organization\",\"name\":\"A B\u0151r\u00f6s l\u00e1ny\",\"url\":\"https:\/\/www.leathergirl.eu\/\",\"logo\":{\"@type\":\"ImageObject\",\"inLanguage\":\"en-GB\",\"@id\":\"https:\/\/www.leathergirl.eu\/#\/schema\/logo\/image\/\",\"url\":\"https:\/\/www.leathergirl.eu\/wp-content\/uploads\/2024\/05\/leathergirl-logo.png\",\"contentUrl\":\"https:\/\/www.leathergirl.eu\/wp-content\/uploads\/2024\/05\/leathergirl-logo.png\",\"width\":280,\"height\":80,\"caption\":\"A B\u0151r\u00f6s l\u00e1ny\"},\"image\":{\"@id\":\"https:\/\/www.leathergirl.eu\/#\/schema\/logo\/image\/\"},\"sameAs\":[\"https:\/\/www.facebook.com\/aboroslany\/\",\"https:\/\/www.instagram.com\/theleathergirl\/\"],\"email\":\"aboroslany@gmail.com\",\"legalName\":\"Nepp T\u00edmea e.v.\",\"numberOfEmployees\":{\"@type\":\"QuantitativeValue\",\"minValue\":\"1\",\"maxValue\":\"10\"}}]}<\/script>\n<meta property=\"product:price:amount\" content=\"162.80\" \/>\n<meta property=\"product:price:currency\" content=\"EUR\" \/>\n<meta property=\"og:availability\" content=\"instock\" \/>\n<meta property=\"product:availability\" content=\"instock\" \/>\n<meta property=\"product:condition\" content=\"new\" \/>\n<!-- \/ Yoast SEO Premium plugin. -->","yoast_head_json":{"title":"Jockstrap, thong - The Furry Girl","robots":{"index":"index","follow":"follow","max-snippet":"max-snippet:-1","max-image-preview":"max-image-preview:large","max-video-preview":"max-video-preview:-1"},"canonical":"https:\/\/www.leathergirl.eu\/en\/product\/jockstrap-thong-fazon\/","og_locale":"en_GB","og_type":"article","og_title":"Jockstrap, tanga fazon","og_description":"B\u0150R F\u00c9RFI ALS\u00d3 Az elej\u00e9n cipz\u00e1rral nyithat\u00f3, az \u00f6sszes csatn\u00e1l \u00e9s a cipz\u00e1rn\u00e1l is lakatolhat\u00f3 f\u00e9rfi als\u00f3. Az elej\u00e9t a k\u00e9nyelem \u00e9rdek\u00e9ben t\u00f6bb r\u00e9teg puha b\u0151rb\u0151l k\u00e9sz\u00edtem, a sz\u00edjakat pedig k\u00e9t r\u00e9teg vastag b\u0151rb\u0151l, hogy tart\u00f3s legyen. Az \u00fclep alatt fut\u00f3 sz\u00edj a der\u00e9kn\u00e1l kisz\u00e9lesedik.","og_url":"https:\/\/www.leathergirl.eu\/en\/product\/jockstrap-thong-fazon\/","og_site_name":"A B\u0151r\u00f6s l\u00e1ny","article_publisher":"https:\/\/www.facebook.com\/aboroslany\/","article_modified_time":"2026-01-03T17:08:28+00:00","og_image":[{"width":800,"height":1067,"url":"https:\/\/www.leathergirl.eu\/wp-content\/uploads\/2016\/10\/jock-sebi-baban1-e1476019748532.jpg","type":"image\/jpeg"}],"schema":{"@context":"https:\/\/schema.org","@graph":[{"@type":"WebPage","@id":"https:\/\/www.leathergirl.eu\/product\/jockstrap-tanga-fazon\/","url":"https:\/\/www.leathergirl.eu\/product\/jockstrap-tanga-fazon\/","name":"Jockstrap, thong - The Furry Girl","isPartOf":{"@id":"https:\/\/www.leathergirl.eu\/#website"},"primaryImageOfPage":{"@id":"https:\/\/www.leathergirl.eu\/product\/jockstrap-tanga-fazon\/#primaryimage"},"image":{"@id":"https:\/\/www.leathergirl.eu\/product\/jockstrap-tanga-fazon\/#primaryimage"},"thumbnailUrl":"https:\/\/www.leathergirl.eu\/wp-content\/uploads\/2016\/10\/jock-sebi-baban1-e1476019748532.jpg","datePublished":"2016-10-01T15:29:24+00:00","dateModified":"2026-01-03T17:08:28+00:00","breadcrumb":{"@id":"https:\/\/www.leathergirl.eu\/product\/jockstrap-tanga-fazon\/#breadcrumb"},"inLanguage":"en-GB","potentialAction":[{"@type":"ReadAction","target":["https:\/\/www.leathergirl.eu\/product\/jockstrap-tanga-fazon\/"]}]},{"@type":"ImageObject","inLanguage":"en-GB","@id":"https:\/\/www.leathergirl.eu\/product\/jockstrap-tanga-fazon\/#primaryimage","url":"https:\/\/www.leathergirl.eu\/wp-content\/uploads\/2016\/10\/jock-sebi-baban1-e1476019748532.jpg","contentUrl":"https:\/\/www.leathergirl.eu\/wp-content\/uploads\/2016\/10\/jock-sebi-baban1-e1476019748532.jpg","width":800,"height":1067},{"@type":"BreadcrumbList","@id":"https:\/\/www.leathergirl.eu\/product\/jockstrap-tanga-fazon\/#breadcrumb","itemListElement":[{"@type":"ListItem","position":1,"name":"Home","item":"https:\/\/www.leathergirl.eu\/"},{"@type":"ListItem","position":2,"name":"Shop","item":"https:\/\/www.leathergirl.eu\/en\/uzlet\/"},{"@type":"ListItem","position":3,"name":"Jockstrap, tanga fazon"}]},{"@type":"WebSite","@id":"https:\/\/www.leathergirl.eu\/#website","url":"https:\/\/www.leathergirl.eu\/","name":"The Leather Girl","description":"... LeatherGirl ...","publisher":{"@id":"https:\/\/www.leathergirl.eu\/#organization"},"potentialAction":[{"@type":"SearchAction","target":{"@type":"EntryPoint","urlTemplate":"https:\/\/www.leathergirl.eu\/?s={search_term_string}"},"query-input":{"@type":"PropertyValueSpecification","valueRequired":true,"valueName":"search_term_string"}}],"inLanguage":"en-GB"},{"@type":"Organization","@id":"https:\/\/www.leathergirl.eu\/#organization","name":"The Leather Girl","url":"https:\/\/www.leathergirl.eu\/","logo":{"@type":"ImageObject","inLanguage":"en-GB","@id":"https:\/\/www.leathergirl.eu\/#\/schema\/logo\/image\/","url":"https:\/\/www.leathergirl.eu\/wp-content\/uploads\/2024\/05\/leathergirl-logo.png","contentUrl":"https:\/\/www.leathergirl.eu\/wp-content\/uploads\/2024\/05\/leathergirl-logo.png","width":280,"height":80,"caption":"A B\u0151r\u00f6s l\u00e1ny"},"image":{"@id":"https:\/\/www.leathergirl.eu\/#\/schema\/logo\/image\/"},"sameAs":["https:\/\/www.facebook.com\/aboroslany\/","https:\/\/www.instagram.com\/theleathergirl\/"],"email":"aboroslany@gmail.com","legalName":"Nepp T\u00edmea e.v.","numberOfEmployees":{"@type":"QuantitativeValue","minValue":"1","maxValue":"10"}}]},"product_price_amount":"162.80","product_price_currency":"EUR","og_availability":"instock","product_availability":"instock","product_condition":"new"},"_links":{"self":[{"href":"https:\/\/www.leathergirl.eu\/en\/wp-json\/wp\/v2\/product\/21207","targetHints":{"allow":["GET"]}}],"collection":[{"href":"https:\/\/www.leathergirl.eu\/en\/wp-json\/wp\/v2\/product"}],"about":[{"href":"https:\/\/www.leathergirl.eu\/en\/wp-json\/wp\/v2\/types\/product"}],"wp:featuredmedia":[{"embeddable":true,"href":"https:\/\/www.leathergirl.eu\/en\/wp-json\/wp\/v2\/media\/21210"}],"wp:attachment":[{"href":"https:\/\/www.leathergirl.eu\/en\/wp-json\/wp\/v2\/media?parent=21207"}],"wp:term":[{"taxonomy":"product_brand","embeddable":true,"href":"https:\/\/www.leathergirl.eu\/en\/wp-json\/wp\/v2\/product_brand?post=21207"},{"taxonomy":"product_cat","embeddable":true,"href":"https:\/\/www.leathergirl.eu\/en\/wp-json\/wp\/v2\/product_cat?post=21207"},{"taxonomy":"product_tag","embeddable":true,"href":"https:\/\/www.leathergirl.eu\/en\/wp-json\/wp\/v2\/product_tag?post=21207"}],"curies":[{"name":"wp","href":"https:\/\/api.w.org\/{rel}","templated":true}]}}