{"id":21181,"date":"2016-10-01T14:57:55","date_gmt":"2016-10-01T14:57:55","guid":{"rendered":"http:\/\/www.leathergirl.eu\/?post_type=product&#038;p=21181"},"modified":"2026-01-03T16:09:33","modified_gmt":"2026-01-03T15:09:33","slug":"pony-play-kantar","status":"publish","type":"product","link":"https:\/\/www.leathergirl.eu\/en\/product\/pony-play-kantar\/","title":{"rendered":"Pony play bridle"},"content":{"rendered":"<p>Leather pony-play bridle: each strap can be adjusted and taken apart. Comes with different types of bits (soft or hard rubber bits, rope bits covered with leather, gag ball), which you can either pick or get all of them. If you detach the 1m long end of the bridle you can also use it as a head harness.\n\n148,5 \u20ac with one type of bit,\n\n204 \u20ac with every bit type.<br \/>\nPrices:<\/p>\n<ul>\n<li>with one template 158,9\u20ac<\/li>\n<li>including all the stencils 218,2\u20ac.<\/li>\n<\/ul>","protected":false},"excerpt":{"rendered":"<p>Leather pony-play bridle: each strap can be adjusted and taken apart. Comes with different types of bits (soft or hard rubber bits, rope bits covered with leather, gag ball), which you can either pick or get all of them. If you detach the 1m long end of the bridle you can also use it as a head harness.\n\n148,5 \u20ac with one type of bit,\n\n204 \u20ac with every bit type.<br \/>\nPrices:<\/p>\n<ul>\n<li>with one template 158,9\u20ac<\/li>\n<li>including all the stencils 218,2\u20ac.<\/li>\n<\/ul>","protected":false},"featured_media":21183,"template":"","meta":{"_et_pb_use_builder":"","_et_pb_old_content":"","_et_gb_content_width":""},"product_brand":[],"product_cat":[22,25],"product_tag":[],"class_list":{"0":"post-21181","1":"product","2":"type-product","3":"status-publish","4":"has-post-thumbnail","6":"product_cat-fejhamok","7":"product_cat-petplay","9":"first","10":"instock","11":"purchasable","12":"product-type-simple"},"yoast_head":"<!-- This site is optimized with the Yoast SEO Premium plugin v26.2 (Yoast SEO v26.3) - https:\/\/yoast.com\/wordpress\/plugins\/seo\/ -->\n<title>Pony-play kant\u00e1r - A B\u0151r\u00f6s l\u00e1ny<\/title>\n<meta name=\"robots\" content=\"index, follow, max-snippet:-1, max-image-preview:large, max-video-preview:-1\" \/>\n<link rel=\"canonical\" href=\"https:\/\/www.leathergirl.eu\/en\/product\/pony-play-kantar\/\" \/>\n<meta property=\"og:locale\" content=\"en_GB\" \/>\n<meta property=\"og:type\" content=\"article\" \/>\n<meta property=\"og:title\" content=\"Pony-play kant\u00e1r\" \/>\n<meta property=\"og:description\" content=\"Pony-play b\u0151r kant\u00e1r: minden sz\u00edj hossza szab\u00e1lyozhat\u00f3, teljesen sz\u00e9tcsatolhat\u00f3, kant\u00e1rsz\u00e1rral, hogy ir\u00e1ny\u00edthasd a lovadat. T\u00f6bbf\u00e9le zablar\u00e9sszel rendelheted (kem\u00e9ny vagy puha gumizabla, b\u0151rrel bevont k\u00f6t\u00e9l zabla, gag-ballal) k\u00fcl\u00f6n k\u00fcl\u00f6n, vagy ak\u00e1r az \u00f6sszes vari\u00e1ci\u00f3val egy\u00fctt. A kb 1 m hossz\u00fa kant\u00e1rsz\u00e1r lecsatol\u00e1s\u00e1val fejh\u00e1mk\u00e9nt is haszn\u00e1lhatod. \u00c1rak:   egyf\u00e9le zabl\u00e1val 58.000 Ft  az \u00f6sszes zabl\u00e1val egy\u00fctt 79.700 Ft.\" \/>\n<meta property=\"og:url\" content=\"https:\/\/www.leathergirl.eu\/en\/product\/pony-play-kantar\/\" \/>\n<meta property=\"og:site_name\" content=\"A B\u0151r\u00f6s l\u00e1ny\" \/>\n<meta property=\"article:publisher\" content=\"https:\/\/www.facebook.com\/aboroslany\/\" \/>\n<meta property=\"article:modified_time\" content=\"2026-01-03T15:09:33+00:00\" \/>\n<meta property=\"og:image\" content=\"https:\/\/www.leathergirl.eu\/wp-content\/uploads\/2016\/10\/kantar1-e1476020437904.jpg\" \/>\n\t<meta property=\"og:image:width\" content=\"800\" \/>\n\t<meta property=\"og:image:height\" content=\"980\" \/>\n\t<meta property=\"og:image:type\" content=\"image\/jpeg\" \/>\n<script type=\"application\/ld+json\" class=\"yoast-schema-graph\">{\"@context\":\"https:\/\/schema.org\",\"@graph\":[{\"@type\":\"WebPage\",\"@id\":\"https:\/\/www.leathergirl.eu\/product\/pony-play-kantar\/\",\"url\":\"https:\/\/www.leathergirl.eu\/product\/pony-play-kantar\/\",\"name\":\"Pony-play kant\u00e1r - A B\u0151r\u00f6s l\u00e1ny\",\"isPartOf\":{\"@id\":\"https:\/\/www.leathergirl.eu\/#website\"},\"primaryImageOfPage\":{\"@id\":\"https:\/\/www.leathergirl.eu\/product\/pony-play-kantar\/#primaryimage\"},\"image\":{\"@id\":\"https:\/\/www.leathergirl.eu\/product\/pony-play-kantar\/#primaryimage\"},\"thumbnailUrl\":\"https:\/\/www.leathergirl.eu\/wp-content\/uploads\/2016\/10\/kantar1-e1476020437904.jpg\",\"datePublished\":\"2016-10-01T14:57:55+00:00\",\"dateModified\":\"2026-01-03T15:09:33+00:00\",\"breadcrumb\":{\"@id\":\"https:\/\/www.leathergirl.eu\/product\/pony-play-kantar\/#breadcrumb\"},\"inLanguage\":\"en-GB\",\"potentialAction\":[{\"@type\":\"ReadAction\",\"target\":[\"https:\/\/www.leathergirl.eu\/product\/pony-play-kantar\/\"]}]},{\"@type\":\"ImageObject\",\"inLanguage\":\"en-GB\",\"@id\":\"https:\/\/www.leathergirl.eu\/product\/pony-play-kantar\/#primaryimage\",\"url\":\"https:\/\/www.leathergirl.eu\/wp-content\/uploads\/2016\/10\/kantar1-e1476020437904.jpg\",\"contentUrl\":\"https:\/\/www.leathergirl.eu\/wp-content\/uploads\/2016\/10\/kantar1-e1476020437904.jpg\",\"width\":800,\"height\":980},{\"@type\":\"BreadcrumbList\",\"@id\":\"https:\/\/www.leathergirl.eu\/product\/pony-play-kantar\/#breadcrumb\",\"itemListElement\":[{\"@type\":\"ListItem\",\"position\":1,\"name\":\"Home\",\"item\":\"https:\/\/www.leathergirl.eu\/\"},{\"@type\":\"ListItem\",\"position\":2,\"name\":\"Shop\",\"item\":\"https:\/\/www.leathergirl.eu\/en\/uzlet\/\"},{\"@type\":\"ListItem\",\"position\":3,\"name\":\"Pony-play kant\u00e1r\"}]},{\"@type\":\"WebSite\",\"@id\":\"https:\/\/www.leathergirl.eu\/#website\",\"url\":\"https:\/\/www.leathergirl.eu\/\",\"name\":\"A B\u0151r\u00f6s l\u00e1ny\",\"description\":\"... LeatherGirl ...\",\"publisher\":{\"@id\":\"https:\/\/www.leathergirl.eu\/#organization\"},\"potentialAction\":[{\"@type\":\"SearchAction\",\"target\":{\"@type\":\"EntryPoint\",\"urlTemplate\":\"https:\/\/www.leathergirl.eu\/?s={search_term_string}\"},\"query-input\":{\"@type\":\"PropertyValueSpecification\",\"valueRequired\":true,\"valueName\":\"search_term_string\"}}],\"inLanguage\":\"en-GB\"},{\"@type\":\"Organization\",\"@id\":\"https:\/\/www.leathergirl.eu\/#organization\",\"name\":\"A B\u0151r\u00f6s l\u00e1ny\",\"url\":\"https:\/\/www.leathergirl.eu\/\",\"logo\":{\"@type\":\"ImageObject\",\"inLanguage\":\"en-GB\",\"@id\":\"https:\/\/www.leathergirl.eu\/#\/schema\/logo\/image\/\",\"url\":\"https:\/\/www.leathergirl.eu\/wp-content\/uploads\/2024\/05\/leathergirl-logo.png\",\"contentUrl\":\"https:\/\/www.leathergirl.eu\/wp-content\/uploads\/2024\/05\/leathergirl-logo.png\",\"width\":280,\"height\":80,\"caption\":\"A B\u0151r\u00f6s l\u00e1ny\"},\"image\":{\"@id\":\"https:\/\/www.leathergirl.eu\/#\/schema\/logo\/image\/\"},\"sameAs\":[\"https:\/\/www.facebook.com\/aboroslany\/\",\"https:\/\/www.instagram.com\/theleathergirl\/\"],\"email\":\"aboroslany@gmail.com\",\"legalName\":\"Nepp T\u00edmea e.v.\",\"numberOfEmployees\":{\"@type\":\"QuantitativeValue\",\"minValue\":\"1\",\"maxValue\":\"10\"}}]}<\/script>\n<meta property=\"product:price:amount\" content=\"158.90\" \/>\n<meta property=\"product:price:currency\" content=\"EUR\" \/>\n<meta property=\"og:availability\" content=\"instock\" \/>\n<meta property=\"product:availability\" content=\"instock\" \/>\n<meta property=\"product:condition\" content=\"new\" \/>\n<!-- \/ Yoast SEO Premium plugin. -->","yoast_head_json":{"title":"Pony-play bridle - The Furry Girl","robots":{"index":"index","follow":"follow","max-snippet":"max-snippet:-1","max-image-preview":"max-image-preview:large","max-video-preview":"max-video-preview:-1"},"canonical":"https:\/\/www.leathergirl.eu\/en\/product\/pony-play-kantar\/","og_locale":"en_GB","og_type":"article","og_title":"Pony-play kant\u00e1r","og_description":"Pony-play b\u0151r kant\u00e1r: minden sz\u00edj hossza szab\u00e1lyozhat\u00f3, teljesen sz\u00e9tcsatolhat\u00f3, kant\u00e1rsz\u00e1rral, hogy ir\u00e1ny\u00edthasd a lovadat. T\u00f6bbf\u00e9le zablar\u00e9sszel rendelheted (kem\u00e9ny vagy puha gumizabla, b\u0151rrel bevont k\u00f6t\u00e9l zabla, gag-ballal) k\u00fcl\u00f6n k\u00fcl\u00f6n, vagy ak\u00e1r az \u00f6sszes vari\u00e1ci\u00f3val egy\u00fctt. A kb 1 m hossz\u00fa kant\u00e1rsz\u00e1r lecsatol\u00e1s\u00e1val fejh\u00e1mk\u00e9nt is haszn\u00e1lhatod. \u00c1rak:   egyf\u00e9le zabl\u00e1val 58.000 Ft  az \u00f6sszes zabl\u00e1val egy\u00fctt 79.700 Ft.","og_url":"https:\/\/www.leathergirl.eu\/en\/product\/pony-play-kantar\/","og_site_name":"A B\u0151r\u00f6s l\u00e1ny","article_publisher":"https:\/\/www.facebook.com\/aboroslany\/","article_modified_time":"2026-01-03T15:09:33+00:00","og_image":[{"width":800,"height":980,"url":"https:\/\/www.leathergirl.eu\/wp-content\/uploads\/2016\/10\/kantar1-e1476020437904.jpg","type":"image\/jpeg"}],"schema":{"@context":"https:\/\/schema.org","@graph":[{"@type":"WebPage","@id":"https:\/\/www.leathergirl.eu\/product\/pony-play-kantar\/","url":"https:\/\/www.leathergirl.eu\/product\/pony-play-kantar\/","name":"Pony-play bridle - The Furry Girl","isPartOf":{"@id":"https:\/\/www.leathergirl.eu\/#website"},"primaryImageOfPage":{"@id":"https:\/\/www.leathergirl.eu\/product\/pony-play-kantar\/#primaryimage"},"image":{"@id":"https:\/\/www.leathergirl.eu\/product\/pony-play-kantar\/#primaryimage"},"thumbnailUrl":"https:\/\/www.leathergirl.eu\/wp-content\/uploads\/2016\/10\/kantar1-e1476020437904.jpg","datePublished":"2016-10-01T14:57:55+00:00","dateModified":"2026-01-03T15:09:33+00:00","breadcrumb":{"@id":"https:\/\/www.leathergirl.eu\/product\/pony-play-kantar\/#breadcrumb"},"inLanguage":"en-GB","potentialAction":[{"@type":"ReadAction","target":["https:\/\/www.leathergirl.eu\/product\/pony-play-kantar\/"]}]},{"@type":"ImageObject","inLanguage":"en-GB","@id":"https:\/\/www.leathergirl.eu\/product\/pony-play-kantar\/#primaryimage","url":"https:\/\/www.leathergirl.eu\/wp-content\/uploads\/2016\/10\/kantar1-e1476020437904.jpg","contentUrl":"https:\/\/www.leathergirl.eu\/wp-content\/uploads\/2016\/10\/kantar1-e1476020437904.jpg","width":800,"height":980},{"@type":"BreadcrumbList","@id":"https:\/\/www.leathergirl.eu\/product\/pony-play-kantar\/#breadcrumb","itemListElement":[{"@type":"ListItem","position":1,"name":"Home","item":"https:\/\/www.leathergirl.eu\/"},{"@type":"ListItem","position":2,"name":"Shop","item":"https:\/\/www.leathergirl.eu\/en\/uzlet\/"},{"@type":"ListItem","position":3,"name":"Pony-play kant\u00e1r"}]},{"@type":"WebSite","@id":"https:\/\/www.leathergirl.eu\/#website","url":"https:\/\/www.leathergirl.eu\/","name":"The Leather Girl","description":"... LeatherGirl ...","publisher":{"@id":"https:\/\/www.leathergirl.eu\/#organization"},"potentialAction":[{"@type":"SearchAction","target":{"@type":"EntryPoint","urlTemplate":"https:\/\/www.leathergirl.eu\/?s={search_term_string}"},"query-input":{"@type":"PropertyValueSpecification","valueRequired":true,"valueName":"search_term_string"}}],"inLanguage":"en-GB"},{"@type":"Organization","@id":"https:\/\/www.leathergirl.eu\/#organization","name":"The Leather Girl","url":"https:\/\/www.leathergirl.eu\/","logo":{"@type":"ImageObject","inLanguage":"en-GB","@id":"https:\/\/www.leathergirl.eu\/#\/schema\/logo\/image\/","url":"https:\/\/www.leathergirl.eu\/wp-content\/uploads\/2024\/05\/leathergirl-logo.png","contentUrl":"https:\/\/www.leathergirl.eu\/wp-content\/uploads\/2024\/05\/leathergirl-logo.png","width":280,"height":80,"caption":"A B\u0151r\u00f6s l\u00e1ny"},"image":{"@id":"https:\/\/www.leathergirl.eu\/#\/schema\/logo\/image\/"},"sameAs":["https:\/\/www.facebook.com\/aboroslany\/","https:\/\/www.instagram.com\/theleathergirl\/"],"email":"aboroslany@gmail.com","legalName":"Nepp T\u00edmea e.v.","numberOfEmployees":{"@type":"QuantitativeValue","minValue":"1","maxValue":"10"}}]},"product_price_amount":"158.90","product_price_currency":"EUR","og_availability":"instock","product_availability":"instock","product_condition":"new"},"_links":{"self":[{"href":"https:\/\/www.leathergirl.eu\/en\/wp-json\/wp\/v2\/product\/21181","targetHints":{"allow":["GET"]}}],"collection":[{"href":"https:\/\/www.leathergirl.eu\/en\/wp-json\/wp\/v2\/product"}],"about":[{"href":"https:\/\/www.leathergirl.eu\/en\/wp-json\/wp\/v2\/types\/product"}],"wp:featuredmedia":[{"embeddable":true,"href":"https:\/\/www.leathergirl.eu\/en\/wp-json\/wp\/v2\/media\/21183"}],"wp:attachment":[{"href":"https:\/\/www.leathergirl.eu\/en\/wp-json\/wp\/v2\/media?parent=21181"}],"wp:term":[{"taxonomy":"product_brand","embeddable":true,"href":"https:\/\/www.leathergirl.eu\/en\/wp-json\/wp\/v2\/product_brand?post=21181"},{"taxonomy":"product_cat","embeddable":true,"href":"https:\/\/www.leathergirl.eu\/en\/wp-json\/wp\/v2\/product_cat?post=21181"},{"taxonomy":"product_tag","embeddable":true,"href":"https:\/\/www.leathergirl.eu\/en\/wp-json\/wp\/v2\/product_tag?post=21181"}],"curies":[{"name":"wp","href":"https:\/\/api.w.org\/{rel}","templated":true}]}}