{"id":21095,"date":"2016-09-24T13:22:26","date_gmt":"2016-09-24T13:22:26","guid":{"rendered":"http:\/\/www.leathergirl.eu\/?post_type=product&#038;p=21095"},"modified":"2026-01-03T13:01:26","modified_gmt":"2026-01-03T12:01:26","slug":"lockable-ankle-clamp-with-3-rings","status":"publish","type":"product","link":"https:\/\/www.leathergirl.eu\/en\/product\/lockable-ankle-clamp-with-3-rings\/","title":{"rendered":"LOCKABLE ANKLE CUFFS WITH 3 HALF RINGS"},"content":{"rendered":"<p>Black leather lockable ankle cuffs.<br \/>\nThe outer part of the 6 cm wide main body is backed with thick, sturdy leather, while the inside is lined with soft leather and sponge. The straps are made of two layers of thick leather, 3 cm wide and have 3 welded half rings. The buckle is secured by a special buckle or cotter-pin.<\/p>\n<p>Locks are not included in the product.<\/p>","protected":false},"excerpt":{"rendered":"<p>Black leather lockable ankle cuffs.<br \/>\nThe outer part of the 6 cm wide main body is backed with thick, sturdy leather, while the inside is lined with soft leather and sponge. The straps are made of two layers of thick leather, 3 cm wide and have 3 welded half rings. The buckle is secured by a special buckle or cotter-pin.<\/p>","protected":false},"featured_media":24054,"template":"","meta":{"_et_pb_use_builder":"","_et_pb_old_content":"","_et_gb_content_width":""},"product_brand":[],"product_cat":[27],"product_tag":[],"class_list":{"0":"post-21095","1":"product","2":"type-product","3":"status-publish","4":"has-post-thumbnail","6":"product_cat-ankle","8":"first","9":"instock","10":"purchasable","11":"product-type-simple"},"yoast_head":"<!-- This site is optimized with the Yoast SEO Premium plugin v26.2 (Yoast SEO v26.3) - https:\/\/yoast.com\/wordpress\/plugins\/seo\/ -->\n<title>LAKATOLHAT\u00d3 BOKABILINCS 3 DB F\u00c9LKARIK\u00c1VAL - A B\u0151r\u00f6s l\u00e1ny<\/title>\n<meta name=\"description\" content=\"Black leather lockable ankle cuffs. The outside of the main part - 6 cm wide \u2013 is made of thick strong reinforced leather, while the inside is made of soft leather with sponge padding for comfort. The 3 cm straps are made of two layers of thick leather for solid hold and three welded d-rings are added for extra restraint.\" \/>\n<meta name=\"robots\" content=\"index, follow, max-snippet:-1, max-image-preview:large, max-video-preview:-1\" \/>\n<link rel=\"canonical\" href=\"https:\/\/www.leathergirl.eu\/en\/product\/lockable-ankle-clamp-with-3-rings\/\" \/>\n<meta property=\"og:locale\" content=\"en_GB\" \/>\n<meta property=\"og:type\" content=\"article\" \/>\n<meta property=\"og:title\" content=\"LAKATOLHAT\u00d3 BOKABILINCS 3 DB F\u00c9LKARIK\u00c1VAL\" \/>\n<meta property=\"og:description\" content=\"Black leather lockable ankle cuffs. The outside of the main part - 6 cm wide \u2013 is made of thick strong reinforced leather, while the inside is made of soft leather with sponge padding for comfort. The 3 cm straps are made of two layers of thick leather for solid hold and three welded d-rings are added for extra restraint.\" \/>\n<meta property=\"og:url\" content=\"https:\/\/www.leathergirl.eu\/en\/product\/lockable-ankle-clamp-with-3-rings\/\" \/>\n<meta property=\"og:site_name\" content=\"A B\u0151r\u00f6s l\u00e1ny\" \/>\n<meta property=\"article:publisher\" content=\"https:\/\/www.facebook.com\/aboroslany\/\" \/>\n<meta property=\"article:modified_time\" content=\"2026-01-03T12:01:26+00:00\" \/>\n<meta property=\"og:image\" content=\"https:\/\/www.leathergirl.eu\/wp-content\/uploads\/2016\/09\/k-lak-tobb-fk-boka1.jpg\" \/>\n\t<meta property=\"og:image:width\" content=\"1024\" \/>\n\t<meta property=\"og:image:height\" content=\"680\" \/>\n\t<meta property=\"og:image:type\" content=\"image\/jpeg\" \/>\n<script type=\"application\/ld+json\" class=\"yoast-schema-graph\">{\"@context\":\"https:\/\/schema.org\",\"@graph\":[{\"@type\":\"WebPage\",\"@id\":\"https:\/\/www.leathergirl.eu\/product\/lakatolhato-bokabilincs-3db-felkarikaval\/\",\"url\":\"https:\/\/www.leathergirl.eu\/product\/lakatolhato-bokabilincs-3db-felkarikaval\/\",\"name\":\"LAKATOLHAT\u00d3 BOKABILINCS 3 DB F\u00c9LKARIK\u00c1VAL - A B\u0151r\u00f6s l\u00e1ny\",\"isPartOf\":{\"@id\":\"https:\/\/www.leathergirl.eu\/#website\"},\"primaryImageOfPage\":{\"@id\":\"https:\/\/www.leathergirl.eu\/product\/lakatolhato-bokabilincs-3db-felkarikaval\/#primaryimage\"},\"image\":{\"@id\":\"https:\/\/www.leathergirl.eu\/product\/lakatolhato-bokabilincs-3db-felkarikaval\/#primaryimage\"},\"thumbnailUrl\":\"https:\/\/www.leathergirl.eu\/wp-content\/uploads\/2016\/09\/k-lak-tobb-fk-boka1.jpg\",\"datePublished\":\"2016-09-24T13:22:26+00:00\",\"dateModified\":\"2026-01-03T12:01:26+00:00\",\"description\":\"Black leather lockable ankle cuffs. The outside of the main part - 6 cm wide \u2013 is made of thick strong reinforced leather, while the inside is made of soft leather with sponge padding for comfort. The 3 cm straps are made of two layers of thick leather for solid hold and three welded d-rings are added for extra restraint.\",\"breadcrumb\":{\"@id\":\"https:\/\/www.leathergirl.eu\/product\/lakatolhato-bokabilincs-3db-felkarikaval\/#breadcrumb\"},\"inLanguage\":\"en-GB\",\"potentialAction\":[{\"@type\":\"ReadAction\",\"target\":[\"https:\/\/www.leathergirl.eu\/product\/lakatolhato-bokabilincs-3db-felkarikaval\/\"]}]},{\"@type\":\"ImageObject\",\"inLanguage\":\"en-GB\",\"@id\":\"https:\/\/www.leathergirl.eu\/product\/lakatolhato-bokabilincs-3db-felkarikaval\/#primaryimage\",\"url\":\"https:\/\/www.leathergirl.eu\/wp-content\/uploads\/2016\/09\/k-lak-tobb-fk-boka1.jpg\",\"contentUrl\":\"https:\/\/www.leathergirl.eu\/wp-content\/uploads\/2016\/09\/k-lak-tobb-fk-boka1.jpg\",\"width\":1024,\"height\":680},{\"@type\":\"BreadcrumbList\",\"@id\":\"https:\/\/www.leathergirl.eu\/product\/lakatolhato-bokabilincs-3db-felkarikaval\/#breadcrumb\",\"itemListElement\":[{\"@type\":\"ListItem\",\"position\":1,\"name\":\"Home\",\"item\":\"https:\/\/www.leathergirl.eu\/\"},{\"@type\":\"ListItem\",\"position\":2,\"name\":\"Shop\",\"item\":\"https:\/\/www.leathergirl.eu\/en\/uzlet\/\"},{\"@type\":\"ListItem\",\"position\":3,\"name\":\"LAKATOLHAT\u00d3 BOKABILINCS 3 DB F\u00c9LKARIK\u00c1VAL\"}]},{\"@type\":\"WebSite\",\"@id\":\"https:\/\/www.leathergirl.eu\/#website\",\"url\":\"https:\/\/www.leathergirl.eu\/\",\"name\":\"A B\u0151r\u00f6s l\u00e1ny\",\"description\":\"... LeatherGirl ...\",\"publisher\":{\"@id\":\"https:\/\/www.leathergirl.eu\/#organization\"},\"potentialAction\":[{\"@type\":\"SearchAction\",\"target\":{\"@type\":\"EntryPoint\",\"urlTemplate\":\"https:\/\/www.leathergirl.eu\/?s={search_term_string}\"},\"query-input\":{\"@type\":\"PropertyValueSpecification\",\"valueRequired\":true,\"valueName\":\"search_term_string\"}}],\"inLanguage\":\"en-GB\"},{\"@type\":\"Organization\",\"@id\":\"https:\/\/www.leathergirl.eu\/#organization\",\"name\":\"A B\u0151r\u00f6s l\u00e1ny\",\"url\":\"https:\/\/www.leathergirl.eu\/\",\"logo\":{\"@type\":\"ImageObject\",\"inLanguage\":\"en-GB\",\"@id\":\"https:\/\/www.leathergirl.eu\/#\/schema\/logo\/image\/\",\"url\":\"https:\/\/www.leathergirl.eu\/wp-content\/uploads\/2024\/05\/leathergirl-logo.png\",\"contentUrl\":\"https:\/\/www.leathergirl.eu\/wp-content\/uploads\/2024\/05\/leathergirl-logo.png\",\"width\":280,\"height\":80,\"caption\":\"A B\u0151r\u00f6s l\u00e1ny\"},\"image\":{\"@id\":\"https:\/\/www.leathergirl.eu\/#\/schema\/logo\/image\/\"},\"sameAs\":[\"https:\/\/www.facebook.com\/aboroslany\/\",\"https:\/\/www.instagram.com\/theleathergirl\/\"],\"email\":\"aboroslany@gmail.com\",\"legalName\":\"Nepp T\u00edmea e.v.\",\"numberOfEmployees\":{\"@type\":\"QuantitativeValue\",\"minValue\":\"1\",\"maxValue\":\"10\"}}]}<\/script>\n<meta property=\"product:price:amount\" content=\"107.30\" \/>\n<meta property=\"product:price:currency\" content=\"EUR\" \/>\n<meta property=\"og:availability\" content=\"instock\" \/>\n<meta property=\"product:availability\" content=\"instock\" \/>\n<meta property=\"product:condition\" content=\"new\" \/>\n<!-- \/ Yoast SEO Premium plugin. -->","yoast_head_json":{"title":"DOWNLOADABLE BOKABILINCS WITH 3 DB FOLKARIKA - The Furry Girl","description":"Black leather lockable ankle cuffs. The outside of the main part - 6 cm wide - is made of thick strong reinforced leather, while the inside is made of soft leather with sponge padding for comfort. The 3 cm straps are made of two layers of thick leather for solid hold and three welded d-rings are added for extra restraint.","robots":{"index":"index","follow":"follow","max-snippet":"max-snippet:-1","max-image-preview":"max-image-preview:large","max-video-preview":"max-video-preview:-1"},"canonical":"https:\/\/www.leathergirl.eu\/en\/product\/lockable-ankle-clamp-with-3-rings\/","og_locale":"en_GB","og_type":"article","og_title":"LAKATOLHAT\u00d3 BOKABILINCS 3 DB F\u00c9LKARIK\u00c1VAL","og_description":"Black leather lockable ankle cuffs. The outside of the main part - 6 cm wide \u2013 is made of thick strong reinforced leather, while the inside is made of soft leather with sponge padding for comfort. The 3 cm straps are made of two layers of thick leather for solid hold and three welded d-rings are added for extra restraint.","og_url":"https:\/\/www.leathergirl.eu\/en\/product\/lockable-ankle-clamp-with-3-rings\/","og_site_name":"A B\u0151r\u00f6s l\u00e1ny","article_publisher":"https:\/\/www.facebook.com\/aboroslany\/","article_modified_time":"2026-01-03T12:01:26+00:00","og_image":[{"width":1024,"height":680,"url":"https:\/\/www.leathergirl.eu\/wp-content\/uploads\/2016\/09\/k-lak-tobb-fk-boka1.jpg","type":"image\/jpeg"}],"schema":{"@context":"https:\/\/schema.org","@graph":[{"@type":"WebPage","@id":"https:\/\/www.leathergirl.eu\/product\/lakatolhato-bokabilincs-3db-felkarikaval\/","url":"https:\/\/www.leathergirl.eu\/product\/lakatolhato-bokabilincs-3db-felkarikaval\/","name":"DOWNLOADABLE BOKABILINCS WITH 3 DB FOLKARIKA - The Furry Girl","isPartOf":{"@id":"https:\/\/www.leathergirl.eu\/#website"},"primaryImageOfPage":{"@id":"https:\/\/www.leathergirl.eu\/product\/lakatolhato-bokabilincs-3db-felkarikaval\/#primaryimage"},"image":{"@id":"https:\/\/www.leathergirl.eu\/product\/lakatolhato-bokabilincs-3db-felkarikaval\/#primaryimage"},"thumbnailUrl":"https:\/\/www.leathergirl.eu\/wp-content\/uploads\/2016\/09\/k-lak-tobb-fk-boka1.jpg","datePublished":"2016-09-24T13:22:26+00:00","dateModified":"2026-01-03T12:01:26+00:00","description":"Black leather lockable ankle cuffs. The outside of the main part - 6 cm wide - is made of thick strong reinforced leather, while the inside is made of soft leather with sponge padding for comfort. The 3 cm straps are made of two layers of thick leather for solid hold and three welded d-rings are added for extra restraint.","breadcrumb":{"@id":"https:\/\/www.leathergirl.eu\/product\/lakatolhato-bokabilincs-3db-felkarikaval\/#breadcrumb"},"inLanguage":"en-GB","potentialAction":[{"@type":"ReadAction","target":["https:\/\/www.leathergirl.eu\/product\/lakatolhato-bokabilincs-3db-felkarikaval\/"]}]},{"@type":"ImageObject","inLanguage":"en-GB","@id":"https:\/\/www.leathergirl.eu\/product\/lakatolhato-bokabilincs-3db-felkarikaval\/#primaryimage","url":"https:\/\/www.leathergirl.eu\/wp-content\/uploads\/2016\/09\/k-lak-tobb-fk-boka1.jpg","contentUrl":"https:\/\/www.leathergirl.eu\/wp-content\/uploads\/2016\/09\/k-lak-tobb-fk-boka1.jpg","width":1024,"height":680},{"@type":"BreadcrumbList","@id":"https:\/\/www.leathergirl.eu\/product\/lakatolhato-bokabilincs-3db-felkarikaval\/#breadcrumb","itemListElement":[{"@type":"ListItem","position":1,"name":"Home","item":"https:\/\/www.leathergirl.eu\/"},{"@type":"ListItem","position":2,"name":"Shop","item":"https:\/\/www.leathergirl.eu\/en\/uzlet\/"},{"@type":"ListItem","position":3,"name":"LAKATOLHAT\u00d3 BOKABILINCS 3 DB F\u00c9LKARIK\u00c1VAL"}]},{"@type":"WebSite","@id":"https:\/\/www.leathergirl.eu\/#website","url":"https:\/\/www.leathergirl.eu\/","name":"The Leather Girl","description":"... LeatherGirl ...","publisher":{"@id":"https:\/\/www.leathergirl.eu\/#organization"},"potentialAction":[{"@type":"SearchAction","target":{"@type":"EntryPoint","urlTemplate":"https:\/\/www.leathergirl.eu\/?s={search_term_string}"},"query-input":{"@type":"PropertyValueSpecification","valueRequired":true,"valueName":"search_term_string"}}],"inLanguage":"en-GB"},{"@type":"Organization","@id":"https:\/\/www.leathergirl.eu\/#organization","name":"The Leather Girl","url":"https:\/\/www.leathergirl.eu\/","logo":{"@type":"ImageObject","inLanguage":"en-GB","@id":"https:\/\/www.leathergirl.eu\/#\/schema\/logo\/image\/","url":"https:\/\/www.leathergirl.eu\/wp-content\/uploads\/2024\/05\/leathergirl-logo.png","contentUrl":"https:\/\/www.leathergirl.eu\/wp-content\/uploads\/2024\/05\/leathergirl-logo.png","width":280,"height":80,"caption":"A B\u0151r\u00f6s l\u00e1ny"},"image":{"@id":"https:\/\/www.leathergirl.eu\/#\/schema\/logo\/image\/"},"sameAs":["https:\/\/www.facebook.com\/aboroslany\/","https:\/\/www.instagram.com\/theleathergirl\/"],"email":"aboroslany@gmail.com","legalName":"Nepp T\u00edmea e.v.","numberOfEmployees":{"@type":"QuantitativeValue","minValue":"1","maxValue":"10"}}]},"product_price_amount":"107.30","product_price_currency":"EUR","og_availability":"instock","product_availability":"instock","product_condition":"new"},"_links":{"self":[{"href":"https:\/\/www.leathergirl.eu\/en\/wp-json\/wp\/v2\/product\/21095","targetHints":{"allow":["GET"]}}],"collection":[{"href":"https:\/\/www.leathergirl.eu\/en\/wp-json\/wp\/v2\/product"}],"about":[{"href":"https:\/\/www.leathergirl.eu\/en\/wp-json\/wp\/v2\/types\/product"}],"wp:featuredmedia":[{"embeddable":true,"href":"https:\/\/www.leathergirl.eu\/en\/wp-json\/wp\/v2\/media\/24054"}],"wp:attachment":[{"href":"https:\/\/www.leathergirl.eu\/en\/wp-json\/wp\/v2\/media?parent=21095"}],"wp:term":[{"taxonomy":"product_brand","embeddable":true,"href":"https:\/\/www.leathergirl.eu\/en\/wp-json\/wp\/v2\/product_brand?post=21095"},{"taxonomy":"product_cat","embeddable":true,"href":"https:\/\/www.leathergirl.eu\/en\/wp-json\/wp\/v2\/product_cat?post=21095"},{"taxonomy":"product_tag","embeddable":true,"href":"https:\/\/www.leathergirl.eu\/en\/wp-json\/wp\/v2\/product_tag?post=21095"}],"curies":[{"name":"wp","href":"https:\/\/api.w.org\/{rel}","templated":true}]}}