{"id":21081,"date":"2016-09-24T13:16:57","date_gmt":"2016-09-24T13:16:57","guid":{"rendered":"http:\/\/www.leathergirl.eu\/?post_type=product&#038;p=21081"},"modified":"2026-01-03T14:23:51","modified_gmt":"2026-01-03T13:23:51","slug":"lockable-handcuffs-with-lockable-clasp-with-upper-lever","status":"publish","type":"product","link":"https:\/\/www.leathergirl.eu\/en\/product\/lockable-handcuffs-with-lockable-clasp-with-upper-lever\/","title":{"rendered":"Lockable cuff set with extra D-rings (wrist, ankle, collar thigh)"},"content":{"rendered":"<p>Lockable cuff set with extra d-rings. The main parts of the collar and hand and ankle cuffs are 6cm wide, 8cm wide for the thigh cuffs and they're all double layered. The straps are 3cm wide, also made of two layers of leather and hold multiple d-rings: 2 for hands, ankles and around the neck and 3 for each thigh. You can lock the cuffs with a special buckle or cotter pin.\npin or a special buckle.<\/p>\n<p>You can also order them individually:<\/p>\n<ul>\n<li><a href=\"https:\/\/www.leathergirl.eu\/termek\/lakatolhato-csuklobilincs-2db-felkarikaval\/\" target=\"_blank\" rel=\"noopener\"><a href=\"https:\/\/www.leathergirl.eu\/en\/termek\/lakatolhato-csuklobilincs-2db-felkarikaval\/\" target=\"_blank\" rel=\"noopener\">hand cuffs<\/a> with 2 d-rings<\/li><\/a> 2pcs half rings<\/li>\n<li><a href=\"https:\/\/www.leathergirl.eu\/termek\/lakatolhato-bokabilincs-3db-felkarikaval\/\" target=\"_blank\" rel=\"noopener\">ankle<\/a> <a href=\"https:\/\/www.leathergirl.eu\/en\/termek\/lakatolhato-bokabilincs-3db-felkarikaval\/\" target=\"_blank\" rel=\"noopener\">ankles<\/a> with 3 d-rings<\/li><\/li>\n<li><a href=\"https:\/\/www.leathergirl.eu\/termek\/lakatolhato-nyakbilincs-4-db-felkarikaval\/\" target=\"_blank\" rel=\"noopener\">neck<\/a> <a href=\"https:\/\/www.leathergirl.eu\/en\/termek\/lakatolhato-nyakbilincs-4-db-felkarikaval\/\" target=\"_blank\" rel=\"noopener\">collar<\/a> with 4 d-rings<\/li><\/li>\n<li><a href=\"https:\/\/www.leathergirl.eu\/termek\/lakatolhato-nyakbilincs-3db-felkarikaval\/\" target=\"_blank\" rel=\"noopener\">comb<\/a> <a href=\"https:\/\/www.leathergirl.eu\/en\/termek\/lakatolhato-nyakbilincs-4-db-felkarikaval\/\" target=\"_blank\" rel=\"noopener\">collar<\/a> with 4 d-rings<\/li><\/li>\n<\/ul>","protected":false},"excerpt":{"rendered":"<p>Lockable cuff set with extra d-rings. The main parts of the collar and hand and ankle cuffs are 6cm wide, 8cm wide for the thigh cuffs and they're all double layered. The straps are 3cm wide, also made of two layers of leather and hold multiple d-rings: 2 for hands, ankles and around the neck and 3 for each thigh. You can lock the cuffs with a special buckle or cotter pin.\npin or a special buckle.<\/p>\n<p>You can also order them individually:<\/p>\n<ul>\n<li><a href=\"https:\/\/www.leathergirl.eu\/termek\/lakatolhato-csuklobilincs-2db-felkarikaval\/\" target=\"_blank\" rel=\"noopener\"><a href=\"https:\/\/www.leathergirl.eu\/en\/termek\/lakatolhato-csuklobilincs-2db-felkarikaval\/\" target=\"_blank\" rel=\"noopener\">hand cuffs<\/a> with 2 d-rings<\/li><\/a> 2pcs half rings<\/li>\n<li><a href=\"https:\/\/www.leathergirl.eu\/termek\/lakatolhato-bokabilincs-3db-felkarikaval\/\" target=\"_blank\" rel=\"noopener\">ankle<\/a> <a href=\"https:\/\/www.leathergirl.eu\/en\/termek\/lakatolhato-bokabilincs-3db-felkarikaval\/\" target=\"_blank\" rel=\"noopener\">ankles<\/a> with 3 d-rings<\/li><\/li>\n<li><a href=\"https:\/\/www.leathergirl.eu\/termek\/lakatolhato-nyakbilincs-4-db-felkarikaval\/\" target=\"_blank\" rel=\"noopener\">neck<\/a> <a href=\"https:\/\/www.leathergirl.eu\/en\/termek\/lakatolhato-nyakbilincs-4-db-felkarikaval\/\" target=\"_blank\" rel=\"noopener\">collar<\/a> with 4 d-rings<\/li><\/li>\n<li><a href=\"https:\/\/www.leathergirl.eu\/termek\/lakatolhato-nyakbilincs-3db-felkarikaval\/\" target=\"_blank\" rel=\"noopener\">comb<\/a> <a href=\"https:\/\/www.leathergirl.eu\/en\/termek\/lakatolhato-nyakbilincs-4-db-felkarikaval\/\" target=\"_blank\" rel=\"noopener\">collar<\/a> with 4 d-rings<\/li><\/li>\n<\/ul>","protected":false},"featured_media":21729,"template":"","meta":{"_et_pb_use_builder":"","_et_pb_old_content":"","_et_gb_content_width":""},"product_brand":[],"product_cat":[18],"product_tag":[],"class_list":{"0":"post-21081","1":"product","2":"type-product","3":"status-publish","4":"has-post-thumbnail","6":"product_cat-sets","8":"first","9":"instock","10":"purchasable","11":"product-type-simple"},"yoast_head":"<!-- This site is optimized with the Yoast SEO Premium plugin v26.2 (Yoast SEO v26.3) - https:\/\/yoast.com\/wordpress\/plugins\/seo\/ -->\n<title>LAKATOLHAT\u00d3 BILINCS K\u00c9SZLET T\u00d6BB F\u00c9LKARIK\u00c1VAL (csukl\u00f3, boka, nyak, comb) - A B\u0151r\u00f6s l\u00e1ny<\/title>\n<meta name=\"robots\" content=\"index, follow, max-snippet:-1, max-image-preview:large, max-video-preview:-1\" \/>\n<link rel=\"canonical\" href=\"https:\/\/www.leathergirl.eu\/en\/product\/lockable-handcuffs-with-lockable-clasp-with-upper-lever\/\" \/>\n<meta property=\"og:locale\" content=\"en_GB\" \/>\n<meta property=\"og:type\" content=\"article\" \/>\n<meta property=\"og:title\" content=\"LAKATOLHAT\u00d3 BILINCS K\u00c9SZLET T\u00d6BB F\u00c9LKARIK\u00c1VAL (csukl\u00f3, boka, nyak, comb)\" \/>\n<meta property=\"og:description\" content=\"Lakatolhat\u00f3 bilincs szett t\u00f6bb f\u00e9lkarik\u00e1val. A f\u0151r\u00e9sz a csukl\u00f3-, boka- \u00e9s nyakbilincsn\u00e9l 6 cm sz\u00e9les, a combn\u00e1l 8 cm sz\u00e9les, k\u00e9t r\u00e9teg b\u0151r. A sz\u00edjak 3 cm sz\u00e9lesek, szint\u00e9n k\u00e9t r\u00e9teg b\u0151rb\u0151l k\u00e9sz\u00fclnek \u00e9s t\u00f6bb f\u00e9lkarik\u00e1t tartanak: a csukl\u00f3n\u00e1l 2 db-ot, a bok\u00e1n\u00e1l, nyakn\u00e1l \u00e9s combn\u00e1l 3-3 db-ot. A lakatolhat\u00f3s\u00e1got sasszeg vagy speci\u00e1lis csat biztos\u00edtja.  Term\u00e9szetesen darabonk\u00e9nt is rendelheted:   csukl\u00f3ra 2db f\u00e9lkarik\u00e1val  bok\u00e1ra 3db f\u00e9lkarik\u00e1val  nyakra 4db f\u00e9lkarik\u00e1val  combra 4db f\u00e9lkarik\u00e1val\" \/>\n<meta property=\"og:url\" content=\"https:\/\/www.leathergirl.eu\/en\/product\/lockable-handcuffs-with-lockable-clasp-with-upper-lever\/\" \/>\n<meta property=\"og:site_name\" content=\"A B\u0151r\u00f6s l\u00e1ny\" \/>\n<meta property=\"article:publisher\" content=\"https:\/\/www.facebook.com\/aboroslany\/\" \/>\n<meta property=\"article:modified_time\" content=\"2026-01-03T13:23:51+00:00\" \/>\n<meta property=\"og:image\" content=\"https:\/\/www.leathergirl.eu\/wp-content\/uploads\/2016\/09\/k-lakatolhato-combbal6.jpg\" \/>\n\t<meta property=\"og:image:width\" content=\"1024\" \/>\n\t<meta property=\"og:image:height\" content=\"483\" \/>\n\t<meta property=\"og:image:type\" content=\"image\/jpeg\" \/>\n<script type=\"application\/ld+json\" class=\"yoast-schema-graph\">{\"@context\":\"https:\/\/schema.org\",\"@graph\":[{\"@type\":\"WebPage\",\"@id\":\"https:\/\/www.leathergirl.eu\/product\/lakatolhato-bilincs-keszlet-toebb-felkarikaval\/\",\"url\":\"https:\/\/www.leathergirl.eu\/product\/lakatolhato-bilincs-keszlet-toebb-felkarikaval\/\",\"name\":\"LAKATOLHAT\u00d3 BILINCS K\u00c9SZLET T\u00d6BB F\u00c9LKARIK\u00c1VAL (csukl\u00f3, boka, nyak, comb) - A B\u0151r\u00f6s l\u00e1ny\",\"isPartOf\":{\"@id\":\"https:\/\/www.leathergirl.eu\/#website\"},\"primaryImageOfPage\":{\"@id\":\"https:\/\/www.leathergirl.eu\/product\/lakatolhato-bilincs-keszlet-toebb-felkarikaval\/#primaryimage\"},\"image\":{\"@id\":\"https:\/\/www.leathergirl.eu\/product\/lakatolhato-bilincs-keszlet-toebb-felkarikaval\/#primaryimage\"},\"thumbnailUrl\":\"https:\/\/www.leathergirl.eu\/wp-content\/uploads\/2016\/09\/k-lakatolhato-combbal6.jpg\",\"datePublished\":\"2016-09-24T13:16:57+00:00\",\"dateModified\":\"2026-01-03T13:23:51+00:00\",\"breadcrumb\":{\"@id\":\"https:\/\/www.leathergirl.eu\/product\/lakatolhato-bilincs-keszlet-toebb-felkarikaval\/#breadcrumb\"},\"inLanguage\":\"en-GB\",\"potentialAction\":[{\"@type\":\"ReadAction\",\"target\":[\"https:\/\/www.leathergirl.eu\/product\/lakatolhato-bilincs-keszlet-toebb-felkarikaval\/\"]}]},{\"@type\":\"ImageObject\",\"inLanguage\":\"en-GB\",\"@id\":\"https:\/\/www.leathergirl.eu\/product\/lakatolhato-bilincs-keszlet-toebb-felkarikaval\/#primaryimage\",\"url\":\"https:\/\/www.leathergirl.eu\/wp-content\/uploads\/2016\/09\/k-lakatolhato-combbal6.jpg\",\"contentUrl\":\"https:\/\/www.leathergirl.eu\/wp-content\/uploads\/2016\/09\/k-lakatolhato-combbal6.jpg\",\"width\":1024,\"height\":483},{\"@type\":\"BreadcrumbList\",\"@id\":\"https:\/\/www.leathergirl.eu\/product\/lakatolhato-bilincs-keszlet-toebb-felkarikaval\/#breadcrumb\",\"itemListElement\":[{\"@type\":\"ListItem\",\"position\":1,\"name\":\"Home\",\"item\":\"https:\/\/www.leathergirl.eu\/\"},{\"@type\":\"ListItem\",\"position\":2,\"name\":\"Shop\",\"item\":\"https:\/\/www.leathergirl.eu\/en\/uzlet\/\"},{\"@type\":\"ListItem\",\"position\":3,\"name\":\"LAKATOLHAT\u00d3 BILINCS K\u00c9SZLET T\u00d6BB F\u00c9LKARIK\u00c1VAL (csukl\u00f3, boka, nyak, comb)\"}]},{\"@type\":\"WebSite\",\"@id\":\"https:\/\/www.leathergirl.eu\/#website\",\"url\":\"https:\/\/www.leathergirl.eu\/\",\"name\":\"A B\u0151r\u00f6s l\u00e1ny\",\"description\":\"... LeatherGirl ...\",\"publisher\":{\"@id\":\"https:\/\/www.leathergirl.eu\/#organization\"},\"potentialAction\":[{\"@type\":\"SearchAction\",\"target\":{\"@type\":\"EntryPoint\",\"urlTemplate\":\"https:\/\/www.leathergirl.eu\/?s={search_term_string}\"},\"query-input\":{\"@type\":\"PropertyValueSpecification\",\"valueRequired\":true,\"valueName\":\"search_term_string\"}}],\"inLanguage\":\"en-GB\"},{\"@type\":\"Organization\",\"@id\":\"https:\/\/www.leathergirl.eu\/#organization\",\"name\":\"A B\u0151r\u00f6s l\u00e1ny\",\"url\":\"https:\/\/www.leathergirl.eu\/\",\"logo\":{\"@type\":\"ImageObject\",\"inLanguage\":\"en-GB\",\"@id\":\"https:\/\/www.leathergirl.eu\/#\/schema\/logo\/image\/\",\"url\":\"https:\/\/www.leathergirl.eu\/wp-content\/uploads\/2024\/05\/leathergirl-logo.png\",\"contentUrl\":\"https:\/\/www.leathergirl.eu\/wp-content\/uploads\/2024\/05\/leathergirl-logo.png\",\"width\":280,\"height\":80,\"caption\":\"A B\u0151r\u00f6s l\u00e1ny\"},\"image\":{\"@id\":\"https:\/\/www.leathergirl.eu\/#\/schema\/logo\/image\/\"},\"sameAs\":[\"https:\/\/www.facebook.com\/aboroslany\/\",\"https:\/\/www.instagram.com\/theleathergirl\/\"],\"email\":\"aboroslany@gmail.com\",\"legalName\":\"Nepp T\u00edmea e.v.\",\"numberOfEmployees\":{\"@type\":\"QuantitativeValue\",\"minValue\":\"1\",\"maxValue\":\"10\"}}]}<\/script>\n<meta property=\"product:price:amount\" content=\"363.20\" \/>\n<meta property=\"product:price:currency\" content=\"EUR\" \/>\n<meta property=\"og:availability\" content=\"instock\" \/>\n<meta property=\"product:availability\" content=\"instock\" \/>\n<meta property=\"product:condition\" content=\"new\" \/>\n<!-- \/ Yoast SEO Premium plugin. -->","yoast_head_json":{"title":"FOLDABLE BILINCS SET WITH MORE SURFACE CARE (wrist, ankle, neck, thigh) - The Furry Girl","robots":{"index":"index","follow":"follow","max-snippet":"max-snippet:-1","max-image-preview":"max-image-preview:large","max-video-preview":"max-video-preview:-1"},"canonical":"https:\/\/www.leathergirl.eu\/en\/product\/lockable-handcuffs-with-lockable-clasp-with-upper-lever\/","og_locale":"en_GB","og_type":"article","og_title":"LAKATOLHAT\u00d3 BILINCS K\u00c9SZLET T\u00d6BB F\u00c9LKARIK\u00c1VAL (csukl\u00f3, boka, nyak, comb)","og_description":"Lakatolhat\u00f3 bilincs szett t\u00f6bb f\u00e9lkarik\u00e1val. A f\u0151r\u00e9sz a csukl\u00f3-, boka- \u00e9s nyakbilincsn\u00e9l 6 cm sz\u00e9les, a combn\u00e1l 8 cm sz\u00e9les, k\u00e9t r\u00e9teg b\u0151r. A sz\u00edjak 3 cm sz\u00e9lesek, szint\u00e9n k\u00e9t r\u00e9teg b\u0151rb\u0151l k\u00e9sz\u00fclnek \u00e9s t\u00f6bb f\u00e9lkarik\u00e1t tartanak: a csukl\u00f3n\u00e1l 2 db-ot, a bok\u00e1n\u00e1l, nyakn\u00e1l \u00e9s combn\u00e1l 3-3 db-ot. A lakatolhat\u00f3s\u00e1got sasszeg vagy speci\u00e1lis csat biztos\u00edtja.  Term\u00e9szetesen darabonk\u00e9nt is rendelheted:   csukl\u00f3ra 2db f\u00e9lkarik\u00e1val  bok\u00e1ra 3db f\u00e9lkarik\u00e1val  nyakra 4db f\u00e9lkarik\u00e1val  combra 4db f\u00e9lkarik\u00e1val","og_url":"https:\/\/www.leathergirl.eu\/en\/product\/lockable-handcuffs-with-lockable-clasp-with-upper-lever\/","og_site_name":"A B\u0151r\u00f6s l\u00e1ny","article_publisher":"https:\/\/www.facebook.com\/aboroslany\/","article_modified_time":"2026-01-03T13:23:51+00:00","og_image":[{"width":1024,"height":483,"url":"https:\/\/www.leathergirl.eu\/wp-content\/uploads\/2016\/09\/k-lakatolhato-combbal6.jpg","type":"image\/jpeg"}],"schema":{"@context":"https:\/\/schema.org","@graph":[{"@type":"WebPage","@id":"https:\/\/www.leathergirl.eu\/product\/lakatolhato-bilincs-keszlet-toebb-felkarikaval\/","url":"https:\/\/www.leathergirl.eu\/product\/lakatolhato-bilincs-keszlet-toebb-felkarikaval\/","name":"FOLDABLE BILINCS SET WITH MORE SURFACE CARE (wrist, ankle, neck, thigh) - The Furry Girl","isPartOf":{"@id":"https:\/\/www.leathergirl.eu\/#website"},"primaryImageOfPage":{"@id":"https:\/\/www.leathergirl.eu\/product\/lakatolhato-bilincs-keszlet-toebb-felkarikaval\/#primaryimage"},"image":{"@id":"https:\/\/www.leathergirl.eu\/product\/lakatolhato-bilincs-keszlet-toebb-felkarikaval\/#primaryimage"},"thumbnailUrl":"https:\/\/www.leathergirl.eu\/wp-content\/uploads\/2016\/09\/k-lakatolhato-combbal6.jpg","datePublished":"2016-09-24T13:16:57+00:00","dateModified":"2026-01-03T13:23:51+00:00","breadcrumb":{"@id":"https:\/\/www.leathergirl.eu\/product\/lakatolhato-bilincs-keszlet-toebb-felkarikaval\/#breadcrumb"},"inLanguage":"en-GB","potentialAction":[{"@type":"ReadAction","target":["https:\/\/www.leathergirl.eu\/product\/lakatolhato-bilincs-keszlet-toebb-felkarikaval\/"]}]},{"@type":"ImageObject","inLanguage":"en-GB","@id":"https:\/\/www.leathergirl.eu\/product\/lakatolhato-bilincs-keszlet-toebb-felkarikaval\/#primaryimage","url":"https:\/\/www.leathergirl.eu\/wp-content\/uploads\/2016\/09\/k-lakatolhato-combbal6.jpg","contentUrl":"https:\/\/www.leathergirl.eu\/wp-content\/uploads\/2016\/09\/k-lakatolhato-combbal6.jpg","width":1024,"height":483},{"@type":"BreadcrumbList","@id":"https:\/\/www.leathergirl.eu\/product\/lakatolhato-bilincs-keszlet-toebb-felkarikaval\/#breadcrumb","itemListElement":[{"@type":"ListItem","position":1,"name":"Home","item":"https:\/\/www.leathergirl.eu\/"},{"@type":"ListItem","position":2,"name":"Shop","item":"https:\/\/www.leathergirl.eu\/en\/uzlet\/"},{"@type":"ListItem","position":3,"name":"LAKATOLHAT\u00d3 BILINCS K\u00c9SZLET T\u00d6BB F\u00c9LKARIK\u00c1VAL (csukl\u00f3, boka, nyak, comb)"}]},{"@type":"WebSite","@id":"https:\/\/www.leathergirl.eu\/#website","url":"https:\/\/www.leathergirl.eu\/","name":"The Leather Girl","description":"... LeatherGirl ...","publisher":{"@id":"https:\/\/www.leathergirl.eu\/#organization"},"potentialAction":[{"@type":"SearchAction","target":{"@type":"EntryPoint","urlTemplate":"https:\/\/www.leathergirl.eu\/?s={search_term_string}"},"query-input":{"@type":"PropertyValueSpecification","valueRequired":true,"valueName":"search_term_string"}}],"inLanguage":"en-GB"},{"@type":"Organization","@id":"https:\/\/www.leathergirl.eu\/#organization","name":"The Leather Girl","url":"https:\/\/www.leathergirl.eu\/","logo":{"@type":"ImageObject","inLanguage":"en-GB","@id":"https:\/\/www.leathergirl.eu\/#\/schema\/logo\/image\/","url":"https:\/\/www.leathergirl.eu\/wp-content\/uploads\/2024\/05\/leathergirl-logo.png","contentUrl":"https:\/\/www.leathergirl.eu\/wp-content\/uploads\/2024\/05\/leathergirl-logo.png","width":280,"height":80,"caption":"A B\u0151r\u00f6s l\u00e1ny"},"image":{"@id":"https:\/\/www.leathergirl.eu\/#\/schema\/logo\/image\/"},"sameAs":["https:\/\/www.facebook.com\/aboroslany\/","https:\/\/www.instagram.com\/theleathergirl\/"],"email":"aboroslany@gmail.com","legalName":"Nepp T\u00edmea e.v.","numberOfEmployees":{"@type":"QuantitativeValue","minValue":"1","maxValue":"10"}}]},"product_price_amount":"363.20","product_price_currency":"EUR","og_availability":"instock","product_availability":"instock","product_condition":"new"},"_links":{"self":[{"href":"https:\/\/www.leathergirl.eu\/en\/wp-json\/wp\/v2\/product\/21081","targetHints":{"allow":["GET"]}}],"collection":[{"href":"https:\/\/www.leathergirl.eu\/en\/wp-json\/wp\/v2\/product"}],"about":[{"href":"https:\/\/www.leathergirl.eu\/en\/wp-json\/wp\/v2\/types\/product"}],"wp:featuredmedia":[{"embeddable":true,"href":"https:\/\/www.leathergirl.eu\/en\/wp-json\/wp\/v2\/media\/21729"}],"wp:attachment":[{"href":"https:\/\/www.leathergirl.eu\/en\/wp-json\/wp\/v2\/media?parent=21081"}],"wp:term":[{"taxonomy":"product_brand","embeddable":true,"href":"https:\/\/www.leathergirl.eu\/en\/wp-json\/wp\/v2\/product_brand?post=21081"},{"taxonomy":"product_cat","embeddable":true,"href":"https:\/\/www.leathergirl.eu\/en\/wp-json\/wp\/v2\/product_cat?post=21081"},{"taxonomy":"product_tag","embeddable":true,"href":"https:\/\/www.leathergirl.eu\/en\/wp-json\/wp\/v2\/product_tag?post=21081"}],"curies":[{"name":"wp","href":"https:\/\/api.w.org\/{rel}","templated":true}]}}