{"id":21075,"date":"2016-09-24T12:32:09","date_gmt":"2016-09-24T12:32:09","guid":{"rendered":"http:\/\/www.leathergirl.eu\/?post_type=product&#038;p=21075"},"modified":"2026-01-03T14:24:51","modified_gmt":"2026-01-03T13:24:51","slug":"extra-strong-handcuff-clasp-with-red-black-borbol","status":"publish","type":"product","link":"https:\/\/www.leathergirl.eu\/en\/product\/extra-strong-handcuff-clasp-with-red-black-borbol\/","title":{"rendered":"Extra strong handcuff set in red-black leather"},"content":{"rendered":"<p>Extra strong red and black leather cuff set with welded d-rings. The outside of the main parts are made of reinforced thick leather, they are 6cm wide. The inside is softly padded and covered with soft leather. The straps are made of two layers of 3 cm leather. The wrist and ankle cuffs have one welded d-ring each, the collar has 3.\n\nIf you have questions or you want to order reach out to me in one of the ways found on the <a href=\"https:\/\/www.leathergirl.eu\/en\/kapcsolat\/\" target=\"_blank\" rel=\"noopener\">CONTACT<\/a> page.<\/p>\n<p>You can also order them individually:<\/p>\n<ul>\n<li class=\"firstItem\"><a href=\"https:\/\/www.leathergirl.eu\/termek\/extra-eros-csuklobilincs-piros-fekete-borbol\/\" target=\"_blank\" rel=\"noopener\"><a href=\"https:\/\/www.leathergirl.eu\/en\/termek\/extra-eros-csuklobilincs-piros-fekete-borbol\/\" target=\"_blank\" rel=\"noopener\">wrist cuffs<\/a><\/li><\/a><\/li>\n<li><a href=\"https:\/\/www.leathergirl.eu\/termek\/extra-eros-bokabilincs-piros-fekete-borbol\/\" target=\"_blank\" rel=\"noopener\"><a href=\"https:\/\/www.leathergirl.eu\/en\/termek\/extra-eros-bokabilincs-piros-fekete-borbol\/\" target=\"_blank\" rel=\"noopener\">ankle cuffs<\/a><\/li><\/a><\/li>\n<li class=\"lastItem\"><a href=\"https:\/\/www.leathergirl.eu\/termek\/nyakbilincs-piros-fekete-borbol\/\" target=\"_blank\" rel=\"noopener\"><a href=\"https:\/\/www.leathergirl.eu\/en\/termek\/nyakbilincs-piros-fekete-borbol\/\" target=\"_blank\" rel=\"noopener\">collar<\/a><\/li>\n<\/ul><\/a><\/li>\n<\/ul>","protected":false},"excerpt":{"rendered":"<p>Extra strong red and black leather cuff set with welded d-rings. The outside of the main parts are made of reinforced thick leather, they are 6cm wide. The inside is softly padded and covered with soft leather. The straps are made of two layers of 3 cm leather. The wrist and ankle cuffs have one welded d-ring each, the collar has 3.\n\nIf you have questions or you want to order reach out to me in one of the ways found on the <a href=\"https:\/\/www.leathergirl.eu\/en\/kapcsolat\/\" target=\"_blank\" rel=\"noopener\">CONTACT<\/a> page.<\/p>\n<p>You can also order them individually:<\/p>\n<ul>\n<li class=\"firstItem\"><a href=\"https:\/\/www.leathergirl.eu\/termek\/extra-eros-csuklobilincs-piros-fekete-borbol\/\" target=\"_blank\" rel=\"noopener\"><a href=\"https:\/\/www.leathergirl.eu\/en\/termek\/extra-eros-csuklobilincs-piros-fekete-borbol\/\" target=\"_blank\" rel=\"noopener\">wrist cuffs<\/a><\/li><\/a><\/li>\n<li><a href=\"https:\/\/www.leathergirl.eu\/termek\/extra-eros-bokabilincs-piros-fekete-borbol\/\" target=\"_blank\" rel=\"noopener\"><a href=\"https:\/\/www.leathergirl.eu\/en\/termek\/extra-eros-bokabilincs-piros-fekete-borbol\/\" target=\"_blank\" rel=\"noopener\">ankle cuffs<\/a><\/li><\/a><\/li>\n<li class=\"lastItem\"><a href=\"https:\/\/www.leathergirl.eu\/termek\/nyakbilincs-piros-fekete-borbol\/\" target=\"_blank\" rel=\"noopener\"><a href=\"https:\/\/www.leathergirl.eu\/en\/termek\/nyakbilincs-piros-fekete-borbol\/\" target=\"_blank\" rel=\"noopener\">collar<\/a><\/li>\n<\/ul><\/a><\/li>\n<\/ul>","protected":false},"featured_media":21068,"template":"","meta":{"_et_pb_use_builder":"","_et_pb_old_content":"","_et_gb_content_width":""},"product_brand":[],"product_cat":[18],"product_tag":[],"class_list":{"0":"post-21075","1":"product","2":"type-product","3":"status-publish","4":"has-post-thumbnail","6":"product_cat-sets","8":"first","9":"instock","10":"purchasable","11":"product-type-simple"},"yoast_head":"<!-- This site is optimized with the Yoast SEO Premium plugin v26.2 (Yoast SEO v26.3) - https:\/\/yoast.com\/wordpress\/plugins\/seo\/ -->\n<title>Extra er\u0151s bilincs k\u00e9szlet piros-fekete b\u0151rb\u0151l - A B\u0151r\u00f6s l\u00e1ny<\/title>\n<meta name=\"robots\" content=\"index, follow, max-snippet:-1, max-image-preview:large, max-video-preview:-1\" \/>\n<link rel=\"canonical\" href=\"https:\/\/www.leathergirl.eu\/en\/product\/extra-strong-handcuff-clasp-with-red-black-borbol\/\" \/>\n<meta property=\"og:locale\" content=\"en_GB\" \/>\n<meta property=\"og:type\" content=\"article\" \/>\n<meta property=\"og:title\" content=\"Extra er\u0151s bilincs k\u00e9szlet piros-fekete b\u0151rb\u0151l\" \/>\n<meta property=\"og:description\" content=\"Extra er\u0151s bilincs k\u00e9szlet piros-fekete b\u0151rb\u0151l, hegesztett f\u00e9lkarik\u00e1kkal. A f\u0151r\u00e9sz mindegyikn\u00e9l 6 cm sz\u00e9les, k\u00e9t r\u00e9teg vastag b\u0151rb\u0151l k\u00e9sz\u00fcl, a bels\u0151 oldal\u00e1n szivaccsal \u00e9s puha b\u0151rrel b\u00e9lelt. A sz\u00edjak 3 cm sz\u00e9lesek, szint\u00e9n k\u00e9t r\u00e9teg vastag b\u0151r. A csukl\u00f3- \u00e9s bokabilincsre 1-1 db f\u00e9lkarik\u00e1t teszek, a nyakbilincsre pedig h\u00e1rmat.  Term\u00e9szetesen darabonk\u00e9nt is rendelheted:   csukl\u00f3bilincs  bokabilincs  nyakbilincs\" \/>\n<meta property=\"og:url\" content=\"https:\/\/www.leathergirl.eu\/en\/product\/extra-strong-handcuff-clasp-with-red-black-borbol\/\" \/>\n<meta property=\"og:site_name\" content=\"A B\u0151r\u00f6s l\u00e1ny\" \/>\n<meta property=\"article:publisher\" content=\"https:\/\/www.facebook.com\/aboroslany\/\" \/>\n<meta property=\"article:modified_time\" content=\"2026-01-03T13:24:51+00:00\" \/>\n<meta property=\"og:image\" content=\"https:\/\/www.leathergirl.eu\/wp-content\/uploads\/2016\/09\/fekpir-extra-szett2-e1476022669715.jpg\" \/>\n\t<meta property=\"og:image:width\" content=\"1367\" \/>\n\t<meta property=\"og:image:height\" content=\"800\" \/>\n\t<meta property=\"og:image:type\" content=\"image\/jpeg\" \/>\n<script type=\"application\/ld+json\" class=\"yoast-schema-graph\">{\"@context\":\"https:\/\/schema.org\",\"@graph\":[{\"@type\":\"WebPage\",\"@id\":\"https:\/\/www.leathergirl.eu\/product\/extra-eros-bilincs-keszlet-piros-fekete-borbol\/\",\"url\":\"https:\/\/www.leathergirl.eu\/product\/extra-eros-bilincs-keszlet-piros-fekete-borbol\/\",\"name\":\"Extra er\u0151s bilincs k\u00e9szlet piros-fekete b\u0151rb\u0151l - A B\u0151r\u00f6s l\u00e1ny\",\"isPartOf\":{\"@id\":\"https:\/\/www.leathergirl.eu\/#website\"},\"primaryImageOfPage\":{\"@id\":\"https:\/\/www.leathergirl.eu\/product\/extra-eros-bilincs-keszlet-piros-fekete-borbol\/#primaryimage\"},\"image\":{\"@id\":\"https:\/\/www.leathergirl.eu\/product\/extra-eros-bilincs-keszlet-piros-fekete-borbol\/#primaryimage\"},\"thumbnailUrl\":\"https:\/\/www.leathergirl.eu\/wp-content\/uploads\/2016\/09\/fekpir-extra-szett2-e1476022669715.jpg\",\"datePublished\":\"2016-09-24T12:32:09+00:00\",\"dateModified\":\"2026-01-03T13:24:51+00:00\",\"breadcrumb\":{\"@id\":\"https:\/\/www.leathergirl.eu\/product\/extra-eros-bilincs-keszlet-piros-fekete-borbol\/#breadcrumb\"},\"inLanguage\":\"en-GB\",\"potentialAction\":[{\"@type\":\"ReadAction\",\"target\":[\"https:\/\/www.leathergirl.eu\/product\/extra-eros-bilincs-keszlet-piros-fekete-borbol\/\"]}]},{\"@type\":\"ImageObject\",\"inLanguage\":\"en-GB\",\"@id\":\"https:\/\/www.leathergirl.eu\/product\/extra-eros-bilincs-keszlet-piros-fekete-borbol\/#primaryimage\",\"url\":\"https:\/\/www.leathergirl.eu\/wp-content\/uploads\/2016\/09\/fekpir-extra-szett2-e1476022669715.jpg\",\"contentUrl\":\"https:\/\/www.leathergirl.eu\/wp-content\/uploads\/2016\/09\/fekpir-extra-szett2-e1476022669715.jpg\",\"width\":1367,\"height\":800},{\"@type\":\"BreadcrumbList\",\"@id\":\"https:\/\/www.leathergirl.eu\/product\/extra-eros-bilincs-keszlet-piros-fekete-borbol\/#breadcrumb\",\"itemListElement\":[{\"@type\":\"ListItem\",\"position\":1,\"name\":\"Home\",\"item\":\"https:\/\/www.leathergirl.eu\/\"},{\"@type\":\"ListItem\",\"position\":2,\"name\":\"Shop\",\"item\":\"https:\/\/www.leathergirl.eu\/en\/uzlet\/\"},{\"@type\":\"ListItem\",\"position\":3,\"name\":\"Extra er\u0151s bilincs k\u00e9szlet piros-fekete b\u0151rb\u0151l\"}]},{\"@type\":\"WebSite\",\"@id\":\"https:\/\/www.leathergirl.eu\/#website\",\"url\":\"https:\/\/www.leathergirl.eu\/\",\"name\":\"A B\u0151r\u00f6s l\u00e1ny\",\"description\":\"... LeatherGirl ...\",\"publisher\":{\"@id\":\"https:\/\/www.leathergirl.eu\/#organization\"},\"potentialAction\":[{\"@type\":\"SearchAction\",\"target\":{\"@type\":\"EntryPoint\",\"urlTemplate\":\"https:\/\/www.leathergirl.eu\/?s={search_term_string}\"},\"query-input\":{\"@type\":\"PropertyValueSpecification\",\"valueRequired\":true,\"valueName\":\"search_term_string\"}}],\"inLanguage\":\"en-GB\"},{\"@type\":\"Organization\",\"@id\":\"https:\/\/www.leathergirl.eu\/#organization\",\"name\":\"A B\u0151r\u00f6s l\u00e1ny\",\"url\":\"https:\/\/www.leathergirl.eu\/\",\"logo\":{\"@type\":\"ImageObject\",\"inLanguage\":\"en-GB\",\"@id\":\"https:\/\/www.leathergirl.eu\/#\/schema\/logo\/image\/\",\"url\":\"https:\/\/www.leathergirl.eu\/wp-content\/uploads\/2024\/05\/leathergirl-logo.png\",\"contentUrl\":\"https:\/\/www.leathergirl.eu\/wp-content\/uploads\/2024\/05\/leathergirl-logo.png\",\"width\":280,\"height\":80,\"caption\":\"A B\u0151r\u00f6s l\u00e1ny\"},\"image\":{\"@id\":\"https:\/\/www.leathergirl.eu\/#\/schema\/logo\/image\/\"},\"sameAs\":[\"https:\/\/www.facebook.com\/aboroslany\/\",\"https:\/\/www.instagram.com\/theleathergirl\/\"],\"email\":\"aboroslany@gmail.com\",\"legalName\":\"Nepp T\u00edmea e.v.\",\"numberOfEmployees\":{\"@type\":\"QuantitativeValue\",\"minValue\":\"1\",\"maxValue\":\"10\"}}]}<\/script>\n<meta property=\"product:price:amount\" content=\"177.00\" \/>\n<meta property=\"product:price:currency\" content=\"EUR\" \/>\n<meta property=\"og:availability\" content=\"instock\" \/>\n<meta property=\"product:availability\" content=\"instock\" \/>\n<meta property=\"product:condition\" content=\"new\" \/>\n<!-- \/ Yoast SEO Premium plugin. -->","yoast_head_json":{"title":"Extra strong red and black leather handcuff set - The Furry Girl","robots":{"index":"index","follow":"follow","max-snippet":"max-snippet:-1","max-image-preview":"max-image-preview:large","max-video-preview":"max-video-preview:-1"},"canonical":"https:\/\/www.leathergirl.eu\/en\/product\/extra-strong-handcuff-clasp-with-red-black-borbol\/","og_locale":"en_GB","og_type":"article","og_title":"Extra er\u0151s bilincs k\u00e9szlet piros-fekete b\u0151rb\u0151l","og_description":"Extra er\u0151s bilincs k\u00e9szlet piros-fekete b\u0151rb\u0151l, hegesztett f\u00e9lkarik\u00e1kkal. A f\u0151r\u00e9sz mindegyikn\u00e9l 6 cm sz\u00e9les, k\u00e9t r\u00e9teg vastag b\u0151rb\u0151l k\u00e9sz\u00fcl, a bels\u0151 oldal\u00e1n szivaccsal \u00e9s puha b\u0151rrel b\u00e9lelt. A sz\u00edjak 3 cm sz\u00e9lesek, szint\u00e9n k\u00e9t r\u00e9teg vastag b\u0151r. A csukl\u00f3- \u00e9s bokabilincsre 1-1 db f\u00e9lkarik\u00e1t teszek, a nyakbilincsre pedig h\u00e1rmat.  Term\u00e9szetesen darabonk\u00e9nt is rendelheted:   csukl\u00f3bilincs  bokabilincs  nyakbilincs","og_url":"https:\/\/www.leathergirl.eu\/en\/product\/extra-strong-handcuff-clasp-with-red-black-borbol\/","og_site_name":"A B\u0151r\u00f6s l\u00e1ny","article_publisher":"https:\/\/www.facebook.com\/aboroslany\/","article_modified_time":"2026-01-03T13:24:51+00:00","og_image":[{"width":1367,"height":800,"url":"https:\/\/www.leathergirl.eu\/wp-content\/uploads\/2016\/09\/fekpir-extra-szett2-e1476022669715.jpg","type":"image\/jpeg"}],"schema":{"@context":"https:\/\/schema.org","@graph":[{"@type":"WebPage","@id":"https:\/\/www.leathergirl.eu\/product\/extra-eros-bilincs-keszlet-piros-fekete-borbol\/","url":"https:\/\/www.leathergirl.eu\/product\/extra-eros-bilincs-keszlet-piros-fekete-borbol\/","name":"Extra strong red and black leather handcuff set - The Furry Girl","isPartOf":{"@id":"https:\/\/www.leathergirl.eu\/#website"},"primaryImageOfPage":{"@id":"https:\/\/www.leathergirl.eu\/product\/extra-eros-bilincs-keszlet-piros-fekete-borbol\/#primaryimage"},"image":{"@id":"https:\/\/www.leathergirl.eu\/product\/extra-eros-bilincs-keszlet-piros-fekete-borbol\/#primaryimage"},"thumbnailUrl":"https:\/\/www.leathergirl.eu\/wp-content\/uploads\/2016\/09\/fekpir-extra-szett2-e1476022669715.jpg","datePublished":"2016-09-24T12:32:09+00:00","dateModified":"2026-01-03T13:24:51+00:00","breadcrumb":{"@id":"https:\/\/www.leathergirl.eu\/product\/extra-eros-bilincs-keszlet-piros-fekete-borbol\/#breadcrumb"},"inLanguage":"en-GB","potentialAction":[{"@type":"ReadAction","target":["https:\/\/www.leathergirl.eu\/product\/extra-eros-bilincs-keszlet-piros-fekete-borbol\/"]}]},{"@type":"ImageObject","inLanguage":"en-GB","@id":"https:\/\/www.leathergirl.eu\/product\/extra-eros-bilincs-keszlet-piros-fekete-borbol\/#primaryimage","url":"https:\/\/www.leathergirl.eu\/wp-content\/uploads\/2016\/09\/fekpir-extra-szett2-e1476022669715.jpg","contentUrl":"https:\/\/www.leathergirl.eu\/wp-content\/uploads\/2016\/09\/fekpir-extra-szett2-e1476022669715.jpg","width":1367,"height":800},{"@type":"BreadcrumbList","@id":"https:\/\/www.leathergirl.eu\/product\/extra-eros-bilincs-keszlet-piros-fekete-borbol\/#breadcrumb","itemListElement":[{"@type":"ListItem","position":1,"name":"Home","item":"https:\/\/www.leathergirl.eu\/"},{"@type":"ListItem","position":2,"name":"Shop","item":"https:\/\/www.leathergirl.eu\/en\/uzlet\/"},{"@type":"ListItem","position":3,"name":"Extra er\u0151s bilincs k\u00e9szlet piros-fekete b\u0151rb\u0151l"}]},{"@type":"WebSite","@id":"https:\/\/www.leathergirl.eu\/#website","url":"https:\/\/www.leathergirl.eu\/","name":"The Leather Girl","description":"... LeatherGirl ...","publisher":{"@id":"https:\/\/www.leathergirl.eu\/#organization"},"potentialAction":[{"@type":"SearchAction","target":{"@type":"EntryPoint","urlTemplate":"https:\/\/www.leathergirl.eu\/?s={search_term_string}"},"query-input":{"@type":"PropertyValueSpecification","valueRequired":true,"valueName":"search_term_string"}}],"inLanguage":"en-GB"},{"@type":"Organization","@id":"https:\/\/www.leathergirl.eu\/#organization","name":"The Leather Girl","url":"https:\/\/www.leathergirl.eu\/","logo":{"@type":"ImageObject","inLanguage":"en-GB","@id":"https:\/\/www.leathergirl.eu\/#\/schema\/logo\/image\/","url":"https:\/\/www.leathergirl.eu\/wp-content\/uploads\/2024\/05\/leathergirl-logo.png","contentUrl":"https:\/\/www.leathergirl.eu\/wp-content\/uploads\/2024\/05\/leathergirl-logo.png","width":280,"height":80,"caption":"A B\u0151r\u00f6s l\u00e1ny"},"image":{"@id":"https:\/\/www.leathergirl.eu\/#\/schema\/logo\/image\/"},"sameAs":["https:\/\/www.facebook.com\/aboroslany\/","https:\/\/www.instagram.com\/theleathergirl\/"],"email":"aboroslany@gmail.com","legalName":"Nepp T\u00edmea e.v.","numberOfEmployees":{"@type":"QuantitativeValue","minValue":"1","maxValue":"10"}}]},"product_price_amount":"177.00","product_price_currency":"EUR","og_availability":"instock","product_availability":"instock","product_condition":"new"},"_links":{"self":[{"href":"https:\/\/www.leathergirl.eu\/en\/wp-json\/wp\/v2\/product\/21075","targetHints":{"allow":["GET"]}}],"collection":[{"href":"https:\/\/www.leathergirl.eu\/en\/wp-json\/wp\/v2\/product"}],"about":[{"href":"https:\/\/www.leathergirl.eu\/en\/wp-json\/wp\/v2\/types\/product"}],"wp:featuredmedia":[{"embeddable":true,"href":"https:\/\/www.leathergirl.eu\/en\/wp-json\/wp\/v2\/media\/21068"}],"wp:attachment":[{"href":"https:\/\/www.leathergirl.eu\/en\/wp-json\/wp\/v2\/media?parent=21075"}],"wp:term":[{"taxonomy":"product_brand","embeddable":true,"href":"https:\/\/www.leathergirl.eu\/en\/wp-json\/wp\/v2\/product_brand?post=21075"},{"taxonomy":"product_cat","embeddable":true,"href":"https:\/\/www.leathergirl.eu\/en\/wp-json\/wp\/v2\/product_cat?post=21075"},{"taxonomy":"product_tag","embeddable":true,"href":"https:\/\/www.leathergirl.eu\/en\/wp-json\/wp\/v2\/product_tag?post=21075"}],"curies":[{"name":"wp","href":"https:\/\/api.w.org\/{rel}","templated":true}]}}