{"id":21074,"date":"2016-09-24T12:26:11","date_gmt":"2016-09-24T12:26:11","guid":{"rendered":"http:\/\/www.leathergirl.eu\/?post_type=product&#038;p=21074"},"modified":"2026-01-03T13:02:23","modified_gmt":"2026-01-03T12:02:23","slug":"extra-strong-ankle-bracelet-with-red-black-wine","status":"publish","type":"product","link":"https:\/\/www.leathergirl.eu\/en\/product\/extra-strong-ankle-bracelet-with-red-black-wine\/","title":{"rendered":"Extra strong ankle cuffs from black and red leather"},"content":{"rendered":"<p>Extra strong ankle cuffs made of red and black leather with welded d-rings. The main body is 6 cm (2.3 inch) wide made of two layers of thick leather. The inside is made of soft leather and sponge padding for comfort. The strap is 3 cm (1.1 inch) wide, also made of two layers of thick leather.<\/p>\n<p>Pictures by:\u00a0<a href=\"Model photo: &lt;a href=&quot;https:\/\/www.facebook.com\/FetishExtremePictureBest\/&quot;&gt;https:\/\/www.facebook.com\/FetishExtremePictureBest\/&lt;\/a&gt;\">Model photo: <a href=\"https:\/\/www.facebook.com\/FetishExtremePictureBest\/\">https:\/\/www.facebook.com\/FetishExtremePictureBest\/<\/a><\/a><\/p>","protected":false},"excerpt":{"rendered":"<p>Extra strong ankle cuffs made of red and black leather with welded d-rings. The main body is 6 cm (2.3 inch) wide made of two layers of thick leather. The inside is made of soft leather and sponge padding for comfort. The strap is 3 cm (1.1 inch) wide, also made of two layers of thick leather.<\/p>\n<p>Pictures by:\u00a0<a href=\"Model photo: &lt;a href=&quot;https:\/\/www.facebook.com\/FetishExtremePictureBest\/&quot;&gt;https:\/\/www.facebook.com\/FetishExtremePictureBest\/&lt;\/a&gt;\">Model photo: <a href=\"https:\/\/www.facebook.com\/FetishExtremePictureBest\/\">https:\/\/www.facebook.com\/FetishExtremePictureBest\/<\/a><\/a><\/p>","protected":false},"featured_media":23084,"template":"","meta":{"_et_pb_use_builder":"","_et_pb_old_content":"","_et_gb_content_width":""},"product_brand":[],"product_cat":[27],"product_tag":[],"class_list":{"0":"post-21074","1":"product","2":"type-product","3":"status-publish","4":"has-post-thumbnail","6":"product_cat-ankle","8":"first","9":"instock","10":"purchasable","11":"product-type-simple"},"yoast_head":"<!-- This site is optimized with the Yoast SEO Premium plugin v26.2 (Yoast SEO v26.3) - https:\/\/yoast.com\/wordpress\/plugins\/seo\/ -->\n<title>Extra er\u0151s bokabilincs piros-fekete b\u0151rb\u0151l - A B\u0151r\u00f6s l\u00e1ny<\/title>\n<meta name=\"description\" content=\"These extra strong ankle cuffs are made of black leather with welded d-rings. The main body is 6 cm (2.3 inch) wide made of two layers of thick leather. The inside is made of soft leather and sponge padding for comfort. The strap is 3 cm (1.1 inch) wide, also made of two layers of thick leather.\" \/>\n<meta name=\"robots\" content=\"index, follow, max-snippet:-1, max-image-preview:large, max-video-preview:-1\" \/>\n<link rel=\"canonical\" href=\"https:\/\/www.leathergirl.eu\/en\/product\/extra-strong-ankle-bracelet-with-red-black-wine\/\" \/>\n<meta property=\"og:locale\" content=\"en_GB\" \/>\n<meta property=\"og:type\" content=\"article\" \/>\n<meta property=\"og:title\" content=\"Extra er\u0151s bokabilincs piros-fekete b\u0151rb\u0151l\" \/>\n<meta property=\"og:description\" content=\"These extra strong ankle cuffs are made of black leather with welded d-rings. The main body is 6 cm (2.3 inch) wide made of two layers of thick leather. The inside is made of soft leather and sponge padding for comfort. The strap is 3 cm (1.1 inch) wide, also made of two layers of thick leather.\" \/>\n<meta property=\"og:url\" content=\"https:\/\/www.leathergirl.eu\/en\/product\/extra-strong-ankle-bracelet-with-red-black-wine\/\" \/>\n<meta property=\"og:site_name\" content=\"A B\u0151r\u00f6s l\u00e1ny\" \/>\n<meta property=\"article:publisher\" content=\"https:\/\/www.facebook.com\/aboroslany\/\" \/>\n<meta property=\"article:modified_time\" content=\"2026-01-03T12:02:23+00:00\" \/>\n<meta property=\"og:image\" content=\"https:\/\/www.leathergirl.eu\/wp-content\/uploads\/2016\/09\/k-piros-fekete-boka.png\" \/>\n\t<meta property=\"og:image:width\" content=\"534\" \/>\n\t<meta property=\"og:image:height\" content=\"800\" \/>\n\t<meta property=\"og:image:type\" content=\"image\/png\" \/>\n<script type=\"application\/ld+json\" class=\"yoast-schema-graph\">{\"@context\":\"https:\/\/schema.org\",\"@graph\":[{\"@type\":\"WebPage\",\"@id\":\"https:\/\/www.leathergirl.eu\/product\/extra-eros-bokabilincs-piros-fekete-borbol\/\",\"url\":\"https:\/\/www.leathergirl.eu\/product\/extra-eros-bokabilincs-piros-fekete-borbol\/\",\"name\":\"Extra er\u0151s bokabilincs piros-fekete b\u0151rb\u0151l - A B\u0151r\u00f6s l\u00e1ny\",\"isPartOf\":{\"@id\":\"https:\/\/www.leathergirl.eu\/#website\"},\"primaryImageOfPage\":{\"@id\":\"https:\/\/www.leathergirl.eu\/product\/extra-eros-bokabilincs-piros-fekete-borbol\/#primaryimage\"},\"image\":{\"@id\":\"https:\/\/www.leathergirl.eu\/product\/extra-eros-bokabilincs-piros-fekete-borbol\/#primaryimage\"},\"thumbnailUrl\":\"https:\/\/www.leathergirl.eu\/wp-content\/uploads\/2016\/09\/k-piros-fekete-boka.png\",\"datePublished\":\"2016-09-24T12:26:11+00:00\",\"dateModified\":\"2026-01-03T12:02:23+00:00\",\"description\":\"These extra strong ankle cuffs are made of black leather with welded d-rings. The main body is 6 cm (2.3 inch) wide made of two layers of thick leather. The inside is made of soft leather and sponge padding for comfort. The strap is 3 cm (1.1 inch) wide, also made of two layers of thick leather.\",\"breadcrumb\":{\"@id\":\"https:\/\/www.leathergirl.eu\/product\/extra-eros-bokabilincs-piros-fekete-borbol\/#breadcrumb\"},\"inLanguage\":\"en-GB\",\"potentialAction\":[{\"@type\":\"ReadAction\",\"target\":[\"https:\/\/www.leathergirl.eu\/product\/extra-eros-bokabilincs-piros-fekete-borbol\/\"]}]},{\"@type\":\"ImageObject\",\"inLanguage\":\"en-GB\",\"@id\":\"https:\/\/www.leathergirl.eu\/product\/extra-eros-bokabilincs-piros-fekete-borbol\/#primaryimage\",\"url\":\"https:\/\/www.leathergirl.eu\/wp-content\/uploads\/2016\/09\/k-piros-fekete-boka.png\",\"contentUrl\":\"https:\/\/www.leathergirl.eu\/wp-content\/uploads\/2016\/09\/k-piros-fekete-boka.png\",\"width\":534,\"height\":800},{\"@type\":\"BreadcrumbList\",\"@id\":\"https:\/\/www.leathergirl.eu\/product\/extra-eros-bokabilincs-piros-fekete-borbol\/#breadcrumb\",\"itemListElement\":[{\"@type\":\"ListItem\",\"position\":1,\"name\":\"Home\",\"item\":\"https:\/\/www.leathergirl.eu\/\"},{\"@type\":\"ListItem\",\"position\":2,\"name\":\"Shop\",\"item\":\"https:\/\/www.leathergirl.eu\/en\/uzlet\/\"},{\"@type\":\"ListItem\",\"position\":3,\"name\":\"Extra er\u0151s bokabilincs piros-fekete b\u0151rb\u0151l\"}]},{\"@type\":\"WebSite\",\"@id\":\"https:\/\/www.leathergirl.eu\/#website\",\"url\":\"https:\/\/www.leathergirl.eu\/\",\"name\":\"A B\u0151r\u00f6s l\u00e1ny\",\"description\":\"... LeatherGirl ...\",\"publisher\":{\"@id\":\"https:\/\/www.leathergirl.eu\/#organization\"},\"potentialAction\":[{\"@type\":\"SearchAction\",\"target\":{\"@type\":\"EntryPoint\",\"urlTemplate\":\"https:\/\/www.leathergirl.eu\/?s={search_term_string}\"},\"query-input\":{\"@type\":\"PropertyValueSpecification\",\"valueRequired\":true,\"valueName\":\"search_term_string\"}}],\"inLanguage\":\"en-GB\"},{\"@type\":\"Organization\",\"@id\":\"https:\/\/www.leathergirl.eu\/#organization\",\"name\":\"A B\u0151r\u00f6s l\u00e1ny\",\"url\":\"https:\/\/www.leathergirl.eu\/\",\"logo\":{\"@type\":\"ImageObject\",\"inLanguage\":\"en-GB\",\"@id\":\"https:\/\/www.leathergirl.eu\/#\/schema\/logo\/image\/\",\"url\":\"https:\/\/www.leathergirl.eu\/wp-content\/uploads\/2024\/05\/leathergirl-logo.png\",\"contentUrl\":\"https:\/\/www.leathergirl.eu\/wp-content\/uploads\/2024\/05\/leathergirl-logo.png\",\"width\":280,\"height\":80,\"caption\":\"A B\u0151r\u00f6s l\u00e1ny\"},\"image\":{\"@id\":\"https:\/\/www.leathergirl.eu\/#\/schema\/logo\/image\/\"},\"sameAs\":[\"https:\/\/www.facebook.com\/aboroslany\/\",\"https:\/\/www.instagram.com\/theleathergirl\/\"],\"email\":\"aboroslany@gmail.com\",\"legalName\":\"Nepp T\u00edmea e.v.\",\"numberOfEmployees\":{\"@type\":\"QuantitativeValue\",\"minValue\":\"1\",\"maxValue\":\"10\"}}]}<\/script>\n<meta property=\"product:price:amount\" content=\"80.10\" \/>\n<meta property=\"product:price:currency\" content=\"EUR\" \/>\n<meta property=\"og:availability\" content=\"instock\" \/>\n<meta property=\"product:availability\" content=\"instock\" \/>\n<meta property=\"product:condition\" content=\"new\" \/>\n<!-- \/ Yoast SEO Premium plugin. -->","yoast_head_json":{"title":"Extra strong ankle cuffs in red and black leather - The Furry Girl","description":"These extra strong ankle cuffs are made of black leather with welded d-rings. The main body is 6 cm (2.3 inch) wide made of two layers of thick leather. The inside is made of soft leather and sponge padding for comfort. The strap is 3 cm (1.1 inch) wide, also made of two layers of thick leather.","robots":{"index":"index","follow":"follow","max-snippet":"max-snippet:-1","max-image-preview":"max-image-preview:large","max-video-preview":"max-video-preview:-1"},"canonical":"https:\/\/www.leathergirl.eu\/en\/product\/extra-strong-ankle-bracelet-with-red-black-wine\/","og_locale":"en_GB","og_type":"article","og_title":"Extra er\u0151s bokabilincs piros-fekete b\u0151rb\u0151l","og_description":"These extra strong ankle cuffs are made of black leather with welded d-rings. The main body is 6 cm (2.3 inch) wide made of two layers of thick leather. The inside is made of soft leather and sponge padding for comfort. The strap is 3 cm (1.1 inch) wide, also made of two layers of thick leather.","og_url":"https:\/\/www.leathergirl.eu\/en\/product\/extra-strong-ankle-bracelet-with-red-black-wine\/","og_site_name":"A B\u0151r\u00f6s l\u00e1ny","article_publisher":"https:\/\/www.facebook.com\/aboroslany\/","article_modified_time":"2026-01-03T12:02:23+00:00","og_image":[{"width":534,"height":800,"url":"https:\/\/www.leathergirl.eu\/wp-content\/uploads\/2016\/09\/k-piros-fekete-boka.png","type":"image\/png"}],"schema":{"@context":"https:\/\/schema.org","@graph":[{"@type":"WebPage","@id":"https:\/\/www.leathergirl.eu\/product\/extra-eros-bokabilincs-piros-fekete-borbol\/","url":"https:\/\/www.leathergirl.eu\/product\/extra-eros-bokabilincs-piros-fekete-borbol\/","name":"Extra strong ankle cuffs in red and black leather - The Furry Girl","isPartOf":{"@id":"https:\/\/www.leathergirl.eu\/#website"},"primaryImageOfPage":{"@id":"https:\/\/www.leathergirl.eu\/product\/extra-eros-bokabilincs-piros-fekete-borbol\/#primaryimage"},"image":{"@id":"https:\/\/www.leathergirl.eu\/product\/extra-eros-bokabilincs-piros-fekete-borbol\/#primaryimage"},"thumbnailUrl":"https:\/\/www.leathergirl.eu\/wp-content\/uploads\/2016\/09\/k-piros-fekete-boka.png","datePublished":"2016-09-24T12:26:11+00:00","dateModified":"2026-01-03T12:02:23+00:00","description":"These extra strong ankle cuffs are made of black leather with welded d-rings. The main body is 6 cm (2.3 inch) wide made of two layers of thick leather. The inside is made of soft leather and sponge padding for comfort. The strap is 3 cm (1.1 inch) wide, also made of two layers of thick leather.","breadcrumb":{"@id":"https:\/\/www.leathergirl.eu\/product\/extra-eros-bokabilincs-piros-fekete-borbol\/#breadcrumb"},"inLanguage":"en-GB","potentialAction":[{"@type":"ReadAction","target":["https:\/\/www.leathergirl.eu\/product\/extra-eros-bokabilincs-piros-fekete-borbol\/"]}]},{"@type":"ImageObject","inLanguage":"en-GB","@id":"https:\/\/www.leathergirl.eu\/product\/extra-eros-bokabilincs-piros-fekete-borbol\/#primaryimage","url":"https:\/\/www.leathergirl.eu\/wp-content\/uploads\/2016\/09\/k-piros-fekete-boka.png","contentUrl":"https:\/\/www.leathergirl.eu\/wp-content\/uploads\/2016\/09\/k-piros-fekete-boka.png","width":534,"height":800},{"@type":"BreadcrumbList","@id":"https:\/\/www.leathergirl.eu\/product\/extra-eros-bokabilincs-piros-fekete-borbol\/#breadcrumb","itemListElement":[{"@type":"ListItem","position":1,"name":"Home","item":"https:\/\/www.leathergirl.eu\/"},{"@type":"ListItem","position":2,"name":"Shop","item":"https:\/\/www.leathergirl.eu\/en\/uzlet\/"},{"@type":"ListItem","position":3,"name":"Extra er\u0151s bokabilincs piros-fekete b\u0151rb\u0151l"}]},{"@type":"WebSite","@id":"https:\/\/www.leathergirl.eu\/#website","url":"https:\/\/www.leathergirl.eu\/","name":"The Leather Girl","description":"... LeatherGirl ...","publisher":{"@id":"https:\/\/www.leathergirl.eu\/#organization"},"potentialAction":[{"@type":"SearchAction","target":{"@type":"EntryPoint","urlTemplate":"https:\/\/www.leathergirl.eu\/?s={search_term_string}"},"query-input":{"@type":"PropertyValueSpecification","valueRequired":true,"valueName":"search_term_string"}}],"inLanguage":"en-GB"},{"@type":"Organization","@id":"https:\/\/www.leathergirl.eu\/#organization","name":"The Leather Girl","url":"https:\/\/www.leathergirl.eu\/","logo":{"@type":"ImageObject","inLanguage":"en-GB","@id":"https:\/\/www.leathergirl.eu\/#\/schema\/logo\/image\/","url":"https:\/\/www.leathergirl.eu\/wp-content\/uploads\/2024\/05\/leathergirl-logo.png","contentUrl":"https:\/\/www.leathergirl.eu\/wp-content\/uploads\/2024\/05\/leathergirl-logo.png","width":280,"height":80,"caption":"A B\u0151r\u00f6s l\u00e1ny"},"image":{"@id":"https:\/\/www.leathergirl.eu\/#\/schema\/logo\/image\/"},"sameAs":["https:\/\/www.facebook.com\/aboroslany\/","https:\/\/www.instagram.com\/theleathergirl\/"],"email":"aboroslany@gmail.com","legalName":"Nepp T\u00edmea e.v.","numberOfEmployees":{"@type":"QuantitativeValue","minValue":"1","maxValue":"10"}}]},"product_price_amount":"80.10","product_price_currency":"EUR","og_availability":"instock","product_availability":"instock","product_condition":"new"},"_links":{"self":[{"href":"https:\/\/www.leathergirl.eu\/en\/wp-json\/wp\/v2\/product\/21074","targetHints":{"allow":["GET"]}}],"collection":[{"href":"https:\/\/www.leathergirl.eu\/en\/wp-json\/wp\/v2\/product"}],"about":[{"href":"https:\/\/www.leathergirl.eu\/en\/wp-json\/wp\/v2\/types\/product"}],"wp:featuredmedia":[{"embeddable":true,"href":"https:\/\/www.leathergirl.eu\/en\/wp-json\/wp\/v2\/media\/23084"}],"wp:attachment":[{"href":"https:\/\/www.leathergirl.eu\/en\/wp-json\/wp\/v2\/media?parent=21074"}],"wp:term":[{"taxonomy":"product_brand","embeddable":true,"href":"https:\/\/www.leathergirl.eu\/en\/wp-json\/wp\/v2\/product_brand?post=21074"},{"taxonomy":"product_cat","embeddable":true,"href":"https:\/\/www.leathergirl.eu\/en\/wp-json\/wp\/v2\/product_cat?post=21074"},{"taxonomy":"product_tag","embeddable":true,"href":"https:\/\/www.leathergirl.eu\/en\/wp-json\/wp\/v2\/product_tag?post=21074"}],"curies":[{"name":"wp","href":"https:\/\/api.w.org\/{rel}","templated":true}]}}