{"id":21067,"date":"2016-09-24T12:18:59","date_gmt":"2016-09-24T12:18:59","guid":{"rendered":"http:\/\/www.leathergirl.eu\/?post_type=product&#038;p=21067"},"modified":"2026-01-03T14:58:00","modified_gmt":"2026-01-03T13:58:00","slug":"neck-cuff-red-black-borbol","status":"publish","type":"product","link":"https:\/\/www.leathergirl.eu\/en\/product\/neck-cuff-red-black-borbol\/","title":{"rendered":"Red and black leather collar"},"content":{"rendered":"<p>Extra strong collar made of red and black leather with 3 welded d-rings. The body is 6cm wide, made of two layers of leather, the inside is softly padded and covered with soft leather\u00a0 for comfort. The strap is 3cm wide, also double layered.<\/p>","protected":false},"excerpt":{"rendered":"<p>Extra strong collar made of red and black leather with 3 welded d-rings. The body is 6cm wide, made of two layers of leather, the inside is softly padded and covered with soft leather\u00a0 for comfort. The strap is 3cm wide, also double layered.<\/p>","protected":false},"featured_media":21072,"template":"","meta":{"_et_pb_use_builder":"","_et_pb_old_content":"","_et_gb_content_width":""},"product_brand":[],"product_cat":[16],"product_tag":[],"class_list":{"0":"post-21067","1":"product","2":"type-product","3":"status-publish","4":"has-post-thumbnail","6":"product_cat-collars","8":"first","9":"instock","10":"purchasable","11":"product-type-simple"},"yoast_head":"<!-- This site is optimized with the Yoast SEO Premium plugin v26.2 (Yoast SEO v26.3) - https:\/\/yoast.com\/wordpress\/plugins\/seo\/ -->\n<title>Nyakbilincs piros-fekete b\u0151rb\u0151l - A B\u0151r\u00f6s l\u00e1ny<\/title>\n<meta name=\"robots\" content=\"index, follow, max-snippet:-1, max-image-preview:large, max-video-preview:-1\" \/>\n<link rel=\"canonical\" href=\"https:\/\/www.leathergirl.eu\/en\/product\/neck-cuff-red-black-borbol\/\" \/>\n<meta property=\"og:locale\" content=\"en_GB\" \/>\n<meta property=\"og:type\" content=\"article\" \/>\n<meta property=\"og:title\" content=\"Nyakbilincs piros-fekete b\u0151rb\u0151l\" \/>\n<meta property=\"og:description\" content=\"Extra er\u0151s nyakbilincs piros-fekete b\u0151rb\u0151l, 3 db hegesztett f\u00e9lkarik\u00e1val. A f\u0151r\u00e9sz 6 cm sz\u00e9les, k\u00e9t r\u00e9teg vastag b\u0151rb\u0151l k\u00e9sz\u00fcl, a bels\u0151 oldal\u00e1n szivaccsal \u00e9s puha b\u0151rrel b\u00e9lelt. A sz\u00edj 3 cm sz\u00e9les, szint\u00e9n k\u00e9t r\u00e9teg vastag b\u0151r.\" \/>\n<meta property=\"og:url\" content=\"https:\/\/www.leathergirl.eu\/en\/product\/neck-cuff-red-black-borbol\/\" \/>\n<meta property=\"og:site_name\" content=\"A B\u0151r\u00f6s l\u00e1ny\" \/>\n<meta property=\"article:publisher\" content=\"https:\/\/www.facebook.com\/aboroslany\/\" \/>\n<meta property=\"article:modified_time\" content=\"2026-01-03T13:58:00+00:00\" \/>\n<meta property=\"og:image\" content=\"https:\/\/www.leathergirl.eu\/wp-content\/uploads\/2016\/09\/fekpir-extra-nyak-nyitva-e1476022539242.jpg\" \/>\n\t<meta property=\"og:image:width\" content=\"1404\" \/>\n\t<meta property=\"og:image:height\" content=\"800\" \/>\n\t<meta property=\"og:image:type\" content=\"image\/jpeg\" \/>\n<script type=\"application\/ld+json\" class=\"yoast-schema-graph\">{\"@context\":\"https:\/\/schema.org\",\"@graph\":[{\"@type\":\"WebPage\",\"@id\":\"https:\/\/www.leathergirl.eu\/product\/nyakbilincs-piros-fekete-borbol\/\",\"url\":\"https:\/\/www.leathergirl.eu\/product\/nyakbilincs-piros-fekete-borbol\/\",\"name\":\"Nyakbilincs piros-fekete b\u0151rb\u0151l - A B\u0151r\u00f6s l\u00e1ny\",\"isPartOf\":{\"@id\":\"https:\/\/www.leathergirl.eu\/#website\"},\"primaryImageOfPage\":{\"@id\":\"https:\/\/www.leathergirl.eu\/product\/nyakbilincs-piros-fekete-borbol\/#primaryimage\"},\"image\":{\"@id\":\"https:\/\/www.leathergirl.eu\/product\/nyakbilincs-piros-fekete-borbol\/#primaryimage\"},\"thumbnailUrl\":\"https:\/\/www.leathergirl.eu\/wp-content\/uploads\/2016\/09\/fekpir-extra-nyak-nyitva-e1476022539242.jpg\",\"datePublished\":\"2016-09-24T12:18:59+00:00\",\"dateModified\":\"2026-01-03T13:58:00+00:00\",\"breadcrumb\":{\"@id\":\"https:\/\/www.leathergirl.eu\/product\/nyakbilincs-piros-fekete-borbol\/#breadcrumb\"},\"inLanguage\":\"en-GB\",\"potentialAction\":[{\"@type\":\"ReadAction\",\"target\":[\"https:\/\/www.leathergirl.eu\/product\/nyakbilincs-piros-fekete-borbol\/\"]}]},{\"@type\":\"ImageObject\",\"inLanguage\":\"en-GB\",\"@id\":\"https:\/\/www.leathergirl.eu\/product\/nyakbilincs-piros-fekete-borbol\/#primaryimage\",\"url\":\"https:\/\/www.leathergirl.eu\/wp-content\/uploads\/2016\/09\/fekpir-extra-nyak-nyitva-e1476022539242.jpg\",\"contentUrl\":\"https:\/\/www.leathergirl.eu\/wp-content\/uploads\/2016\/09\/fekpir-extra-nyak-nyitva-e1476022539242.jpg\",\"width\":1404,\"height\":800},{\"@type\":\"BreadcrumbList\",\"@id\":\"https:\/\/www.leathergirl.eu\/product\/nyakbilincs-piros-fekete-borbol\/#breadcrumb\",\"itemListElement\":[{\"@type\":\"ListItem\",\"position\":1,\"name\":\"Home\",\"item\":\"https:\/\/www.leathergirl.eu\/\"},{\"@type\":\"ListItem\",\"position\":2,\"name\":\"Shop\",\"item\":\"https:\/\/www.leathergirl.eu\/en\/uzlet\/\"},{\"@type\":\"ListItem\",\"position\":3,\"name\":\"Nyakbilincs piros-fekete b\u0151rb\u0151l\"}]},{\"@type\":\"WebSite\",\"@id\":\"https:\/\/www.leathergirl.eu\/#website\",\"url\":\"https:\/\/www.leathergirl.eu\/\",\"name\":\"A B\u0151r\u00f6s l\u00e1ny\",\"description\":\"... LeatherGirl ...\",\"publisher\":{\"@id\":\"https:\/\/www.leathergirl.eu\/#organization\"},\"potentialAction\":[{\"@type\":\"SearchAction\",\"target\":{\"@type\":\"EntryPoint\",\"urlTemplate\":\"https:\/\/www.leathergirl.eu\/?s={search_term_string}\"},\"query-input\":{\"@type\":\"PropertyValueSpecification\",\"valueRequired\":true,\"valueName\":\"search_term_string\"}}],\"inLanguage\":\"en-GB\"},{\"@type\":\"Organization\",\"@id\":\"https:\/\/www.leathergirl.eu\/#organization\",\"name\":\"A B\u0151r\u00f6s l\u00e1ny\",\"url\":\"https:\/\/www.leathergirl.eu\/\",\"logo\":{\"@type\":\"ImageObject\",\"inLanguage\":\"en-GB\",\"@id\":\"https:\/\/www.leathergirl.eu\/#\/schema\/logo\/image\/\",\"url\":\"https:\/\/www.leathergirl.eu\/wp-content\/uploads\/2024\/05\/leathergirl-logo.png\",\"contentUrl\":\"https:\/\/www.leathergirl.eu\/wp-content\/uploads\/2024\/05\/leathergirl-logo.png\",\"width\":280,\"height\":80,\"caption\":\"A B\u0151r\u00f6s l\u00e1ny\"},\"image\":{\"@id\":\"https:\/\/www.leathergirl.eu\/#\/schema\/logo\/image\/\"},\"sameAs\":[\"https:\/\/www.facebook.com\/aboroslany\/\",\"https:\/\/www.instagram.com\/theleathergirl\/\"],\"email\":\"aboroslany@gmail.com\",\"legalName\":\"Nepp T\u00edmea e.v.\",\"numberOfEmployees\":{\"@type\":\"QuantitativeValue\",\"minValue\":\"1\",\"maxValue\":\"10\"}}]}<\/script>\n<meta property=\"product:price:amount\" content=\"56.10\" \/>\n<meta property=\"product:price:currency\" content=\"EUR\" \/>\n<meta property=\"og:availability\" content=\"instock\" \/>\n<meta property=\"product:availability\" content=\"instock\" \/>\n<meta property=\"product:condition\" content=\"new\" \/>\n<!-- \/ Yoast SEO Premium plugin. -->","yoast_head_json":{"title":"Red and black leather neck cuffs - The Furry Girl","robots":{"index":"index","follow":"follow","max-snippet":"max-snippet:-1","max-image-preview":"max-image-preview:large","max-video-preview":"max-video-preview:-1"},"canonical":"https:\/\/www.leathergirl.eu\/en\/product\/neck-cuff-red-black-borbol\/","og_locale":"en_GB","og_type":"article","og_title":"Nyakbilincs piros-fekete b\u0151rb\u0151l","og_description":"Extra er\u0151s nyakbilincs piros-fekete b\u0151rb\u0151l, 3 db hegesztett f\u00e9lkarik\u00e1val. A f\u0151r\u00e9sz 6 cm sz\u00e9les, k\u00e9t r\u00e9teg vastag b\u0151rb\u0151l k\u00e9sz\u00fcl, a bels\u0151 oldal\u00e1n szivaccsal \u00e9s puha b\u0151rrel b\u00e9lelt. A sz\u00edj 3 cm sz\u00e9les, szint\u00e9n k\u00e9t r\u00e9teg vastag b\u0151r.","og_url":"https:\/\/www.leathergirl.eu\/en\/product\/neck-cuff-red-black-borbol\/","og_site_name":"A B\u0151r\u00f6s l\u00e1ny","article_publisher":"https:\/\/www.facebook.com\/aboroslany\/","article_modified_time":"2026-01-03T13:58:00+00:00","og_image":[{"width":1404,"height":800,"url":"https:\/\/www.leathergirl.eu\/wp-content\/uploads\/2016\/09\/fekpir-extra-nyak-nyitva-e1476022539242.jpg","type":"image\/jpeg"}],"schema":{"@context":"https:\/\/schema.org","@graph":[{"@type":"WebPage","@id":"https:\/\/www.leathergirl.eu\/product\/nyakbilincs-piros-fekete-borbol\/","url":"https:\/\/www.leathergirl.eu\/product\/nyakbilincs-piros-fekete-borbol\/","name":"Red and black leather neck cuffs - The Furry Girl","isPartOf":{"@id":"https:\/\/www.leathergirl.eu\/#website"},"primaryImageOfPage":{"@id":"https:\/\/www.leathergirl.eu\/product\/nyakbilincs-piros-fekete-borbol\/#primaryimage"},"image":{"@id":"https:\/\/www.leathergirl.eu\/product\/nyakbilincs-piros-fekete-borbol\/#primaryimage"},"thumbnailUrl":"https:\/\/www.leathergirl.eu\/wp-content\/uploads\/2016\/09\/fekpir-extra-nyak-nyitva-e1476022539242.jpg","datePublished":"2016-09-24T12:18:59+00:00","dateModified":"2026-01-03T13:58:00+00:00","breadcrumb":{"@id":"https:\/\/www.leathergirl.eu\/product\/nyakbilincs-piros-fekete-borbol\/#breadcrumb"},"inLanguage":"en-GB","potentialAction":[{"@type":"ReadAction","target":["https:\/\/www.leathergirl.eu\/product\/nyakbilincs-piros-fekete-borbol\/"]}]},{"@type":"ImageObject","inLanguage":"en-GB","@id":"https:\/\/www.leathergirl.eu\/product\/nyakbilincs-piros-fekete-borbol\/#primaryimage","url":"https:\/\/www.leathergirl.eu\/wp-content\/uploads\/2016\/09\/fekpir-extra-nyak-nyitva-e1476022539242.jpg","contentUrl":"https:\/\/www.leathergirl.eu\/wp-content\/uploads\/2016\/09\/fekpir-extra-nyak-nyitva-e1476022539242.jpg","width":1404,"height":800},{"@type":"BreadcrumbList","@id":"https:\/\/www.leathergirl.eu\/product\/nyakbilincs-piros-fekete-borbol\/#breadcrumb","itemListElement":[{"@type":"ListItem","position":1,"name":"Home","item":"https:\/\/www.leathergirl.eu\/"},{"@type":"ListItem","position":2,"name":"Shop","item":"https:\/\/www.leathergirl.eu\/en\/uzlet\/"},{"@type":"ListItem","position":3,"name":"Nyakbilincs piros-fekete b\u0151rb\u0151l"}]},{"@type":"WebSite","@id":"https:\/\/www.leathergirl.eu\/#website","url":"https:\/\/www.leathergirl.eu\/","name":"The Leather Girl","description":"... LeatherGirl ...","publisher":{"@id":"https:\/\/www.leathergirl.eu\/#organization"},"potentialAction":[{"@type":"SearchAction","target":{"@type":"EntryPoint","urlTemplate":"https:\/\/www.leathergirl.eu\/?s={search_term_string}"},"query-input":{"@type":"PropertyValueSpecification","valueRequired":true,"valueName":"search_term_string"}}],"inLanguage":"en-GB"},{"@type":"Organization","@id":"https:\/\/www.leathergirl.eu\/#organization","name":"The Leather Girl","url":"https:\/\/www.leathergirl.eu\/","logo":{"@type":"ImageObject","inLanguage":"en-GB","@id":"https:\/\/www.leathergirl.eu\/#\/schema\/logo\/image\/","url":"https:\/\/www.leathergirl.eu\/wp-content\/uploads\/2024\/05\/leathergirl-logo.png","contentUrl":"https:\/\/www.leathergirl.eu\/wp-content\/uploads\/2024\/05\/leathergirl-logo.png","width":280,"height":80,"caption":"A B\u0151r\u00f6s l\u00e1ny"},"image":{"@id":"https:\/\/www.leathergirl.eu\/#\/schema\/logo\/image\/"},"sameAs":["https:\/\/www.facebook.com\/aboroslany\/","https:\/\/www.instagram.com\/theleathergirl\/"],"email":"aboroslany@gmail.com","legalName":"Nepp T\u00edmea e.v.","numberOfEmployees":{"@type":"QuantitativeValue","minValue":"1","maxValue":"10"}}]},"product_price_amount":"56.10","product_price_currency":"EUR","og_availability":"instock","product_availability":"instock","product_condition":"new"},"_links":{"self":[{"href":"https:\/\/www.leathergirl.eu\/en\/wp-json\/wp\/v2\/product\/21067","targetHints":{"allow":["GET"]}}],"collection":[{"href":"https:\/\/www.leathergirl.eu\/en\/wp-json\/wp\/v2\/product"}],"about":[{"href":"https:\/\/www.leathergirl.eu\/en\/wp-json\/wp\/v2\/types\/product"}],"wp:featuredmedia":[{"embeddable":true,"href":"https:\/\/www.leathergirl.eu\/en\/wp-json\/wp\/v2\/media\/21072"}],"wp:attachment":[{"href":"https:\/\/www.leathergirl.eu\/en\/wp-json\/wp\/v2\/media?parent=21067"}],"wp:term":[{"taxonomy":"product_brand","embeddable":true,"href":"https:\/\/www.leathergirl.eu\/en\/wp-json\/wp\/v2\/product_brand?post=21067"},{"taxonomy":"product_cat","embeddable":true,"href":"https:\/\/www.leathergirl.eu\/en\/wp-json\/wp\/v2\/product_cat?post=21067"},{"taxonomy":"product_tag","embeddable":true,"href":"https:\/\/www.leathergirl.eu\/en\/wp-json\/wp\/v2\/product_tag?post=21067"}],"curies":[{"name":"wp","href":"https:\/\/api.w.org\/{rel}","templated":true}]}}