{"id":21030,"date":"2016-09-07T20:36:58","date_gmt":"2016-09-07T20:36:58","guid":{"rendered":"http:\/\/www.leathergirl.eu\/?post_type=product&#038;p=21030"},"modified":"2026-01-03T15:00:45","modified_gmt":"2026-01-03T14:00:45","slug":"neck-cuffs-with-studs","status":"publish","type":"product","link":"https:\/\/www.leathergirl.eu\/en\/product\/neck-cuffs-with-studs\/","title":{"rendered":"Black leather collar with blue lining"},"content":{"rendered":"<p>Black leather with blue lining and lockable buckles<\/p>\n<p>Their construction is the same as the other sets: the outside is thick, reinforced leather, the inside is soft leather with additional padding. They are 6cm wide. The leather lining on the inside stops at the edge of the sponge to avoid discomfort during use. The straps are made of two layers of 5,5 cm leather and multiple welded d-rings are added for extra restraint. Coloured leathers rarely match completely which may result in slight differences in shade.<\/p>","protected":false},"excerpt":{"rendered":"<p>Black leather with blue lining and lockable buckles<\/p>\n<p>Their construction is the same as the other sets: the outside is thick, reinforced leather, the inside is soft leather with additional padding. They are 6cm wide. The leather lining on the inside stops at the edge of the sponge to avoid discomfort during use. The straps are made of two layers of 5,5 cm leather and multiple welded d-rings are added for extra restraint. Coloured leathers rarely match completely which may result in slight differences in shade.<\/p>","protected":false},"featured_media":23754,"template":"","meta":{"_et_pb_use_builder":"","_et_pb_old_content":"","_et_gb_content_width":""},"product_brand":[],"product_cat":[16],"product_tag":[],"class_list":{"0":"post-21030","1":"product","2":"type-product","3":"status-publish","4":"has-post-thumbnail","6":"product_cat-collars","8":"first","9":"instock","10":"purchasable","11":"product-type-simple"},"yoast_head":"<!-- This site is optimized with the Yoast SEO Premium plugin v26.2 (Yoast SEO v26.3) - https:\/\/yoast.com\/wordpress\/plugins\/seo\/ -->\n<title>Nyakbilincs k\u00e9kkel szegve - A B\u0151r\u00f6s l\u00e1ny<\/title>\n<meta name=\"robots\" content=\"index, follow, max-snippet:-1, max-image-preview:large, max-video-preview:-1\" \/>\n<link rel=\"canonical\" href=\"https:\/\/www.leathergirl.eu\/en\/product\/neck-cuffs-with-studs\/\" \/>\n<meta property=\"og:locale\" content=\"en_GB\" \/>\n<meta property=\"og:type\" content=\"article\" \/>\n<meta property=\"og:title\" content=\"Nyakbilincs k\u00e9kkel szegve\" \/>\n<meta property=\"og:description\" content=\"K\u00e9kkel szegett fekete b\u0151r, lakatolhat\u00f3 nyakbilincs.  A 6cm sz\u00e9les bilincs kialak\u00edt\u00e1sa hasonl\u00f3 a t\u00f6bbihez: a f\u0151r\u00e9sz k\u00fcls\u0151 r\u00e9sze vastag, er\u0151s b\u0151r al\u00e1er\u0151s\u00edtve, bel\u00fcl pedig puha b\u0151rrel, \u00e9s szivaccsal b\u00e9leltek. A szeg\u0151b\u0151r a bels\u0151 oldalon a szivacs sz\u00e9l\u00e9ig \u00e9r, \u00edgy visel\u00e9s k\u00f6zben nem \u00e9rezhet\u0151. A sz\u00edjak k\u00e9t r\u00e9teg b\u0151rb\u0151l k\u00e9sz\u00fclnek, \u00e9s 3 cm sz\u00e9lesek, \u00e9s 4 db hegesztett f\u00e9lkarik\u00e1t r\u00f6gz\u00edtenek.\" \/>\n<meta property=\"og:url\" content=\"https:\/\/www.leathergirl.eu\/en\/product\/neck-cuffs-with-studs\/\" \/>\n<meta property=\"og:site_name\" content=\"A B\u0151r\u00f6s l\u00e1ny\" \/>\n<meta property=\"article:publisher\" content=\"https:\/\/www.facebook.com\/aboroslany\/\" \/>\n<meta property=\"article:modified_time\" content=\"2026-01-03T14:00:45+00:00\" \/>\n<meta property=\"og:image\" content=\"https:\/\/www.leathergirl.eu\/wp-content\/uploads\/2016\/09\/k-kekkel-szegett-nyak1.jpg\" \/>\n\t<meta property=\"og:image:width\" content=\"1024\" \/>\n\t<meta property=\"og:image:height\" content=\"680\" \/>\n\t<meta property=\"og:image:type\" content=\"image\/jpeg\" \/>\n<script type=\"application\/ld+json\" class=\"yoast-schema-graph\">{\"@context\":\"https:\/\/schema.org\",\"@graph\":[{\"@type\":\"WebPage\",\"@id\":\"https:\/\/www.leathergirl.eu\/product\/nyakbilincs-kekkel-szegve\/\",\"url\":\"https:\/\/www.leathergirl.eu\/product\/nyakbilincs-kekkel-szegve\/\",\"name\":\"Nyakbilincs k\u00e9kkel szegve - A B\u0151r\u00f6s l\u00e1ny\",\"isPartOf\":{\"@id\":\"https:\/\/www.leathergirl.eu\/#website\"},\"primaryImageOfPage\":{\"@id\":\"https:\/\/www.leathergirl.eu\/product\/nyakbilincs-kekkel-szegve\/#primaryimage\"},\"image\":{\"@id\":\"https:\/\/www.leathergirl.eu\/product\/nyakbilincs-kekkel-szegve\/#primaryimage\"},\"thumbnailUrl\":\"https:\/\/www.leathergirl.eu\/wp-content\/uploads\/2016\/09\/k-kekkel-szegett-nyak1.jpg\",\"datePublished\":\"2016-09-07T20:36:58+00:00\",\"dateModified\":\"2026-01-03T14:00:45+00:00\",\"breadcrumb\":{\"@id\":\"https:\/\/www.leathergirl.eu\/product\/nyakbilincs-kekkel-szegve\/#breadcrumb\"},\"inLanguage\":\"en-GB\",\"potentialAction\":[{\"@type\":\"ReadAction\",\"target\":[\"https:\/\/www.leathergirl.eu\/product\/nyakbilincs-kekkel-szegve\/\"]}]},{\"@type\":\"ImageObject\",\"inLanguage\":\"en-GB\",\"@id\":\"https:\/\/www.leathergirl.eu\/product\/nyakbilincs-kekkel-szegve\/#primaryimage\",\"url\":\"https:\/\/www.leathergirl.eu\/wp-content\/uploads\/2016\/09\/k-kekkel-szegett-nyak1.jpg\",\"contentUrl\":\"https:\/\/www.leathergirl.eu\/wp-content\/uploads\/2016\/09\/k-kekkel-szegett-nyak1.jpg\",\"width\":1024,\"height\":680},{\"@type\":\"BreadcrumbList\",\"@id\":\"https:\/\/www.leathergirl.eu\/product\/nyakbilincs-kekkel-szegve\/#breadcrumb\",\"itemListElement\":[{\"@type\":\"ListItem\",\"position\":1,\"name\":\"Home\",\"item\":\"https:\/\/www.leathergirl.eu\/\"},{\"@type\":\"ListItem\",\"position\":2,\"name\":\"Shop\",\"item\":\"https:\/\/www.leathergirl.eu\/en\/uzlet\/\"},{\"@type\":\"ListItem\",\"position\":3,\"name\":\"Nyakbilincs k\u00e9kkel szegve\"}]},{\"@type\":\"WebSite\",\"@id\":\"https:\/\/www.leathergirl.eu\/#website\",\"url\":\"https:\/\/www.leathergirl.eu\/\",\"name\":\"A B\u0151r\u00f6s l\u00e1ny\",\"description\":\"... LeatherGirl ...\",\"publisher\":{\"@id\":\"https:\/\/www.leathergirl.eu\/#organization\"},\"potentialAction\":[{\"@type\":\"SearchAction\",\"target\":{\"@type\":\"EntryPoint\",\"urlTemplate\":\"https:\/\/www.leathergirl.eu\/?s={search_term_string}\"},\"query-input\":{\"@type\":\"PropertyValueSpecification\",\"valueRequired\":true,\"valueName\":\"search_term_string\"}}],\"inLanguage\":\"en-GB\"},{\"@type\":\"Organization\",\"@id\":\"https:\/\/www.leathergirl.eu\/#organization\",\"name\":\"A B\u0151r\u00f6s l\u00e1ny\",\"url\":\"https:\/\/www.leathergirl.eu\/\",\"logo\":{\"@type\":\"ImageObject\",\"inLanguage\":\"en-GB\",\"@id\":\"https:\/\/www.leathergirl.eu\/#\/schema\/logo\/image\/\",\"url\":\"https:\/\/www.leathergirl.eu\/wp-content\/uploads\/2024\/05\/leathergirl-logo.png\",\"contentUrl\":\"https:\/\/www.leathergirl.eu\/wp-content\/uploads\/2024\/05\/leathergirl-logo.png\",\"width\":280,\"height\":80,\"caption\":\"A B\u0151r\u00f6s l\u00e1ny\"},\"image\":{\"@id\":\"https:\/\/www.leathergirl.eu\/#\/schema\/logo\/image\/\"},\"sameAs\":[\"https:\/\/www.facebook.com\/aboroslany\/\",\"https:\/\/www.instagram.com\/theleathergirl\/\"],\"email\":\"aboroslany@gmail.com\",\"legalName\":\"Nepp T\u00edmea e.v.\",\"numberOfEmployees\":{\"@type\":\"QuantitativeValue\",\"minValue\":\"1\",\"maxValue\":\"10\"}}]}<\/script>\n<meta property=\"product:price:amount\" content=\"86.90\" \/>\n<meta property=\"product:price:currency\" content=\"EUR\" \/>\n<meta property=\"og:availability\" content=\"instock\" \/>\n<meta property=\"product:availability\" content=\"instock\" \/>\n<meta property=\"product:condition\" content=\"new\" \/>\n<!-- \/ Yoast SEO Premium plugin. -->","yoast_head_json":{"title":"Neck cuffs with blue trim - The Furry Girl","robots":{"index":"index","follow":"follow","max-snippet":"max-snippet:-1","max-image-preview":"max-image-preview:large","max-video-preview":"max-video-preview:-1"},"canonical":"https:\/\/www.leathergirl.eu\/en\/product\/neck-cuffs-with-studs\/","og_locale":"en_GB","og_type":"article","og_title":"Nyakbilincs k\u00e9kkel szegve","og_description":"K\u00e9kkel szegett fekete b\u0151r, lakatolhat\u00f3 nyakbilincs.  A 6cm sz\u00e9les bilincs kialak\u00edt\u00e1sa hasonl\u00f3 a t\u00f6bbihez: a f\u0151r\u00e9sz k\u00fcls\u0151 r\u00e9sze vastag, er\u0151s b\u0151r al\u00e1er\u0151s\u00edtve, bel\u00fcl pedig puha b\u0151rrel, \u00e9s szivaccsal b\u00e9leltek. A szeg\u0151b\u0151r a bels\u0151 oldalon a szivacs sz\u00e9l\u00e9ig \u00e9r, \u00edgy visel\u00e9s k\u00f6zben nem \u00e9rezhet\u0151. A sz\u00edjak k\u00e9t r\u00e9teg b\u0151rb\u0151l k\u00e9sz\u00fclnek, \u00e9s 3 cm sz\u00e9lesek, \u00e9s 4 db hegesztett f\u00e9lkarik\u00e1t r\u00f6gz\u00edtenek.","og_url":"https:\/\/www.leathergirl.eu\/en\/product\/neck-cuffs-with-studs\/","og_site_name":"A B\u0151r\u00f6s l\u00e1ny","article_publisher":"https:\/\/www.facebook.com\/aboroslany\/","article_modified_time":"2026-01-03T14:00:45+00:00","og_image":[{"width":1024,"height":680,"url":"https:\/\/www.leathergirl.eu\/wp-content\/uploads\/2016\/09\/k-kekkel-szegett-nyak1.jpg","type":"image\/jpeg"}],"schema":{"@context":"https:\/\/schema.org","@graph":[{"@type":"WebPage","@id":"https:\/\/www.leathergirl.eu\/product\/nyakbilincs-kekkel-szegve\/","url":"https:\/\/www.leathergirl.eu\/product\/nyakbilincs-kekkel-szegve\/","name":"Neck cuffs with blue trim - The Furry Girl","isPartOf":{"@id":"https:\/\/www.leathergirl.eu\/#website"},"primaryImageOfPage":{"@id":"https:\/\/www.leathergirl.eu\/product\/nyakbilincs-kekkel-szegve\/#primaryimage"},"image":{"@id":"https:\/\/www.leathergirl.eu\/product\/nyakbilincs-kekkel-szegve\/#primaryimage"},"thumbnailUrl":"https:\/\/www.leathergirl.eu\/wp-content\/uploads\/2016\/09\/k-kekkel-szegett-nyak1.jpg","datePublished":"2016-09-07T20:36:58+00:00","dateModified":"2026-01-03T14:00:45+00:00","breadcrumb":{"@id":"https:\/\/www.leathergirl.eu\/product\/nyakbilincs-kekkel-szegve\/#breadcrumb"},"inLanguage":"en-GB","potentialAction":[{"@type":"ReadAction","target":["https:\/\/www.leathergirl.eu\/product\/nyakbilincs-kekkel-szegve\/"]}]},{"@type":"ImageObject","inLanguage":"en-GB","@id":"https:\/\/www.leathergirl.eu\/product\/nyakbilincs-kekkel-szegve\/#primaryimage","url":"https:\/\/www.leathergirl.eu\/wp-content\/uploads\/2016\/09\/k-kekkel-szegett-nyak1.jpg","contentUrl":"https:\/\/www.leathergirl.eu\/wp-content\/uploads\/2016\/09\/k-kekkel-szegett-nyak1.jpg","width":1024,"height":680},{"@type":"BreadcrumbList","@id":"https:\/\/www.leathergirl.eu\/product\/nyakbilincs-kekkel-szegve\/#breadcrumb","itemListElement":[{"@type":"ListItem","position":1,"name":"Home","item":"https:\/\/www.leathergirl.eu\/"},{"@type":"ListItem","position":2,"name":"Shop","item":"https:\/\/www.leathergirl.eu\/en\/uzlet\/"},{"@type":"ListItem","position":3,"name":"Nyakbilincs k\u00e9kkel szegve"}]},{"@type":"WebSite","@id":"https:\/\/www.leathergirl.eu\/#website","url":"https:\/\/www.leathergirl.eu\/","name":"The Leather Girl","description":"... LeatherGirl ...","publisher":{"@id":"https:\/\/www.leathergirl.eu\/#organization"},"potentialAction":[{"@type":"SearchAction","target":{"@type":"EntryPoint","urlTemplate":"https:\/\/www.leathergirl.eu\/?s={search_term_string}"},"query-input":{"@type":"PropertyValueSpecification","valueRequired":true,"valueName":"search_term_string"}}],"inLanguage":"en-GB"},{"@type":"Organization","@id":"https:\/\/www.leathergirl.eu\/#organization","name":"The Leather Girl","url":"https:\/\/www.leathergirl.eu\/","logo":{"@type":"ImageObject","inLanguage":"en-GB","@id":"https:\/\/www.leathergirl.eu\/#\/schema\/logo\/image\/","url":"https:\/\/www.leathergirl.eu\/wp-content\/uploads\/2024\/05\/leathergirl-logo.png","contentUrl":"https:\/\/www.leathergirl.eu\/wp-content\/uploads\/2024\/05\/leathergirl-logo.png","width":280,"height":80,"caption":"A B\u0151r\u00f6s l\u00e1ny"},"image":{"@id":"https:\/\/www.leathergirl.eu\/#\/schema\/logo\/image\/"},"sameAs":["https:\/\/www.facebook.com\/aboroslany\/","https:\/\/www.instagram.com\/theleathergirl\/"],"email":"aboroslany@gmail.com","legalName":"Nepp T\u00edmea e.v.","numberOfEmployees":{"@type":"QuantitativeValue","minValue":"1","maxValue":"10"}}]},"product_price_amount":"86.90","product_price_currency":"EUR","og_availability":"instock","product_availability":"instock","product_condition":"new"},"_links":{"self":[{"href":"https:\/\/www.leathergirl.eu\/en\/wp-json\/wp\/v2\/product\/21030","targetHints":{"allow":["GET"]}}],"collection":[{"href":"https:\/\/www.leathergirl.eu\/en\/wp-json\/wp\/v2\/product"}],"about":[{"href":"https:\/\/www.leathergirl.eu\/en\/wp-json\/wp\/v2\/types\/product"}],"wp:featuredmedia":[{"embeddable":true,"href":"https:\/\/www.leathergirl.eu\/en\/wp-json\/wp\/v2\/media\/23754"}],"wp:attachment":[{"href":"https:\/\/www.leathergirl.eu\/en\/wp-json\/wp\/v2\/media?parent=21030"}],"wp:term":[{"taxonomy":"product_brand","embeddable":true,"href":"https:\/\/www.leathergirl.eu\/en\/wp-json\/wp\/v2\/product_brand?post=21030"},{"taxonomy":"product_cat","embeddable":true,"href":"https:\/\/www.leathergirl.eu\/en\/wp-json\/wp\/v2\/product_cat?post=21030"},{"taxonomy":"product_tag","embeddable":true,"href":"https:\/\/www.leathergirl.eu\/en\/wp-json\/wp\/v2\/product_tag?post=21030"}],"curies":[{"name":"wp","href":"https:\/\/api.w.org\/{rel}","templated":true}]}}