{"id":21017,"date":"2016-09-07T20:21:52","date_gmt":"2016-09-07T20:21:52","guid":{"rendered":"http:\/\/www.leathergirl.eu\/?post_type=product&#038;p=21017"},"modified":"2026-01-03T13:22:28","modified_gmt":"2026-01-03T12:22:28","slug":"wrist-cuffs-with-studs","status":"publish","type":"product","link":"https:\/\/www.leathergirl.eu\/en\/product\/wrist-cuffs-with-studs\/","title":{"rendered":"Wrist cuffs with blue trim"},"content":{"rendered":"<p>Wrist cuffs with blue lining and lockable buckles<\/p>\n<p>Their construction is the same as the other sets: the outside is thick, reinforced leather, the inside is soft leather with additional padding. They are 6cm wide. The leather lining on the inside stops at the edge of the sponge to avoid discomfort during use. The straps are made of two layers of 3 cm (1.1 inch) leather and multiple welded d-rings are added for extra restraint. Coloured leathers rarely match completely which may result in slight differences in shade<\/p>","protected":false},"excerpt":{"rendered":"<p>Wrist cuffs with blue lining and lockable buckles<\/p>\n<p>Their construction is the same as the other sets: the outside is thick, reinforced leather, the inside is soft leather with additional padding. They are 6cm wide. The leather lining on the inside stops at the edge of the sponge to avoid discomfort during use. The straps are made of two layers of 3 cm (1.1 inch) leather and multiple welded d-rings are added for extra restraint. Coloured leathers rarely match completely which may result in slight differences in shade<\/p>\n<p>&nbsp;<\/p>","protected":false},"featured_media":23753,"template":"","meta":{"_et_pb_use_builder":"","_et_pb_old_content":"","_et_gb_content_width":""},"product_brand":[],"product_cat":[28],"product_tag":[],"class_list":{"0":"post-21017","1":"product","2":"type-product","3":"status-publish","4":"has-post-thumbnail","6":"product_cat-wrist","8":"first","9":"instock","10":"purchasable","11":"product-type-simple"},"yoast_head":"<!-- This site is optimized with the Yoast SEO Premium plugin v26.2 (Yoast SEO v26.3) - https:\/\/yoast.com\/wordpress\/plugins\/seo\/ -->\n<title>Csukl\u00f3bilincs k\u00e9kkel szegve - A B\u0151r\u00f6s l\u00e1ny<\/title>\n<meta name=\"robots\" content=\"index, follow, max-snippet:-1, max-image-preview:large, max-video-preview:-1\" \/>\n<link rel=\"canonical\" href=\"https:\/\/www.leathergirl.eu\/en\/product\/wrist-cuffs-with-studs\/\" \/>\n<meta property=\"og:locale\" content=\"en_GB\" \/>\n<meta property=\"og:type\" content=\"article\" \/>\n<meta property=\"og:title\" content=\"Csukl\u00f3bilincs k\u00e9kkel szegve\" \/>\n<meta property=\"og:description\" content=\"K\u00e9kkel szegett fekete b\u0151r, lakatolhat\u00f3 csukl\u00f3bilincs.  A 6cm sz\u00e9les bilincsek kialak\u00edt\u00e1sa hasonl\u00f3 a t\u00f6bbihez: a f\u0151r\u00e9sz k\u00fcls\u0151 r\u00e9sze vastag, er\u0151s b\u0151r al\u00e1er\u0151s\u00edtve, bel\u00fcl pedig puha b\u0151rrel, \u00e9s szivaccsal b\u00e9leltek. A szeg\u0151b\u0151r a bels\u0151 oldalon a szivacs sz\u00e9l\u00e9ig \u00e9r, \u00edgy visel\u00e9s k\u00f6zben nem \u00e9rezhet\u0151. A sz\u00edjak k\u00e9t r\u00e9teg b\u0151rb\u0151l k\u00e9sz\u00fclnek, \u00e9s 3 cm sz\u00e9lesek, \u00e9s 2 db hegesztett f\u00e9lkarik\u00e1t r\u00f6gz\u00edtenek. A szeg\u0151b\u0151r sz\u00edn\u00e1rnyalat\u00e1ban lehetnek elt\u00e9r\u00e9sek.  &nbsp;\" \/>\n<meta property=\"og:url\" content=\"https:\/\/www.leathergirl.eu\/en\/product\/wrist-cuffs-with-studs\/\" \/>\n<meta property=\"og:site_name\" content=\"A B\u0151r\u00f6s l\u00e1ny\" \/>\n<meta property=\"article:publisher\" content=\"https:\/\/www.facebook.com\/aboroslany\/\" \/>\n<meta property=\"article:modified_time\" content=\"2026-01-03T12:22:28+00:00\" \/>\n<meta property=\"og:image\" content=\"https:\/\/www.leathergirl.eu\/wp-content\/uploads\/2016\/09\/k-kekkel-szegett-csuklo1.jpg\" \/>\n\t<meta property=\"og:image:width\" content=\"1024\" \/>\n\t<meta property=\"og:image:height\" content=\"680\" \/>\n\t<meta property=\"og:image:type\" content=\"image\/jpeg\" \/>\n<script type=\"application\/ld+json\" class=\"yoast-schema-graph\">{\"@context\":\"https:\/\/schema.org\",\"@graph\":[{\"@type\":\"WebPage\",\"@id\":\"https:\/\/www.leathergirl.eu\/product\/csuklobilincs-kekkel-szegve\/\",\"url\":\"https:\/\/www.leathergirl.eu\/product\/csuklobilincs-kekkel-szegve\/\",\"name\":\"Csukl\u00f3bilincs k\u00e9kkel szegve - A B\u0151r\u00f6s l\u00e1ny\",\"isPartOf\":{\"@id\":\"https:\/\/www.leathergirl.eu\/#website\"},\"primaryImageOfPage\":{\"@id\":\"https:\/\/www.leathergirl.eu\/product\/csuklobilincs-kekkel-szegve\/#primaryimage\"},\"image\":{\"@id\":\"https:\/\/www.leathergirl.eu\/product\/csuklobilincs-kekkel-szegve\/#primaryimage\"},\"thumbnailUrl\":\"https:\/\/www.leathergirl.eu\/wp-content\/uploads\/2016\/09\/k-kekkel-szegett-csuklo1.jpg\",\"datePublished\":\"2016-09-07T20:21:52+00:00\",\"dateModified\":\"2026-01-03T12:22:28+00:00\",\"breadcrumb\":{\"@id\":\"https:\/\/www.leathergirl.eu\/product\/csuklobilincs-kekkel-szegve\/#breadcrumb\"},\"inLanguage\":\"en-GB\",\"potentialAction\":[{\"@type\":\"ReadAction\",\"target\":[\"https:\/\/www.leathergirl.eu\/product\/csuklobilincs-kekkel-szegve\/\"]}]},{\"@type\":\"ImageObject\",\"inLanguage\":\"en-GB\",\"@id\":\"https:\/\/www.leathergirl.eu\/product\/csuklobilincs-kekkel-szegve\/#primaryimage\",\"url\":\"https:\/\/www.leathergirl.eu\/wp-content\/uploads\/2016\/09\/k-kekkel-szegett-csuklo1.jpg\",\"contentUrl\":\"https:\/\/www.leathergirl.eu\/wp-content\/uploads\/2016\/09\/k-kekkel-szegett-csuklo1.jpg\",\"width\":1024,\"height\":680},{\"@type\":\"BreadcrumbList\",\"@id\":\"https:\/\/www.leathergirl.eu\/product\/csuklobilincs-kekkel-szegve\/#breadcrumb\",\"itemListElement\":[{\"@type\":\"ListItem\",\"position\":1,\"name\":\"Home\",\"item\":\"https:\/\/www.leathergirl.eu\/\"},{\"@type\":\"ListItem\",\"position\":2,\"name\":\"Shop\",\"item\":\"https:\/\/www.leathergirl.eu\/en\/uzlet\/\"},{\"@type\":\"ListItem\",\"position\":3,\"name\":\"Csukl\u00f3bilincs k\u00e9kkel szegve\"}]},{\"@type\":\"WebSite\",\"@id\":\"https:\/\/www.leathergirl.eu\/#website\",\"url\":\"https:\/\/www.leathergirl.eu\/\",\"name\":\"A B\u0151r\u00f6s l\u00e1ny\",\"description\":\"... LeatherGirl ...\",\"publisher\":{\"@id\":\"https:\/\/www.leathergirl.eu\/#organization\"},\"potentialAction\":[{\"@type\":\"SearchAction\",\"target\":{\"@type\":\"EntryPoint\",\"urlTemplate\":\"https:\/\/www.leathergirl.eu\/?s={search_term_string}\"},\"query-input\":{\"@type\":\"PropertyValueSpecification\",\"valueRequired\":true,\"valueName\":\"search_term_string\"}}],\"inLanguage\":\"en-GB\"},{\"@type\":\"Organization\",\"@id\":\"https:\/\/www.leathergirl.eu\/#organization\",\"name\":\"A B\u0151r\u00f6s l\u00e1ny\",\"url\":\"https:\/\/www.leathergirl.eu\/\",\"logo\":{\"@type\":\"ImageObject\",\"inLanguage\":\"en-GB\",\"@id\":\"https:\/\/www.leathergirl.eu\/#\/schema\/logo\/image\/\",\"url\":\"https:\/\/www.leathergirl.eu\/wp-content\/uploads\/2024\/05\/leathergirl-logo.png\",\"contentUrl\":\"https:\/\/www.leathergirl.eu\/wp-content\/uploads\/2024\/05\/leathergirl-logo.png\",\"width\":280,\"height\":80,\"caption\":\"A B\u0151r\u00f6s l\u00e1ny\"},\"image\":{\"@id\":\"https:\/\/www.leathergirl.eu\/#\/schema\/logo\/image\/\"},\"sameAs\":[\"https:\/\/www.facebook.com\/aboroslany\/\",\"https:\/\/www.instagram.com\/theleathergirl\/\"],\"email\":\"aboroslany@gmail.com\",\"legalName\":\"Nepp T\u00edmea e.v.\",\"numberOfEmployees\":{\"@type\":\"QuantitativeValue\",\"minValue\":\"1\",\"maxValue\":\"10\"}}]}<\/script>\n<meta property=\"product:price:amount\" content=\"109.90\" \/>\n<meta property=\"product:price:currency\" content=\"EUR\" \/>\n<meta property=\"og:availability\" content=\"instock\" \/>\n<meta property=\"product:availability\" content=\"instock\" \/>\n<meta property=\"product:condition\" content=\"new\" \/>\n<!-- \/ Yoast SEO Premium plugin. -->","yoast_head_json":{"title":"Wrist cuffs with blue trim - The Furry Girl","robots":{"index":"index","follow":"follow","max-snippet":"max-snippet:-1","max-image-preview":"max-image-preview:large","max-video-preview":"max-video-preview:-1"},"canonical":"https:\/\/www.leathergirl.eu\/en\/product\/wrist-cuffs-with-studs\/","og_locale":"en_GB","og_type":"article","og_title":"Csukl\u00f3bilincs k\u00e9kkel szegve","og_description":"K\u00e9kkel szegett fekete b\u0151r, lakatolhat\u00f3 csukl\u00f3bilincs.  A 6cm sz\u00e9les bilincsek kialak\u00edt\u00e1sa hasonl\u00f3 a t\u00f6bbihez: a f\u0151r\u00e9sz k\u00fcls\u0151 r\u00e9sze vastag, er\u0151s b\u0151r al\u00e1er\u0151s\u00edtve, bel\u00fcl pedig puha b\u0151rrel, \u00e9s szivaccsal b\u00e9leltek. A szeg\u0151b\u0151r a bels\u0151 oldalon a szivacs sz\u00e9l\u00e9ig \u00e9r, \u00edgy visel\u00e9s k\u00f6zben nem \u00e9rezhet\u0151. A sz\u00edjak k\u00e9t r\u00e9teg b\u0151rb\u0151l k\u00e9sz\u00fclnek, \u00e9s 3 cm sz\u00e9lesek, \u00e9s 2 db hegesztett f\u00e9lkarik\u00e1t r\u00f6gz\u00edtenek. A szeg\u0151b\u0151r sz\u00edn\u00e1rnyalat\u00e1ban lehetnek elt\u00e9r\u00e9sek.  &nbsp;","og_url":"https:\/\/www.leathergirl.eu\/en\/product\/wrist-cuffs-with-studs\/","og_site_name":"A B\u0151r\u00f6s l\u00e1ny","article_publisher":"https:\/\/www.facebook.com\/aboroslany\/","article_modified_time":"2026-01-03T12:22:28+00:00","og_image":[{"width":1024,"height":680,"url":"https:\/\/www.leathergirl.eu\/wp-content\/uploads\/2016\/09\/k-kekkel-szegett-csuklo1.jpg","type":"image\/jpeg"}],"schema":{"@context":"https:\/\/schema.org","@graph":[{"@type":"WebPage","@id":"https:\/\/www.leathergirl.eu\/product\/csuklobilincs-kekkel-szegve\/","url":"https:\/\/www.leathergirl.eu\/product\/csuklobilincs-kekkel-szegve\/","name":"Wrist cuffs with blue trim - The Furry Girl","isPartOf":{"@id":"https:\/\/www.leathergirl.eu\/#website"},"primaryImageOfPage":{"@id":"https:\/\/www.leathergirl.eu\/product\/csuklobilincs-kekkel-szegve\/#primaryimage"},"image":{"@id":"https:\/\/www.leathergirl.eu\/product\/csuklobilincs-kekkel-szegve\/#primaryimage"},"thumbnailUrl":"https:\/\/www.leathergirl.eu\/wp-content\/uploads\/2016\/09\/k-kekkel-szegett-csuklo1.jpg","datePublished":"2016-09-07T20:21:52+00:00","dateModified":"2026-01-03T12:22:28+00:00","breadcrumb":{"@id":"https:\/\/www.leathergirl.eu\/product\/csuklobilincs-kekkel-szegve\/#breadcrumb"},"inLanguage":"en-GB","potentialAction":[{"@type":"ReadAction","target":["https:\/\/www.leathergirl.eu\/product\/csuklobilincs-kekkel-szegve\/"]}]},{"@type":"ImageObject","inLanguage":"en-GB","@id":"https:\/\/www.leathergirl.eu\/product\/csuklobilincs-kekkel-szegve\/#primaryimage","url":"https:\/\/www.leathergirl.eu\/wp-content\/uploads\/2016\/09\/k-kekkel-szegett-csuklo1.jpg","contentUrl":"https:\/\/www.leathergirl.eu\/wp-content\/uploads\/2016\/09\/k-kekkel-szegett-csuklo1.jpg","width":1024,"height":680},{"@type":"BreadcrumbList","@id":"https:\/\/www.leathergirl.eu\/product\/csuklobilincs-kekkel-szegve\/#breadcrumb","itemListElement":[{"@type":"ListItem","position":1,"name":"Home","item":"https:\/\/www.leathergirl.eu\/"},{"@type":"ListItem","position":2,"name":"Shop","item":"https:\/\/www.leathergirl.eu\/en\/uzlet\/"},{"@type":"ListItem","position":3,"name":"Csukl\u00f3bilincs k\u00e9kkel szegve"}]},{"@type":"WebSite","@id":"https:\/\/www.leathergirl.eu\/#website","url":"https:\/\/www.leathergirl.eu\/","name":"The Leather Girl","description":"... LeatherGirl ...","publisher":{"@id":"https:\/\/www.leathergirl.eu\/#organization"},"potentialAction":[{"@type":"SearchAction","target":{"@type":"EntryPoint","urlTemplate":"https:\/\/www.leathergirl.eu\/?s={search_term_string}"},"query-input":{"@type":"PropertyValueSpecification","valueRequired":true,"valueName":"search_term_string"}}],"inLanguage":"en-GB"},{"@type":"Organization","@id":"https:\/\/www.leathergirl.eu\/#organization","name":"The Leather Girl","url":"https:\/\/www.leathergirl.eu\/","logo":{"@type":"ImageObject","inLanguage":"en-GB","@id":"https:\/\/www.leathergirl.eu\/#\/schema\/logo\/image\/","url":"https:\/\/www.leathergirl.eu\/wp-content\/uploads\/2024\/05\/leathergirl-logo.png","contentUrl":"https:\/\/www.leathergirl.eu\/wp-content\/uploads\/2024\/05\/leathergirl-logo.png","width":280,"height":80,"caption":"A B\u0151r\u00f6s l\u00e1ny"},"image":{"@id":"https:\/\/www.leathergirl.eu\/#\/schema\/logo\/image\/"},"sameAs":["https:\/\/www.facebook.com\/aboroslany\/","https:\/\/www.instagram.com\/theleathergirl\/"],"email":"aboroslany@gmail.com","legalName":"Nepp T\u00edmea e.v.","numberOfEmployees":{"@type":"QuantitativeValue","minValue":"1","maxValue":"10"}}]},"product_price_amount":"109.90","product_price_currency":"EUR","og_availability":"instock","product_availability":"instock","product_condition":"new"},"_links":{"self":[{"href":"https:\/\/www.leathergirl.eu\/en\/wp-json\/wp\/v2\/product\/21017","targetHints":{"allow":["GET"]}}],"collection":[{"href":"https:\/\/www.leathergirl.eu\/en\/wp-json\/wp\/v2\/product"}],"about":[{"href":"https:\/\/www.leathergirl.eu\/en\/wp-json\/wp\/v2\/types\/product"}],"wp:featuredmedia":[{"embeddable":true,"href":"https:\/\/www.leathergirl.eu\/en\/wp-json\/wp\/v2\/media\/23753"}],"wp:attachment":[{"href":"https:\/\/www.leathergirl.eu\/en\/wp-json\/wp\/v2\/media?parent=21017"}],"wp:term":[{"taxonomy":"product_brand","embeddable":true,"href":"https:\/\/www.leathergirl.eu\/en\/wp-json\/wp\/v2\/product_brand?post=21017"},{"taxonomy":"product_cat","embeddable":true,"href":"https:\/\/www.leathergirl.eu\/en\/wp-json\/wp\/v2\/product_cat?post=21017"},{"taxonomy":"product_tag","embeddable":true,"href":"https:\/\/www.leathergirl.eu\/en\/wp-json\/wp\/v2\/product_tag?post=21017"}],"curies":[{"name":"wp","href":"https:\/\/api.w.org\/{rel}","templated":true}]}}