{"id":20958,"date":"2016-09-07T18:30:57","date_gmt":"2016-09-07T18:30:57","guid":{"rendered":"http:\/\/www.leathergirl.eu\/?post_type=product&#038;p=20958"},"modified":"2026-01-03T13:23:20","modified_gmt":"2026-01-03T12:23:20","slug":"basic-wrist-clamp-with-black-wine","status":"publish","type":"product","link":"https:\/\/www.leathergirl.eu\/en\/product\/basic-wrist-clamp-with-black-wine\/","title":{"rendered":"Basic black leather wrist cuffs"},"content":{"rendered":"<p>The body is 5cm wide with a 2cm strap. The outside is made of strong thick leather while the inside is softly padded and covered with soft leather for comfort. It comes with a welded d-ring.<\/p>","protected":false},"excerpt":{"rendered":"<p>The body is 5cm wide with a 2cm strap. The outside is made of strong thick leather while the inside is softly padded and covered with soft leather for comfort. It comes with a welded d-ring.<\/p>\n<p>&nbsp;<\/p>","protected":false},"featured_media":20959,"template":"","meta":{"_et_pb_use_builder":"","_et_pb_old_content":"","_et_gb_content_width":""},"product_brand":[],"product_cat":[28],"product_tag":[],"class_list":{"0":"post-20958","1":"product","2":"type-product","3":"status-publish","4":"has-post-thumbnail","6":"product_cat-wrist","8":"first","9":"instock","10":"purchasable","11":"product-type-simple"},"yoast_head":"<!-- This site is optimized with the Yoast SEO Premium plugin v26.2 (Yoast SEO v26.3) - https:\/\/yoast.com\/wordpress\/plugins\/seo\/ -->\n<title>Norm\u00e1l csukl\u00f3bilincs fekete b\u0151rb\u0151l - A B\u0151r\u00f6s l\u00e1ny<\/title>\n<meta name=\"description\" content=\"5cm sz\u00e9les f\u0151r\u00e9sz, k\u00e9t cm sz\u00e9les sz\u00edjjal. A k\u00fcls\u0151 b\u0151r vastag, bel\u00fclr\u0151l szivaccsal, \u00e9s puha b\u0151rrel b\u00e9lelt. A f\u00e9lkarika hegesztett.\" \/>\n<meta name=\"robots\" content=\"index, follow, max-snippet:-1, max-image-preview:large, max-video-preview:-1\" \/>\n<link rel=\"canonical\" href=\"https:\/\/www.leathergirl.eu\/en\/product\/basic-wrist-clamp-with-black-wine\/\" \/>\n<meta property=\"og:locale\" content=\"en_GB\" \/>\n<meta property=\"og:type\" content=\"article\" \/>\n<meta property=\"og:title\" content=\"Norm\u00e1l csukl\u00f3bilincs fekete b\u0151rb\u0151l\" \/>\n<meta property=\"og:description\" content=\"5cm sz\u00e9les f\u0151r\u00e9sz, k\u00e9t cm sz\u00e9les sz\u00edjjal. A k\u00fcls\u0151 b\u0151r vastag, bel\u00fclr\u0151l szivaccsal, \u00e9s puha b\u0151rrel b\u00e9lelt. A f\u00e9lkarika hegesztett.\" \/>\n<meta property=\"og:url\" content=\"https:\/\/www.leathergirl.eu\/en\/product\/basic-wrist-clamp-with-black-wine\/\" \/>\n<meta property=\"og:site_name\" content=\"A B\u0151r\u00f6s l\u00e1ny\" \/>\n<meta property=\"article:publisher\" content=\"https:\/\/www.facebook.com\/aboroslany\/\" \/>\n<meta property=\"article:modified_time\" content=\"2026-01-03T12:23:20+00:00\" \/>\n<meta property=\"og:image\" content=\"https:\/\/www.leathergirl.eu\/wp-content\/uploads\/2016\/09\/fek-bil-csukloOK-scaled-1.jpg\" \/>\n\t<meta property=\"og:image:width\" content=\"2560\" \/>\n\t<meta property=\"og:image:height\" content=\"2121\" \/>\n\t<meta property=\"og:image:type\" content=\"image\/jpeg\" \/>\n<script type=\"application\/ld+json\" class=\"yoast-schema-graph\">{\"@context\":\"https:\/\/schema.org\",\"@graph\":[{\"@type\":\"WebPage\",\"@id\":\"https:\/\/www.leathergirl.eu\/product\/alap-csuklobilincs-fekete-borbol\/\",\"url\":\"https:\/\/www.leathergirl.eu\/product\/alap-csuklobilincs-fekete-borbol\/\",\"name\":\"Norm\u00e1l csukl\u00f3bilincs fekete b\u0151rb\u0151l - A B\u0151r\u00f6s l\u00e1ny\",\"isPartOf\":{\"@id\":\"https:\/\/www.leathergirl.eu\/#website\"},\"primaryImageOfPage\":{\"@id\":\"https:\/\/www.leathergirl.eu\/product\/alap-csuklobilincs-fekete-borbol\/#primaryimage\"},\"image\":{\"@id\":\"https:\/\/www.leathergirl.eu\/product\/alap-csuklobilincs-fekete-borbol\/#primaryimage\"},\"thumbnailUrl\":\"https:\/\/www.leathergirl.eu\/wp-content\/uploads\/2016\/09\/fek-bil-csukloOK-scaled-1.jpg\",\"datePublished\":\"2016-09-07T18:30:57+00:00\",\"dateModified\":\"2026-01-03T12:23:20+00:00\",\"description\":\"5cm sz\u00e9les f\u0151r\u00e9sz, k\u00e9t cm sz\u00e9les sz\u00edjjal. A k\u00fcls\u0151 b\u0151r vastag, bel\u00fclr\u0151l szivaccsal, \u00e9s puha b\u0151rrel b\u00e9lelt. A f\u00e9lkarika hegesztett.\",\"breadcrumb\":{\"@id\":\"https:\/\/www.leathergirl.eu\/product\/alap-csuklobilincs-fekete-borbol\/#breadcrumb\"},\"inLanguage\":\"en-GB\",\"potentialAction\":[{\"@type\":\"ReadAction\",\"target\":[\"https:\/\/www.leathergirl.eu\/product\/alap-csuklobilincs-fekete-borbol\/\"]}]},{\"@type\":\"ImageObject\",\"inLanguage\":\"en-GB\",\"@id\":\"https:\/\/www.leathergirl.eu\/product\/alap-csuklobilincs-fekete-borbol\/#primaryimage\",\"url\":\"https:\/\/www.leathergirl.eu\/wp-content\/uploads\/2016\/09\/fek-bil-csukloOK-scaled-1.jpg\",\"contentUrl\":\"https:\/\/www.leathergirl.eu\/wp-content\/uploads\/2016\/09\/fek-bil-csukloOK-scaled-1.jpg\",\"width\":2560,\"height\":2121},{\"@type\":\"BreadcrumbList\",\"@id\":\"https:\/\/www.leathergirl.eu\/product\/alap-csuklobilincs-fekete-borbol\/#breadcrumb\",\"itemListElement\":[{\"@type\":\"ListItem\",\"position\":1,\"name\":\"Home\",\"item\":\"https:\/\/www.leathergirl.eu\/\"},{\"@type\":\"ListItem\",\"position\":2,\"name\":\"Shop\",\"item\":\"https:\/\/www.leathergirl.eu\/en\/uzlet\/\"},{\"@type\":\"ListItem\",\"position\":3,\"name\":\"Norm\u00e1l csukl\u00f3bilincs fekete b\u0151rb\u0151l\"}]},{\"@type\":\"WebSite\",\"@id\":\"https:\/\/www.leathergirl.eu\/#website\",\"url\":\"https:\/\/www.leathergirl.eu\/\",\"name\":\"A B\u0151r\u00f6s l\u00e1ny\",\"description\":\"... LeatherGirl ...\",\"publisher\":{\"@id\":\"https:\/\/www.leathergirl.eu\/#organization\"},\"potentialAction\":[{\"@type\":\"SearchAction\",\"target\":{\"@type\":\"EntryPoint\",\"urlTemplate\":\"https:\/\/www.leathergirl.eu\/?s={search_term_string}\"},\"query-input\":{\"@type\":\"PropertyValueSpecification\",\"valueRequired\":true,\"valueName\":\"search_term_string\"}}],\"inLanguage\":\"en-GB\"},{\"@type\":\"Organization\",\"@id\":\"https:\/\/www.leathergirl.eu\/#organization\",\"name\":\"A B\u0151r\u00f6s l\u00e1ny\",\"url\":\"https:\/\/www.leathergirl.eu\/\",\"logo\":{\"@type\":\"ImageObject\",\"inLanguage\":\"en-GB\",\"@id\":\"https:\/\/www.leathergirl.eu\/#\/schema\/logo\/image\/\",\"url\":\"https:\/\/www.leathergirl.eu\/wp-content\/uploads\/2024\/05\/leathergirl-logo.png\",\"contentUrl\":\"https:\/\/www.leathergirl.eu\/wp-content\/uploads\/2024\/05\/leathergirl-logo.png\",\"width\":280,\"height\":80,\"caption\":\"A B\u0151r\u00f6s l\u00e1ny\"},\"image\":{\"@id\":\"https:\/\/www.leathergirl.eu\/#\/schema\/logo\/image\/\"},\"sameAs\":[\"https:\/\/www.facebook.com\/aboroslany\/\",\"https:\/\/www.instagram.com\/theleathergirl\/\"],\"email\":\"aboroslany@gmail.com\",\"legalName\":\"Nepp T\u00edmea e.v.\",\"numberOfEmployees\":{\"@type\":\"QuantitativeValue\",\"minValue\":\"1\",\"maxValue\":\"10\"}}]}<\/script>\n<meta property=\"product:price:amount\" content=\"61.60\" \/>\n<meta property=\"product:price:currency\" content=\"EUR\" \/>\n<meta property=\"og:availability\" content=\"instock\" \/>\n<meta property=\"product:availability\" content=\"instock\" \/>\n<meta property=\"product:condition\" content=\"new\" \/>\n<!-- \/ Yoast SEO Premium plugin. -->","yoast_head_json":{"title":"Standard black leather wrist cuffs - The Furry Girl","description":"The body is 5cm wide with a 2cm strap. The outside is made of strong thick leather while the inside is softly padded and covered with soft leather for comfort. It comes with a welded d-ring.","robots":{"index":"index","follow":"follow","max-snippet":"max-snippet:-1","max-image-preview":"max-image-preview:large","max-video-preview":"max-video-preview:-1"},"canonical":"https:\/\/www.leathergirl.eu\/en\/product\/basic-wrist-clamp-with-black-wine\/","og_locale":"en_GB","og_type":"article","og_title":"Norm\u00e1l csukl\u00f3bilincs fekete b\u0151rb\u0151l","og_description":"5cm sz\u00e9les f\u0151r\u00e9sz, k\u00e9t cm sz\u00e9les sz\u00edjjal. A k\u00fcls\u0151 b\u0151r vastag, bel\u00fclr\u0151l szivaccsal, \u00e9s puha b\u0151rrel b\u00e9lelt. A f\u00e9lkarika hegesztett.","og_url":"https:\/\/www.leathergirl.eu\/en\/product\/basic-wrist-clamp-with-black-wine\/","og_site_name":"A B\u0151r\u00f6s l\u00e1ny","article_publisher":"https:\/\/www.facebook.com\/aboroslany\/","article_modified_time":"2026-01-03T12:23:20+00:00","og_image":[{"width":2560,"height":2121,"url":"https:\/\/www.leathergirl.eu\/wp-content\/uploads\/2016\/09\/fek-bil-csukloOK-scaled-1.jpg","type":"image\/jpeg"}],"schema":{"@context":"https:\/\/schema.org","@graph":[{"@type":"WebPage","@id":"https:\/\/www.leathergirl.eu\/product\/alap-csuklobilincs-fekete-borbol\/","url":"https:\/\/www.leathergirl.eu\/product\/alap-csuklobilincs-fekete-borbol\/","name":"Standard black leather wrist cuffs - The Furry Girl","isPartOf":{"@id":"https:\/\/www.leathergirl.eu\/#website"},"primaryImageOfPage":{"@id":"https:\/\/www.leathergirl.eu\/product\/alap-csuklobilincs-fekete-borbol\/#primaryimage"},"image":{"@id":"https:\/\/www.leathergirl.eu\/product\/alap-csuklobilincs-fekete-borbol\/#primaryimage"},"thumbnailUrl":"https:\/\/www.leathergirl.eu\/wp-content\/uploads\/2016\/09\/fek-bil-csukloOK-scaled-1.jpg","datePublished":"2016-09-07T18:30:57+00:00","dateModified":"2026-01-03T12:23:20+00:00","description":"The body is 5cm wide with a 2cm strap. The outside is made of strong thick leather while the inside is softly padded and covered with soft leather for comfort. It comes with a welded d-ring.","breadcrumb":{"@id":"https:\/\/www.leathergirl.eu\/product\/alap-csuklobilincs-fekete-borbol\/#breadcrumb"},"inLanguage":"en-GB","potentialAction":[{"@type":"ReadAction","target":["https:\/\/www.leathergirl.eu\/product\/alap-csuklobilincs-fekete-borbol\/"]}]},{"@type":"ImageObject","inLanguage":"en-GB","@id":"https:\/\/www.leathergirl.eu\/product\/alap-csuklobilincs-fekete-borbol\/#primaryimage","url":"https:\/\/www.leathergirl.eu\/wp-content\/uploads\/2016\/09\/fek-bil-csukloOK-scaled-1.jpg","contentUrl":"https:\/\/www.leathergirl.eu\/wp-content\/uploads\/2016\/09\/fek-bil-csukloOK-scaled-1.jpg","width":2560,"height":2121},{"@type":"BreadcrumbList","@id":"https:\/\/www.leathergirl.eu\/product\/alap-csuklobilincs-fekete-borbol\/#breadcrumb","itemListElement":[{"@type":"ListItem","position":1,"name":"Home","item":"https:\/\/www.leathergirl.eu\/"},{"@type":"ListItem","position":2,"name":"Shop","item":"https:\/\/www.leathergirl.eu\/en\/uzlet\/"},{"@type":"ListItem","position":3,"name":"Norm\u00e1l csukl\u00f3bilincs fekete b\u0151rb\u0151l"}]},{"@type":"WebSite","@id":"https:\/\/www.leathergirl.eu\/#website","url":"https:\/\/www.leathergirl.eu\/","name":"The Leather Girl","description":"... LeatherGirl ...","publisher":{"@id":"https:\/\/www.leathergirl.eu\/#organization"},"potentialAction":[{"@type":"SearchAction","target":{"@type":"EntryPoint","urlTemplate":"https:\/\/www.leathergirl.eu\/?s={search_term_string}"},"query-input":{"@type":"PropertyValueSpecification","valueRequired":true,"valueName":"search_term_string"}}],"inLanguage":"en-GB"},{"@type":"Organization","@id":"https:\/\/www.leathergirl.eu\/#organization","name":"The Leather Girl","url":"https:\/\/www.leathergirl.eu\/","logo":{"@type":"ImageObject","inLanguage":"en-GB","@id":"https:\/\/www.leathergirl.eu\/#\/schema\/logo\/image\/","url":"https:\/\/www.leathergirl.eu\/wp-content\/uploads\/2024\/05\/leathergirl-logo.png","contentUrl":"https:\/\/www.leathergirl.eu\/wp-content\/uploads\/2024\/05\/leathergirl-logo.png","width":280,"height":80,"caption":"A B\u0151r\u00f6s l\u00e1ny"},"image":{"@id":"https:\/\/www.leathergirl.eu\/#\/schema\/logo\/image\/"},"sameAs":["https:\/\/www.facebook.com\/aboroslany\/","https:\/\/www.instagram.com\/theleathergirl\/"],"email":"aboroslany@gmail.com","legalName":"Nepp T\u00edmea e.v.","numberOfEmployees":{"@type":"QuantitativeValue","minValue":"1","maxValue":"10"}}]},"product_price_amount":"61.60","product_price_currency":"EUR","og_availability":"instock","product_availability":"instock","product_condition":"new"},"_links":{"self":[{"href":"https:\/\/www.leathergirl.eu\/en\/wp-json\/wp\/v2\/product\/20958","targetHints":{"allow":["GET"]}}],"collection":[{"href":"https:\/\/www.leathergirl.eu\/en\/wp-json\/wp\/v2\/product"}],"about":[{"href":"https:\/\/www.leathergirl.eu\/en\/wp-json\/wp\/v2\/types\/product"}],"wp:featuredmedia":[{"embeddable":true,"href":"https:\/\/www.leathergirl.eu\/en\/wp-json\/wp\/v2\/media\/20959"}],"wp:attachment":[{"href":"https:\/\/www.leathergirl.eu\/en\/wp-json\/wp\/v2\/media?parent=20958"}],"wp:term":[{"taxonomy":"product_brand","embeddable":true,"href":"https:\/\/www.leathergirl.eu\/en\/wp-json\/wp\/v2\/product_brand?post=20958"},{"taxonomy":"product_cat","embeddable":true,"href":"https:\/\/www.leathergirl.eu\/en\/wp-json\/wp\/v2\/product_cat?post=20958"},{"taxonomy":"product_tag","embeddable":true,"href":"https:\/\/www.leathergirl.eu\/en\/wp-json\/wp\/v2\/product_tag?post=20958"}],"curies":[{"name":"wp","href":"https:\/\/api.w.org\/{rel}","templated":true}]}}