{"id":20953,"date":"2016-09-07T18:15:56","date_gmt":"2016-09-07T18:15:56","guid":{"rendered":"http:\/\/www.leathergirl.eu\/?post_type=product&#038;p=20953"},"modified":"2026-01-03T14:26:20","modified_gmt":"2026-01-03T13:26:20","slug":"basic-clamp-set-black-borbol","status":"publish","type":"product","link":"https:\/\/www.leathergirl.eu\/en\/product\/basic-clamp-set-black-borbol\/","title":{"rendered":"Basic black leather cuffs"},"content":{"rendered":"<p>Basic black leather cuffs. The wrist and ankle cuffs are 6cm wide, the collar is 5cm. The straps are double layered and 2cm wide. The outside is thick strong leather, the inside is padded and covered with soft leather.<\/p>\n<p>You can also order them individually:<\/p>\n<ul>\n<li class=\"firstItem\"><a href=\"https:\/\/www.leathergirl.eu\/termek\/alap-csuklobilincs-fekete-borbol\/\" target=\"_blank\" rel=\"noopener\"><a href=\"https:\/\/www.leathergirl.eu\/en\/termek\/extra-eros-csuklobilincs-piros-fekete-borbol\/\" target=\"_blank\" rel=\"noopener\">wrist cuffs<\/a><\/li><\/a><\/li>\n<li><a href=\"https:\/\/www.leathergirl.eu\/termek\/alap-bokabilincs\/\" target=\"_blank\" rel=\"noopener\"><a href=\"https:\/\/www.leathergirl.eu\/en\/termek\/extra-eros-bokabilincs-piros-fekete-borbol\/\" target=\"_blank\" rel=\"noopener\">ankle cuffs<\/a><\/li><\/a><\/li>\n<li class=\"lastItem\"><a href=\"https:\/\/www.leathergirl.eu\/termek\/alap-nyakbilincs-fekete-borbol\/\" target=\"_blank\" rel=\"noopener\"><a href=\"https:\/\/www.leathergirl.eu\/en\/termek\/nyakbilincs-piros-fekete-borbol\/\" target=\"_blank\" rel=\"noopener\">collar<\/a><\/li>\n<\/ul><\/a><\/li>\n<\/ul>\n<p>If you have any questions or would like to place an order, please contact us at \"<a href=\"https:\/\/www.leathergirl.eu\/kapcsolat\/\" target=\"_blank\" rel=\"noopener\">CONTACT<\/a>If you have questions or would like to order please contact me in one of the ways found on <a href=\"https:\/\/www.leathergirl.eu\/en\/kapcsolat\/\" target=\"_blank\" rel=\"noopener\">CONTACTS<\/a> page.<\/p>","protected":false},"excerpt":{"rendered":"<p>Basic black leather cuffs. The wrist and ankle cuffs are 6cm wide, the collar is 5cm. The straps are double layered and 2cm wide. The outside is thick strong leather, the inside is padded and covered with soft leather.<\/p>\n<p>You can also order them individually:<\/p>\n<ul>\n<li class=\"firstItem\"><a href=\"https:\/\/www.leathergirl.eu\/termek\/alap-csuklobilincs-fekete-borbol\/\" target=\"_blank\" rel=\"noopener\"><a href=\"https:\/\/www.leathergirl.eu\/en\/termek\/extra-eros-csuklobilincs-piros-fekete-borbol\/\" target=\"_blank\" rel=\"noopener\">wrist cuffs<\/a><\/li><\/a><\/li>\n<li><a href=\"https:\/\/www.leathergirl.eu\/termek\/alap-bokabilincs\/\" target=\"_blank\" rel=\"noopener\"><a href=\"https:\/\/www.leathergirl.eu\/en\/termek\/extra-eros-bokabilincs-piros-fekete-borbol\/\" target=\"_blank\" rel=\"noopener\">ankle cuffs<\/a><\/li><\/a><\/li>\n<li class=\"lastItem\"><a href=\"https:\/\/www.leathergirl.eu\/termek\/alap-nyakbilincs-fekete-borbol\/\" target=\"_blank\" rel=\"noopener\"><a href=\"https:\/\/www.leathergirl.eu\/en\/termek\/nyakbilincs-piros-fekete-borbol\/\" target=\"_blank\" rel=\"noopener\">collar<\/a><\/li>\n<\/ul><\/a><\/li>\n<\/ul>","protected":false},"featured_media":20954,"template":"","meta":{"_et_pb_use_builder":"","_et_pb_old_content":"","_et_gb_content_width":""},"product_brand":[],"product_cat":[18],"product_tag":[],"class_list":{"0":"post-20953","1":"product","2":"type-product","3":"status-publish","4":"has-post-thumbnail","6":"product_cat-sets","8":"first","9":"instock","10":"purchasable","11":"product-type-simple"},"yoast_head":"<!-- This site is optimized with the Yoast SEO Premium plugin v26.2 (Yoast SEO v26.3) - https:\/\/yoast.com\/wordpress\/plugins\/seo\/ -->\n<title>Alap bilincs szett fekete b\u0151rb\u0151l - A B\u0151r\u00f6s l\u00e1ny<\/title>\n<meta name=\"robots\" content=\"index, follow, max-snippet:-1, max-image-preview:large, max-video-preview:-1\" \/>\n<link rel=\"canonical\" href=\"https:\/\/www.leathergirl.eu\/en\/product\/basic-clamp-set-black-borbol\/\" \/>\n<meta property=\"og:locale\" content=\"en_GB\" \/>\n<meta property=\"og:type\" content=\"article\" \/>\n<meta property=\"og:title\" content=\"Alap bilincs szett fekete b\u0151rb\u0151l\" \/>\n<meta property=\"og:description\" content=\"Alap bilincsek fekete b\u0151rb\u0151l. A csukl\u00f3- \u00e9s bokabilincs 6cm sz\u00e9les, a nyak\u00f6rv 5cm-es. A sz\u00edjak mindegyiken k\u00e9t r\u00e9teg b\u0151rb\u0151l k\u00e9sz\u00fclnek, \u00e9s 2cm-esek. A f\u0151r\u00e9sz k\u00fcls\u0151 fele vastag, er\u0151s b\u0151r, bel\u00fcl szivaccsal, \u00e9s puha b\u0151rrel b\u00e9lelt.  Term\u00e9szetesen darabonk\u00e9nt is rendelheted:   csukl\u00f3bilincs  bokabilincs  nyakbilincs\" \/>\n<meta property=\"og:url\" content=\"https:\/\/www.leathergirl.eu\/en\/product\/basic-clamp-set-black-borbol\/\" \/>\n<meta property=\"og:site_name\" content=\"A B\u0151r\u00f6s l\u00e1ny\" \/>\n<meta property=\"article:publisher\" content=\"https:\/\/www.facebook.com\/aboroslany\/\" \/>\n<meta property=\"article:modified_time\" content=\"2026-01-03T13:26:20+00:00\" \/>\n<meta property=\"og:image\" content=\"https:\/\/www.leathergirl.eu\/wp-content\/uploads\/2016\/09\/fek-bil-szettOK-scaled-1.jpg\" \/>\n\t<meta property=\"og:image:width\" content=\"2560\" \/>\n\t<meta property=\"og:image:height\" content=\"1144\" \/>\n\t<meta property=\"og:image:type\" content=\"image\/jpeg\" \/>\n<script type=\"application\/ld+json\" class=\"yoast-schema-graph\">{\"@context\":\"https:\/\/schema.org\",\"@graph\":[{\"@type\":\"WebPage\",\"@id\":\"https:\/\/www.leathergirl.eu\/product\/alap-bilincs-szett-fekete-borbol\/\",\"url\":\"https:\/\/www.leathergirl.eu\/product\/alap-bilincs-szett-fekete-borbol\/\",\"name\":\"Alap bilincs szett fekete b\u0151rb\u0151l - A B\u0151r\u00f6s l\u00e1ny\",\"isPartOf\":{\"@id\":\"https:\/\/www.leathergirl.eu\/#website\"},\"primaryImageOfPage\":{\"@id\":\"https:\/\/www.leathergirl.eu\/product\/alap-bilincs-szett-fekete-borbol\/#primaryimage\"},\"image\":{\"@id\":\"https:\/\/www.leathergirl.eu\/product\/alap-bilincs-szett-fekete-borbol\/#primaryimage\"},\"thumbnailUrl\":\"https:\/\/www.leathergirl.eu\/wp-content\/uploads\/2016\/09\/fek-bil-szettOK-scaled-1.jpg\",\"datePublished\":\"2016-09-07T18:15:56+00:00\",\"dateModified\":\"2026-01-03T13:26:20+00:00\",\"breadcrumb\":{\"@id\":\"https:\/\/www.leathergirl.eu\/product\/alap-bilincs-szett-fekete-borbol\/#breadcrumb\"},\"inLanguage\":\"en-GB\",\"potentialAction\":[{\"@type\":\"ReadAction\",\"target\":[\"https:\/\/www.leathergirl.eu\/product\/alap-bilincs-szett-fekete-borbol\/\"]}]},{\"@type\":\"ImageObject\",\"inLanguage\":\"en-GB\",\"@id\":\"https:\/\/www.leathergirl.eu\/product\/alap-bilincs-szett-fekete-borbol\/#primaryimage\",\"url\":\"https:\/\/www.leathergirl.eu\/wp-content\/uploads\/2016\/09\/fek-bil-szettOK-scaled-1.jpg\",\"contentUrl\":\"https:\/\/www.leathergirl.eu\/wp-content\/uploads\/2016\/09\/fek-bil-szettOK-scaled-1.jpg\",\"width\":2560,\"height\":1144},{\"@type\":\"BreadcrumbList\",\"@id\":\"https:\/\/www.leathergirl.eu\/product\/alap-bilincs-szett-fekete-borbol\/#breadcrumb\",\"itemListElement\":[{\"@type\":\"ListItem\",\"position\":1,\"name\":\"Home\",\"item\":\"https:\/\/www.leathergirl.eu\/\"},{\"@type\":\"ListItem\",\"position\":2,\"name\":\"Shop\",\"item\":\"https:\/\/www.leathergirl.eu\/en\/uzlet\/\"},{\"@type\":\"ListItem\",\"position\":3,\"name\":\"Alap bilincs szett fekete b\u0151rb\u0151l\"}]},{\"@type\":\"WebSite\",\"@id\":\"https:\/\/www.leathergirl.eu\/#website\",\"url\":\"https:\/\/www.leathergirl.eu\/\",\"name\":\"A B\u0151r\u00f6s l\u00e1ny\",\"description\":\"... LeatherGirl ...\",\"publisher\":{\"@id\":\"https:\/\/www.leathergirl.eu\/#organization\"},\"potentialAction\":[{\"@type\":\"SearchAction\",\"target\":{\"@type\":\"EntryPoint\",\"urlTemplate\":\"https:\/\/www.leathergirl.eu\/?s={search_term_string}\"},\"query-input\":{\"@type\":\"PropertyValueSpecification\",\"valueRequired\":true,\"valueName\":\"search_term_string\"}}],\"inLanguage\":\"en-GB\"},{\"@type\":\"Organization\",\"@id\":\"https:\/\/www.leathergirl.eu\/#organization\",\"name\":\"A B\u0151r\u00f6s l\u00e1ny\",\"url\":\"https:\/\/www.leathergirl.eu\/\",\"logo\":{\"@type\":\"ImageObject\",\"inLanguage\":\"en-GB\",\"@id\":\"https:\/\/www.leathergirl.eu\/#\/schema\/logo\/image\/\",\"url\":\"https:\/\/www.leathergirl.eu\/wp-content\/uploads\/2024\/05\/leathergirl-logo.png\",\"contentUrl\":\"https:\/\/www.leathergirl.eu\/wp-content\/uploads\/2024\/05\/leathergirl-logo.png\",\"width\":280,\"height\":80,\"caption\":\"A B\u0151r\u00f6s l\u00e1ny\"},\"image\":{\"@id\":\"https:\/\/www.leathergirl.eu\/#\/schema\/logo\/image\/\"},\"sameAs\":[\"https:\/\/www.facebook.com\/aboroslany\/\",\"https:\/\/www.instagram.com\/theleathergirl\/\"],\"email\":\"aboroslany@gmail.com\",\"legalName\":\"Nepp T\u00edmea e.v.\",\"numberOfEmployees\":{\"@type\":\"QuantitativeValue\",\"minValue\":\"1\",\"maxValue\":\"10\"}}]}<\/script>\n<meta property=\"product:price:amount\" content=\"150.80\" \/>\n<meta property=\"product:price:currency\" content=\"EUR\" \/>\n<meta property=\"og:availability\" content=\"instock\" \/>\n<meta property=\"product:availability\" content=\"instock\" \/>\n<meta property=\"product:condition\" content=\"new\" \/>\n<!-- \/ Yoast SEO Premium plugin. -->","yoast_head_json":{"title":"Basic black leather handcuff set - The Furry Girl","robots":{"index":"index","follow":"follow","max-snippet":"max-snippet:-1","max-image-preview":"max-image-preview:large","max-video-preview":"max-video-preview:-1"},"canonical":"https:\/\/www.leathergirl.eu\/en\/product\/basic-clamp-set-black-borbol\/","og_locale":"en_GB","og_type":"article","og_title":"Alap bilincs szett fekete b\u0151rb\u0151l","og_description":"Alap bilincsek fekete b\u0151rb\u0151l. A csukl\u00f3- \u00e9s bokabilincs 6cm sz\u00e9les, a nyak\u00f6rv 5cm-es. A sz\u00edjak mindegyiken k\u00e9t r\u00e9teg b\u0151rb\u0151l k\u00e9sz\u00fclnek, \u00e9s 2cm-esek. A f\u0151r\u00e9sz k\u00fcls\u0151 fele vastag, er\u0151s b\u0151r, bel\u00fcl szivaccsal, \u00e9s puha b\u0151rrel b\u00e9lelt.  Term\u00e9szetesen darabonk\u00e9nt is rendelheted:   csukl\u00f3bilincs  bokabilincs  nyakbilincs","og_url":"https:\/\/www.leathergirl.eu\/en\/product\/basic-clamp-set-black-borbol\/","og_site_name":"A B\u0151r\u00f6s l\u00e1ny","article_publisher":"https:\/\/www.facebook.com\/aboroslany\/","article_modified_time":"2026-01-03T13:26:20+00:00","og_image":[{"width":2560,"height":1144,"url":"https:\/\/www.leathergirl.eu\/wp-content\/uploads\/2016\/09\/fek-bil-szettOK-scaled-1.jpg","type":"image\/jpeg"}],"schema":{"@context":"https:\/\/schema.org","@graph":[{"@type":"WebPage","@id":"https:\/\/www.leathergirl.eu\/product\/alap-bilincs-szett-fekete-borbol\/","url":"https:\/\/www.leathergirl.eu\/product\/alap-bilincs-szett-fekete-borbol\/","name":"Basic black leather handcuff set - The Furry Girl","isPartOf":{"@id":"https:\/\/www.leathergirl.eu\/#website"},"primaryImageOfPage":{"@id":"https:\/\/www.leathergirl.eu\/product\/alap-bilincs-szett-fekete-borbol\/#primaryimage"},"image":{"@id":"https:\/\/www.leathergirl.eu\/product\/alap-bilincs-szett-fekete-borbol\/#primaryimage"},"thumbnailUrl":"https:\/\/www.leathergirl.eu\/wp-content\/uploads\/2016\/09\/fek-bil-szettOK-scaled-1.jpg","datePublished":"2016-09-07T18:15:56+00:00","dateModified":"2026-01-03T13:26:20+00:00","breadcrumb":{"@id":"https:\/\/www.leathergirl.eu\/product\/alap-bilincs-szett-fekete-borbol\/#breadcrumb"},"inLanguage":"en-GB","potentialAction":[{"@type":"ReadAction","target":["https:\/\/www.leathergirl.eu\/product\/alap-bilincs-szett-fekete-borbol\/"]}]},{"@type":"ImageObject","inLanguage":"en-GB","@id":"https:\/\/www.leathergirl.eu\/product\/alap-bilincs-szett-fekete-borbol\/#primaryimage","url":"https:\/\/www.leathergirl.eu\/wp-content\/uploads\/2016\/09\/fek-bil-szettOK-scaled-1.jpg","contentUrl":"https:\/\/www.leathergirl.eu\/wp-content\/uploads\/2016\/09\/fek-bil-szettOK-scaled-1.jpg","width":2560,"height":1144},{"@type":"BreadcrumbList","@id":"https:\/\/www.leathergirl.eu\/product\/alap-bilincs-szett-fekete-borbol\/#breadcrumb","itemListElement":[{"@type":"ListItem","position":1,"name":"Home","item":"https:\/\/www.leathergirl.eu\/"},{"@type":"ListItem","position":2,"name":"Shop","item":"https:\/\/www.leathergirl.eu\/en\/uzlet\/"},{"@type":"ListItem","position":3,"name":"Alap bilincs szett fekete b\u0151rb\u0151l"}]},{"@type":"WebSite","@id":"https:\/\/www.leathergirl.eu\/#website","url":"https:\/\/www.leathergirl.eu\/","name":"The Leather Girl","description":"... LeatherGirl ...","publisher":{"@id":"https:\/\/www.leathergirl.eu\/#organization"},"potentialAction":[{"@type":"SearchAction","target":{"@type":"EntryPoint","urlTemplate":"https:\/\/www.leathergirl.eu\/?s={search_term_string}"},"query-input":{"@type":"PropertyValueSpecification","valueRequired":true,"valueName":"search_term_string"}}],"inLanguage":"en-GB"},{"@type":"Organization","@id":"https:\/\/www.leathergirl.eu\/#organization","name":"The Leather Girl","url":"https:\/\/www.leathergirl.eu\/","logo":{"@type":"ImageObject","inLanguage":"en-GB","@id":"https:\/\/www.leathergirl.eu\/#\/schema\/logo\/image\/","url":"https:\/\/www.leathergirl.eu\/wp-content\/uploads\/2024\/05\/leathergirl-logo.png","contentUrl":"https:\/\/www.leathergirl.eu\/wp-content\/uploads\/2024\/05\/leathergirl-logo.png","width":280,"height":80,"caption":"A B\u0151r\u00f6s l\u00e1ny"},"image":{"@id":"https:\/\/www.leathergirl.eu\/#\/schema\/logo\/image\/"},"sameAs":["https:\/\/www.facebook.com\/aboroslany\/","https:\/\/www.instagram.com\/theleathergirl\/"],"email":"aboroslany@gmail.com","legalName":"Nepp T\u00edmea e.v.","numberOfEmployees":{"@type":"QuantitativeValue","minValue":"1","maxValue":"10"}}]},"product_price_amount":"150.80","product_price_currency":"EUR","og_availability":"instock","product_availability":"instock","product_condition":"new"},"_links":{"self":[{"href":"https:\/\/www.leathergirl.eu\/en\/wp-json\/wp\/v2\/product\/20953","targetHints":{"allow":["GET"]}}],"collection":[{"href":"https:\/\/www.leathergirl.eu\/en\/wp-json\/wp\/v2\/product"}],"about":[{"href":"https:\/\/www.leathergirl.eu\/en\/wp-json\/wp\/v2\/types\/product"}],"wp:featuredmedia":[{"embeddable":true,"href":"https:\/\/www.leathergirl.eu\/en\/wp-json\/wp\/v2\/media\/20954"}],"wp:attachment":[{"href":"https:\/\/www.leathergirl.eu\/en\/wp-json\/wp\/v2\/media?parent=20953"}],"wp:term":[{"taxonomy":"product_brand","embeddable":true,"href":"https:\/\/www.leathergirl.eu\/en\/wp-json\/wp\/v2\/product_brand?post=20953"},{"taxonomy":"product_cat","embeddable":true,"href":"https:\/\/www.leathergirl.eu\/en\/wp-json\/wp\/v2\/product_cat?post=20953"},{"taxonomy":"product_tag","embeddable":true,"href":"https:\/\/www.leathergirl.eu\/en\/wp-json\/wp\/v2\/product_tag?post=20953"}],"curies":[{"name":"wp","href":"https:\/\/api.w.org\/{rel}","templated":true}]}}