{"id":20945,"date":"2016-09-04T18:37:14","date_gmt":"2016-09-04T18:37:14","guid":{"rendered":"http:\/\/www.leathergirl.eu\/?post_type=product&#038;p=20945"},"modified":"2026-01-03T14:27:07","modified_gmt":"2026-01-03T13:27:07","slug":"clamp-set-with-studs","status":"publish","type":"product","link":"https:\/\/www.leathergirl.eu\/en\/product\/clamp-set-with-studs\/","title":{"rendered":"Black leather lockable cuffs and fist mitts lined with blue leather"},"content":{"rendered":"<p>The 6.5 cm wide clamps are similar in design to the others: the outer part of the main part is backed with thick, strong leather, while the inside is lined with soft leather and sponge. The leather trim on the inside extends to the edge of the sponge, so that it cannot be felt when worn. The straps are made of two layers of leather and are 3 cm wide. Each strap has several welded half rings.<br \/>\nThe fist mitts are made of leather inside and out with thick padding on the inside to make sure that hands cannot be used. Two welded d-rings and lockable buckles are added near the wrists.<\/p>\n<p>Can be lined with different base colors upon request (in case of ordering a set).<br \/>\nColoured leathers rarely match completely which may result in slight differences in shade.<\/p>\n<p>You can also order them individually:<br \/>\n<a href=\"https:\/\/www.leathergirl.eu\/termek\/csuklobilincs-kekkel-szegve\/\" target=\"_blank\" rel=\"noopener\"><a href=\"https:\/\/www.leathergirl.eu\/en\/termek\/lakatolhato-csuklobilincs-2db-felkarikaval\/\" target=\"_blank\" rel=\"noopener\">hand cuffs<\/a> with 2 d-rings<\/li><\/a><br \/>\n<a href=\"https:\/\/www.leathergirl.eu\/termek\/bokabilincs-kekkel-szegve\/\" target=\"_blank\" rel=\"noopener\">ankle<\/a><br \/>\n<a href=\"https:\/\/www.leathergirl.eu\/termek\/nyakbilincs-kekkel-szegve\/\" target=\"_blank\" rel=\"noopener\">neck<\/a><\/p>\n<p><span style=\"color: #333333;\"><span style=\"font-family: Georgia, serif;\">Locks are not included.<\/span><\/span><\/p>","protected":false},"excerpt":{"rendered":"<p>The 6.5cm wide clamps are similar in design to the others: the outer part of the main part is backed with thick, strong leather, while the inside is lined with soft leather and sponge. The leather on the inside extends to the edge of the sponge, so it cannot be felt when worn. The straps are made of two layers of leather and are 3 cm wide. Each strap has several welded half rings.<br \/>\nThe fist mitts are made of leather inside and out with thick padding on the inside to make sure that hands cannot be used. Two welded d-rings and lockable buckles are added near the wrists.<\/p>\n<p>Can be lined with different base colors upon request (in case of ordering a set).<br \/>\nColoured leathers rarely match completely which may result in slight differences in shade.<\/p>\n<p>You can also order them individually:<br \/>\n<a href=\"https:\/\/www.leathergirl.eu\/termek\/csuklobilincs-kekkel-szegve\/\" target=\"_blank\" rel=\"noopener\"><a href=\"https:\/\/www.leathergirl.eu\/en\/termek\/lakatolhato-csuklobilincs-2db-felkarikaval\/\" target=\"_blank\" rel=\"noopener\">hand cuffs<\/a> with 2 d-rings<\/li><\/a><br \/>\n<a href=\"https:\/\/www.leathergirl.eu\/termek\/bokabilincs-kekkel-szegve\/\" target=\"_blank\" rel=\"noopener\">ankle<\/a><br \/>\n<a href=\"https:\/\/www.leathergirl.eu\/termek\/nyakbilincs-kekkel-szegve\/\" target=\"_blank\" rel=\"noopener\">neck<\/a><\/p>\n<p>&nbsp;<\/p>","protected":false},"featured_media":23756,"template":"","meta":{"_et_pb_use_builder":"","_et_pb_old_content":"","_et_gb_content_width":""},"product_brand":[],"product_cat":[18],"product_tag":[],"class_list":{"0":"post-20945","1":"product","2":"type-product","3":"status-publish","4":"has-post-thumbnail","6":"product_cat-sets","8":"first","9":"instock","10":"purchasable","11":"product-type-simple"},"yoast_head":"<!-- This site is optimized with the Yoast SEO Premium plugin v26.2 (Yoast SEO v26.3) - https:\/\/yoast.com\/wordpress\/plugins\/seo\/ -->\n<title>K\u00c9KKEL SZEGETT BILINCS K\u00c9SZLET - A B\u0151r\u00f6s l\u00e1ny<\/title>\n<meta name=\"robots\" content=\"index, follow, max-snippet:-1, max-image-preview:large, max-video-preview:-1\" \/>\n<link rel=\"canonical\" href=\"https:\/\/www.leathergirl.eu\/en\/product\/clamp-set-with-studs\/\" \/>\n<meta property=\"og:locale\" content=\"en_GB\" \/>\n<meta property=\"og:type\" content=\"article\" \/>\n<meta property=\"og:title\" content=\"K\u00c9KKEL SZEGETT BILINCS K\u00c9SZLET\" \/>\n<meta property=\"og:description\" content=\"A 6,5cm sz\u00e9les bilincsek kialak\u00edt\u00e1sa hasonl\u00f3 a t\u00f6bbihez: a f\u0151r\u00e9sz k\u00fcls\u0151 r\u00e9sze vastag, er\u0151s b\u0151r al\u00e1er\u0151s\u00edtve, bel\u00fcl pedig puha b\u0151rrel, \u00e9s szivaccsal b\u00e9leltek. A szeg\u0151b\u0151r a bels\u0151 oldalon a szivacs sz\u00e9l\u00e9ig \u00e9r, \u00edgy visel\u00e9s k\u00f6zben nem \u00e9rezhet\u0151. A sz\u00edjak k\u00e9t r\u00e9teg b\u0151rb\u0151l k\u00e9sz\u00fclnek, \u00e9s 3 cm sz\u00e9lesek. Mindegyikre t\u00f6bb, hegesztett f\u00e9lkarik\u00e1t teszek. Az \u00f6k\u00f6lkeszty\u0171 k\u00edv\u00fcl-bel\u00fcl b\u0151r, k\u00f6zte vastag szivaccsal, \u00edgy a kezeket garant\u00e1ltan nem lehet haszn\u00e1lni. A csukl\u00f3 r\u00e9sz\u00e9re k\u00e9t darab hegesztett f\u00e9lkarik\u00e1t \u00e9s lakatolhat\u00f3 csatot teszek.  A szeg\u00e9s m\u00e1s alapsz\u00ednnel is k\u00e9rhet\u0151. (megbesz\u00e9l\u00e9s alapj\u00e1n, szett rendel\u00e9se eset\u00e9n) Tekintve, hogy ritk\u00e1n kapok k\u00e9t ugyanolyan sz\u00edn\u0171 b\u0151rt, el\u0151fordulhat sz\u00edn\u00e1rnyalatnyi elt\u00e9r\u00e9s.  Term\u00e9szetesen darabonk\u00e9nt is rendelheted: csukl\u00f3ra bok\u00e1ra nyakra  &nbsp;\" \/>\n<meta property=\"og:url\" content=\"https:\/\/www.leathergirl.eu\/en\/product\/clamp-set-with-studs\/\" \/>\n<meta property=\"og:site_name\" content=\"A B\u0151r\u00f6s l\u00e1ny\" \/>\n<meta property=\"article:publisher\" content=\"https:\/\/www.facebook.com\/aboroslany\/\" \/>\n<meta property=\"article:modified_time\" content=\"2026-01-03T13:27:07+00:00\" \/>\n<meta property=\"og:image\" content=\"https:\/\/www.leathergirl.eu\/wp-content\/uploads\/2016\/09\/k-kekkel-szegett-szett1.jpg\" \/>\n\t<meta property=\"og:image:width\" content=\"1024\" \/>\n\t<meta property=\"og:image:height\" content=\"680\" \/>\n\t<meta property=\"og:image:type\" content=\"image\/jpeg\" \/>\n<script type=\"application\/ld+json\" class=\"yoast-schema-graph\">{\"@context\":\"https:\/\/schema.org\",\"@graph\":[{\"@type\":\"WebPage\",\"@id\":\"https:\/\/www.leathergirl.eu\/product\/kekkel-szegett-bilincs-szett\/\",\"url\":\"https:\/\/www.leathergirl.eu\/product\/kekkel-szegett-bilincs-szett\/\",\"name\":\"K\u00c9KKEL SZEGETT BILINCS K\u00c9SZLET - A B\u0151r\u00f6s l\u00e1ny\",\"isPartOf\":{\"@id\":\"https:\/\/www.leathergirl.eu\/#website\"},\"primaryImageOfPage\":{\"@id\":\"https:\/\/www.leathergirl.eu\/product\/kekkel-szegett-bilincs-szett\/#primaryimage\"},\"image\":{\"@id\":\"https:\/\/www.leathergirl.eu\/product\/kekkel-szegett-bilincs-szett\/#primaryimage\"},\"thumbnailUrl\":\"https:\/\/www.leathergirl.eu\/wp-content\/uploads\/2016\/09\/k-kekkel-szegett-szett1.jpg\",\"datePublished\":\"2016-09-04T18:37:14+00:00\",\"dateModified\":\"2026-01-03T13:27:07+00:00\",\"breadcrumb\":{\"@id\":\"https:\/\/www.leathergirl.eu\/product\/kekkel-szegett-bilincs-szett\/#breadcrumb\"},\"inLanguage\":\"en-GB\",\"potentialAction\":[{\"@type\":\"ReadAction\",\"target\":[\"https:\/\/www.leathergirl.eu\/product\/kekkel-szegett-bilincs-szett\/\"]}]},{\"@type\":\"ImageObject\",\"inLanguage\":\"en-GB\",\"@id\":\"https:\/\/www.leathergirl.eu\/product\/kekkel-szegett-bilincs-szett\/#primaryimage\",\"url\":\"https:\/\/www.leathergirl.eu\/wp-content\/uploads\/2016\/09\/k-kekkel-szegett-szett1.jpg\",\"contentUrl\":\"https:\/\/www.leathergirl.eu\/wp-content\/uploads\/2016\/09\/k-kekkel-szegett-szett1.jpg\",\"width\":1024,\"height\":680},{\"@type\":\"BreadcrumbList\",\"@id\":\"https:\/\/www.leathergirl.eu\/product\/kekkel-szegett-bilincs-szett\/#breadcrumb\",\"itemListElement\":[{\"@type\":\"ListItem\",\"position\":1,\"name\":\"Home\",\"item\":\"https:\/\/www.leathergirl.eu\/\"},{\"@type\":\"ListItem\",\"position\":2,\"name\":\"Shop\",\"item\":\"https:\/\/www.leathergirl.eu\/en\/uzlet\/\"},{\"@type\":\"ListItem\",\"position\":3,\"name\":\"K\u00c9KKEL SZEGETT BILINCS K\u00c9SZLET\"}]},{\"@type\":\"WebSite\",\"@id\":\"https:\/\/www.leathergirl.eu\/#website\",\"url\":\"https:\/\/www.leathergirl.eu\/\",\"name\":\"A B\u0151r\u00f6s l\u00e1ny\",\"description\":\"... LeatherGirl ...\",\"publisher\":{\"@id\":\"https:\/\/www.leathergirl.eu\/#organization\"},\"potentialAction\":[{\"@type\":\"SearchAction\",\"target\":{\"@type\":\"EntryPoint\",\"urlTemplate\":\"https:\/\/www.leathergirl.eu\/?s={search_term_string}\"},\"query-input\":{\"@type\":\"PropertyValueSpecification\",\"valueRequired\":true,\"valueName\":\"search_term_string\"}}],\"inLanguage\":\"en-GB\"},{\"@type\":\"Organization\",\"@id\":\"https:\/\/www.leathergirl.eu\/#organization\",\"name\":\"A B\u0151r\u00f6s l\u00e1ny\",\"url\":\"https:\/\/www.leathergirl.eu\/\",\"logo\":{\"@type\":\"ImageObject\",\"inLanguage\":\"en-GB\",\"@id\":\"https:\/\/www.leathergirl.eu\/#\/schema\/logo\/image\/\",\"url\":\"https:\/\/www.leathergirl.eu\/wp-content\/uploads\/2024\/05\/leathergirl-logo.png\",\"contentUrl\":\"https:\/\/www.leathergirl.eu\/wp-content\/uploads\/2024\/05\/leathergirl-logo.png\",\"width\":280,\"height\":80,\"caption\":\"A B\u0151r\u00f6s l\u00e1ny\"},\"image\":{\"@id\":\"https:\/\/www.leathergirl.eu\/#\/schema\/logo\/image\/\"},\"sameAs\":[\"https:\/\/www.facebook.com\/aboroslany\/\",\"https:\/\/www.instagram.com\/theleathergirl\/\"],\"email\":\"aboroslany@gmail.com\",\"legalName\":\"Nepp T\u00edmea e.v.\",\"numberOfEmployees\":{\"@type\":\"QuantitativeValue\",\"minValue\":\"1\",\"maxValue\":\"10\"}}]}<\/script>\n<meta property=\"product:price:amount\" content=\"172.90\" \/>\n<meta property=\"product:price:currency\" content=\"EUR\" \/>\n<meta property=\"og:availability\" content=\"instock\" \/>\n<meta property=\"product:availability\" content=\"instock\" \/>\n<meta property=\"product:condition\" content=\"new\" \/>\n<!-- \/ Yoast SEO Premium plugin. -->","yoast_head_json":{"title":"PICTURED BILINCS SET - The Furry Girl","robots":{"index":"index","follow":"follow","max-snippet":"max-snippet:-1","max-image-preview":"max-image-preview:large","max-video-preview":"max-video-preview:-1"},"canonical":"https:\/\/www.leathergirl.eu\/en\/product\/clamp-set-with-studs\/","og_locale":"en_GB","og_type":"article","og_title":"K\u00c9KKEL SZEGETT BILINCS K\u00c9SZLET","og_description":"A 6,5cm sz\u00e9les bilincsek kialak\u00edt\u00e1sa hasonl\u00f3 a t\u00f6bbihez: a f\u0151r\u00e9sz k\u00fcls\u0151 r\u00e9sze vastag, er\u0151s b\u0151r al\u00e1er\u0151s\u00edtve, bel\u00fcl pedig puha b\u0151rrel, \u00e9s szivaccsal b\u00e9leltek. A szeg\u0151b\u0151r a bels\u0151 oldalon a szivacs sz\u00e9l\u00e9ig \u00e9r, \u00edgy visel\u00e9s k\u00f6zben nem \u00e9rezhet\u0151. A sz\u00edjak k\u00e9t r\u00e9teg b\u0151rb\u0151l k\u00e9sz\u00fclnek, \u00e9s 3 cm sz\u00e9lesek. Mindegyikre t\u00f6bb, hegesztett f\u00e9lkarik\u00e1t teszek. Az \u00f6k\u00f6lkeszty\u0171 k\u00edv\u00fcl-bel\u00fcl b\u0151r, k\u00f6zte vastag szivaccsal, \u00edgy a kezeket garant\u00e1ltan nem lehet haszn\u00e1lni. A csukl\u00f3 r\u00e9sz\u00e9re k\u00e9t darab hegesztett f\u00e9lkarik\u00e1t \u00e9s lakatolhat\u00f3 csatot teszek.  A szeg\u00e9s m\u00e1s alapsz\u00ednnel is k\u00e9rhet\u0151. (megbesz\u00e9l\u00e9s alapj\u00e1n, szett rendel\u00e9se eset\u00e9n) Tekintve, hogy ritk\u00e1n kapok k\u00e9t ugyanolyan sz\u00edn\u0171 b\u0151rt, el\u0151fordulhat sz\u00edn\u00e1rnyalatnyi elt\u00e9r\u00e9s.  Term\u00e9szetesen darabonk\u00e9nt is rendelheted: csukl\u00f3ra bok\u00e1ra nyakra  &nbsp;","og_url":"https:\/\/www.leathergirl.eu\/en\/product\/clamp-set-with-studs\/","og_site_name":"A B\u0151r\u00f6s l\u00e1ny","article_publisher":"https:\/\/www.facebook.com\/aboroslany\/","article_modified_time":"2026-01-03T13:27:07+00:00","og_image":[{"width":1024,"height":680,"url":"https:\/\/www.leathergirl.eu\/wp-content\/uploads\/2016\/09\/k-kekkel-szegett-szett1.jpg","type":"image\/jpeg"}],"schema":{"@context":"https:\/\/schema.org","@graph":[{"@type":"WebPage","@id":"https:\/\/www.leathergirl.eu\/product\/kekkel-szegett-bilincs-szett\/","url":"https:\/\/www.leathergirl.eu\/product\/kekkel-szegett-bilincs-szett\/","name":"PICTURED BILINCS SET - The Furry Girl","isPartOf":{"@id":"https:\/\/www.leathergirl.eu\/#website"},"primaryImageOfPage":{"@id":"https:\/\/www.leathergirl.eu\/product\/kekkel-szegett-bilincs-szett\/#primaryimage"},"image":{"@id":"https:\/\/www.leathergirl.eu\/product\/kekkel-szegett-bilincs-szett\/#primaryimage"},"thumbnailUrl":"https:\/\/www.leathergirl.eu\/wp-content\/uploads\/2016\/09\/k-kekkel-szegett-szett1.jpg","datePublished":"2016-09-04T18:37:14+00:00","dateModified":"2026-01-03T13:27:07+00:00","breadcrumb":{"@id":"https:\/\/www.leathergirl.eu\/product\/kekkel-szegett-bilincs-szett\/#breadcrumb"},"inLanguage":"en-GB","potentialAction":[{"@type":"ReadAction","target":["https:\/\/www.leathergirl.eu\/product\/kekkel-szegett-bilincs-szett\/"]}]},{"@type":"ImageObject","inLanguage":"en-GB","@id":"https:\/\/www.leathergirl.eu\/product\/kekkel-szegett-bilincs-szett\/#primaryimage","url":"https:\/\/www.leathergirl.eu\/wp-content\/uploads\/2016\/09\/k-kekkel-szegett-szett1.jpg","contentUrl":"https:\/\/www.leathergirl.eu\/wp-content\/uploads\/2016\/09\/k-kekkel-szegett-szett1.jpg","width":1024,"height":680},{"@type":"BreadcrumbList","@id":"https:\/\/www.leathergirl.eu\/product\/kekkel-szegett-bilincs-szett\/#breadcrumb","itemListElement":[{"@type":"ListItem","position":1,"name":"Home","item":"https:\/\/www.leathergirl.eu\/"},{"@type":"ListItem","position":2,"name":"Shop","item":"https:\/\/www.leathergirl.eu\/en\/uzlet\/"},{"@type":"ListItem","position":3,"name":"K\u00c9KKEL SZEGETT BILINCS K\u00c9SZLET"}]},{"@type":"WebSite","@id":"https:\/\/www.leathergirl.eu\/#website","url":"https:\/\/www.leathergirl.eu\/","name":"The Leather Girl","description":"... LeatherGirl ...","publisher":{"@id":"https:\/\/www.leathergirl.eu\/#organization"},"potentialAction":[{"@type":"SearchAction","target":{"@type":"EntryPoint","urlTemplate":"https:\/\/www.leathergirl.eu\/?s={search_term_string}"},"query-input":{"@type":"PropertyValueSpecification","valueRequired":true,"valueName":"search_term_string"}}],"inLanguage":"en-GB"},{"@type":"Organization","@id":"https:\/\/www.leathergirl.eu\/#organization","name":"The Leather Girl","url":"https:\/\/www.leathergirl.eu\/","logo":{"@type":"ImageObject","inLanguage":"en-GB","@id":"https:\/\/www.leathergirl.eu\/#\/schema\/logo\/image\/","url":"https:\/\/www.leathergirl.eu\/wp-content\/uploads\/2024\/05\/leathergirl-logo.png","contentUrl":"https:\/\/www.leathergirl.eu\/wp-content\/uploads\/2024\/05\/leathergirl-logo.png","width":280,"height":80,"caption":"A B\u0151r\u00f6s l\u00e1ny"},"image":{"@id":"https:\/\/www.leathergirl.eu\/#\/schema\/logo\/image\/"},"sameAs":["https:\/\/www.facebook.com\/aboroslany\/","https:\/\/www.instagram.com\/theleathergirl\/"],"email":"aboroslany@gmail.com","legalName":"Nepp T\u00edmea e.v.","numberOfEmployees":{"@type":"QuantitativeValue","minValue":"1","maxValue":"10"}}]},"product_price_amount":"172.90","product_price_currency":"EUR","og_availability":"instock","product_availability":"instock","product_condition":"new"},"_links":{"self":[{"href":"https:\/\/www.leathergirl.eu\/en\/wp-json\/wp\/v2\/product\/20945","targetHints":{"allow":["GET"]}}],"collection":[{"href":"https:\/\/www.leathergirl.eu\/en\/wp-json\/wp\/v2\/product"}],"about":[{"href":"https:\/\/www.leathergirl.eu\/en\/wp-json\/wp\/v2\/types\/product"}],"wp:featuredmedia":[{"embeddable":true,"href":"https:\/\/www.leathergirl.eu\/en\/wp-json\/wp\/v2\/media\/23756"}],"wp:attachment":[{"href":"https:\/\/www.leathergirl.eu\/en\/wp-json\/wp\/v2\/media?parent=20945"}],"wp:term":[{"taxonomy":"product_brand","embeddable":true,"href":"https:\/\/www.leathergirl.eu\/en\/wp-json\/wp\/v2\/product_brand?post=20945"},{"taxonomy":"product_cat","embeddable":true,"href":"https:\/\/www.leathergirl.eu\/en\/wp-json\/wp\/v2\/product_cat?post=20945"},{"taxonomy":"product_tag","embeddable":true,"href":"https:\/\/www.leathergirl.eu\/en\/wp-json\/wp\/v2\/product_tag?post=20945"}],"curies":[{"name":"wp","href":"https:\/\/api.w.org\/{rel}","templated":true}]}}