{"id":20928,"date":"2016-07-08T20:21:29","date_gmt":"2016-07-08T20:21:29","guid":{"rendered":"http:\/\/www.leathergirl.eu\/?post_type=product&#038;p=20928"},"modified":"2026-01-04T16:43:56","modified_gmt":"2026-01-04T15:43:56","slug":"labmerevito","status":"publish","type":"product","link":"https:\/\/www.leathergirl.eu\/en\/product\/labmerevito\/","title":{"rendered":"Leg brace with foot sections"},"content":{"rendered":"<p class=\" translation-block\">Made of thick leather on the outside, lined with soft leather and thick sponge on the inside, it can be adjusted to size with a drawstring and straps. The main feature: a total of 4 steel plates, 3 mm thick and 3 cm wide, built into the outside and inside of the foot under the thick leather layer, making it impossible to bend the foot. It's practically like being encased in plaster.<br>\nAll straps are lockable and each has 2 to 2 welded half rings aligned with the outside and inside of the foot.<br>\nI make the foot part from soft leather, sew it to the thick part, and put a half-ring on the end. You can order <a href=\"https:\/\/www.leathergirl.eu\/termek\/labmerevito-2\/\" target=\"_blank\" rel=\"noopener\">HERE<\/a> without the foot section.<\/p>","protected":false},"excerpt":{"rendered":"<p class=\" translation-block\">Made of thick leather on the outside, lined with soft leather and thick sponge on the inside, it can be adjusted to size with a drawstring and straps. The main feature: a total of 4 steel plates, 3 mm thick and 3 cm wide, built into the outside and inside of the foot under the thick leather layer, making it impossible to bend the foot. It's practically like being encased in plaster.<br>\nAll straps are lockable and each has 2 to 2 welded half rings aligned with the outside and inside of the foot.<br>\nI make the foot part from soft leather, sew it to the thick part, and put a half-ring on the end.\nEvery strap can be locked and each has 2 welded D rings fitted to the inner and outside of the leg.\nThe feet are made of soft leather that is attached to the thick part of the instrument and\u00a0 each have a d-ring at the end.<\/p>\n<p>The price includes a pair.<\/p>","protected":false},"featured_media":20929,"template":"","meta":{"_et_pb_use_builder":"","_et_pb_old_content":"","_et_gb_content_width":""},"product_brand":[],"product_cat":[29],"product_tag":[],"class_list":{"0":"post-20928","1":"product","2":"type-product","3":"status-publish","4":"has-post-thumbnail","6":"product_cat-restraints","8":"first","9":"instock","10":"purchasable","11":"product-type-simple"},"yoast_head":"<!-- This site is optimized with the Yoast SEO Premium plugin v26.2 (Yoast SEO v26.3) - https:\/\/yoast.com\/wordpress\/plugins\/seo\/ -->\n<title>L\u00e1bmerev\u00edt\u0151 l\u00e1bfej r\u00e9sszel - A B\u0151r\u00f6s l\u00e1ny<\/title>\n<meta name=\"robots\" content=\"index, follow, max-snippet:-1, max-image-preview:large, max-video-preview:-1\" \/>\n<link rel=\"canonical\" href=\"https:\/\/www.leathergirl.eu\/en\/product\/labmerevito\/\" \/>\n<meta property=\"og:locale\" content=\"en_GB\" \/>\n<meta property=\"og:type\" content=\"article\" \/>\n<meta property=\"og:title\" content=\"L\u00e1bmerev\u00edt\u0151 l\u00e1bfej r\u00e9sszel\" \/>\n<meta property=\"og:description\" content=\"K\u00edv\u00fcl vastag b\u0151r, bel\u00fcl puha b\u0151rrel \u00e9s vastag szivaccsal b\u00e9lelt, zsin\u00f3rral, \u00e9s sz\u00edjakkal m\u00e9retre \u00e1ll\u00edthat\u00f3 eszk\u00f6z. A l\u00e9nyeg: a l\u00e1b k\u00fcls\u0151 \u00e9s bels\u0151 oldal\u00e1ba a vastag b\u0151r r\u00e9teg al\u00e1 \u00e9p\u00edtett, \u00f6sszesen 4 db, 3 mm vastag, 3 cm sz\u00e9les ac\u00e9l lap, ami lehetetlenn\u00e9 teszi a l\u00e1b behajl\u00edt\u00e1s\u00e1t. Gyakorlatilag olyan, mintha gipszbe lenne z\u00e1rva. Minden sz\u00edj lakatolhat\u00f3, \u00e9s mindegyiken van 2-2 db hegesztett f\u00e9lkarika a l\u00e1b k\u00fcls\u0151 \u00e9s bels\u0151 oldal\u00e1hoz igaz\u00edtva. A l\u00e1bfej r\u00e9szt puha b\u0151rb\u0151l k\u00e9sz\u00edtem, hozz\u00e1varrom a vastag r\u00e9szhez, \u00e9s teszek egy-egy f\u00e9lkarik\u00e1t a v\u00e9g\u00e9re.  Az \u00e1r egy p\u00e1rra vonatkozik!\" \/>\n<meta property=\"og:url\" content=\"https:\/\/www.leathergirl.eu\/en\/product\/labmerevito\/\" \/>\n<meta property=\"og:site_name\" content=\"A B\u0151r\u00f6s l\u00e1ny\" \/>\n<meta property=\"article:publisher\" content=\"https:\/\/www.facebook.com\/aboroslany\/\" \/>\n<meta property=\"article:modified_time\" content=\"2026-01-04T15:43:56+00:00\" \/>\n<meta property=\"og:image\" content=\"https:\/\/www.leathergirl.eu\/wp-content\/uploads\/2016\/07\/10636740_832830353494532_3541784404122596535_o.jpg\" \/>\n\t<meta property=\"og:image:width\" content=\"2048\" \/>\n\t<meta property=\"og:image:height\" content=\"1303\" \/>\n\t<meta property=\"og:image:type\" content=\"image\/jpeg\" \/>\n<script type=\"application\/ld+json\" class=\"yoast-schema-graph\">{\"@context\":\"https:\/\/schema.org\",\"@graph\":[{\"@type\":\"WebPage\",\"@id\":\"https:\/\/www.leathergirl.eu\/product\/labmerevito\/\",\"url\":\"https:\/\/www.leathergirl.eu\/product\/labmerevito\/\",\"name\":\"L\u00e1bmerev\u00edt\u0151 l\u00e1bfej r\u00e9sszel - A B\u0151r\u00f6s l\u00e1ny\",\"isPartOf\":{\"@id\":\"https:\/\/www.leathergirl.eu\/#website\"},\"primaryImageOfPage\":{\"@id\":\"https:\/\/www.leathergirl.eu\/product\/labmerevito\/#primaryimage\"},\"image\":{\"@id\":\"https:\/\/www.leathergirl.eu\/product\/labmerevito\/#primaryimage\"},\"thumbnailUrl\":\"https:\/\/www.leathergirl.eu\/wp-content\/uploads\/2016\/07\/10636740_832830353494532_3541784404122596535_o.jpg\",\"datePublished\":\"2016-07-08T20:21:29+00:00\",\"dateModified\":\"2026-01-04T15:43:56+00:00\",\"breadcrumb\":{\"@id\":\"https:\/\/www.leathergirl.eu\/product\/labmerevito\/#breadcrumb\"},\"inLanguage\":\"en-GB\",\"potentialAction\":[{\"@type\":\"ReadAction\",\"target\":[\"https:\/\/www.leathergirl.eu\/product\/labmerevito\/\"]}]},{\"@type\":\"ImageObject\",\"inLanguage\":\"en-GB\",\"@id\":\"https:\/\/www.leathergirl.eu\/product\/labmerevito\/#primaryimage\",\"url\":\"https:\/\/www.leathergirl.eu\/wp-content\/uploads\/2016\/07\/10636740_832830353494532_3541784404122596535_o.jpg\",\"contentUrl\":\"https:\/\/www.leathergirl.eu\/wp-content\/uploads\/2016\/07\/10636740_832830353494532_3541784404122596535_o.jpg\",\"width\":2048,\"height\":1303},{\"@type\":\"BreadcrumbList\",\"@id\":\"https:\/\/www.leathergirl.eu\/product\/labmerevito\/#breadcrumb\",\"itemListElement\":[{\"@type\":\"ListItem\",\"position\":1,\"name\":\"Home\",\"item\":\"https:\/\/www.leathergirl.eu\/\"},{\"@type\":\"ListItem\",\"position\":2,\"name\":\"Shop\",\"item\":\"https:\/\/www.leathergirl.eu\/en\/uzlet\/\"},{\"@type\":\"ListItem\",\"position\":3,\"name\":\"L\u00e1bmerev\u00edt\u0151 l\u00e1bfej r\u00e9sszel\"}]},{\"@type\":\"WebSite\",\"@id\":\"https:\/\/www.leathergirl.eu\/#website\",\"url\":\"https:\/\/www.leathergirl.eu\/\",\"name\":\"A B\u0151r\u00f6s l\u00e1ny\",\"description\":\"... LeatherGirl ...\",\"publisher\":{\"@id\":\"https:\/\/www.leathergirl.eu\/#organization\"},\"potentialAction\":[{\"@type\":\"SearchAction\",\"target\":{\"@type\":\"EntryPoint\",\"urlTemplate\":\"https:\/\/www.leathergirl.eu\/?s={search_term_string}\"},\"query-input\":{\"@type\":\"PropertyValueSpecification\",\"valueRequired\":true,\"valueName\":\"search_term_string\"}}],\"inLanguage\":\"en-GB\"},{\"@type\":\"Organization\",\"@id\":\"https:\/\/www.leathergirl.eu\/#organization\",\"name\":\"A B\u0151r\u00f6s l\u00e1ny\",\"url\":\"https:\/\/www.leathergirl.eu\/\",\"logo\":{\"@type\":\"ImageObject\",\"inLanguage\":\"en-GB\",\"@id\":\"https:\/\/www.leathergirl.eu\/#\/schema\/logo\/image\/\",\"url\":\"https:\/\/www.leathergirl.eu\/wp-content\/uploads\/2024\/05\/leathergirl-logo.png\",\"contentUrl\":\"https:\/\/www.leathergirl.eu\/wp-content\/uploads\/2024\/05\/leathergirl-logo.png\",\"width\":280,\"height\":80,\"caption\":\"A B\u0151r\u00f6s l\u00e1ny\"},\"image\":{\"@id\":\"https:\/\/www.leathergirl.eu\/#\/schema\/logo\/image\/\"},\"sameAs\":[\"https:\/\/www.facebook.com\/aboroslany\/\",\"https:\/\/www.instagram.com\/theleathergirl\/\"],\"email\":\"aboroslany@gmail.com\",\"legalName\":\"Nepp T\u00edmea e.v.\",\"numberOfEmployees\":{\"@type\":\"QuantitativeValue\",\"minValue\":\"1\",\"maxValue\":\"10\"}}]}<\/script>\n<meta property=\"product:price:amount\" content=\"637.50\" \/>\n<meta property=\"product:price:currency\" content=\"EUR\" \/>\n<meta property=\"og:availability\" content=\"instock\" \/>\n<meta property=\"product:availability\" content=\"instock\" \/>\n<meta property=\"product:condition\" content=\"new\" \/>\n<!-- \/ Yoast SEO Premium plugin. -->","yoast_head_json":{"title":"Leg braces with foot slit - The Furry Girl","robots":{"index":"index","follow":"follow","max-snippet":"max-snippet:-1","max-image-preview":"max-image-preview:large","max-video-preview":"max-video-preview:-1"},"canonical":"https:\/\/www.leathergirl.eu\/en\/product\/labmerevito\/","og_locale":"en_GB","og_type":"article","og_title":"L\u00e1bmerev\u00edt\u0151 l\u00e1bfej r\u00e9sszel","og_description":"K\u00edv\u00fcl vastag b\u0151r, bel\u00fcl puha b\u0151rrel \u00e9s vastag szivaccsal b\u00e9lelt, zsin\u00f3rral, \u00e9s sz\u00edjakkal m\u00e9retre \u00e1ll\u00edthat\u00f3 eszk\u00f6z. A l\u00e9nyeg: a l\u00e1b k\u00fcls\u0151 \u00e9s bels\u0151 oldal\u00e1ba a vastag b\u0151r r\u00e9teg al\u00e1 \u00e9p\u00edtett, \u00f6sszesen 4 db, 3 mm vastag, 3 cm sz\u00e9les ac\u00e9l lap, ami lehetetlenn\u00e9 teszi a l\u00e1b behajl\u00edt\u00e1s\u00e1t. Gyakorlatilag olyan, mintha gipszbe lenne z\u00e1rva. Minden sz\u00edj lakatolhat\u00f3, \u00e9s mindegyiken van 2-2 db hegesztett f\u00e9lkarika a l\u00e1b k\u00fcls\u0151 \u00e9s bels\u0151 oldal\u00e1hoz igaz\u00edtva. A l\u00e1bfej r\u00e9szt puha b\u0151rb\u0151l k\u00e9sz\u00edtem, hozz\u00e1varrom a vastag r\u00e9szhez, \u00e9s teszek egy-egy f\u00e9lkarik\u00e1t a v\u00e9g\u00e9re.  Az \u00e1r egy p\u00e1rra vonatkozik!","og_url":"https:\/\/www.leathergirl.eu\/en\/product\/labmerevito\/","og_site_name":"A B\u0151r\u00f6s l\u00e1ny","article_publisher":"https:\/\/www.facebook.com\/aboroslany\/","article_modified_time":"2026-01-04T15:43:56+00:00","og_image":[{"width":2048,"height":1303,"url":"https:\/\/www.leathergirl.eu\/wp-content\/uploads\/2016\/07\/10636740_832830353494532_3541784404122596535_o.jpg","type":"image\/jpeg"}],"schema":{"@context":"https:\/\/schema.org","@graph":[{"@type":"WebPage","@id":"https:\/\/www.leathergirl.eu\/product\/labmerevito\/","url":"https:\/\/www.leathergirl.eu\/product\/labmerevito\/","name":"Leg braces with foot slit - The Furry Girl","isPartOf":{"@id":"https:\/\/www.leathergirl.eu\/#website"},"primaryImageOfPage":{"@id":"https:\/\/www.leathergirl.eu\/product\/labmerevito\/#primaryimage"},"image":{"@id":"https:\/\/www.leathergirl.eu\/product\/labmerevito\/#primaryimage"},"thumbnailUrl":"https:\/\/www.leathergirl.eu\/wp-content\/uploads\/2016\/07\/10636740_832830353494532_3541784404122596535_o.jpg","datePublished":"2016-07-08T20:21:29+00:00","dateModified":"2026-01-04T15:43:56+00:00","breadcrumb":{"@id":"https:\/\/www.leathergirl.eu\/product\/labmerevito\/#breadcrumb"},"inLanguage":"en-GB","potentialAction":[{"@type":"ReadAction","target":["https:\/\/www.leathergirl.eu\/product\/labmerevito\/"]}]},{"@type":"ImageObject","inLanguage":"en-GB","@id":"https:\/\/www.leathergirl.eu\/product\/labmerevito\/#primaryimage","url":"https:\/\/www.leathergirl.eu\/wp-content\/uploads\/2016\/07\/10636740_832830353494532_3541784404122596535_o.jpg","contentUrl":"https:\/\/www.leathergirl.eu\/wp-content\/uploads\/2016\/07\/10636740_832830353494532_3541784404122596535_o.jpg","width":2048,"height":1303},{"@type":"BreadcrumbList","@id":"https:\/\/www.leathergirl.eu\/product\/labmerevito\/#breadcrumb","itemListElement":[{"@type":"ListItem","position":1,"name":"Home","item":"https:\/\/www.leathergirl.eu\/"},{"@type":"ListItem","position":2,"name":"Shop","item":"https:\/\/www.leathergirl.eu\/en\/uzlet\/"},{"@type":"ListItem","position":3,"name":"L\u00e1bmerev\u00edt\u0151 l\u00e1bfej r\u00e9sszel"}]},{"@type":"WebSite","@id":"https:\/\/www.leathergirl.eu\/#website","url":"https:\/\/www.leathergirl.eu\/","name":"The Leather Girl","description":"... LeatherGirl ...","publisher":{"@id":"https:\/\/www.leathergirl.eu\/#organization"},"potentialAction":[{"@type":"SearchAction","target":{"@type":"EntryPoint","urlTemplate":"https:\/\/www.leathergirl.eu\/?s={search_term_string}"},"query-input":{"@type":"PropertyValueSpecification","valueRequired":true,"valueName":"search_term_string"}}],"inLanguage":"en-GB"},{"@type":"Organization","@id":"https:\/\/www.leathergirl.eu\/#organization","name":"The Leather Girl","url":"https:\/\/www.leathergirl.eu\/","logo":{"@type":"ImageObject","inLanguage":"en-GB","@id":"https:\/\/www.leathergirl.eu\/#\/schema\/logo\/image\/","url":"https:\/\/www.leathergirl.eu\/wp-content\/uploads\/2024\/05\/leathergirl-logo.png","contentUrl":"https:\/\/www.leathergirl.eu\/wp-content\/uploads\/2024\/05\/leathergirl-logo.png","width":280,"height":80,"caption":"A B\u0151r\u00f6s l\u00e1ny"},"image":{"@id":"https:\/\/www.leathergirl.eu\/#\/schema\/logo\/image\/"},"sameAs":["https:\/\/www.facebook.com\/aboroslany\/","https:\/\/www.instagram.com\/theleathergirl\/"],"email":"aboroslany@gmail.com","legalName":"Nepp T\u00edmea e.v.","numberOfEmployees":{"@type":"QuantitativeValue","minValue":"1","maxValue":"10"}}]},"product_price_amount":"637.50","product_price_currency":"EUR","og_availability":"instock","product_availability":"instock","product_condition":"new"},"_links":{"self":[{"href":"https:\/\/www.leathergirl.eu\/en\/wp-json\/wp\/v2\/product\/20928","targetHints":{"allow":["GET"]}}],"collection":[{"href":"https:\/\/www.leathergirl.eu\/en\/wp-json\/wp\/v2\/product"}],"about":[{"href":"https:\/\/www.leathergirl.eu\/en\/wp-json\/wp\/v2\/types\/product"}],"wp:featuredmedia":[{"embeddable":true,"href":"https:\/\/www.leathergirl.eu\/en\/wp-json\/wp\/v2\/media\/20929"}],"wp:attachment":[{"href":"https:\/\/www.leathergirl.eu\/en\/wp-json\/wp\/v2\/media?parent=20928"}],"wp:term":[{"taxonomy":"product_brand","embeddable":true,"href":"https:\/\/www.leathergirl.eu\/en\/wp-json\/wp\/v2\/product_brand?post=20928"},{"taxonomy":"product_cat","embeddable":true,"href":"https:\/\/www.leathergirl.eu\/en\/wp-json\/wp\/v2\/product_cat?post=20928"},{"taxonomy":"product_tag","embeddable":true,"href":"https:\/\/www.leathergirl.eu\/en\/wp-json\/wp\/v2\/product_tag?post=20928"}],"curies":[{"name":"wp","href":"https:\/\/api.w.org\/{rel}","templated":true}]}}