{"id":5063,"date":"2014-05-15T07:24:19","date_gmt":"2014-05-15T07:24:19","guid":{"rendered":"http:\/\/8theme.com\/dev\/royal\/?page_id=5063"},"modified":"2024-07-10T05:39:12","modified_gmt":"2024-07-10T03:39:12","slug":"contact","status":"publish","type":"page","link":"https:\/\/www.leathergirl.eu\/en\/contact\/","title":{"rendered":"Contact"},"content":{"rendered":"<p>[et_pb_section fb_built=\"1\u2033 _builder_version=\"4.25.2\u2033 _module_preset=\"default\" custom_padding=\"50px||50px||true|false\" global_colors_info=\"{}\" background_color=\"#0c2f30\u2033 background_image=\"https:\/\/www.leathergirl.eu\/wp-content\/uploads\/2024\/05\/basic_black_leather.jpg\" background_size=\"initial\" background_repeat=\"repeat\" hover_enabled=\"0\u2033 sticky_enabled=\"0\u2033][et_pb_row _builder_version=\"4.16\u2033 _module_preset=\"default\" custom_padding=\"40px||||false|false\" global_colors_info=\"{}\"][et_pb_column type=\"4_4\u2033 _builder_version=\"4.16\u2033 _module_preset=\"default\" global_colors_info=\"{}\"][et_pb_post_title meta=\"off\" featured_image=\"off\" _builder_version=\"4.25.2\u2033 _module_preset=\"default\" title_text_align=\"center\" title_text_color=\"#FFFFFF\" hover_enabled=\"0\u2033 global_colors_info=\"{}\" sticky_enabled=\"0\u2033 title_font=\"|600|||||||\" title_font_size=\"36px\"][\/et_pb_post_title][\/et_pb_column][\/et_pb_row][\/et_pb_section][et_pb_section fb_built=\"1\u2033 _builder_version=\"4.16\u2033 background_color=\"#f6f9fc\" global_colors_info=\"{}\"][et_pb_row column_structure=\"1_2,1_2\u2033 _builder_version=\"4.16\u2033 background_color=\"#FFFFFF\" background_size=\"initial\" background_position=\"top_left\" background_repeat=\"repeat\" custom_padding=\"25px|25px|25px|25px|true|true\" box_shadow_style=\"preset1\u2033 box_shadow_vertical=\"0px\" box_shadow_blur=\"15px\" box_shadow_color=\"rgba(127,127,127,0.12)\" global_colors_info=\"{}\"][et_pb_column type=\"1_2\u2033 _builder_version=\"4.16\u2033 custom_padding=\"|||\" global_colors_info=\"{}\" custom_padding__hover=\"|||\"][et_pb_contact_form email=\"aboroslany@gmail.com\" title=\"Send message\" _builder_version=\"4.25.2\u2033 _module_preset=\"default\" _unique_id=\"f4aeb575-3eba-4901-906d-e74e51e43a38\u2033 global_colors_info=\"{}\"][et_pb_contact_field field_id=\"Name\" field_title=\"Name\" _builder_version=\"4.16\u2033 global_colors_info=\"{}\" button_text_size__hover_enabled=\"off\" button_one_text_size__hover_enabled=\"off\" button_two_text_size__hover_enabled=\"off\" button_text_color__hover_enabled=\"off\" button_one_text_color__hover_enabled=\"off\" button_two_text_color__hover_enabled=\"off\" button_border_width__hover_enabled=\"off\" button_one_border_width__hover_enabled=\"off\" button_two_border_width__hover_enabled=\"off\" button_border_color__hover_enabled=\"off\" button_one_border_color__hover_enabled=\"off\" button_two_border_color__hover_enabled=\"off\" button_border_radius__hover_enabled=\"off\" button_one_border_radius__hover_enabled=\"off\" button_two_border_radius__hover_enabled=\"off\" button_letter_spacing__hover_enabled=\"off\" button_one_letter_spacing__hover_enabled=\"off\" button_two_letter_spacing__hover_enabled=\"off\" button_bg_color__hover_enabled=\"off\" button_one_bg_color__hover_enabled=\"off\" button_two_bg_color__hover_enabled=\"off\"][\/et_pb_contact_field][et_pb_contact_field field_id=\"Email\" field_title=\"Email Title\" field_type=\"email\" _builder_version=\"4.16\u2033 global_colors_info=\"{}\" button_text_size__hover_enabled=\"off\" button_one_text_size__hover_enabled=\"off\" button_two_text_size__hover_enabled=\"off\" button_text_color__hover_enabled=\"off\" button_one_text_color__hover_enabled=\"off\" button_two_text_color__hover_enabled=\"off\" button_border_width__hover_enabled=\"off\" button_one_border_width__hover_enabled=\"off\" button_two_border_width__hover_enabled=\"off\" button_border_color__hover_enabled=\"off\" button_one_border_color__hover_enabled=\"off\" button_two_border_color__hover_enabled=\"off\" button_border_radius__hover_enabled=\"off\" button_one_border_radius__hover_enabled=\"off\" button_two_border_radius__hover_enabled=\"off\" button_letter_spacing__hover_enabled=\"off\" button_one_letter_spacing__hover_enabled=\"off\" button_two_letter_spacing__hover_enabled=\"off\" button_bg_color__hover_enabled=\"off\" button_one_bg_color__hover_enabled=\"off\" button_two_bg_color__hover_enabled=\"off\"][\/et_pb_contact_field][et_pb_contact_field field_id=\"Message\" field_title=\"Message\" field_type=\"text\" fullwidth_field=\"on\" _builder_version=\"4.16\u2033 global_colors_info=\"{}\" button_text_size__hover_enabled=\"off\" button_one_text_size__hover_enabled=\"off\" button_two_text_size__hover_enabled=\"off\" button_text_color__hover_enabled=\"off\" button_one_text_color__hover_enabled=\"off\" button_two_text_color__hover_enabled=\"off\" button_border_width__hover_enabled=\"off\" button_one_border_width__hover_enabled=\"off\" button_two_border_width__hover_enabled=\"off\" button_border_color__hover_enabled=\"off\" button_one_border_color__hover_enabled=\"off\" button_two_border_color__hover_enabled=\"off\" button_border_radius__hover_enabled=\"off\" button_one_border_radius__hover_enabled=\"off\" button_two_border_radius__hover_enabled=\"off\" button_letter_spacing__hover_enabled=\"off\" button_one_letter_spacing__hover_enabled=\"off\" button_two_letter_spacing__hover_enabled=\"off\" button_bg_color__hover_enabled=\"off\" button_one_bg_color__hover_enabled=\"off\" button_two_bg_color__hover_enabled=\"off\"][\/et_pb_contact_field][\/et_pb_contact_form][\/et_pb_column][et_pb_column type=\"1_2\u2033 _builder_version=\"4.16\u2033 custom_padding=\"|||\" global_colors_info=\"{}\" custom_padding__hover=\"|||\"][et_pb_text _builder_version=\"4.25.1\u2033 _module_preset=\"default\" header_4_line_height=\"1.4em\" global_colors_info=\"{}\"]<\/p>\n<h4>Have a question? Want to order but don't know how? Would you like to find me with a custom order? Send us a message!<\/h4>\n<p>&nbsp;<\/p>\n<p>Email address: <a href=\"mailto:aboroslany@gmail.com\">aboroslany@gmail.com<\/a><\/p>\n<p>Facebook: <a href=\"https:\/\/www.facebook.com\/aboroslany\/\">https:\/\/www.facebook.com\/aboroslany\/<\/a><\/p>\n<p>In some cases it happens that my answer go to the \u201cspam\u201d instead of the received message, especially if I send you a picture or a link. So if you haven\u2019t received an answer from me in a week, please check your spam, and\/or write me a new message! May be you can prevent this case if you put my address into your address book.<\/p>\n<p>[\/et_pb_text][\/et_pb_column][\/et_pb_row][\/et_pb_section]<\/p>","protected":false},"excerpt":{"rendered":"<p>Have a question? Want to order but don't know how? Would you like to find me with a custom order? Send us a message!   Address: aboroslany@gmail.com Facebook: https:\/\/www.facebook.com\/aboroslany\/ Lately, I have been receiving emails with links and pictures that end up in the spam folder of the recipient. So if you don't receive anything from me within a week, please check your spam. If you don't find it there, write again. Your understanding [...]<\/p>","protected":false},"author":1,"featured_media":0,"parent":0,"menu_order":0,"comment_status":"open","ping_status":"open","template":"","meta":{"_et_pb_use_builder":"on","_et_pb_old_content":"<h1 style=\"border-bottom: 1px solid #ddd; border-top: 1px solid #ddd; margin: 0px 0px 30px 0px !important; text-align: center; font-size: 16px; padding: 20px 0 !important; color: #dd9933; text-transform: uppercase; font-family: 'Roboto'; font-weight: 400; letter-spacing: 2px;\">K\u00fcldj \u00fczenetet<\/h1>\n<div style=\"float: left; margin-right: 20px;\">[contact-form-7 id=\"15521\" title=\"Contact form 1\"]<\/div>\nK\u00e9rd\u00e9sed van? Rendeln\u00e9l, de nem tudod hogyan tedd? Egyedi rendel\u00e9ssel keresn\u00e9l meg? \u00cdrj \u00fczenetet!\n\nC\u00edm: <a href=\"mailto:aboroslany@gmail.com\">aboroslany@gmail.com<\/a>\n\nFacebook:&nbsp;<a href=\"https:\/\/www.facebook.com\/aboroslany\/\">https:\/\/www.facebook.com\/aboroslany\/<\/a>\n\nMostan\u00e1ban t\u00f6bbsz\u00f6r el\u0151fordul, hogy a linkeket, k\u00e9peket is tartalmaz\u00f3 leveleim a c\u00edmzett spam mapp\u00e1j\u00e1ban landolnak. Ez\u00e9rt ha egy h\u00e9ten bel\u00fcl nem kapsz t\u0151lem v\u00e1laszd, n\u00e9zd \u00e1t a spamjeidet. Ha ott sem tal\u00e1lod, akkor \u00edrj \u00fajra. Meg\u00e9rt\u00e9sedet k\u00f6sz\u00f6n\u00f6m!","_et_gb_content_width":"","footnotes":""},"class_list":["post-5063","page","type-page","status-publish","hentry"],"yoast_head":"<!-- This site is optimized with the Yoast SEO Premium plugin v26.2 (Yoast SEO v26.3) - https:\/\/yoast.com\/wordpress\/plugins\/seo\/ -->\n<title>Kapcsolat - A B\u0151r\u00f6s l\u00e1ny<\/title>\n<meta name=\"description\" content=\"TESTRESZABOTT INTIM J\u00c1T\u00c9KOK MIN\u0150S\u00c9GI B\u0150RB\u0150L, A K\u00c9SZ\u00cdT\u0150T\u0150L\" \/>\n<meta name=\"robots\" content=\"index, follow, max-snippet:-1, max-image-preview:large, max-video-preview:-1\" \/>\n<link rel=\"canonical\" href=\"https:\/\/www.leathergirl.eu\/en\/contact\/\" \/>\n<meta property=\"og:locale\" content=\"en_GB\" \/>\n<meta property=\"og:type\" content=\"article\" \/>\n<meta property=\"og:title\" content=\"Kapcsolat\" \/>\n<meta property=\"og:description\" content=\"TESTRESZABOTT INTIM J\u00c1T\u00c9KOK MIN\u0150S\u00c9GI B\u0150RB\u0150L, A K\u00c9SZ\u00cdT\u0150T\u0150L\" \/>\n<meta property=\"og:url\" content=\"https:\/\/www.leathergirl.eu\/en\/contact\/\" \/>\n<meta property=\"og:site_name\" content=\"A B\u0151r\u00f6s l\u00e1ny\" \/>\n<meta property=\"article:publisher\" content=\"https:\/\/www.facebook.com\/aboroslany\/\" \/>\n<meta property=\"article:modified_time\" content=\"2024-07-10T03:39:12+00:00\" \/>\n<meta property=\"og:image\" content=\"https:\/\/www.leathergirl.eu\/wp-content\/uploads\/2024\/05\/leathergirl-logo.png\" \/>\n\t<meta property=\"og:image:width\" content=\"280\" \/>\n\t<meta property=\"og:image:height\" content=\"80\" \/>\n\t<meta property=\"og:image:type\" content=\"image\/png\" \/>\n<script type=\"application\/ld+json\" class=\"yoast-schema-graph\">{\"@context\":\"https:\/\/schema.org\",\"@graph\":[{\"@type\":\"WebPage\",\"@id\":\"https:\/\/www.leathergirl.eu\/kapcsolat\/\",\"url\":\"https:\/\/www.leathergirl.eu\/kapcsolat\/\",\"name\":\"Kapcsolat - A B\u0151r\u00f6s l\u00e1ny\",\"isPartOf\":{\"@id\":\"https:\/\/www.leathergirl.eu\/#website\"},\"datePublished\":\"2014-05-15T07:24:19+00:00\",\"dateModified\":\"2024-07-10T03:39:12+00:00\",\"description\":\"TESTRESZABOTT INTIM J\u00c1T\u00c9KOK MIN\u0150S\u00c9GI B\u0150RB\u0150L, A K\u00c9SZ\u00cdT\u0150T\u0150L\",\"breadcrumb\":{\"@id\":\"https:\/\/www.leathergirl.eu\/kapcsolat\/#breadcrumb\"},\"inLanguage\":\"en-GB\",\"potentialAction\":[{\"@type\":\"ReadAction\",\"target\":[\"https:\/\/www.leathergirl.eu\/kapcsolat\/\"]}]},{\"@type\":\"BreadcrumbList\",\"@id\":\"https:\/\/www.leathergirl.eu\/kapcsolat\/#breadcrumb\",\"itemListElement\":[{\"@type\":\"ListItem\",\"position\":1,\"name\":\"Home\",\"item\":\"https:\/\/www.leathergirl.eu\/\"},{\"@type\":\"ListItem\",\"position\":2,\"name\":\"Kapcsolat\"}]},{\"@type\":\"WebSite\",\"@id\":\"https:\/\/www.leathergirl.eu\/#website\",\"url\":\"https:\/\/www.leathergirl.eu\/\",\"name\":\"A B\u0151r\u00f6s l\u00e1ny\",\"description\":\"... LeatherGirl ...\",\"publisher\":{\"@id\":\"https:\/\/www.leathergirl.eu\/#organization\"},\"potentialAction\":[{\"@type\":\"SearchAction\",\"target\":{\"@type\":\"EntryPoint\",\"urlTemplate\":\"https:\/\/www.leathergirl.eu\/?s={search_term_string}\"},\"query-input\":{\"@type\":\"PropertyValueSpecification\",\"valueRequired\":true,\"valueName\":\"search_term_string\"}}],\"inLanguage\":\"en-GB\"},{\"@type\":\"Organization\",\"@id\":\"https:\/\/www.leathergirl.eu\/#organization\",\"name\":\"A B\u0151r\u00f6s l\u00e1ny\",\"url\":\"https:\/\/www.leathergirl.eu\/\",\"logo\":{\"@type\":\"ImageObject\",\"inLanguage\":\"en-GB\",\"@id\":\"https:\/\/www.leathergirl.eu\/#\/schema\/logo\/image\/\",\"url\":\"https:\/\/www.leathergirl.eu\/wp-content\/uploads\/2024\/05\/leathergirl-logo.png\",\"contentUrl\":\"https:\/\/www.leathergirl.eu\/wp-content\/uploads\/2024\/05\/leathergirl-logo.png\",\"width\":280,\"height\":80,\"caption\":\"A B\u0151r\u00f6s l\u00e1ny\"},\"image\":{\"@id\":\"https:\/\/www.leathergirl.eu\/#\/schema\/logo\/image\/\"},\"sameAs\":[\"https:\/\/www.facebook.com\/aboroslany\/\",\"https:\/\/www.instagram.com\/theleathergirl\/\"],\"email\":\"aboroslany@gmail.com\",\"legalName\":\"Nepp T\u00edmea e.v.\",\"numberOfEmployees\":{\"@type\":\"QuantitativeValue\",\"minValue\":\"1\",\"maxValue\":\"10\"}}]}<\/script>\n<!-- \/ Yoast SEO Premium plugin. -->","yoast_head_json":{"title":"Contact - The Furry Girl","description":"CUSTOMIZED INTIMATE TOYS MADE OF QUALITY LEATHER FROM THE MANUFACTURER","robots":{"index":"index","follow":"follow","max-snippet":"max-snippet:-1","max-image-preview":"max-image-preview:large","max-video-preview":"max-video-preview:-1"},"canonical":"https:\/\/www.leathergirl.eu\/en\/contact\/","og_locale":"en_GB","og_type":"article","og_title":"Kapcsolat","og_description":"TESTRESZABOTT INTIM J\u00c1T\u00c9KOK MIN\u0150S\u00c9GI B\u0150RB\u0150L, A K\u00c9SZ\u00cdT\u0150T\u0150L","og_url":"https:\/\/www.leathergirl.eu\/en\/contact\/","og_site_name":"A B\u0151r\u00f6s l\u00e1ny","article_publisher":"https:\/\/www.facebook.com\/aboroslany\/","article_modified_time":"2024-07-10T03:39:12+00:00","og_image":[{"width":280,"height":80,"url":"https:\/\/www.leathergirl.eu\/wp-content\/uploads\/2024\/05\/leathergirl-logo.png","type":"image\/png"}],"schema":{"@context":"https:\/\/schema.org","@graph":[{"@type":"WebPage","@id":"https:\/\/www.leathergirl.eu\/kapcsolat\/","url":"https:\/\/www.leathergirl.eu\/kapcsolat\/","name":"Contact - The Furry Girl","isPartOf":{"@id":"https:\/\/www.leathergirl.eu\/#website"},"datePublished":"2014-05-15T07:24:19+00:00","dateModified":"2024-07-10T03:39:12+00:00","description":"CUSTOMIZED INTIMATE TOYS MADE OF QUALITY LEATHER FROM THE MANUFACTURER","breadcrumb":{"@id":"https:\/\/www.leathergirl.eu\/kapcsolat\/#breadcrumb"},"inLanguage":"en-GB","potentialAction":[{"@type":"ReadAction","target":["https:\/\/www.leathergirl.eu\/kapcsolat\/"]}]},{"@type":"BreadcrumbList","@id":"https:\/\/www.leathergirl.eu\/kapcsolat\/#breadcrumb","itemListElement":[{"@type":"ListItem","position":1,"name":"Home","item":"https:\/\/www.leathergirl.eu\/"},{"@type":"ListItem","position":2,"name":"Kapcsolat"}]},{"@type":"WebSite","@id":"https:\/\/www.leathergirl.eu\/#website","url":"https:\/\/www.leathergirl.eu\/","name":"The Leather Girl","description":"... LeatherGirl ...","publisher":{"@id":"https:\/\/www.leathergirl.eu\/#organization"},"potentialAction":[{"@type":"SearchAction","target":{"@type":"EntryPoint","urlTemplate":"https:\/\/www.leathergirl.eu\/?s={search_term_string}"},"query-input":{"@type":"PropertyValueSpecification","valueRequired":true,"valueName":"search_term_string"}}],"inLanguage":"en-GB"},{"@type":"Organization","@id":"https:\/\/www.leathergirl.eu\/#organization","name":"The Leather Girl","url":"https:\/\/www.leathergirl.eu\/","logo":{"@type":"ImageObject","inLanguage":"en-GB","@id":"https:\/\/www.leathergirl.eu\/#\/schema\/logo\/image\/","url":"https:\/\/www.leathergirl.eu\/wp-content\/uploads\/2024\/05\/leathergirl-logo.png","contentUrl":"https:\/\/www.leathergirl.eu\/wp-content\/uploads\/2024\/05\/leathergirl-logo.png","width":280,"height":80,"caption":"A B\u0151r\u00f6s l\u00e1ny"},"image":{"@id":"https:\/\/www.leathergirl.eu\/#\/schema\/logo\/image\/"},"sameAs":["https:\/\/www.facebook.com\/aboroslany\/","https:\/\/www.instagram.com\/theleathergirl\/"],"email":"aboroslany@gmail.com","legalName":"Nepp T\u00edmea e.v.","numberOfEmployees":{"@type":"QuantitativeValue","minValue":"1","maxValue":"10"}}]}},"_links":{"self":[{"href":"https:\/\/www.leathergirl.eu\/en\/wp-json\/wp\/v2\/pages\/5063","targetHints":{"allow":["GET"]}}],"collection":[{"href":"https:\/\/www.leathergirl.eu\/en\/wp-json\/wp\/v2\/pages"}],"about":[{"href":"https:\/\/www.leathergirl.eu\/en\/wp-json\/wp\/v2\/types\/page"}],"author":[{"embeddable":true,"href":"https:\/\/www.leathergirl.eu\/en\/wp-json\/wp\/v2\/users\/1"}],"replies":[{"embeddable":true,"href":"https:\/\/www.leathergirl.eu\/en\/wp-json\/wp\/v2\/comments?post=5063"}],"version-history":[{"count":0,"href":"https:\/\/www.leathergirl.eu\/en\/wp-json\/wp\/v2\/pages\/5063\/revisions"}],"wp:attachment":[{"href":"https:\/\/www.leathergirl.eu\/en\/wp-json\/wp\/v2\/media?parent=5063"}],"curies":[{"name":"wp","href":"https:\/\/api.w.org\/{rel}","templated":true}]}}