{"id":33904,"date":"2024-05-22T09:40:43","date_gmt":"2024-05-22T07:40:43","guid":{"rendered":"https:\/\/www.leathergirl.eu\/?page_id=33904"},"modified":"2024-05-22T09:40:56","modified_gmt":"2024-05-22T07:40:56","slug":"favourites-2","status":"publish","type":"page","link":"https:\/\/www.leathergirl.eu\/en\/favourites-2\/","title":{"rendered":"Favourites"},"content":{"rendered":"<p>[et_pb_section fb_built=\"1\u2033 _builder_version=\"4.25.1\u2033 _module_preset=\"default\" background_color=\"#0c2f30\u2033 custom_padding=\"50px||50px||true|false\" hover_enabled=\"0\u2033 global_colors_info=\"{}\" theme_builder_area=\"post_content\" title_text=\"basic_black_leather\" background_image=\"https:\/\/www.leathergirl.eu\/wp-content\/uploads\/2024\/05\/basic_black_leather.jpg\" background_size=\"initial\" background_repeat=\"repeat\" sticky_enabled=\"0\u2033][et_pb_row _builder_version=\"4.16\u2033 _module_preset=\"default\" custom_padding=\"40px||||false|false\" global_colors_info=\"{}\" theme_builder_area=\"post_content\"][et_pb_column type=\"4_4\u2033 _builder_version=\"4.16\u2033 _module_preset=\"default\" global_colors_info=\"{}\" theme_builder_area=\"post_content\"][et_pb_text _builder_version=\"4.25.1\u2033 _module_preset=\"default\" header_font=\"|700|||||||\" header_text_align=\"center\" header_text_color=\"#FFFFFF\" header_font_size=\"36px\" hover_enabled=\"0\u2033 global_colors_info=\"{}\" theme_builder_area=\"post_content\" sticky_enabled=\"0\u2033]<\/p>\n<h1>Favourites<\/h1>\n<p>[\/et_pb_text][\/et_pb_column][\/et_pb_row][\/et_pb_section][et_pb_section fb_built=\"1\u2033 _builder_version=\"4.16\u2033 background_color=\"#f6f9fc\" global_colors_info=\"{}\" theme_builder_area=\"post_content\"][et_pb_row _builder_version=\"4.16\u2033 background_color=\"#FFFFFF\" background_size=\"initial\" background_position=\"top_left\" background_repeat=\"repeat\" custom_padding=\"25px|25px|25px|25px|true|true\" box_shadow_style=\"preset1\u2033 box_shadow_vertical=\"0px\" box_shadow_blur=\"15px\" box_shadow_color=\"rgba(127,127,127,0.12)\" global_colors_info=\"{}\" theme_builder_area=\"post_content\"][et_pb_column type=\"4_4\u2033 _builder_version=\"4.16\u2033 custom_padding=\"|||\" global_colors_info=\"{}\" custom_padding__hover=\"|||\" theme_builder_area=\"post_content\"][et_pb_text module_class=\"custom-wish-list\" _builder_version=\"4.25.1\u2033 text_text_color=\"#000000\u2033 link_text_color=\"#186d03\u2033 header_2_font=\"|700|||||||\" header_2_text_color=\"#000000\u2033 header_2_font_size=\"24px\" background_size=\"initial\" background_position=\"top_left\" background_repeat=\"repeat\" hover_enabled=\"0\u2033 global_colors_info=\"{}\" theme_builder_area=\"post_content\" sticky_enabled=\"0\u2033]<\/p>\n<div class=\"tinv-wishlist woocommerce tinv-wishlist-clear\">\r\n\t<div class=\"tinv-header\">\r\n\t<h2><\/h2>\r\n\t<\/div>\r\n\t\t<p class=\"cart-empty woocommerce-info\">\r\n\t\t\t\t\tYour Wishlist is currently empty.\t\t\t<\/p>\r\n\r\n\t\r\n\t<p class=\"return-to-shop\">\r\n\t\t<a class=\"button wc-backward\"\r\n\t\t   href=\"https:\/\/www.leathergirl.eu\/en\/uzlet\/\">Return To Shop<\/a>\r\n\t<\/p>\r\n<\/div>\r\n\n<p>[\/et_pb_text][\/et_pb_column][\/et_pb_row][\/et_pb_section]<\/p>","protected":false},"excerpt":{"rendered":"<p>Favourites<div class=\"tinv-wishlist woocommerce tinv-wishlist-clear\">\r\n\t<div class=\"tinv-header\">\r\n\t<h2><\/h2>\r\n\t<\/div>\r\n\t\t<p class=\"cart-empty woocommerce-info\">\r\n\t\t\t\t\tYour Wishlist is currently empty.\t\t\t<\/p>\r\n\r\n\t\r\n\t<p class=\"return-to-shop\">\r\n\t\t<a class=\"button wc-backward\"\r\n\t\t   href=\"https:\/\/www.leathergirl.eu\/en\/uzlet\/\">Return To Shop<\/a>\r\n\t<\/p>\r\n<\/div>\r\n<\/p>","protected":false},"author":1,"featured_media":0,"parent":0,"menu_order":0,"comment_status":"closed","ping_status":"closed","template":"","meta":{"_et_pb_use_builder":"on","_et_pb_old_content":"","_et_gb_content_width":"","footnotes":""},"class_list":["post-33904","page","type-page","status-publish","hentry"],"yoast_head":"<!-- This site is optimized with the Yoast SEO Premium plugin v26.2 (Yoast SEO v26.3) - https:\/\/yoast.com\/wordpress\/plugins\/seo\/ -->\n<title>Kedvencek - A B\u0151r\u00f6s l\u00e1ny<\/title>\n<meta name=\"description\" content=\"TESTRESZABOTT INTIM J\u00c1T\u00c9KOK MIN\u0150S\u00c9GI B\u0150RB\u0150L, A K\u00c9SZ\u00cdT\u0150T\u0150L\" \/>\n<meta name=\"robots\" content=\"index, follow, max-snippet:-1, max-image-preview:large, max-video-preview:-1\" \/>\n<link rel=\"canonical\" href=\"https:\/\/www.leathergirl.eu\/en\/favourites-2\/\" \/>\n<meta property=\"og:locale\" content=\"en_GB\" \/>\n<meta property=\"og:type\" content=\"article\" \/>\n<meta property=\"og:title\" content=\"Kedvencek\" \/>\n<meta property=\"og:description\" content=\"TESTRESZABOTT INTIM J\u00c1T\u00c9KOK MIN\u0150S\u00c9GI B\u0150RB\u0150L, A K\u00c9SZ\u00cdT\u0150T\u0150L\" \/>\n<meta property=\"og:url\" content=\"https:\/\/www.leathergirl.eu\/en\/favourites-2\/\" \/>\n<meta property=\"og:site_name\" content=\"A B\u0151r\u00f6s l\u00e1ny\" \/>\n<meta property=\"article:publisher\" content=\"https:\/\/www.facebook.com\/aboroslany\/\" \/>\n<meta property=\"article:modified_time\" content=\"2024-05-22T07:40:56+00:00\" \/>\n<meta property=\"og:image\" content=\"https:\/\/www.leathergirl.eu\/wp-content\/uploads\/2024\/05\/leathergirl-logo.png\" \/>\n\t<meta property=\"og:image:width\" content=\"280\" \/>\n\t<meta property=\"og:image:height\" content=\"80\" \/>\n\t<meta property=\"og:image:type\" content=\"image\/png\" \/>\n<script type=\"application\/ld+json\" class=\"yoast-schema-graph\">{\"@context\":\"https:\/\/schema.org\",\"@graph\":[{\"@type\":\"WebPage\",\"@id\":\"https:\/\/www.leathergirl.eu\/kedvencek-2\/\",\"url\":\"https:\/\/www.leathergirl.eu\/kedvencek-2\/\",\"name\":\"Kedvencek - A B\u0151r\u00f6s l\u00e1ny\",\"isPartOf\":{\"@id\":\"https:\/\/www.leathergirl.eu\/#website\"},\"datePublished\":\"2024-05-22T07:40:43+00:00\",\"dateModified\":\"2024-05-22T07:40:56+00:00\",\"description\":\"TESTRESZABOTT INTIM J\u00c1T\u00c9KOK MIN\u0150S\u00c9GI B\u0150RB\u0150L, A K\u00c9SZ\u00cdT\u0150T\u0150L\",\"breadcrumb\":{\"@id\":\"https:\/\/www.leathergirl.eu\/kedvencek-2\/#breadcrumb\"},\"inLanguage\":\"en-GB\",\"potentialAction\":[{\"@type\":\"ReadAction\",\"target\":[\"https:\/\/www.leathergirl.eu\/kedvencek-2\/\"]}]},{\"@type\":\"BreadcrumbList\",\"@id\":\"https:\/\/www.leathergirl.eu\/kedvencek-2\/#breadcrumb\",\"itemListElement\":[{\"@type\":\"ListItem\",\"position\":1,\"name\":\"Home\",\"item\":\"https:\/\/www.leathergirl.eu\/\"},{\"@type\":\"ListItem\",\"position\":2,\"name\":\"Kedvencek\"}]},{\"@type\":\"WebSite\",\"@id\":\"https:\/\/www.leathergirl.eu\/#website\",\"url\":\"https:\/\/www.leathergirl.eu\/\",\"name\":\"A B\u0151r\u00f6s l\u00e1ny\",\"description\":\"... LeatherGirl ...\",\"publisher\":{\"@id\":\"https:\/\/www.leathergirl.eu\/#organization\"},\"potentialAction\":[{\"@type\":\"SearchAction\",\"target\":{\"@type\":\"EntryPoint\",\"urlTemplate\":\"https:\/\/www.leathergirl.eu\/?s={search_term_string}\"},\"query-input\":{\"@type\":\"PropertyValueSpecification\",\"valueRequired\":true,\"valueName\":\"search_term_string\"}}],\"inLanguage\":\"en-GB\"},{\"@type\":\"Organization\",\"@id\":\"https:\/\/www.leathergirl.eu\/#organization\",\"name\":\"A B\u0151r\u00f6s l\u00e1ny\",\"url\":\"https:\/\/www.leathergirl.eu\/\",\"logo\":{\"@type\":\"ImageObject\",\"inLanguage\":\"en-GB\",\"@id\":\"https:\/\/www.leathergirl.eu\/#\/schema\/logo\/image\/\",\"url\":\"https:\/\/www.leathergirl.eu\/wp-content\/uploads\/2024\/05\/leathergirl-logo.png\",\"contentUrl\":\"https:\/\/www.leathergirl.eu\/wp-content\/uploads\/2024\/05\/leathergirl-logo.png\",\"width\":280,\"height\":80,\"caption\":\"A B\u0151r\u00f6s l\u00e1ny\"},\"image\":{\"@id\":\"https:\/\/www.leathergirl.eu\/#\/schema\/logo\/image\/\"},\"sameAs\":[\"https:\/\/www.facebook.com\/aboroslany\/\",\"https:\/\/www.instagram.com\/theleathergirl\/\"],\"email\":\"aboroslany@gmail.com\",\"legalName\":\"Nepp T\u00edmea e.v.\",\"numberOfEmployees\":{\"@type\":\"QuantitativeValue\",\"minValue\":\"1\",\"maxValue\":\"10\"}}]}<\/script>\n<!-- \/ Yoast SEO Premium plugin. -->","yoast_head_json":{"title":"Favourites - The Furry Girl","description":"CUSTOMIZED INTIMATE TOYS MADE OF QUALITY LEATHER FROM THE MANUFACTURER","robots":{"index":"index","follow":"follow","max-snippet":"max-snippet:-1","max-image-preview":"max-image-preview:large","max-video-preview":"max-video-preview:-1"},"canonical":"https:\/\/www.leathergirl.eu\/en\/favourites-2\/","og_locale":"en_GB","og_type":"article","og_title":"Kedvencek","og_description":"TESTRESZABOTT INTIM J\u00c1T\u00c9KOK MIN\u0150S\u00c9GI B\u0150RB\u0150L, A K\u00c9SZ\u00cdT\u0150T\u0150L","og_url":"https:\/\/www.leathergirl.eu\/en\/favourites-2\/","og_site_name":"A B\u0151r\u00f6s l\u00e1ny","article_publisher":"https:\/\/www.facebook.com\/aboroslany\/","article_modified_time":"2024-05-22T07:40:56+00:00","og_image":[{"width":280,"height":80,"url":"https:\/\/www.leathergirl.eu\/wp-content\/uploads\/2024\/05\/leathergirl-logo.png","type":"image\/png"}],"schema":{"@context":"https:\/\/schema.org","@graph":[{"@type":"WebPage","@id":"https:\/\/www.leathergirl.eu\/kedvencek-2\/","url":"https:\/\/www.leathergirl.eu\/kedvencek-2\/","name":"Favourites - The Furry Girl","isPartOf":{"@id":"https:\/\/www.leathergirl.eu\/#website"},"datePublished":"2024-05-22T07:40:43+00:00","dateModified":"2024-05-22T07:40:56+00:00","description":"CUSTOMIZED INTIMATE TOYS MADE OF QUALITY LEATHER FROM THE MANUFACTURER","breadcrumb":{"@id":"https:\/\/www.leathergirl.eu\/kedvencek-2\/#breadcrumb"},"inLanguage":"en-GB","potentialAction":[{"@type":"ReadAction","target":["https:\/\/www.leathergirl.eu\/kedvencek-2\/"]}]},{"@type":"BreadcrumbList","@id":"https:\/\/www.leathergirl.eu\/kedvencek-2\/#breadcrumb","itemListElement":[{"@type":"ListItem","position":1,"name":"Home","item":"https:\/\/www.leathergirl.eu\/"},{"@type":"ListItem","position":2,"name":"Kedvencek"}]},{"@type":"WebSite","@id":"https:\/\/www.leathergirl.eu\/#website","url":"https:\/\/www.leathergirl.eu\/","name":"The Leather Girl","description":"... LeatherGirl ...","publisher":{"@id":"https:\/\/www.leathergirl.eu\/#organization"},"potentialAction":[{"@type":"SearchAction","target":{"@type":"EntryPoint","urlTemplate":"https:\/\/www.leathergirl.eu\/?s={search_term_string}"},"query-input":{"@type":"PropertyValueSpecification","valueRequired":true,"valueName":"search_term_string"}}],"inLanguage":"en-GB"},{"@type":"Organization","@id":"https:\/\/www.leathergirl.eu\/#organization","name":"The Leather Girl","url":"https:\/\/www.leathergirl.eu\/","logo":{"@type":"ImageObject","inLanguage":"en-GB","@id":"https:\/\/www.leathergirl.eu\/#\/schema\/logo\/image\/","url":"https:\/\/www.leathergirl.eu\/wp-content\/uploads\/2024\/05\/leathergirl-logo.png","contentUrl":"https:\/\/www.leathergirl.eu\/wp-content\/uploads\/2024\/05\/leathergirl-logo.png","width":280,"height":80,"caption":"A B\u0151r\u00f6s l\u00e1ny"},"image":{"@id":"https:\/\/www.leathergirl.eu\/#\/schema\/logo\/image\/"},"sameAs":["https:\/\/www.facebook.com\/aboroslany\/","https:\/\/www.instagram.com\/theleathergirl\/"],"email":"aboroslany@gmail.com","legalName":"Nepp T\u00edmea e.v.","numberOfEmployees":{"@type":"QuantitativeValue","minValue":"1","maxValue":"10"}}]}},"_links":{"self":[{"href":"https:\/\/www.leathergirl.eu\/en\/wp-json\/wp\/v2\/pages\/33904","targetHints":{"allow":["GET"]}}],"collection":[{"href":"https:\/\/www.leathergirl.eu\/en\/wp-json\/wp\/v2\/pages"}],"about":[{"href":"https:\/\/www.leathergirl.eu\/en\/wp-json\/wp\/v2\/types\/page"}],"author":[{"embeddable":true,"href":"https:\/\/www.leathergirl.eu\/en\/wp-json\/wp\/v2\/users\/1"}],"replies":[{"embeddable":true,"href":"https:\/\/www.leathergirl.eu\/en\/wp-json\/wp\/v2\/comments?post=33904"}],"version-history":[{"count":0,"href":"https:\/\/www.leathergirl.eu\/en\/wp-json\/wp\/v2\/pages\/33904\/revisions"}],"wp:attachment":[{"href":"https:\/\/www.leathergirl.eu\/en\/wp-json\/wp\/v2\/media?parent=33904"}],"curies":[{"name":"wp","href":"https:\/\/api.w.org\/{rel}","templated":true}]}}