{"id":23160,"date":"2019-11-24T12:17:57","date_gmt":"2019-11-24T12:17:57","guid":{"rendered":"https:\/\/www.leathergirl.eu\/?page_id=23160"},"modified":"2025-04-30T15:24:41","modified_gmt":"2025-04-30T13:24:41","slug":"actualis","status":"publish","type":"page","link":"https:\/\/www.leathergirl.eu\/en\/actualis\/","title":{"rendered":"ACTUALITIES"},"content":{"rendered":"<p>MY FACEBOOK PAGE <strong>SUSPENDED<\/strong>.<br \/>\nI have taken the necessary steps, but until the site is back up, an alternative is available <a href=\"https:\/\/www.facebook.com\/profile.php?id=61576087370135#\" target=\"_blank\" rel=\"noopener\">HERE<\/a>. If you want to write by messenger, you can do so using the link above.<\/p>\n<p>EVENTS WHERE YOU CAN MEET IN PERSON:<\/p>\n<p>2025. 05. 17 <a href=\"https:\/\/www.freedomfetish.com\/\" target=\"_blank\" rel=\"noopener\">FREEDOM FETISH<\/a><\/p>","protected":false},"excerpt":{"rendered":"<p>The FACEBOOK SITE HAS BEEN REPLACED. I have taken the necessary steps, but until the site is restored, an alternative is available HERE. If you wish to write by messenger, you can do so using the link above. EVENTS WHERE WE CAN MEET IN PERSON: 2025. 05. 17 FREEDOM FETISH<\/p>","protected":false},"author":1,"featured_media":0,"parent":0,"menu_order":0,"comment_status":"closed","ping_status":"closed","template":"","meta":{"_et_pb_use_builder":"off","_et_pb_old_content":"K\u00f6zelg\u0151 esem\u00e9nyek, melyeken r\u00e9szt veszek:\n\n2024.05.10-11:&nbsp;<a href=\"https:\/\/www.german-fetish-ball.de\/en\/german-fetish-fair\/\" target=\"_blank\" rel=\"noopener\">GERMAN FETISH FAIR<\/a>\n\n2024.05. 24:&nbsp;<a href=\"https:\/\/www.freedomfetish.com\/\" target=\"_blank\" rel=\"noopener\">FREEDOM FETISH<\/a>","_et_gb_content_width":"","footnotes":""},"class_list":["post-23160","page","type-page","status-publish","hentry"],"yoast_head":"<!-- This site is optimized with the Yoast SEO Premium plugin v26.2 (Yoast SEO v26.3) - https:\/\/yoast.com\/wordpress\/plugins\/seo\/ -->\n<title>AKTU\u00c1LIS - A B\u0151r\u00f6s l\u00e1ny<\/title>\n<meta name=\"description\" content=\"TESTRESZABOTT INTIM J\u00c1T\u00c9KOK MIN\u0150S\u00c9GI B\u0150RB\u0150L, A K\u00c9SZ\u00cdT\u0150T\u0150L\" \/>\n<meta name=\"robots\" content=\"index, follow, max-snippet:-1, max-image-preview:large, max-video-preview:-1\" \/>\n<link rel=\"canonical\" href=\"https:\/\/www.leathergirl.eu\/en\/actualis\/\" \/>\n<meta property=\"og:locale\" content=\"en_GB\" \/>\n<meta property=\"og:type\" content=\"article\" \/>\n<meta property=\"og:title\" content=\"AKTU\u00c1LIS\" \/>\n<meta property=\"og:description\" content=\"TESTRESZABOTT INTIM J\u00c1T\u00c9KOK MIN\u0150S\u00c9GI B\u0150RB\u0150L, A K\u00c9SZ\u00cdT\u0150T\u0150L\" \/>\n<meta property=\"og:url\" content=\"https:\/\/www.leathergirl.eu\/en\/actualis\/\" \/>\n<meta property=\"og:site_name\" content=\"A B\u0151r\u00f6s l\u00e1ny\" \/>\n<meta property=\"article:publisher\" content=\"https:\/\/www.facebook.com\/aboroslany\/\" \/>\n<meta property=\"article:modified_time\" content=\"2025-04-30T13:24:41+00:00\" \/>\n<meta property=\"og:image\" content=\"https:\/\/www.leathergirl.eu\/wp-content\/uploads\/2024\/05\/leathergirl-logo.png\" \/>\n\t<meta property=\"og:image:width\" content=\"280\" \/>\n\t<meta property=\"og:image:height\" content=\"80\" \/>\n\t<meta property=\"og:image:type\" content=\"image\/png\" \/>\n<script type=\"application\/ld+json\" class=\"yoast-schema-graph\">{\"@context\":\"https:\/\/schema.org\",\"@graph\":[{\"@type\":\"WebPage\",\"@id\":\"https:\/\/www.leathergirl.eu\/aktualis\/\",\"url\":\"https:\/\/www.leathergirl.eu\/aktualis\/\",\"name\":\"AKTU\u00c1LIS - A B\u0151r\u00f6s l\u00e1ny\",\"isPartOf\":{\"@id\":\"https:\/\/www.leathergirl.eu\/#website\"},\"datePublished\":\"2019-11-24T12:17:57+00:00\",\"dateModified\":\"2025-04-30T13:24:41+00:00\",\"description\":\"TESTRESZABOTT INTIM J\u00c1T\u00c9KOK MIN\u0150S\u00c9GI B\u0150RB\u0150L, A K\u00c9SZ\u00cdT\u0150T\u0150L\",\"breadcrumb\":{\"@id\":\"https:\/\/www.leathergirl.eu\/aktualis\/#breadcrumb\"},\"inLanguage\":\"en-GB\",\"potentialAction\":[{\"@type\":\"ReadAction\",\"target\":[\"https:\/\/www.leathergirl.eu\/aktualis\/\"]}]},{\"@type\":\"BreadcrumbList\",\"@id\":\"https:\/\/www.leathergirl.eu\/aktualis\/#breadcrumb\",\"itemListElement\":[{\"@type\":\"ListItem\",\"position\":1,\"name\":\"Home\",\"item\":\"https:\/\/www.leathergirl.eu\/\"},{\"@type\":\"ListItem\",\"position\":2,\"name\":\"AKTU\u00c1LIS\"}]},{\"@type\":\"WebSite\",\"@id\":\"https:\/\/www.leathergirl.eu\/#website\",\"url\":\"https:\/\/www.leathergirl.eu\/\",\"name\":\"A B\u0151r\u00f6s l\u00e1ny\",\"description\":\"... LeatherGirl ...\",\"publisher\":{\"@id\":\"https:\/\/www.leathergirl.eu\/#organization\"},\"potentialAction\":[{\"@type\":\"SearchAction\",\"target\":{\"@type\":\"EntryPoint\",\"urlTemplate\":\"https:\/\/www.leathergirl.eu\/?s={search_term_string}\"},\"query-input\":{\"@type\":\"PropertyValueSpecification\",\"valueRequired\":true,\"valueName\":\"search_term_string\"}}],\"inLanguage\":\"en-GB\"},{\"@type\":\"Organization\",\"@id\":\"https:\/\/www.leathergirl.eu\/#organization\",\"name\":\"A B\u0151r\u00f6s l\u00e1ny\",\"url\":\"https:\/\/www.leathergirl.eu\/\",\"logo\":{\"@type\":\"ImageObject\",\"inLanguage\":\"en-GB\",\"@id\":\"https:\/\/www.leathergirl.eu\/#\/schema\/logo\/image\/\",\"url\":\"https:\/\/www.leathergirl.eu\/wp-content\/uploads\/2024\/05\/leathergirl-logo.png\",\"contentUrl\":\"https:\/\/www.leathergirl.eu\/wp-content\/uploads\/2024\/05\/leathergirl-logo.png\",\"width\":280,\"height\":80,\"caption\":\"A B\u0151r\u00f6s l\u00e1ny\"},\"image\":{\"@id\":\"https:\/\/www.leathergirl.eu\/#\/schema\/logo\/image\/\"},\"sameAs\":[\"https:\/\/www.facebook.com\/aboroslany\/\",\"https:\/\/www.instagram.com\/theleathergirl\/\"],\"email\":\"aboroslany@gmail.com\",\"legalName\":\"Nepp T\u00edmea e.v.\",\"numberOfEmployees\":{\"@type\":\"QuantitativeValue\",\"minValue\":\"1\",\"maxValue\":\"10\"}}]}<\/script>\n<!-- \/ Yoast SEO Premium plugin. -->","yoast_head_json":{"title":"UPDATE - The Girl with Skin","description":"CUSTOMIZED INTIMATE TOYS MADE OF QUALITY LEATHER FROM THE MANUFACTURER","robots":{"index":"index","follow":"follow","max-snippet":"max-snippet:-1","max-image-preview":"max-image-preview:large","max-video-preview":"max-video-preview:-1"},"canonical":"https:\/\/www.leathergirl.eu\/en\/actualis\/","og_locale":"en_GB","og_type":"article","og_title":"AKTU\u00c1LIS","og_description":"TESTRESZABOTT INTIM J\u00c1T\u00c9KOK MIN\u0150S\u00c9GI B\u0150RB\u0150L, A K\u00c9SZ\u00cdT\u0150T\u0150L","og_url":"https:\/\/www.leathergirl.eu\/en\/actualis\/","og_site_name":"A B\u0151r\u00f6s l\u00e1ny","article_publisher":"https:\/\/www.facebook.com\/aboroslany\/","article_modified_time":"2025-04-30T13:24:41+00:00","og_image":[{"width":280,"height":80,"url":"https:\/\/www.leathergirl.eu\/wp-content\/uploads\/2024\/05\/leathergirl-logo.png","type":"image\/png"}],"schema":{"@context":"https:\/\/schema.org","@graph":[{"@type":"WebPage","@id":"https:\/\/www.leathergirl.eu\/aktualis\/","url":"https:\/\/www.leathergirl.eu\/aktualis\/","name":"UPDATE - The Girl with Skin","isPartOf":{"@id":"https:\/\/www.leathergirl.eu\/#website"},"datePublished":"2019-11-24T12:17:57+00:00","dateModified":"2025-04-30T13:24:41+00:00","description":"CUSTOMIZED INTIMATE TOYS MADE OF QUALITY LEATHER FROM THE MANUFACTURER","breadcrumb":{"@id":"https:\/\/www.leathergirl.eu\/aktualis\/#breadcrumb"},"inLanguage":"en-GB","potentialAction":[{"@type":"ReadAction","target":["https:\/\/www.leathergirl.eu\/aktualis\/"]}]},{"@type":"BreadcrumbList","@id":"https:\/\/www.leathergirl.eu\/aktualis\/#breadcrumb","itemListElement":[{"@type":"ListItem","position":1,"name":"Home","item":"https:\/\/www.leathergirl.eu\/"},{"@type":"ListItem","position":2,"name":"AKTU\u00c1LIS"}]},{"@type":"WebSite","@id":"https:\/\/www.leathergirl.eu\/#website","url":"https:\/\/www.leathergirl.eu\/","name":"The Leather Girl","description":"... LeatherGirl ...","publisher":{"@id":"https:\/\/www.leathergirl.eu\/#organization"},"potentialAction":[{"@type":"SearchAction","target":{"@type":"EntryPoint","urlTemplate":"https:\/\/www.leathergirl.eu\/?s={search_term_string}"},"query-input":{"@type":"PropertyValueSpecification","valueRequired":true,"valueName":"search_term_string"}}],"inLanguage":"en-GB"},{"@type":"Organization","@id":"https:\/\/www.leathergirl.eu\/#organization","name":"The Leather Girl","url":"https:\/\/www.leathergirl.eu\/","logo":{"@type":"ImageObject","inLanguage":"en-GB","@id":"https:\/\/www.leathergirl.eu\/#\/schema\/logo\/image\/","url":"https:\/\/www.leathergirl.eu\/wp-content\/uploads\/2024\/05\/leathergirl-logo.png","contentUrl":"https:\/\/www.leathergirl.eu\/wp-content\/uploads\/2024\/05\/leathergirl-logo.png","width":280,"height":80,"caption":"A B\u0151r\u00f6s l\u00e1ny"},"image":{"@id":"https:\/\/www.leathergirl.eu\/#\/schema\/logo\/image\/"},"sameAs":["https:\/\/www.facebook.com\/aboroslany\/","https:\/\/www.instagram.com\/theleathergirl\/"],"email":"aboroslany@gmail.com","legalName":"Nepp T\u00edmea e.v.","numberOfEmployees":{"@type":"QuantitativeValue","minValue":"1","maxValue":"10"}}]}},"_links":{"self":[{"href":"https:\/\/www.leathergirl.eu\/en\/wp-json\/wp\/v2\/pages\/23160","targetHints":{"allow":["GET"]}}],"collection":[{"href":"https:\/\/www.leathergirl.eu\/en\/wp-json\/wp\/v2\/pages"}],"about":[{"href":"https:\/\/www.leathergirl.eu\/en\/wp-json\/wp\/v2\/types\/page"}],"author":[{"embeddable":true,"href":"https:\/\/www.leathergirl.eu\/en\/wp-json\/wp\/v2\/users\/1"}],"replies":[{"embeddable":true,"href":"https:\/\/www.leathergirl.eu\/en\/wp-json\/wp\/v2\/comments?post=23160"}],"version-history":[{"count":6,"href":"https:\/\/www.leathergirl.eu\/en\/wp-json\/wp\/v2\/pages\/23160\/revisions"}],"predecessor-version":[{"id":262594,"href":"https:\/\/www.leathergirl.eu\/en\/wp-json\/wp\/v2\/pages\/23160\/revisions\/262594"}],"wp:attachment":[{"href":"https:\/\/www.leathergirl.eu\/en\/wp-json\/wp\/v2\/media?parent=23160"}],"curies":[{"name":"wp","href":"https:\/\/api.w.org\/{rel}","templated":true}]}}