{"id":20861,"date":"2016-06-17T12:47:32","date_gmt":"2016-06-17T12:47:32","guid":{"rendered":"http:\/\/www.leathergirl.eu\/new\/?page_id=20861"},"modified":"2024-05-31T15:42:16","modified_gmt":"2024-05-31T13:42:16","slug":"salitas","status":"publish","type":"page","link":"https:\/\/www.leathergirl.eu\/en\/salitas\/","title":{"rendered":"Shipping"},"content":{"rendered":"<p>[et_pb_section fb_built=\"1\u2033 _builder_version=\"4.25.1\u2033 _module_preset=\"default\" background_color=\"#0c2f30\u2033 background_image=\"https:\/\/www.leathergirl.eu\/wp-content\/uploads\/2024\/05\/basic_black_leather.jpg\" background_size=\"initial\" background_repeat=\"repeat\" custom_padding=\"50px||50px||true|false\" global_colors_info=\"{}\" theme_builder_area=\"post_content\"][et_pb_row _builder_version=\"4.16\u2033 _module_preset=\"default\" custom_padding=\"40px||||false|false\" global_colors_info=\"{}\" theme_builder_area=\"post_content\"][et_pb_column type=\"4_4\u2033 _builder_version=\"4.16\u2033 _module_preset=\"default\" global_colors_info=\"{}\" theme_builder_area=\"post_content\"][et_pb_text _builder_version=\"4.25.1\u2033 _module_preset=\"default\" header_font=\"|700|||||||\" header_text_align=\"center\" header_text_color=\"#FFFFFF\" header_font_size=\"36px\" hover_enabled=\"0\u2033 global_colors_info=\"{}\" theme_builder_area=\"post_content\" sticky_enabled=\"0\u2033]<\/p>\n<h1>Shipping<\/h1>\n<p>[\/et_pb_text][\/et_pb_column][\/et_pb_row][\/et_pb_section][et_pb_section fb_built=\"1\u2033 _builder_version=\"4.16\u2033 background_color=\"#f6f9fc\" global_colors_info=\"{}\" theme_builder_area=\"post_content\"][et_pb_row _builder_version=\"4.16\u2033 background_color=\"#FFFFFF\" background_size=\"initial\" background_position=\"top_left\" background_repeat=\"repeat\" custom_padding=\"25px|25px|25px|25px|true|true\" box_shadow_style=\"preset1\u2033 box_shadow_vertical=\"0px\" box_shadow_blur=\"15px\" box_shadow_color=\"rgba(127,127,127,0.12)\" global_colors_info=\"{}\" theme_builder_area=\"post_content\"][et_pb_column type=\"4_4\u2033 _builder_version=\"4.16\u2033 custom_padding=\"|||\" global_colors_info=\"{}\" custom_padding__hover=\"|||\" theme_builder_area=\"post_content\"][et_pb_text _builder_version=\"4.25.1\u2033 _module_preset=\"default\" theme_builder_area=\"post_content\" hover_enabled=\"0\u2033 sticky_enabled=\"0\u2033]You can choose one of the following options when placing your order:<\/p>\n<p>Delivery methods:<\/p>\n<p>- personal pick-up in Budapest, in the XVIII. district, near B\u00e9ke Square,<br \/>\n- postal delivery with advance payment of the purchase price,<br \/>\n- postal delivery with cash on delivery.<\/p>\n<p>You can find detailed information about the last two awards here: https:\/\/www.posta.hu\/postai_dijak[\/et_pb_text][\/et_pb_column][\/et_pb_row][\/et_pb_section]<\/p>","protected":false},"excerpt":{"rendered":"<p>DeliveryYou can choose from the following delivery methods:Delivery methods: - personal pick-up in Budapest, in the XVIII. district, near B\u00e9ke t\u00e9r, - postal delivery with prepayment of the purchase price, - postal delivery with cash on delivery. You can find detailed information about the fees for the latter two here: https:\/\/www.posta.hu\/postai_dijak<\/p>","protected":false},"author":1,"featured_media":0,"parent":0,"menu_order":0,"comment_status":"closed","ping_status":"closed","template":"","meta":{"_et_pb_use_builder":"on","_et_pb_old_content":"Az al\u00e1bbi m\u00f3dozatokat v\u00e1laszthatja megrendel\u00e9se sor\u00e1n:\n\n<strong>Sz\u00e1ll\u00edt\u00e1si m\u00f3dok:<\/strong>\n\n- szem\u00e9lyes \u00e1tv\u00e9tel Budapesten, a XVIII. ker\u00fcletben, a B\u00e9ke t\u00e9r k\u00f6zel\u00e9ben,\n- postai k\u00e9zbes\u00edt\u00e9s a v\u00e9tel\u00e1r el\u0151re \u00e1tutal\u00e1s\u00e1val,\n- postai k\u00e9zbes\u00edt\u00e9s ut\u00e1nv\u00e9ttel.\n\nUt\u00f3bbi kett\u0151 d\u00edjair\u00f3l itt tal\u00e1lsz r\u00e9szletes t\u00e1j\u00e9koztat\u00e1st:&nbsp;https:\/\/www.posta.hu\/postai_dijak\n\n&nbsp;","_et_gb_content_width":"","footnotes":""},"class_list":["post-20861","page","type-page","status-publish","hentry"],"yoast_head":"<!-- This site is optimized with the Yoast SEO Premium plugin v26.2 (Yoast SEO v26.3) - https:\/\/yoast.com\/wordpress\/plugins\/seo\/ -->\n<title>Sz\u00e1ll\u00edt\u00e1s - A B\u0151r\u00f6s l\u00e1ny<\/title>\n<meta name=\"description\" content=\"TESTRESZABOTT INTIM J\u00c1T\u00c9KOK MIN\u0150S\u00c9GI B\u0150RB\u0150L, A K\u00c9SZ\u00cdT\u0150T\u0150L\" \/>\n<meta name=\"robots\" content=\"index, follow, max-snippet:-1, max-image-preview:large, max-video-preview:-1\" \/>\n<link rel=\"canonical\" href=\"https:\/\/www.leathergirl.eu\/en\/salitas\/\" \/>\n<meta property=\"og:locale\" content=\"en_GB\" \/>\n<meta property=\"og:type\" content=\"article\" \/>\n<meta property=\"og:title\" content=\"Sz\u00e1ll\u00edt\u00e1s\" \/>\n<meta property=\"og:description\" content=\"TESTRESZABOTT INTIM J\u00c1T\u00c9KOK MIN\u0150S\u00c9GI B\u0150RB\u0150L, A K\u00c9SZ\u00cdT\u0150T\u0150L\" \/>\n<meta property=\"og:url\" content=\"https:\/\/www.leathergirl.eu\/en\/salitas\/\" \/>\n<meta property=\"og:site_name\" content=\"A B\u0151r\u00f6s l\u00e1ny\" \/>\n<meta property=\"article:publisher\" content=\"https:\/\/www.facebook.com\/aboroslany\/\" \/>\n<meta property=\"article:modified_time\" content=\"2024-05-31T13:42:16+00:00\" \/>\n<meta property=\"og:image\" content=\"https:\/\/www.leathergirl.eu\/wp-content\/uploads\/2024\/05\/leathergirl-logo.png\" \/>\n\t<meta property=\"og:image:width\" content=\"280\" \/>\n\t<meta property=\"og:image:height\" content=\"80\" \/>\n\t<meta property=\"og:image:type\" content=\"image\/png\" \/>\n<script type=\"application\/ld+json\" class=\"yoast-schema-graph\">{\"@context\":\"https:\/\/schema.org\",\"@graph\":[{\"@type\":\"WebPage\",\"@id\":\"https:\/\/www.leathergirl.eu\/szallitas\/\",\"url\":\"https:\/\/www.leathergirl.eu\/szallitas\/\",\"name\":\"Sz\u00e1ll\u00edt\u00e1s - A B\u0151r\u00f6s l\u00e1ny\",\"isPartOf\":{\"@id\":\"https:\/\/www.leathergirl.eu\/#website\"},\"datePublished\":\"2016-06-17T12:47:32+00:00\",\"dateModified\":\"2024-05-31T13:42:16+00:00\",\"description\":\"TESTRESZABOTT INTIM J\u00c1T\u00c9KOK MIN\u0150S\u00c9GI B\u0150RB\u0150L, A K\u00c9SZ\u00cdT\u0150T\u0150L\",\"breadcrumb\":{\"@id\":\"https:\/\/www.leathergirl.eu\/szallitas\/#breadcrumb\"},\"inLanguage\":\"en-GB\",\"potentialAction\":[{\"@type\":\"ReadAction\",\"target\":[\"https:\/\/www.leathergirl.eu\/szallitas\/\"]}]},{\"@type\":\"BreadcrumbList\",\"@id\":\"https:\/\/www.leathergirl.eu\/szallitas\/#breadcrumb\",\"itemListElement\":[{\"@type\":\"ListItem\",\"position\":1,\"name\":\"Home\",\"item\":\"https:\/\/www.leathergirl.eu\/\"},{\"@type\":\"ListItem\",\"position\":2,\"name\":\"Sz\u00e1ll\u00edt\u00e1s\"}]},{\"@type\":\"WebSite\",\"@id\":\"https:\/\/www.leathergirl.eu\/#website\",\"url\":\"https:\/\/www.leathergirl.eu\/\",\"name\":\"A B\u0151r\u00f6s l\u00e1ny\",\"description\":\"... LeatherGirl ...\",\"publisher\":{\"@id\":\"https:\/\/www.leathergirl.eu\/#organization\"},\"potentialAction\":[{\"@type\":\"SearchAction\",\"target\":{\"@type\":\"EntryPoint\",\"urlTemplate\":\"https:\/\/www.leathergirl.eu\/?s={search_term_string}\"},\"query-input\":{\"@type\":\"PropertyValueSpecification\",\"valueRequired\":true,\"valueName\":\"search_term_string\"}}],\"inLanguage\":\"en-GB\"},{\"@type\":\"Organization\",\"@id\":\"https:\/\/www.leathergirl.eu\/#organization\",\"name\":\"A B\u0151r\u00f6s l\u00e1ny\",\"url\":\"https:\/\/www.leathergirl.eu\/\",\"logo\":{\"@type\":\"ImageObject\",\"inLanguage\":\"en-GB\",\"@id\":\"https:\/\/www.leathergirl.eu\/#\/schema\/logo\/image\/\",\"url\":\"https:\/\/www.leathergirl.eu\/wp-content\/uploads\/2024\/05\/leathergirl-logo.png\",\"contentUrl\":\"https:\/\/www.leathergirl.eu\/wp-content\/uploads\/2024\/05\/leathergirl-logo.png\",\"width\":280,\"height\":80,\"caption\":\"A B\u0151r\u00f6s l\u00e1ny\"},\"image\":{\"@id\":\"https:\/\/www.leathergirl.eu\/#\/schema\/logo\/image\/\"},\"sameAs\":[\"https:\/\/www.facebook.com\/aboroslany\/\",\"https:\/\/www.instagram.com\/theleathergirl\/\"],\"email\":\"aboroslany@gmail.com\",\"legalName\":\"Nepp T\u00edmea e.v.\",\"numberOfEmployees\":{\"@type\":\"QuantitativeValue\",\"minValue\":\"1\",\"maxValue\":\"10\"}}]}<\/script>\n<!-- \/ Yoast SEO Premium plugin. -->","yoast_head_json":{"title":"Transport - The Furry Girl","description":"CUSTOMIZED INTIMATE TOYS MADE OF QUALITY LEATHER FROM THE MANUFACTURER","robots":{"index":"index","follow":"follow","max-snippet":"max-snippet:-1","max-image-preview":"max-image-preview:large","max-video-preview":"max-video-preview:-1"},"canonical":"https:\/\/www.leathergirl.eu\/en\/salitas\/","og_locale":"en_GB","og_type":"article","og_title":"Sz\u00e1ll\u00edt\u00e1s","og_description":"TESTRESZABOTT INTIM J\u00c1T\u00c9KOK MIN\u0150S\u00c9GI B\u0150RB\u0150L, A K\u00c9SZ\u00cdT\u0150T\u0150L","og_url":"https:\/\/www.leathergirl.eu\/en\/salitas\/","og_site_name":"A B\u0151r\u00f6s l\u00e1ny","article_publisher":"https:\/\/www.facebook.com\/aboroslany\/","article_modified_time":"2024-05-31T13:42:16+00:00","og_image":[{"width":280,"height":80,"url":"https:\/\/www.leathergirl.eu\/wp-content\/uploads\/2024\/05\/leathergirl-logo.png","type":"image\/png"}],"schema":{"@context":"https:\/\/schema.org","@graph":[{"@type":"WebPage","@id":"https:\/\/www.leathergirl.eu\/szallitas\/","url":"https:\/\/www.leathergirl.eu\/szallitas\/","name":"Transport - The Furry Girl","isPartOf":{"@id":"https:\/\/www.leathergirl.eu\/#website"},"datePublished":"2016-06-17T12:47:32+00:00","dateModified":"2024-05-31T13:42:16+00:00","description":"CUSTOMIZED INTIMATE TOYS MADE OF QUALITY LEATHER FROM THE MANUFACTURER","breadcrumb":{"@id":"https:\/\/www.leathergirl.eu\/szallitas\/#breadcrumb"},"inLanguage":"en-GB","potentialAction":[{"@type":"ReadAction","target":["https:\/\/www.leathergirl.eu\/szallitas\/"]}]},{"@type":"BreadcrumbList","@id":"https:\/\/www.leathergirl.eu\/szallitas\/#breadcrumb","itemListElement":[{"@type":"ListItem","position":1,"name":"Home","item":"https:\/\/www.leathergirl.eu\/"},{"@type":"ListItem","position":2,"name":"Sz\u00e1ll\u00edt\u00e1s"}]},{"@type":"WebSite","@id":"https:\/\/www.leathergirl.eu\/#website","url":"https:\/\/www.leathergirl.eu\/","name":"The Leather Girl","description":"... LeatherGirl ...","publisher":{"@id":"https:\/\/www.leathergirl.eu\/#organization"},"potentialAction":[{"@type":"SearchAction","target":{"@type":"EntryPoint","urlTemplate":"https:\/\/www.leathergirl.eu\/?s={search_term_string}"},"query-input":{"@type":"PropertyValueSpecification","valueRequired":true,"valueName":"search_term_string"}}],"inLanguage":"en-GB"},{"@type":"Organization","@id":"https:\/\/www.leathergirl.eu\/#organization","name":"The Leather Girl","url":"https:\/\/www.leathergirl.eu\/","logo":{"@type":"ImageObject","inLanguage":"en-GB","@id":"https:\/\/www.leathergirl.eu\/#\/schema\/logo\/image\/","url":"https:\/\/www.leathergirl.eu\/wp-content\/uploads\/2024\/05\/leathergirl-logo.png","contentUrl":"https:\/\/www.leathergirl.eu\/wp-content\/uploads\/2024\/05\/leathergirl-logo.png","width":280,"height":80,"caption":"A B\u0151r\u00f6s l\u00e1ny"},"image":{"@id":"https:\/\/www.leathergirl.eu\/#\/schema\/logo\/image\/"},"sameAs":["https:\/\/www.facebook.com\/aboroslany\/","https:\/\/www.instagram.com\/theleathergirl\/"],"email":"aboroslany@gmail.com","legalName":"Nepp T\u00edmea e.v.","numberOfEmployees":{"@type":"QuantitativeValue","minValue":"1","maxValue":"10"}}]}},"_links":{"self":[{"href":"https:\/\/www.leathergirl.eu\/en\/wp-json\/wp\/v2\/pages\/20861","targetHints":{"allow":["GET"]}}],"collection":[{"href":"https:\/\/www.leathergirl.eu\/en\/wp-json\/wp\/v2\/pages"}],"about":[{"href":"https:\/\/www.leathergirl.eu\/en\/wp-json\/wp\/v2\/types\/page"}],"author":[{"embeddable":true,"href":"https:\/\/www.leathergirl.eu\/en\/wp-json\/wp\/v2\/users\/1"}],"replies":[{"embeddable":true,"href":"https:\/\/www.leathergirl.eu\/en\/wp-json\/wp\/v2\/comments?post=20861"}],"version-history":[{"count":0,"href":"https:\/\/www.leathergirl.eu\/en\/wp-json\/wp\/v2\/pages\/20861\/revisions"}],"wp:attachment":[{"href":"https:\/\/www.leathergirl.eu\/en\/wp-json\/wp\/v2\/media?parent=20861"}],"curies":[{"name":"wp","href":"https:\/\/api.w.org\/{rel}","templated":true}]}}