{"id":15253,"date":"2014-02-26T12:49:33","date_gmt":"2014-02-26T12:49:33","guid":{"rendered":"http:\/\/8theme.com\/dev\/royal\/?page_id=5"},"modified":"2024-07-11T16:13:33","modified_gmt":"2024-07-11T14:13:33","slug":"fooldal","status":"publish","type":"page","link":"https:\/\/www.leathergirl.eu\/en\/","title":{"rendered":"Home"},"content":{"rendered":"[et_pb_section fb_built=\"1\u2033 custom_padding_last_edited=\"on|tablet\" _builder_version=\"4.25.1\u2033 _module_preset=\"default\" background_enable_color=\"off\" background_image=\"https:\/\/www.leathergirl.eu\/wp-content\/uploads\/2024\/05\/basic_black_leather.jpg\" background_size=\"initial\" background_repeat=\"repeat\" custom_padding_tablet=\"0px||||false|false\" custom_padding_phone=\"0px||||false|false\" global_colors_info=\"{}\"][et_pb_row column_structure=\"1_4,3_4\u2033 use_custom_gutter=\"on\" _builder_version=\"4.25.1\u2033 _module_preset=\"default\" width=\"90%\" max_width=\"1240px\" global_colors_info=\"{}\"][et_pb_column type=\"1_4\u2033 disabled_on=\"on|on|off\" _builder_version=\"4.25.1\u2033 _module_preset=\"default\" custom_padding=\"10px||||false|false\" global_colors_info=\"{}\"][dsm_menu title=\"Product Categories\" title_bottom_gap=\"20px\" menu_id=\"66\u2033 menu_link_text_color=\"#FFFFFFFF\" active_link_color=\"#E02B20\u2033 menu_link_text_active_color=\"#E02B20\u2033 menu_link_text_visited_color=\"#FFFFFF\" menu_space_between=\"3px\" list_style_color=\"#FFFFFF\" _builder_version=\"4.25.1\u2033 _module_preset=\"default\" header_font=\"|||||on|||\" header_text_color=\"#E09900\u2033 header_font_size=\"30px\" header_line_height=\"1.2em\" menu_font=\"|600||on|||||\" menu_font_size=\"16px\" menu_line_height=\"1.3em\" sub_menu_text_color=\"#FFFFFF\" background_layout=\"dark\" border_color_all_submenu_collapse=\"RGBA(255,255,255,0)\" global_colors_info=\"{}\"][\/dsm_menu][\/et_pb_column][et_pb_column type=\"3_4\u2033 _builder_version=\"4.21.0\u2033 _module_preset=\"default\" global_colors_info=\"{}\"][et_pb_image src=\"https:\/\/www.leathergirl.eu\/wp-content\/uploads\/2024\/05\/80evolucio-borito1.jpg\" title_text=\"80evolucio-borito1\u2033 _builder_version=\"4.25.1\u2033 _module_preset=\"default\" global_colors_info=\"{}\"][\/et_pb_image][et_pb_text _builder_version=\"4.25.1\u2033 _module_preset=\"default\" text_text_color=\"#E09900\u2033 text_font_size=\"18px\" text_orientation=\"center\" background_layout=\"dark\" custom_margin=\"||||false|false\" custom_padding=\"25px||25px||true|false\" border_width_top=\"1px\" border_color_top=\"#E09900\u2033 border_width_bottom=\"1px\" border_color_bottom=\"#E09900\u2033 global_colors_info=\"{}\"]<p>CUSTOMIZED INTIMATE TOYS MADE OF QUALITY LEATHER FROM THE MANUFACTURER<\/p>[\/et_pb_text][et_pb_shop type=\"featured\" show_pagination=\"on\" columns_number=\"3\u2033 orderby=\"date-desc\" sale_badge_color=\"#E09900\u2033 icon_hover_color=\"#000000\u2033 hover_overlay_color=\"RGBA(255,255,255,0)\" show_rating=\"off\" show_sale_badge=\"off\" module_class=\"dwp-shop-v1\u2033 _builder_version=\"4.25.1\u2033 _module_preset=\"default\" sale_badge_custom_padding=\"7px|14px|7px|14px|true|true\" title_font=\"|700|||||||\" title_text_align=\"center\" title_text_color=\"#FFFFFF\" price_text_align=\"center\" price_text_color=\"#FFFFFF\" sale_badge_font=\"||on|||||\" sale_badge_text_color=\"#FFFFFF\" sale_badge_font_size=\"14px\" sale_badge_letter_spacing=\"2px\" sale_badge_line_height=\"1em\" rating_text_align=\"center\" rating_text_color=\"#E09900\u2033 rating_font_size=\"13px\" rating_letter_spacing=\"2px\" border_radii_sale_badge=\"on|0px|0px|0px|0px|0px\" global_colors_info=\"{}\"][\/et_pb_shop][et_pb_code disabled_on=\"off|off|off\" admin_label=\"CSS - Code\" _builder_version=\"4.25.1\u2033 _module_preset=\"default\" global_colors_info=\"{}\"]<style><!-- [et_pb_line_break_holder] -->  <!-- [et_pb_line_break_holder] -->\/* ### Colors ### *\/<!-- [et_pb_line_break_holder] --><!-- [et_pb_line_break_holder] -->\/* ### Shop hover button colors and text ### *\/<!-- [et_pb_line_break_holder] -->.dwp-shop-v1 .et_overlay:before, .et-db #et-boc .et-l .dwp-shop-v1.et_overlay:before {<!-- [et_pb_line_break_holder] -->  content: \"R\u00e9szletek\" !important; \/* text button - on hover *\/<!-- [et_pb_line_break_holder] -->  background-color: #da0706; \/* background color button *\/<!-- [et_pb_line_break_holder] -->}<!-- [et_pb_line_break_holder] --><!-- [et_pb_line_break_holder] -->\/* ### Border color title sidebar colors ### *\/  <!-- [et_pb_line_break_holder] -->.dwp-sidebar-shop h4,<!-- [et_pb_line_break_holder] -->.dwp-sidebar-shop h3  {<!-- [et_pb_line_break_holder] -->  border-bottom: 1px solid #e5e5e5; \/* sidebar title border-bottom color *\/<!-- [et_pb_line_break_holder] -->} <!-- [et_pb_line_break_holder] --><!-- [et_pb_line_break_holder] -->\/* ### Shop top right navigation colors ### *\/  <!-- [et_pb_line_break_holder] -->.dwp-shop-v1 .orderby {<!-- [et_pb_line_break_holder] -->    background-color: #ffffff !important; \/* top right shop navigation background color *\/<!-- [et_pb_line_break_holder] -->    border: 1px solid #000 !important; \/* top right shop navigation border color *\/<!-- [et_pb_line_break_holder] -->}<!-- [et_pb_line_break_holder] --><!-- [et_pb_line_break_holder] -->\/* ### Pagination shop ### *\/   <!-- [et_pb_line_break_holder] -->.woocommerce nav.woocommerce-pagination ul li span.current {<!-- [et_pb_line_break_holder] -->    background: #da0706; \/* pagination background color *\/<!-- [et_pb_line_break_holder] -->    color: #000; \/* pagination text color *\/<!-- [et_pb_line_break_holder] -->}<!-- [et_pb_line_break_holder] -->  <!-- [et_pb_line_break_holder] -->.woocommerce nav.woocommerce-pagination a.page-numbers  {<!-- [et_pb_line_break_holder] -->    color: #000; \/* pagination link-text color *\/<!-- [et_pb_line_break_holder] -->}<!-- [et_pb_line_break_holder] --><!-- [et_pb_line_break_holder] -->\/* ### Rating star color ### *\/  <!-- [et_pb_line_break_holder] -->.dwp-sidebar-shop .wc-block-rating-filter .wc-block-components-product-rating__stars {<!-- [et_pb_line_break_holder] -->    color: #da0706; \/* rating star color *\/<!-- [et_pb_line_break_holder] -->}<!-- [et_pb_line_break_holder] -->\/* Wishlist icon shop page *\/   <!-- [et_pb_line_break_holder] -->.woocommerce .dwp-shop-v1 .tinv-wraper {<!-- [et_pb_line_break_holder] -->    background-color: #000; \/* background color wishlist icon *\/   <!-- [et_pb_line_break_holder] -->}<!-- [et_pb_line_break_holder] -->  <!-- [et_pb_line_break_holder] -->.dwp-shop-v1 .tinv-wishlist .tinvwl_add_to_wishlist_button.tinvwl-icon-heart.no-txt:before {<!-- [et_pb_line_break_holder] -->\t\tcolor: #da0706; \/* icon color wishlist *\/     <!-- [et_pb_line_break_holder] -->}<!-- [et_pb_line_break_holder] --><!-- [et_pb_line_break_holder] -->\/* ### Shadow on products ### *\/<!-- [et_pb_line_break_holder] -->\/*  <!-- [et_pb_line_break_holder] -->.dwp-shop-v1 li.product {<!-- [et_pb_line_break_holder] -->\tbox-shadow: 0 0 25px 0 rgb(0 0 0 \/ 10%); <!-- [et_pb_line_break_holder] -->  padding: 5px 5px 10px 5px !important;   <!-- [et_pb_line_break_holder] -->}  <!-- [et_pb_line_break_holder] -->*\/<!-- [et_pb_line_break_holder] -->  <!-- [et_pb_line_break_holder] -->\/* ### END Colors ### *\/<!-- [et_pb_line_break_holder] -->  <!-- [et_pb_line_break_holder] -->  <!-- [et_pb_line_break_holder] -->\/* ### Sidebar Husky plugin ### *\/  <!-- [et_pb_line_break_holder] -->  <!-- [et_pb_line_break_holder] -->.dwp-sidebar-shop h4,<!-- [et_pb_line_break_holder] -->.dwp-sidebar-shop h3  {<!-- [et_pb_line_break_holder] -->  margin-bottom: .8em;<!-- [et_pb_line_break_holder] -->  padding-bottom: 0.8em;<!-- [et_pb_line_break_holder] -->}<!-- [et_pb_line_break_holder] -->  <!-- [et_pb_line_break_holder] -->.dwp-sidebar-shop .et_pb_widget  {<!-- [et_pb_line_break_holder] -->  margin-bottom: 30px !important;<!-- [et_pb_line_break_holder] -->}<!-- [et_pb_line_break_holder] -->  <!-- [et_pb_line_break_holder] -->.wc-block-components-price-slider,<!-- [et_pb_line_break_holder] -->.wp-block-woocommerce-rating-filter  {<!-- [et_pb_line_break_holder] -->    margin-bottom: 0px !important;<!-- [et_pb_line_break_holder] -->}<!-- [et_pb_line_break_holder] -->  <!-- [et_pb_line_break_holder] -->.wc-block-components-checkbox .wc-block-components-checkbox__input[type=checkbox] {<!-- [et_pb_line_break_holder] -->    border: 1px solid #d1d1d1 !important;<!-- [et_pb_line_break_holder] -->}<!-- [et_pb_line_break_holder] -->  <!-- [et_pb_line_break_holder] -->.wc-block-components-checkbox label,<!-- [et_pb_line_break_holder] -->.wc-block-components-product-rating  {<!-- [et_pb_line_break_holder] -->  display: flex;<!-- [et_pb_line_break_holder] -->  align-items: center;  <!-- [et_pb_line_break_holder] -->}  <!-- [et_pb_line_break_holder] --> <!-- [et_pb_line_break_holder] -->\/* ### Sidebar Themify plugin ### *\/   <!-- [et_pb_line_break_holder] -->.wpf_item_name {<!-- [et_pb_line_break_holder] -->   \tfont-size: 16px !important;<!-- [et_pb_line_break_holder] -->  \tcolor: #DA0706;<!-- [et_pb_line_break_holder] -->}<!-- [et_pb_line_break_holder] -->  <!-- [et_pb_line_break_holder] -->.wpf_item input[type=\"checkbox\"] {<!-- [et_pb_line_break_holder] -->    border: 1px solid #b4b9be;<!-- [et_pb_line_break_holder] -->    background: #fff;<!-- [et_pb_line_break_holder] -->    color: #555;<!-- [et_pb_line_break_holder] -->    height: 15px !important;<!-- [et_pb_line_break_holder] -->    width: 15px !important;<!-- [et_pb_line_break_holder] -->    border-radius: 3px !important;<!-- [et_pb_line_break_holder] -->}<!-- [et_pb_line_break_holder] -->  <!-- [et_pb_line_break_holder] -->.wpf_item_count {<!-- [et_pb_line_break_holder] -->\t\tfloat: right; <!-- [et_pb_line_break_holder] -->    background: #5f5f5f;<!-- [et_pb_line_break_holder] -->    border-radius: 50px;<!-- [et_pb_line_break_holder] -->    color: #e6e6e6;<!-- [et_pb_line_break_holder] -->    display: inline-block;<!-- [et_pb_line_break_holder] -->    font-size: .65em;<!-- [et_pb_line_break_holder] -->    line-height: 1.1em;<!-- [et_pb_line_break_holder] -->    margin-left: 3px;<!-- [et_pb_line_break_holder] -->    margin-top: -.1em;<!-- [et_pb_line_break_holder] -->    padding: .5em .8em;<!-- [et_pb_line_break_holder] -->    vertical-align: middle;<!-- [et_pb_line_break_holder] -->}<!-- [et_pb_line_break_holder] -->  <!-- [et_pb_line_break_holder] -->.wpf_items_wrapper .wpf_item ul li {<!-- [et_pb_line_break_holder] -->    margin-right: 0em !important;<!-- [et_pb_line_break_holder] -->}<!-- [et_pb_line_break_holder] -->  <!-- [et_pb_line_break_holder] -->.wpf_item input[type=\"checkbox\"] {<!-- [et_pb_line_break_holder] -->    border: 1px solid #b4b9be;<!-- [et_pb_line_break_holder] -->    background: #fff;<!-- [et_pb_line_break_holder] -->    color: #000000 !important;<!-- [et_pb_line_break_holder] -->    font-size: 11px !important;<!-- [et_pb_line_break_holder] -->    font-weight: bold !important;<!-- [et_pb_line_break_holder] -->}  <!-- [et_pb_line_break_holder] -->  <!-- [et_pb_line_break_holder] -->\/* ### Shop module ### *\/ <!-- [et_pb_line_break_holder] -->  <!-- [et_pb_line_break_holder] -->.dwp-shop-v1 ul.products li.product .onsale {<!-- [et_pb_line_break_holder] -->  right:5px !important;<!-- [et_pb_line_break_holder] -->  left: auto !important;<!-- [et_pb_line_break_holder] -->  top:5px !important;<!-- [et_pb_line_break_holder] -->}  <!-- [et_pb_line_break_holder] --> <!-- [et_pb_line_break_holder] -->.dwp-shop-v1 .et_overlay:before, .et-db #et-boc .et-l .dwp-shop-v1 .et_overlay:before {<!-- [et_pb_line_break_holder] -->  font-family: 'Work Sans',Helvetica,Arial,Lucida,sans-serif !important;<!-- [et_pb_line_break_holder] -->  font-size: 14px;<!-- [et_pb_line_break_holder] -->  font-weight: 400;<!-- [et_pb_line_break_holder] -->  position: absolute;<!-- [et_pb_line_break_holder] -->  left: 50% !important;<!-- [et_pb_line_break_holder] -->  bottom: -1px !important;<!-- [et_pb_line_break_holder] -->  top: unset;<!-- [et_pb_line_break_holder] -->  margin: 0px;<!-- [et_pb_line_break_holder] -->  width: 102%;<!-- [et_pb_line_break_holder] -->  transform: translate(-50%,100%) !important;<!-- [et_pb_line_break_holder] -->  text-align: center;<!-- [et_pb_line_break_holder] -->  padding: 10px 0px 10px 0px !important;<!-- [et_pb_line_break_holder] -->\topacity:1;<!-- [et_pb_line_break_holder] -->  transition: all .2s ease-in-out,width .2s ease-in-out,top .2s ease-in-out !important;<!-- [et_pb_line_break_holder] -->    <!-- [et_pb_line_break_holder] -->}<!-- [et_pb_line_break_holder] -->  <!-- [et_pb_line_break_holder] -->.et-db #et-boc .et-l .dwp-shop-v1 .et_overlay {<!-- [et_pb_line_break_holder] -->  opacity:1; <!-- [et_pb_line_break_holder] -->}<!-- [et_pb_line_break_holder] -->  <!-- [et_pb_line_break_holder] -->.dwp-shop-v1 .et_shop_image  {<!-- [et_pb_line_break_holder] -->  overflow: hidden;<!-- [et_pb_line_break_holder] -->}<!-- [et_pb_line_break_holder] -->  <!-- [et_pb_line_break_holder] -->.woocommerce .dwp-shop-v1 ul.products li.product a img, .woocommerce-page .dwp-shop-v1 ul.products li.product a img {<!-- [et_pb_line_break_holder] -->  margin-bottom: 0px !important;<!-- [et_pb_line_break_holder] -->  -webkit-transition: all .5s ease;<!-- [et_pb_line_break_holder] -->  transition: all .5s ease;<!-- [et_pb_line_break_holder] -->}<!-- [et_pb_line_break_holder] -->  <!-- [et_pb_line_break_holder] -->.woocommerce .dwp-shop-v1 ul.products li.product:hover a img, .woocommerce-page .dwp-shop-v1 ul.products li.product:hover a img {<!-- [et_pb_line_break_holder] -->  -webkit-transform: scale(1.1);<!-- [et_pb_line_break_holder] -->  transform: scale(1.1);<!-- [et_pb_line_break_holder] -->}  <!-- [et_pb_line_break_holder] -->  <!-- [et_pb_line_break_holder] -->.et-db #et-boc .et-l .dwp-shop-v1.et_pb_shop .woocommerce ul.products li.product h2 {<!-- [et_pb_line_break_holder] -->  padding-top: 15px !important;<!-- [et_pb_line_break_holder] -->}  <!-- [et_pb_line_break_holder] --> <!-- [et_pb_line_break_holder] -->.dwp-shop-v1 .et_shop_image:hover .et_overlay:before, .et-db #et-boc .et-l .dwp-shop-v1 .et_shop_image:hover .et_overlay:before {<!-- [et_pb_line_break_holder] -->  opacity:1;<!-- [et_pb_line_break_holder] -->  transform: translate(-50%,0%) !important;<!-- [et_pb_line_break_holder] -->}<!-- [et_pb_line_break_holder] --><!-- [et_pb_line_break_holder] -->.dwp-shop-v1 .woocommerce-result-count {<!-- [et_pb_line_break_holder] -->    font-size: 13px;<!-- [et_pb_line_break_holder] -->    color: #686868;<!-- [et_pb_line_break_holder] -->    margin-top: 6px;   <!-- [et_pb_line_break_holder] -->}<!-- [et_pb_line_break_holder] -->  <!-- [et_pb_line_break_holder] -->.dwp-shop-v1 .orderby, .woocommerce div.product form.cart .variations td select {<!-- [et_pb_line_break_holder] -->    padding: 7px 8px;<!-- [et_pb_line_break_holder] -->}  <!-- [et_pb_line_break_holder] -->  <!-- [et_pb_line_break_holder] --><\/style>[\/et_pb_code][\/et_pb_column][\/et_pb_row][\/et_pb_section]","protected":false},"excerpt":{"rendered":"<p><div class=\"et_pb_with_border et_pb_module dsm_menu dsm_menu_0  et_pb_text_align_left et_pb_bg_layout_dark\">\n\t\t\t\t\n\t\t\t\t\n\t\t\t\t\n\t\t\t\t\n\t\t\t\t\n\t\t\t\t\n\t\t\t\t<div class=\"et_pb_module_inner\">\n\t\t\t\t\t<h4 class=\"dsm-menu-title et_pb_module_header\">Product categories<\/h4><nav class=\"dsm-menu-container\" role=\"navigation\" itemscope itemtype=\"http:\/\/schema.org\/SiteNavigationElement\"><ul id=\"menu-termekkat\" class=\"dsm-menu dsm-menu-style-type-disc dsm-menu-layout-vertical\"><li id=\"menu-item-34009\" class=\"et_pb_menu_page_id-44 menu-item menu-item-type-taxonomy menu-item-object-product_cat menu-item-34009\"><a href=\"https:\/\/www.leathergirl.eu\/en\/product-category\/bus-wedges\/\" itemprop=\"url\"><span itemprop=\"name\">CREATORS' PICK<\/span><\/a><\/li>\n<li id=\"menu-item-261694\" class=\"et_pb_menu_page_id-261659 menu-item menu-item-type-post_type menu-item-object-page menu-item-261694\"><a href=\"https:\/\/www.leathergirl.eu\/en\/handcuffs\/\" itemprop=\"url\"><span itemprop=\"name\">Cuffs<\/span><\/a><\/li>\n<li id=\"menu-item-34011\" class=\"et_pb_menu_page_id-15 menu-item menu-item-type-taxonomy menu-item-object-product_cat menu-item-34011\"><a href=\"https:\/\/www.leathergirl.eu\/en\/product-category\/also\/\" itemprop=\"url\"><span itemprop=\"name\">Other<\/span><\/a><\/li>\n<li id=\"menu-item-261693\" class=\"et_pb_menu_page_id-261662 menu-item menu-item-type-post_type menu-item-object-page menu-item-261693\"><a href=\"https:\/\/www.leathergirl.eu\/en\/head-light\/\" itemprop=\"url\"><span itemprop=\"name\">For the head<\/span><\/a><\/li>\n<li id=\"menu-item-262032\" class=\"et_pb_menu_page_id-45 menu-item menu-item-type-taxonomy menu-item-object-product_cat menu-item-262032\"><a href=\"https:\/\/www.leathergirl.eu\/en\/product-category\/harnesses\/\" itemprop=\"url\"><span itemprop=\"name\">Harnesses<\/span><\/a><\/li>\n<li id=\"menu-item-34014\" class=\"et_pb_menu_page_id-23 menu-item menu-item-type-taxonomy menu-item-object-product_cat menu-item-34014\"><a href=\"https:\/\/www.leathergirl.eu\/en\/product-category\/for-the-weekdays-and-party-accessories\/\" itemprop=\"url\"><span itemprop=\"name\">FOR THE WEEKDAYS AND PARTY ACCESSORIES<\/span><\/a><\/li>\n<li id=\"menu-item-34015\" class=\"et_pb_menu_page_id-40 menu-item menu-item-type-taxonomy menu-item-object-product_cat menu-item-34015\"><a href=\"https:\/\/www.leathergirl.eu\/en\/product-category\/floggers-and-spanking-devices\/\" itemprop=\"url\"><span itemprop=\"name\">FLOGGERS AND SPANKING TOOLS<\/span><\/a><\/li>\n<li id=\"menu-item-261771\" class=\"et_pb_menu_page_id-29 menu-item menu-item-type-taxonomy menu-item-object-product_cat menu-item-261771\"><a href=\"https:\/\/www.leathergirl.eu\/en\/product-category\/restraints\/\" itemprop=\"url\"><span itemprop=\"name\">RESTRAINTS<\/span><\/a><\/li>\n<li id=\"menu-item-262033\" class=\"et_pb_menu_page_id-25 menu-item menu-item-type-taxonomy menu-item-object-product_cat menu-item-262033\"><a href=\"https:\/\/www.leathergirl.eu\/en\/product-category\/petplay\/\" itemprop=\"url\"><span itemprop=\"name\">PETPLAY<\/span><\/a><\/li>\n<li id=\"menu-item-261772\" class=\"et_pb_menu_page_id-43 menu-item menu-item-type-taxonomy menu-item-object-product_cat menu-item-261772\"><a href=\"https:\/\/www.leathergirl.eu\/en\/product-category\/spiked-and-studded-things\/\" itemprop=\"url\"><span itemprop=\"name\">SPIKED AND STUDDED THINGS<\/span><\/a><\/li>\n<\/ul><\/nav>\n\t\t\t\t<\/div>\n\t\t\t<\/div>CUSTOMIZED INTIMATE TOYS MADE OF QUALITY LEATHER FROM THE MANUFACTURER<\/p>","protected":false},"author":1,"featured_media":0,"parent":0,"menu_order":0,"comment_status":"open","ping_status":"open","template":"","meta":{"_et_pb_use_builder":"on","_et_pb_old_content":"[rev_slider alias=\"nagy1\"]\n<h1 style=\"border-bottom: 1px solid #ddd; border-top: 1px solid #ddd; margin: 0px 0px 30px 0px !important; text-align: center; font-size: 16px; padding: 20px 0 !important; color: #dd9933; text-transform: uppercase; font-family: 'Roboto'; font-weight: 400; letter-spacing: 2px;\">Intim j\u00e1t\u00e9kok min\u0151s\u00e9gi b\u0151rb\u0151l, egyedileg, m\u00e9retre<\/h1>\n[etheme_products type=\"list\" products=\"featured\" orderby=\"date\" order=\"asc\" limit=\"10\"]","_et_gb_content_width":"","footnotes":""},"class_list":["post-15253","page","type-page","status-publish","hentry"],"yoast_head":"<!-- This site is optimized with the Yoast SEO Premium plugin v26.2 (Yoast SEO v26.3) - https:\/\/yoast.com\/wordpress\/plugins\/seo\/ -->\n<title>A B\u0151r\u00f6s l\u00e1ny<\/title>\n<meta name=\"description\" content=\"TESTRESZABOTT INTIM J\u00c1T\u00c9KOK MIN\u0150S\u00c9GI B\u0150RB\u0150L, A K\u00c9SZ\u00cdT\u0150T\u0150L. DISZKR\u00c9T MEGRENDEL\u00c9S.\" \/>\n<meta name=\"robots\" content=\"index, follow, max-snippet:-1, max-image-preview:large, max-video-preview:-1\" \/>\n<link rel=\"canonical\" href=\"https:\/\/www.leathergirl.eu\/en\/\" \/>\n<meta property=\"og:locale\" content=\"en_GB\" \/>\n<meta property=\"og:type\" content=\"article\" \/>\n<meta property=\"og:title\" content=\"F\u0151oldal\" \/>\n<meta property=\"og:description\" content=\"TESTRESZABOTT INTIM J\u00c1T\u00c9KOK MIN\u0150S\u00c9GI B\u0150RB\u0150L, A K\u00c9SZ\u00cdT\u0150T\u0150L. DISZKR\u00c9T MEGRENDEL\u00c9S.\" \/>\n<meta property=\"og:url\" content=\"https:\/\/www.leathergirl.eu\/en\/\" \/>\n<meta property=\"og:site_name\" content=\"A B\u0151r\u00f6s l\u00e1ny\" \/>\n<meta property=\"article:publisher\" content=\"https:\/\/www.facebook.com\/aboroslany\/\" \/>\n<meta property=\"article:modified_time\" content=\"2024-07-11T14:13:33+00:00\" \/>\n<meta property=\"og:image\" content=\"https:\/\/www.leathergirl.eu\/wp-content\/uploads\/2024\/05\/leathergirl-logo.png\" \/>\n\t<meta property=\"og:image:width\" content=\"280\" \/>\n\t<meta property=\"og:image:height\" content=\"80\" \/>\n\t<meta property=\"og:image:type\" content=\"image\/png\" \/>\n<script type=\"application\/ld+json\" class=\"yoast-schema-graph\">{\"@context\":\"https:\/\/schema.org\",\"@graph\":[{\"@type\":\"WebPage\",\"@id\":\"https:\/\/www.leathergirl.eu\/\",\"url\":\"https:\/\/www.leathergirl.eu\/\",\"name\":\"A B\u0151r\u00f6s l\u00e1ny\",\"isPartOf\":{\"@id\":\"https:\/\/www.leathergirl.eu\/#website\"},\"datePublished\":\"2014-02-26T12:49:33+00:00\",\"dateModified\":\"2024-07-11T14:13:33+00:00\",\"description\":\"TESTRESZABOTT INTIM J\u00c1T\u00c9KOK MIN\u0150S\u00c9GI B\u0150RB\u0150L, A K\u00c9SZ\u00cdT\u0150T\u0150L. DISZKR\u00c9T MEGRENDEL\u00c9S.\",\"breadcrumb\":{\"@id\":\"https:\/\/www.leathergirl.eu\/#breadcrumb\"},\"inLanguage\":\"en-GB\",\"potentialAction\":[{\"@type\":\"ReadAction\",\"target\":[\"https:\/\/www.leathergirl.eu\/\"]}]},{\"@type\":\"BreadcrumbList\",\"@id\":\"https:\/\/www.leathergirl.eu\/#breadcrumb\",\"itemListElement\":[{\"@type\":\"ListItem\",\"position\":1,\"name\":\"Home\",\"item\":\"https:\/\/www.leathergirl.eu\/\"},{\"@type\":\"ListItem\",\"position\":2,\"name\":\"F\u0151oldal\"}]},{\"@type\":\"WebSite\",\"@id\":\"https:\/\/www.leathergirl.eu\/#website\",\"url\":\"https:\/\/www.leathergirl.eu\/\",\"name\":\"A B\u0151r\u00f6s l\u00e1ny\",\"description\":\"... LeatherGirl ...\",\"publisher\":{\"@id\":\"https:\/\/www.leathergirl.eu\/#organization\"},\"potentialAction\":[{\"@type\":\"SearchAction\",\"target\":{\"@type\":\"EntryPoint\",\"urlTemplate\":\"https:\/\/www.leathergirl.eu\/?s={search_term_string}\"},\"query-input\":{\"@type\":\"PropertyValueSpecification\",\"valueRequired\":true,\"valueName\":\"search_term_string\"}}],\"inLanguage\":\"en-GB\"},{\"@type\":\"Organization\",\"@id\":\"https:\/\/www.leathergirl.eu\/#organization\",\"name\":\"A B\u0151r\u00f6s l\u00e1ny\",\"url\":\"https:\/\/www.leathergirl.eu\/\",\"logo\":{\"@type\":\"ImageObject\",\"inLanguage\":\"en-GB\",\"@id\":\"https:\/\/www.leathergirl.eu\/#\/schema\/logo\/image\/\",\"url\":\"https:\/\/www.leathergirl.eu\/wp-content\/uploads\/2024\/05\/leathergirl-logo.png\",\"contentUrl\":\"https:\/\/www.leathergirl.eu\/wp-content\/uploads\/2024\/05\/leathergirl-logo.png\",\"width\":280,\"height\":80,\"caption\":\"A B\u0151r\u00f6s l\u00e1ny\"},\"image\":{\"@id\":\"https:\/\/www.leathergirl.eu\/#\/schema\/logo\/image\/\"},\"sameAs\":[\"https:\/\/www.facebook.com\/aboroslany\/\",\"https:\/\/www.instagram.com\/theleathergirl\/\"],\"email\":\"aboroslany@gmail.com\",\"legalName\":\"Nepp T\u00edmea e.v.\",\"numberOfEmployees\":{\"@type\":\"QuantitativeValue\",\"minValue\":\"1\",\"maxValue\":\"10\"}}]}<\/script>\n<!-- \/ Yoast SEO Premium plugin. -->","yoast_head_json":{"title":"The Leather Girl","description":"CUSTOMIZED INTIMATE TOYS IN QUALITY LEATHER, FROM THE MAKER. DISCREET ORDERING.","robots":{"index":"index","follow":"follow","max-snippet":"max-snippet:-1","max-image-preview":"max-image-preview:large","max-video-preview":"max-video-preview:-1"},"canonical":"https:\/\/www.leathergirl.eu\/en\/","og_locale":"en_GB","og_type":"article","og_title":"F\u0151oldal","og_description":"TESTRESZABOTT INTIM J\u00c1T\u00c9KOK MIN\u0150S\u00c9GI B\u0150RB\u0150L, A K\u00c9SZ\u00cdT\u0150T\u0150L. DISZKR\u00c9T MEGRENDEL\u00c9S.","og_url":"https:\/\/www.leathergirl.eu\/en\/","og_site_name":"A B\u0151r\u00f6s l\u00e1ny","article_publisher":"https:\/\/www.facebook.com\/aboroslany\/","article_modified_time":"2024-07-11T14:13:33+00:00","og_image":[{"width":280,"height":80,"url":"https:\/\/www.leathergirl.eu\/wp-content\/uploads\/2024\/05\/leathergirl-logo.png","type":"image\/png"}],"schema":{"@context":"https:\/\/schema.org","@graph":[{"@type":"WebPage","@id":"https:\/\/www.leathergirl.eu\/","url":"https:\/\/www.leathergirl.eu\/","name":"The Leather Girl","isPartOf":{"@id":"https:\/\/www.leathergirl.eu\/#website"},"datePublished":"2014-02-26T12:49:33+00:00","dateModified":"2024-07-11T14:13:33+00:00","description":"CUSTOMIZED INTIMATE TOYS IN QUALITY LEATHER, FROM THE MAKER. DISCREET ORDERING.","breadcrumb":{"@id":"https:\/\/www.leathergirl.eu\/#breadcrumb"},"inLanguage":"en-GB","potentialAction":[{"@type":"ReadAction","target":["https:\/\/www.leathergirl.eu\/"]}]},{"@type":"BreadcrumbList","@id":"https:\/\/www.leathergirl.eu\/#breadcrumb","itemListElement":[{"@type":"ListItem","position":1,"name":"Home","item":"https:\/\/www.leathergirl.eu\/"},{"@type":"ListItem","position":2,"name":"F\u0151oldal"}]},{"@type":"WebSite","@id":"https:\/\/www.leathergirl.eu\/#website","url":"https:\/\/www.leathergirl.eu\/","name":"The Leather Girl","description":"... LeatherGirl ...","publisher":{"@id":"https:\/\/www.leathergirl.eu\/#organization"},"potentialAction":[{"@type":"SearchAction","target":{"@type":"EntryPoint","urlTemplate":"https:\/\/www.leathergirl.eu\/?s={search_term_string}"},"query-input":{"@type":"PropertyValueSpecification","valueRequired":true,"valueName":"search_term_string"}}],"inLanguage":"en-GB"},{"@type":"Organization","@id":"https:\/\/www.leathergirl.eu\/#organization","name":"The Leather Girl","url":"https:\/\/www.leathergirl.eu\/","logo":{"@type":"ImageObject","inLanguage":"en-GB","@id":"https:\/\/www.leathergirl.eu\/#\/schema\/logo\/image\/","url":"https:\/\/www.leathergirl.eu\/wp-content\/uploads\/2024\/05\/leathergirl-logo.png","contentUrl":"https:\/\/www.leathergirl.eu\/wp-content\/uploads\/2024\/05\/leathergirl-logo.png","width":280,"height":80,"caption":"A B\u0151r\u00f6s l\u00e1ny"},"image":{"@id":"https:\/\/www.leathergirl.eu\/#\/schema\/logo\/image\/"},"sameAs":["https:\/\/www.facebook.com\/aboroslany\/","https:\/\/www.instagram.com\/theleathergirl\/"],"email":"aboroslany@gmail.com","legalName":"Nepp T\u00edmea e.v.","numberOfEmployees":{"@type":"QuantitativeValue","minValue":"1","maxValue":"10"}}]}},"_links":{"self":[{"href":"https:\/\/www.leathergirl.eu\/en\/wp-json\/wp\/v2\/pages\/15253","targetHints":{"allow":["GET"]}}],"collection":[{"href":"https:\/\/www.leathergirl.eu\/en\/wp-json\/wp\/v2\/pages"}],"about":[{"href":"https:\/\/www.leathergirl.eu\/en\/wp-json\/wp\/v2\/types\/page"}],"author":[{"embeddable":true,"href":"https:\/\/www.leathergirl.eu\/en\/wp-json\/wp\/v2\/users\/1"}],"replies":[{"embeddable":true,"href":"https:\/\/www.leathergirl.eu\/en\/wp-json\/wp\/v2\/comments?post=15253"}],"version-history":[{"count":0,"href":"https:\/\/www.leathergirl.eu\/en\/wp-json\/wp\/v2\/pages\/15253\/revisions"}],"wp:attachment":[{"href":"https:\/\/www.leathergirl.eu\/en\/wp-json\/wp\/v2\/media?parent=15253"}],"curies":[{"name":"wp","href":"https:\/\/api.w.org\/{rel}","templated":true}]}}